{"id":156,"date":"2017-05-28T14:43:59","date_gmt":"2017-05-28T12:43:59","guid":{"rendered":"http:\/\/theory-of-science.com\/de\/?page_id=156"},"modified":"2021-02-02T15:28:34","modified_gmt":"2021-02-02T14:28:34","slug":"uebung-01-05","status":"publish","type":"page","link":"https:\/\/theory-of-science.com\/de\/uebungen\/abschnitt-01\/uebung-01-05\/","title":{"rendered":"\u00dc1-5 Ereignis und Ereignisart"},"content":{"rendered":"\n<p><strong>a)<\/strong> Viele Ereignisse lassen sich durch eine Ereignisart zusammenfassen.<br>Beispiele:<\/p>\n\n\n\n<ul class=\"wp-block-list\"><li>Die Ereignisart <em>Kriege<\/em> subsumiert alle abstrakten Ereignisse, die durch das Wort <em>Krieg<\/em> im Singular bezeichnet werden.<\/li><li>Die Ereignisart <em>der 30-j\u00e4hrige Krieg<\/em> enth\u00e4lt zum Beispiel konkrete Ereignisse, wie die Besetzung der St\u00e4dte Rothenburg, Magdeburg und W\u00fcrzburg.<\/li><li>Ein <em>Boxkampf<\/em> als Ereignisart enth\u00e4lt viele Faustschl\u00e4ge (also Ereignisse).<\/li><li>Die Ereignisart des <em>Wanderns<\/em> besteht &#8211; unter anderem &#8211; aus vielen konkreten Schritten: Ereignissen, die der Wanderer selbst beobachten kann.<\/li><li>Alle konkreten Sonnenunterg\u00e4nge werden durch die Ereignisart <em>Sonnenuntergang<\/em> ausgedr\u00fcckt.<\/li><\/ul>\n\n\n\n<p>Formulieren Sie drei weitere Beispiele in normaler Sprache ohne die W\u00f6rter Ereignis und Art zu verwenden.<\/p>\n\n\n\n<p><strong>b)<\/strong> Viele Beziehungen lassen sich durch einen Beziehungstyp zusammenfassen.<br>Beispiele:<\/p>\n\n\n\n<ul class=\"wp-block-list\"><li><em>Kampf<\/em> ist eine Beziehungsart. Diese Art umfasst viele konkrete Beziehungen: zwei Menschen k\u00e4mpfen gegeneinander. Normalerweise k\u00e4mpft ein Mensch nicht mit sich selbst.<\/li><li><em>Lieben<\/em> ist eine Beziehungsart. Diese Art hat viele Auspr\u00e4gungen. Normalerweise lieben zwei Personen einander; sie stehen in einer Beziehung.<\/li><li>Zwei Planeten ziehen sich an. Sie stehen in einer Beziehung. Die Beziehungsart wird durch <em>sich einander anziehen&nbsp;<\/em>ausgedr\u00fcckt.<\/li><\/ul>\n\n\n\n<p>Formulieren Sie drei weitere Beispiele in normaler Sprache.<\/p>\n\n\n\n<p><strong>c)<\/strong> <em>Alle<\/em> mengentheoretischen Beziehungen werden durch Elementschaft und Gleichheit ausgedr\u00fcckt.<br>Beispiele von mengentheoretischen Aussagen:<\/p>\n\n\n\n<ul class=\"wp-block-list\"><li>Zwei Mengen sind gleich.<\/li><li>Ein Element liegt in einer Menge.<\/li><li>Eine Menge kann ein Element einer anderen Menge sein.<\/li><\/ul>\n\n\n\n<p>Formulieren Sie zwei S\u00e4tze, in denen nur von Mengen, Gleichheit und Elementschaft gesprochen wird.<br><\/p>\n\n\n<ul class=\"nav nav-pills nav-justified\">\n<li><a href=\"https:\/\/theory-of-science.com\/de\/uebungen\/abschnitt-01\/uebung-01-04\/\">&lt;&lt;&lt;<\/a><\/li>\n<li><a href=\"https:\/\/theory-of-science.com\/de\/uebungen\/abschnitt-01\/uebung-01-06\/\">&gt;&gt;&gt;<\/a><\/li>\n<\/ul>\n","protected":false},"excerpt":{"rendered":"<p>a) Viele Ereignisse lassen sich durch eine Ereignisart zusammenfassen.Beispiele: Die Ereignisart Kriege subsumiert alle abstrakten Ereignisse, die durch das Wort Krieg im Singular bezeichnet werden. Die Ereignisart der 30-j\u00e4hrige Krieg enth\u00e4lt zum Beispiel konkrete Ereignisse, wie die Besetzung der St\u00e4dte Rothenburg, Magdeburg und W\u00fcrzburg. Ein Boxkampf als Ereignisart enth\u00e4lt viele Faustschl\u00e4ge (also Ereignisse). Die Ereignisart [&hellip;]<\/p>\n","protected":false},"author":1,"featured_media":0,"parent":32,"menu_order":5,"comment_status":"closed","ping_status":"closed","template":"page-fullwidth.php","meta":{"footnotes":""},"class_list":["post-156","page","type-page","status-publish","hentry"],"_links":{"self":[{"href":"https:\/\/theory-of-science.com\/de\/wp-json\/wp\/v2\/pages\/156","targetHints":{"allow":["GET"]}}],"collection":[{"href":"https:\/\/theory-of-science.com\/de\/wp-json\/wp\/v2\/pages"}],"about":[{"href":"https:\/\/theory-of-science.com\/de\/wp-json\/wp\/v2\/types\/page"}],"author":[{"embeddable":true,"href":"https:\/\/theory-of-science.com\/de\/wp-json\/wp\/v2\/users\/1"}],"replies":[{"embeddable":true,"href":"https:\/\/theory-of-science.com\/de\/wp-json\/wp\/v2\/comments?post=156"}],"version-history":[{"count":23,"href":"https:\/\/theory-of-science.com\/de\/wp-json\/wp\/v2\/pages\/156\/revisions"}],"predecessor-version":[{"id":4283,"href":"https:\/\/theory-of-science.com\/de\/wp-json\/wp\/v2\/pages\/156\/revisions\/4283"}],"up":[{"embeddable":true,"href":"https:\/\/theory-of-science.com\/de\/wp-json\/wp\/v2\/pages\/32"}],"wp:attachment":[{"href":"https:\/\/theory-of-science.com\/de\/wp-json\/wp\/v2\/media?parent=156"}],"curies":[{"name":"wp","href":"https:\/\/api.w.org\/{rel}","templated":true}]}}