{"id":160,"date":"2017-05-28T14:44:42","date_gmt":"2017-05-28T12:44:42","guid":{"rendered":"http:\/\/theory-of-science.com\/de\/?page_id=160"},"modified":"2021-02-02T15:29:43","modified_gmt":"2021-02-02T14:29:43","slug":"uebung-01-07","status":"publish","type":"page","link":"https:\/\/theory-of-science.com\/de\/uebungen\/abschnitt-01\/uebung-01-07\/","title":{"rendered":"\u00dc1-7 Eigenschaften und Ereignisse"},"content":{"rendered":"\n<p>Eine <em>Eigenschaft<\/em> trifft auf ein Ereignis oder auf eine Ereignisart zu. Oder auf beides.<\/p>\n\n\n\n<ul class=\"wp-block-list\"><li><em>konkret<\/em>:&nbsp;&nbsp; Dieser Sonnenuntergang ist sch\u00f6n.<\/li><li><em>abstrakt<\/em>:&nbsp; Sonnenunterg\u00e4nge sind sch\u00f6n.<\/li><li><em>konkret<\/em>:&nbsp;&nbsp; M\u00fcller ist lebendig.<\/li><li><em>abstrakt<\/em>:&nbsp; Die Menschen sind lebendig.<\/li><li><em>konkret<\/em>:&nbsp;&nbsp; Meine Predigt ist machtvoll.<\/li><li><em>abstrakt<\/em>:&nbsp; Predigten sind machtvoll.<\/li><\/ul>\n\n\n\n<p><strong>a)<\/strong> Formulieren Sie die abstrakten Varianten so um, dass der Ausdruck \u00abf\u00fcr alle\u00bb verwendet wird.<\/p>\n\n\n\n<p><strong>b)<\/strong> Bilden Sie in den abstrakten Varianten jeweils eine Menge von Entit\u00e4ten, \u00fcber die gesprochen wird.<\/p>\n\n\n\n<p><strong>c)<\/strong> In welchen Beispielen kann gesagt werden, dass die konkrete Entit\u00e4t ein Element der jeweiligen in b) gebildeten Menge ist?<br><\/p>\n\n\n<ul class=\"nav nav-pills nav-justified\">\n<li><a href=\"https:\/\/theory-of-science.com\/de\/uebungen\/abschnitt-01\/uebung-01-06\/\">&lt;&lt;&lt;<\/a><\/li>\n<li><a href=\"https:\/\/theory-of-science.com\/de\/uebungen\/abschnitt-01\/uebung-01-08\/\">&gt;&gt;&gt;<\/a><\/li>\n<\/ul>\n","protected":false},"excerpt":{"rendered":"<p>Eine Eigenschaft trifft auf ein Ereignis oder auf eine Ereignisart zu. Oder auf beides. konkret:&nbsp;&nbsp; Dieser Sonnenuntergang ist sch\u00f6n. abstrakt:&nbsp; Sonnenunterg\u00e4nge sind sch\u00f6n. konkret:&nbsp;&nbsp; M\u00fcller ist lebendig. abstrakt:&nbsp; Die Menschen sind lebendig. konkret:&nbsp;&nbsp; Meine Predigt ist machtvoll. abstrakt:&nbsp; Predigten sind machtvoll. a) Formulieren Sie die abstrakten Varianten so um, dass der Ausdruck \u00abf\u00fcr alle\u00bb verwendet [&hellip;]<\/p>\n","protected":false},"author":1,"featured_media":0,"parent":32,"menu_order":7,"comment_status":"closed","ping_status":"closed","template":"page-fullwidth.php","meta":{"footnotes":""},"class_list":["post-160","page","type-page","status-publish","hentry"],"_links":{"self":[{"href":"https:\/\/theory-of-science.com\/de\/wp-json\/wp\/v2\/pages\/160","targetHints":{"allow":["GET"]}}],"collection":[{"href":"https:\/\/theory-of-science.com\/de\/wp-json\/wp\/v2\/pages"}],"about":[{"href":"https:\/\/theory-of-science.com\/de\/wp-json\/wp\/v2\/types\/page"}],"author":[{"embeddable":true,"href":"https:\/\/theory-of-science.com\/de\/wp-json\/wp\/v2\/users\/1"}],"replies":[{"embeddable":true,"href":"https:\/\/theory-of-science.com\/de\/wp-json\/wp\/v2\/comments?post=160"}],"version-history":[{"count":15,"href":"https:\/\/theory-of-science.com\/de\/wp-json\/wp\/v2\/pages\/160\/revisions"}],"predecessor-version":[{"id":4285,"href":"https:\/\/theory-of-science.com\/de\/wp-json\/wp\/v2\/pages\/160\/revisions\/4285"}],"up":[{"embeddable":true,"href":"https:\/\/theory-of-science.com\/de\/wp-json\/wp\/v2\/pages\/32"}],"wp:attachment":[{"href":"https:\/\/theory-of-science.com\/de\/wp-json\/wp\/v2\/media?parent=160"}],"curies":[{"name":"wp","href":"https:\/\/api.w.org\/{rel}","templated":true}]}}