{"id":162,"date":"2017-05-28T14:45:09","date_gmt":"2017-05-28T12:45:09","guid":{"rendered":"http:\/\/theory-of-science.com\/de\/?page_id=162"},"modified":"2021-02-02T15:30:05","modified_gmt":"2021-02-02T14:30:05","slug":"uebung-01-08","status":"publish","type":"page","link":"https:\/\/theory-of-science.com\/de\/uebungen\/abschnitt-01\/uebung-01-08\/","title":{"rendered":"\u00dc1-8 Ereignisse und ihre Dimensionen"},"content":{"rendered":"\n<p><em>Ereignisse<\/em> k\u00f6nnen mehrere Komponenten oder Dimensionen haben.<br>Beispiele:<\/p>\n\n\n\n<ul class=\"wp-block-list\"><li>Eine bestimmte Mondfinsternis ist ein Ereignis, bei dem sich erstens die Abst\u00e4nde der beteiligten Objekte (Mond, Erde, Sonne) \u00e4ndern und bei dem zweitens verschiedene Zeitpunkte identifizieren werden k\u00f6nnen.<\/li><li>Die Heirat zwischen Peter M\u00fcller und Uta Schmidt ist ein Ereignis, welches erstens mehrere Zeitpunkte enth\u00e4lt und welches urs\u00e4chlich viele weitere Wirkungen hat.<\/li><li>Die Ratifizierung eines bestimmten EU-Vertrags ist ein Ereignis. Das Ereignis enth\u00e4lt mehrere Zeitpunkte und Orte, an denen die Unterschriften geleistet werden und es enth\u00e4lt mindestens 27 L\u00e4nder, in denen der Vertrag umgesetzt wird.<\/li><\/ul>\n\n\n\n<p><strong>a)<\/strong> Beschreiben Sie einige Dimensionen einer demokratischen Wahl.<br><strong>b)<\/strong> Beschreiben Sie einige Komponenten eines Krieges.<br><strong>c)<\/strong> Zeichnen Sie die Ortsver\u00e4nderungen zweier Partikel. Verwenden Sie ein zweidimensionales Koordinatensystem.<br><strong>d)<\/strong> Fertigen Sie eine Liste an. Die erste Spalte enth\u00e4lt zwei Objektnamen, die zweite Spalte die x-Koordinaten und die dritte Spalte die y-Koordinaten beider Objekte.<br><\/p>\n\n\n<ul class=\"nav nav-pills nav-justified\">\n<li><a href=\"https:\/\/theory-of-science.com\/de\/uebungen\/abschnitt-01\/uebung-01-07\/\">&lt;&lt;&lt;<\/a><\/li>\n<li><a href=\"https:\/\/theory-of-science.com\/de\/uebungen\/abschnitt-01\/uebung-01-09\/\">&gt;&gt;&gt;<\/a><\/li>\n<\/ul>\n","protected":false},"excerpt":{"rendered":"<p>Ereignisse k\u00f6nnen mehrere Komponenten oder Dimensionen haben.Beispiele: Eine bestimmte Mondfinsternis ist ein Ereignis, bei dem sich erstens die Abst\u00e4nde der beteiligten Objekte (Mond, Erde, Sonne) \u00e4ndern und bei dem zweitens verschiedene Zeitpunkte identifizieren werden k\u00f6nnen. Die Heirat zwischen Peter M\u00fcller und Uta Schmidt ist ein Ereignis, welches erstens mehrere Zeitpunkte enth\u00e4lt und welches urs\u00e4chlich viele [&hellip;]<\/p>\n","protected":false},"author":1,"featured_media":0,"parent":32,"menu_order":8,"comment_status":"closed","ping_status":"closed","template":"page-fullwidth.php","meta":{"footnotes":""},"class_list":["post-162","page","type-page","status-publish","hentry"],"_links":{"self":[{"href":"https:\/\/theory-of-science.com\/de\/wp-json\/wp\/v2\/pages\/162","targetHints":{"allow":["GET"]}}],"collection":[{"href":"https:\/\/theory-of-science.com\/de\/wp-json\/wp\/v2\/pages"}],"about":[{"href":"https:\/\/theory-of-science.com\/de\/wp-json\/wp\/v2\/types\/page"}],"author":[{"embeddable":true,"href":"https:\/\/theory-of-science.com\/de\/wp-json\/wp\/v2\/users\/1"}],"replies":[{"embeddable":true,"href":"https:\/\/theory-of-science.com\/de\/wp-json\/wp\/v2\/comments?post=162"}],"version-history":[{"count":14,"href":"https:\/\/theory-of-science.com\/de\/wp-json\/wp\/v2\/pages\/162\/revisions"}],"predecessor-version":[{"id":4286,"href":"https:\/\/theory-of-science.com\/de\/wp-json\/wp\/v2\/pages\/162\/revisions\/4286"}],"up":[{"embeddable":true,"href":"https:\/\/theory-of-science.com\/de\/wp-json\/wp\/v2\/pages\/32"}],"wp:attachment":[{"href":"https:\/\/theory-of-science.com\/de\/wp-json\/wp\/v2\/media?parent=162"}],"curies":[{"name":"wp","href":"https:\/\/api.w.org\/{rel}","templated":true}]}}