{"id":164,"date":"2017-05-28T14:45:25","date_gmt":"2017-05-28T12:45:25","guid":{"rendered":"http:\/\/theory-of-science.com\/de\/?page_id=164"},"modified":"2021-02-02T15:31:32","modified_gmt":"2021-02-02T14:31:32","slug":"uebung-01-09","status":"publish","type":"page","link":"https:\/\/theory-of-science.com\/de\/uebungen\/abschnitt-01\/uebung-01-09\/","title":{"rendered":"\u00dc1-9 Gesicherte Fakten"},"content":{"rendered":"\n<p>Ein Element einer Menge kann innerhalb oder au\u00dferhalb der Menge liegen. Das Element kann auch zu einem Grenzbereich geh\u00f6ren; es liegt nur <em>vermutlich gesichert<\/em> in der Menge.<br><br>Beispiele:<\/p>\n\n\n\n<p><strong>a)<\/strong> F\u00fcr die Erde ist gesichert, dass es ein Element unseres Sonnensystems ist; die Erde ist ein Planet. Der Stern <em>Alpha Centauri<\/em> ist kein gesichertes Element unseres Sonnensystems; er ist kein Planet. Der <em>Halley<\/em>sche Komet liegt im Grenzbereich. Dieser Himmelsk\u00f6rper geh\u00f6rt einerseits zu unserem Sonnensystem. Andererseits wird er nicht als ein Planet bezeichnet.<br>Geben Sie zwei Eigenschaften an, die der <em>Halley<\/em>sche Komet besitzt. Ein Objekt welches die erste Eigenschaft hat, geh\u00f6rt zur Menge der Planeten. Ein Objekt, welches die zweite Eigenschaft hat, geh\u00f6rt nicht zur Menge der Planeten.<\/p>\n\n\n\n<p><strong>b)<\/strong> Ein menschliches Skelett wurde entdeckt, welches angeblich zu einem 200 Jahre alten Menschen geh\u00f6rte.<br>Geben sie zwei Eigenschaften an. Die erste soll auf alle Menschen zutreffen, die zweite auf keinen Menschen.<\/p>\n\n\n\n<p><strong>c)<\/strong> Ein Gef\u00e4\u00df enth\u00e4lt Wasser und Luft. Das Wasser wird durch eine Menge von <em>H<sub>2<\/sub>O<\/em>-Molek\u00fclen und die Luft durch ein Gemisch, eine Menge von Molek\u00fclen von Sauerstoff, Stickstoff und anderen Arten, beschrieben.<br>Geben Sie eine Eigenschaft an, durch die die beiden Mengen begrifflich auseinander gehalten werden k\u00f6nnen.<br><\/p>\n\n\n<ul class=\"nav nav-pills nav-justified\">\n<li><a href=\"https:\/\/theory-of-science.com\/de\/uebungen\/abschnitt-01\/uebung-01-08\/\">&lt;&lt;&lt;<\/a><\/li>\n<li><a href=\"https:\/\/theory-of-science.com\/de\/uebungen\/abschnitt-02\/uebung-02-01\/\">&gt;&gt;&gt;<\/a><\/li>\n<\/ul>\n","protected":false},"excerpt":{"rendered":"<p>Ein Element einer Menge kann innerhalb oder au\u00dferhalb der Menge liegen. Das Element kann auch zu einem Grenzbereich geh\u00f6ren; es liegt nur vermutlich gesichert in der Menge. Beispiele: a) F\u00fcr die Erde ist gesichert, dass es ein Element unseres Sonnensystems ist; die Erde ist ein Planet. Der Stern Alpha Centauri ist kein gesichertes Element unseres [&hellip;]<\/p>\n","protected":false},"author":1,"featured_media":0,"parent":32,"menu_order":9,"comment_status":"closed","ping_status":"closed","template":"page-fullwidth.php","meta":{"footnotes":""},"class_list":["post-164","page","type-page","status-publish","hentry"],"_links":{"self":[{"href":"https:\/\/theory-of-science.com\/de\/wp-json\/wp\/v2\/pages\/164","targetHints":{"allow":["GET"]}}],"collection":[{"href":"https:\/\/theory-of-science.com\/de\/wp-json\/wp\/v2\/pages"}],"about":[{"href":"https:\/\/theory-of-science.com\/de\/wp-json\/wp\/v2\/types\/page"}],"author":[{"embeddable":true,"href":"https:\/\/theory-of-science.com\/de\/wp-json\/wp\/v2\/users\/1"}],"replies":[{"embeddable":true,"href":"https:\/\/theory-of-science.com\/de\/wp-json\/wp\/v2\/comments?post=164"}],"version-history":[{"count":17,"href":"https:\/\/theory-of-science.com\/de\/wp-json\/wp\/v2\/pages\/164\/revisions"}],"predecessor-version":[{"id":4288,"href":"https:\/\/theory-of-science.com\/de\/wp-json\/wp\/v2\/pages\/164\/revisions\/4288"}],"up":[{"embeddable":true,"href":"https:\/\/theory-of-science.com\/de\/wp-json\/wp\/v2\/pages\/32"}],"wp:attachment":[{"href":"https:\/\/theory-of-science.com\/de\/wp-json\/wp\/v2\/media?parent=164"}],"curies":[{"name":"wp","href":"https:\/\/api.w.org\/{rel}","templated":true}]}}