{"id":166,"date":"2017-05-28T14:45:54","date_gmt":"2017-05-28T12:45:54","guid":{"rendered":"http:\/\/theory-of-science.com\/de\/?page_id=166"},"modified":"2021-02-02T17:47:28","modified_gmt":"2021-02-02T16:47:28","slug":"uebung-02-01","status":"publish","type":"page","link":"https:\/\/theory-of-science.com\/de\/uebungen\/abschnitt-02\/uebung-02-01\/","title":{"rendered":"\u00dc2-1: Komponenten und Listen"},"content":{"rendered":"\n<p>Ein Ausdruck oder eine Liste kann mehrere <em>Komponenten<\/em> haben. Zum Beispiel kann ein Ausdruck sowohl rationale als auch emotionale Komponenten haben: Peter mag Uta weil sie sch\u00f6n und reich ist.<br>Eine <em>Liste<\/em> besteht aus Komponenten. Zum Beispiel enth\u00e4lt die Liste [ <em>a<\/em>, <em>b<\/em>, <em>c<\/em>, <em>d <\/em>] vier Komponenten, n\u00e4mlich <em>a<\/em>, <em>b<\/em>, <em>c<\/em> und <em>d<\/em>.<br>Eine <em>Menge<\/em> ist eine Gesamtheit von <em>Elementen<\/em>. In der Mengenlehre werden <em>Paare von Mengen<\/em> auf folgende Weise gebildet. Zwei Mengen <em>x<\/em> und <em>y<\/em> werden mit <em>Mengenklammern<\/em> umgeben: { <em>x <\/em>} und { <em>y <\/em>}. {<em> x <\/em>} und { <em>y <\/em>} sind ebenfalls Mengen, sie enthalten jeweils nur ein einziges Element. Diese ein-elementigen Mengen werden nun noch einmal mit Mengenklammern in der folgenden Weise umgeben:<\/p>\n\n\n\n<p>{ <em>x<\/em>, { <em>y <\/em>} }.<\/p>\n\n\n\n<p>Dieser Ausdruck enth\u00e4lt neben Mengenklammern und Symbolen f\u00fcr Mengen zus\u00e4tzlich das Komma <em>\u00ab<\/em>,\u00bb, welches eine zentrale Funktion hat.<br>Das Komma trennt die zwei Mengen <em>x<\/em> und { <em>y <\/em>}, welche als Elemente in der Gesamtmenge { x, { <em>y <\/em>} } vorhanden sind.<br>Dieses Gebilde { <em>x<\/em>, { <em>y <\/em>} } wird in der Mengenlehre als<\/p>\n\n\n\n<p><em>das Paar der Mengen x und y<\/em> bezeichnet<\/p>\n\n\n\n<p>und es wird so abgek\u00fcrzt: \u2329 <em>x<\/em>, <em>y <\/em>\u232a oder [ <em>x<\/em>, <em>y <\/em>].<\/p>\n\n\n\n<p>Diese Konstruktion l\u00e4sst sich beliebig oft wiederholen.<\/p>\n\n\n\n<p><strong>a)<\/strong> Bilden Sie aus drei Mengen <em>x<\/em>, <em>y<\/em>, <em>z<\/em> erst das Paar \u2329 <em>x<\/em>, <em>y <\/em>\u232a und dann das Paar \u2329 \u2329 <em>x<\/em>, <em>y <\/em>\u232a, \u2329 <em>z <\/em>\u232a \u232a.<\/p>\n\n\n\n<p>Auf diese Weise werden Listen konstruktiv erzeugt. Dieses Verfahren wird auch in der Programmierung von Computern als Standard verwendet.<br>F\u00fcr Menschen ist es zweckm\u00e4\u00dfig, so viele Klammern wie m\u00f6glich zu entfernen. Der Sinn muss dabei aber noch eindeutig erhalten bleiben.<br>Aus <em>n<\/em> Mengen <em>x<\/em><sub>1<\/sub>, &#8230;, <em>x<\/em><sub>n<\/sub> wird <em>induktiv<\/em> (<em>\u00ab<\/em>vom Speziellen auf das Allgemeine schlie\u00dfend\u00bb) eine Liste \u2329 <em>x<\/em><sub>1<\/sub>, &#8230;, <em>x<\/em><sub>n <\/sub>\u232a durch folgende Regeln erzeugt:<\/p>\n\n\n\n<p><\/p>\n\n\n\n<div class=\"wp-block-group\"><div class=\"wp-block-group__inner-container is-layout-flow wp-block-group-is-layout-flow\">\n<figure class=\"wp-block-table\"><table  class=\"has-fixed-layout table table-hover\" ><tbody><tr><td>\u3008 <em>x<\/em><sub>1 <\/sub>\u3009 ist eine Liste.<\/td><td>(R1)<\/td><\/tr><tr><td>Wenn \u3008 <em>x<\/em><sub>1<\/sub>, &#8230;, <em>x<\/em><sub>m <\/sub>\u3009 eine Liste von <em>x<\/em><sub>1<\/sub>, &#8230;, <em>x<\/em><sub>m<\/sub> Mengen ist und <em>m<\/em> &lt; <em>n<\/em> ist,<br>dann ist auch \u3008 <em>x<\/em><sub>1<\/sub>, &#8230;, <em>x<\/em><sub>m<\/sub>, <em>x<\/em><sub>m+1 <\/sub>\u3009 eine Liste von <em>x<\/em><sub>1<\/sub>, &#8230;, <em>x<\/em><sub>m+1<\/sub> Mengen.<\/td><td>(R2)<\/td><\/tr><\/tbody><\/table><\/figure>\n<\/div><\/div>\n\n\n\n<p><strong>b)<\/strong> Vervollst\u00e4ndigen Sie diese induktive Definition, in dem Sie eingesparte Klammern an den richtigen Stellen einf\u00fcgen.<\/p>\n\n\n\n<p><em>Spitze Klammern \u00ab<\/em>\u2329 \u232a\u00bb werden meist in logischen und mengentheoretischen Texten verwendet: \u2329 <em>x<\/em><sub>1<\/sub>, &#8230;, <em>x<\/em><sub>n <\/sub>\u232a, w\u00e4hrend in der Informatik und in vielen mathematischen Texten die \u00abnormale\u00bb Listenschreibweise verwendet wird: [ <em>x<\/em><sub>1<\/sub>, &#8230;, <em>x<\/em><sub>n <\/sub>].<br>Wenn aus dem Kontext ersichtlich ist, dass eine Menge <em>x<\/em> die Form einer Liste hat, d.h. <em>x<\/em> = \u2329 <em>x<\/em><sub>1<\/sub>, &#8230;, <em>x<\/em><sub>n <\/sub>\u232a, wird oft gesagt, dass <em>x<\/em> &#8211; also eine Menge &#8211; \u00ab<em>Komponenten hat<\/em>\u00bb oder \u00ab<em>n<\/em> <em>Komponenten hat<\/em>\u00bb oder \u00ab<em>x<sub>i<\/sub> eine Komponente von x ist<\/em>\u00bb oder \u00ab<em>x<sub>i<\/sub><\/em><em> die i-te Komponente von x ist<\/em>\u00bb.<br>Der Zwischenschritt, in dem die Menge zun\u00e4chst mit einer Liste gleichgesetzt wird, fehlt in solchen Formulierungen, weil die Leser diese Identit\u00e4t sofort erkennen.<br>Zwei Listen \u2329 <em>x<\/em><sub>1<\/sub>, &#8230;, <em>x<sub>m <\/sub><\/em>\u232a und \u2329 <em>y<\/em><sub>1<\/sub>, &#8230;, <em>y<\/em><sub>n <\/sub>\u232a lassen sich <em>zusammenf\u00fcgen<\/em> (<em>konkatenieren<\/em>):<\/p>\n\n\n\n<p>\u2329 <em>x<\/em><sub>1<\/sub>, &#8230;, <em>x<sub>m <\/sub><\/em>\u232a <img loading=\"lazy\" decoding=\"async\" src=\"https:\/\/theory-of-science.com\/de\/wp-content\/ql-cache\/quicklatex.com-f5dc56f2e6f43ebde6f00fd043258089_l3.png\" class=\"ql-img-inline-formula quicklatex-auto-format\" alt=\"&#36;&#92;&#99;&#105;&#114;&#99;&#36;\" title=\"Rendered by QuickLaTeX.com\" height=\"6\" width=\"6\" style=\"vertical-align: 1px;\"\/> \u2329 <em>y<\/em><sub>1<\/sub>, &#8230;, <em>y<\/em><sub>n <\/sub>\u232a = \u2329 <em>x<\/em><sub>1<\/sub>, &#8230;, <em>x<\/em><sub>m<\/sub>, <em>y<\/em><sub>1<\/sub>, &#8230;, <em>y<\/em><sub>n <\/sub>\u232a<\/p>\n\n\n\n<p>Die Beziehung des Zusammenf\u00fcgens <img loading=\"lazy\" decoding=\"async\" src=\"https:\/\/theory-of-science.com\/de\/wp-content\/ql-cache\/quicklatex.com-f5dc56f2e6f43ebde6f00fd043258089_l3.png\" class=\"ql-img-inline-formula quicklatex-auto-format\" alt=\"&#36;&#92;&#99;&#105;&#114;&#99;&#36;\" title=\"Rendered by QuickLaTeX.com\" height=\"6\" width=\"6\" style=\"vertical-align: 1px;\"\/> werden wir in weiteren \u00dcbungen noch genauer kennenlernen.<\/p>\n\n\n\n<p><strong>c)<\/strong> Definieren Sie die Konkatenation von zwei Listen. Hilfestellung: Beginnen Sie induktiv mit \u2329 <em>y<\/em><sub>1 <\/sub>\u232a und f\u00fcgen Sie <em>y<\/em><sub>1<\/sub> zur Liste \u2329 <em>x<\/em><sub>1<\/sub>, &#8230;, <em>x<\/em><sub>m <\/sub>\u232a hinzu.<br><\/p>\n\n\n<ul class=\"nav nav-pills nav-justified\">\n<li><a href=\"https:\/\/theory-of-science.com\/de\/uebungen\/abschnitt-01\/uebung-01-09\/\">&lt;&lt;&lt;<\/a><\/li>\n<li><a href=\"https:\/\/theory-of-science.com\/de\/uebungen\/abschnitt-02\/uebung-02-02\/\">&gt;&gt;&gt;<\/a><\/li>\n<\/ul>\n","protected":false},"excerpt":{"rendered":"<p>Ein Ausdruck oder eine Liste kann mehrere Komponenten haben. Zum Beispiel kann ein Ausdruck sowohl rationale als auch emotionale Komponenten haben: Peter mag Uta weil sie sch\u00f6n und reich ist.Eine Liste besteht aus Komponenten. Zum Beispiel enth\u00e4lt die Liste [ a, b, c, d ] vier Komponenten, n\u00e4mlich a, b, c und d.Eine Menge ist [&hellip;]<\/p>\n","protected":false},"author":1,"featured_media":0,"parent":36,"menu_order":1,"comment_status":"closed","ping_status":"closed","template":"page-fullwidth.php","meta":{"footnotes":""},"class_list":["post-166","page","type-page","status-publish","hentry"],"_links":{"self":[{"href":"https:\/\/theory-of-science.com\/de\/wp-json\/wp\/v2\/pages\/166","targetHints":{"allow":["GET"]}}],"collection":[{"href":"https:\/\/theory-of-science.com\/de\/wp-json\/wp\/v2\/pages"}],"about":[{"href":"https:\/\/theory-of-science.com\/de\/wp-json\/wp\/v2\/types\/page"}],"author":[{"embeddable":true,"href":"https:\/\/theory-of-science.com\/de\/wp-json\/wp\/v2\/users\/1"}],"replies":[{"embeddable":true,"href":"https:\/\/theory-of-science.com\/de\/wp-json\/wp\/v2\/comments?post=166"}],"version-history":[{"count":81,"href":"https:\/\/theory-of-science.com\/de\/wp-json\/wp\/v2\/pages\/166\/revisions"}],"predecessor-version":[{"id":4315,"href":"https:\/\/theory-of-science.com\/de\/wp-json\/wp\/v2\/pages\/166\/revisions\/4315"}],"up":[{"embeddable":true,"href":"https:\/\/theory-of-science.com\/de\/wp-json\/wp\/v2\/pages\/36"}],"wp:attachment":[{"href":"https:\/\/theory-of-science.com\/de\/wp-json\/wp\/v2\/media?parent=166"}],"curies":[{"name":"wp","href":"https:\/\/api.w.org\/{rel}","templated":true}]}}