{"id":174,"date":"2017-05-28T14:47:15","date_gmt":"2017-05-28T12:47:15","guid":{"rendered":"http:\/\/theory-of-science.com\/de\/?page_id=174"},"modified":"2021-02-02T21:59:01","modified_gmt":"2021-02-02T20:59:01","slug":"uebung-02-05","status":"publish","type":"page","link":"https:\/\/theory-of-science.com\/de\/uebungen\/abschnitt-02\/uebung-02-05\/","title":{"rendered":"\u00dc2-5: Intendiertes System und Faktensammlungen"},"content":{"rendered":"\n<p>Zwei Beispiele:<\/p>\n\n\n\n<p>Ein intendiertes System der klassischen Partikelmechanik tr\u00e4gt den Namen \u00abunser Sonnensystem\u00bb. Zu <em>Newton<\/em>s Zeit h\u00e4tte auch \u00abdas Sonnensystem\u00bb als Name ausgereicht. Damals waren keine weiteren Sonnensysteme bekannt.<br>Was zum Sonnensystem dazu geh\u00f6rt, ist eine interessante Frage. Geh\u00f6ren die Jupitermonde, die damals schon diskutiert wurden, zum Sonnensystem, oder <em>Newton<\/em>s ber\u00fchmter Fall des Apfels vom Baum?<br>Fakten \u00fcber das Sonnensystem wurden haupts\u00e4chlich durch die Begriffe <em>Partikel<\/em>, <em>Raumpunkt<\/em>, <em>Zeitpunkt<\/em>, <em>Gerade<\/em> (zwischen Raumpunkten), <em>Winkel&nbsp;<\/em>und <em>Abstand<\/em> (von Raumpunkten von Partikeln) beschrieben.<br>Andere Begriff, wie <em>hell,<\/em> <em>dunkel<\/em>, <em>blau<\/em>, <em>rosa<\/em>, <em>Zentrum des Weltalls<\/em> und andere, werden kaum verwendet.<\/p>\n\n\n\n<p><strong>a)<\/strong> Legen Sie eine offene Liste von atomaren S\u00e4tzen (\u00abm\u00f6glichen Fakten\u00bb) an, die durch Partikel, Raumpunkte, Zeitpunkte, Geraden, Winkel und Abst\u00e4nde ausgedr\u00fcckt werden. Beispiele:<\/p>\n\n\n\n<ul class=\"wp-block-list\"><li>Der Raumpunkt <em>o<\/em><sub>1<\/sub> an dem ich (der Beobachter <em>p<\/em><sub>1<\/sub>) mich zur Zeit <em>t<\/em><sub>0<\/sub> befinde.<\/li><li><em>o<\/em><sub>1<\/sub> und <em>o<\/em><sub>2<\/sub> liegen zur Zeit <em>t<\/em><sub>0<\/sub> auf der Geraden <em>g<\/em><sub>1<\/sub>.<\/li><li>Der Abstand zwischen <em>o<\/em><sub>1<\/sub> und dem Raumpunkt <em>o<\/em><sub>2<\/sub>, an dem sich Partikel <em>p<\/em><sub>2<\/sub> zur Zeit <em>t<\/em><sub>0<\/sub> befindet.<\/li><li><em>o<\/em><sub>1<\/sub> und <em>o<\/em><sub>3<\/sub> liegen zur Zeit <em>t<\/em><sub>0<\/sub> auf der Geraden <em>g<\/em><sub>2<\/sub>.<\/li><li>Der Abstand zwischen <em>o<\/em><sub>1<\/sub> und dem Raumpunkt <em>o<\/em><sub>3<\/sub>, an dem sich Partikel <em>p<\/em><sub>3<\/sub> zur Zeit <em>t<\/em><sub>0<\/sub> befindet.<\/li><li>Der Winkel zwischen den Geraden durch <em>g<\/em><sub>1<\/sub> und <em>g<\/em><sub>2<\/sub>, vom Raumpunkt <em>o<\/em><sub>1<\/sub> und vom Zeitpunkt <em>t<\/em><sub>0<\/sub> aus gesehen, betr\u00e4gt 43\u00b0.<\/li><li>Der Winkel zwischen den Geraden durch <em>g<\/em><sub>1<\/sub> und <em>g<\/em><sub>3<\/sub>, vom Raumpunkt <em>o<\/em><sub>2<\/sub> und vom Zeitpunkt <em>t<\/em><sub>0<\/sub> aus gesehen, betr\u00e4gt 37\u00b0.<\/li><li>Abstand zwischen <em>o<\/em><sub>2<\/sub> und dem Raumpunkt <em>o<\/em><sub>3<\/sub>, an dem sich Partikel <em>p<\/em><sub>1<\/sub> zur Zeit <em>t<\/em><sub>0<\/sub> befindet.<\/li><li><em>o<\/em><sub>1<\/sub> und <em>o<\/em><sub>3<\/sub> liegen zur Zeit <em>t<\/em><sub>1<\/sub> auf der Geraden <em>g<\/em><sub>2<\/sub>.<\/li><li>Der Abstand zwischen <em>o<\/em><sub>1<\/sub> und dem Raumpunkt <em>o<\/em><sub>3<\/sub>, an dem sich Partikel <em>p<\/em><sub>3<\/sub> zur Zeit <em>t<\/em><sub>2<\/sub> befindet.<\/li><li>und so weiter &#8230;<\/li><\/ul>\n\n\n\n<p><strong>b)<\/strong> F\u00fchren Sie erste Schritte zur Konstruktion einer Bahn zwischen den Partikeln <em>o<\/em><sub>1<\/sub> und <em>o<\/em><sub>2<\/sub> in drei Zeitpunkten aus, indem sie die genannten Begriffe einsetzen. Stellen Sie Ihre Konstruktion graphisch dar.<\/p>\n\n\n\n<p><strong>c)<\/strong> Formulieren Sie einige Fakten, bei denen auch die Worte&nbsp;<em>dunkel<\/em>, <em>hell<\/em> und <em>blau<\/em> verwendet werden. Entscheiden Sie, ob diese Fakten auch zur Faktensammlung f\u00fcr das Sonnensystems geh\u00f6ren sollten oder nicht. Argumentieren Sie, wie Sie sich entschieden haben.<\/p>\n\n\n\n<p>Ein intendiertes System der politischen Institutionentheorie tr\u00e4gt den Namen <em>Bundesrepublik Deutschland<\/em>. Wir nehmen an, dass eine Liste von Fakten vorhanden ist.<br>Wir geben Ihnen eine Anfangsliste von W\u00f6rtern vor, die Sie bei der Formulierung von m\u00f6glichen Fakten verwenden k\u00f6nnen:<br><em>W\u00e4hler<\/em>, <em>Wahlstimmen<\/em>, <em>Parteien<\/em>, <em>Kandidaten<\/em>, <em>Mitglied einer Partei<\/em>, <em>Zeitpunkt einer Wahl<\/em>, <em>Anzahl von W\u00e4hlern<\/em>, <em>Anzahl von abgegebenen Wahlstimmen<\/em>, <em>Parteiprogramm<\/em>, <em>Werte<\/em>, <em>Kapital einer Partei<\/em>, <em>Anzahl der Mitglieder einer Partei<\/em>, <em>Parlament<\/em>, <em>Mitglieder des Parlaments zu einem Zeitpunkt<\/em>, <em>Wahlperioden<\/em>, <em>Anzahl der Wahlperioden, zu denen ein Kandidat gew\u00e4hlt werden kann<\/em>.<\/p>\n\n\n\n<p><strong>d)<\/strong> Schreiben Sie einige m\u00f6gliche Fakten auf, die Sie f\u00fcr das intendierte System als wichtig ansehen.<\/p>\n\n\n\n<p><strong>e)<\/strong> Gibt es in Ihrer Liste m\u00f6gliche Fakten, die schwer zu bestimmen sind?<\/p>\n\n\n\n<p><strong>f)<\/strong> K\u00f6nnen einige der genannten W\u00f6rter aus der Beschreibung des intendierten Systems entfernt werden? Aus welchem Grund?<br><\/p>\n\n\n<ul class=\"nav nav-pills nav-justified\">\n<li><a href=\"https:\/\/theory-of-science.com\/de\/uebungen\/abschnitt-02\/uebung-02-04\/\">&lt;&lt;&lt;<\/a><\/li>\n<li><a href=\"https:\/\/theory-of-science.com\/de\/uebungen\/abschnitt-02\/uebung-02-06\/\">&gt;&gt;&gt;<\/a><\/li>\n<\/ul>\n","protected":false},"excerpt":{"rendered":"<p>Zwei Beispiele: Ein intendiertes System der klassischen Partikelmechanik tr\u00e4gt den Namen \u00abunser Sonnensystem\u00bb. Zu Newtons Zeit h\u00e4tte auch \u00abdas Sonnensystem\u00bb als Name ausgereicht. Damals waren keine weiteren Sonnensysteme bekannt.Was zum Sonnensystem dazu geh\u00f6rt, ist eine interessante Frage. Geh\u00f6ren die Jupitermonde, die damals schon diskutiert wurden, zum Sonnensystem, oder Newtons ber\u00fchmter Fall des Apfels vom Baum?Fakten [&hellip;]<\/p>\n","protected":false},"author":1,"featured_media":0,"parent":36,"menu_order":5,"comment_status":"closed","ping_status":"closed","template":"page-fullwidth.php","meta":{"footnotes":""},"class_list":["post-174","page","type-page","status-publish","hentry"],"_links":{"self":[{"href":"https:\/\/theory-of-science.com\/de\/wp-json\/wp\/v2\/pages\/174","targetHints":{"allow":["GET"]}}],"collection":[{"href":"https:\/\/theory-of-science.com\/de\/wp-json\/wp\/v2\/pages"}],"about":[{"href":"https:\/\/theory-of-science.com\/de\/wp-json\/wp\/v2\/types\/page"}],"author":[{"embeddable":true,"href":"https:\/\/theory-of-science.com\/de\/wp-json\/wp\/v2\/users\/1"}],"replies":[{"embeddable":true,"href":"https:\/\/theory-of-science.com\/de\/wp-json\/wp\/v2\/comments?post=174"}],"version-history":[{"count":22,"href":"https:\/\/theory-of-science.com\/de\/wp-json\/wp\/v2\/pages\/174\/revisions"}],"predecessor-version":[{"id":4319,"href":"https:\/\/theory-of-science.com\/de\/wp-json\/wp\/v2\/pages\/174\/revisions\/4319"}],"up":[{"embeddable":true,"href":"https:\/\/theory-of-science.com\/de\/wp-json\/wp\/v2\/pages\/36"}],"wp:attachment":[{"href":"https:\/\/theory-of-science.com\/de\/wp-json\/wp\/v2\/media?parent=174"}],"curies":[{"name":"wp","href":"https:\/\/api.w.org\/{rel}","templated":true}]}}