{"id":176,"date":"2017-05-28T14:47:33","date_gmt":"2017-05-28T12:47:33","guid":{"rendered":"http:\/\/theory-of-science.com\/de\/?page_id=176"},"modified":"2021-02-09T21:01:47","modified_gmt":"2021-02-09T20:01:47","slug":"uebung-02-06","status":"publish","type":"page","link":"https:\/\/theory-of-science.com\/de\/uebungen\/abschnitt-02\/uebung-02-06\/","title":{"rendered":"\u00dc2-6: Fakten und Faktensammlungen"},"content":{"rendered":"\n<p>Ein <em>Datum<\/em>, genauer gesagt ein <em>Elementardatum<\/em>, wird je nach Anwendung, je nach intendiertem System und je nach Disziplin auf verschiedene Weise geschrieben. Als Hauptformen werden vier Arten (Typen) von Daten (Datum) verwendet.<\/p>\n\n\n\n<p>1) Ein <em>Datum<\/em> wird als eine <em>Liste<\/em> von Objektnamen dargestellt.<\/p>\n\n\n\n<p><\/p><p style=\"padding-left:30px;\"><em>\u2003Datum<\/em> = [ <em>Objektname1<\/em>, &#8230;, <em>ObjektnameN<\/em> ],<\/p><p><\/p>\n\n\n\n<p>wobei <em>N<\/em> ein nat\u00fcrliche Zahl ist. <em>N<\/em> kann auch 0 sein. Ein Objektname ist meistens ein Wort, ein Substantiv, ein \u00abnormaler\u00bb Name oder eine Zahl.<br>Zum Beispiel kann \u00abPeter\u00bb oder \u00abGewicht\u00bb oder \u00ab2\u00bb oder \u00ab0,533376\u00bb oder auch \u00ab2 gr.\u00bb oder \u00ab2 [Gramm]\u00bb oder \u00ab0,533376 [mm]\u00bb ein Objektname sein.<br>Meistens werden verschiedene Daten zugleich bestimmt. Zu jedem Datum wird neben den Objektnamen des Datums auch die Art <em>Typ<\/em> dieses Datums explizit gemacht.<\/p>\n\n\n\n<p>2) Ein <em>Datum<\/em> wird als eine <em>Liste<\/em> bestehend aus dem Datentyp <em>Typ<\/em>, dem Namen des Datums und den Objektnamen dargestellt. Dies l\u00e4sst sich in zwei Formen notieren.<\/p>\n\n\n\n<p><\/p><p style=\"padding-left:30px;\">[ <em>Typ<\/em>, <em>Name des Datums<\/em>, <em>Objekt1<\/em>, &#8230;, <em>ObjektN<\/em> ]<p><\/p>\n\n\n\n<p>oder<\/p>\n\n\n\n<p><\/p><p style=\"padding-left:30px;\">[ <em>Typ<\/em>, <em>Name des Datums<\/em>, <em>Objekt1<\/em>, &#8230;, <em>Name des Datums<\/em>, <em>ObjektN<\/em> ].<\/p><p><\/p>\n\n\n\n<p>Zum Beispiel ist<\/p>\n\n\n\n<p><\/p><p style=\"padding-left:30px;\">[ <em>Gewicht<\/em>, <em>Gewicht des Patienten<\/em>&nbsp; \u00abP. M\u00fcller\u00bb, 73,5 [kg] ]<p><\/p>\n\n\n\n<p>ein Datum, welches bei einem Experiment bestimmt wurde. Je nach Experiment werden weiter der Name des Experiments und die Forschungsrichtung explizit angegeben. Etwa<\/p>\n\n\n\n<p><\/p><p style=\"padding-left:30px;\">[ <em>Biochemie<\/em>, <em>EU Projekt KN-24135<\/em>, <em>Gewicht<\/em>, <em>Gewicht des Patienten<\/em> \u00abP. M\u00fcller\u00bb, 73,5 [kg] ].<\/p><p><\/p>\n\n\n\n<p>Oft sind weitere, spezielle Informationen n\u00f6tig, weil oft \u00abdasselbe\u00bb Datum mehrfach bestimmt wird. Zum Beispiel nimmt \u00abP. M\u00fcller\u00bb an zwei Experimenten teil.<\/p>\n\n\n\n<p>Meistens wird bei einem Daten auch die Zeit notiert, zu der das Datum bestimmt oder beobachtet wurde. Auch eine Zeit wird entweder dem jeweiligen Datum mitgegeben oder sie wird einer Liste von Daten derselben Art vorangestellt. Also<\/p>\n\n\n\n<p><\/p><p style=\"padding-left:30px;\">[ <em>Zeitpunkt<\/em>, <em>Typ<\/em>, <em>Name<\/em>, <em>Objektname1<\/em>, &#8230;, <em>ObjektnameN<\/em> ]<p><\/p>\n\n\n\n<p>oder<\/p>\n\n\n\n<p><\/p><p style=\"padding-left:30px;\">[ Zeitpunkt, Typ, Name<sup>1<\/sup>, Objektname1<sup>1<\/sup>, &#8230;, ObjektnameN<sup>1<\/sup>},&nbsp; Name<sup>M<\/sup>, Objektname1<sup>M<\/sup>, &#8230;, ObjektnameN<sup>M<\/sup> ]<p><\/p>\n\n\n\n<p><strong>a)<\/strong> Nehmen Sie aus Ihrem Wissensbestand drei verschiedene Daten verschiedener Typen und formulieren Sie als Listen.<\/p>\n\n\n\n<p><strong>b)<\/strong> Reichern Sie die in a) beschriebenen Daten mit mindestens zwei weiteren speziellen Informationen an, d.h. verl\u00e4ngern Sie jeweils die Listen, die Sie in a) notierten.<br>In den Sozialwissenschaften werden Daten auch in normaler Sprache formuliert. Im allgemeinen l\u00e4sst sich dies so ausdr\u00fccken.<\/p>\n\n\n\n<p><\/p><p style=\"padding-left:30px;\"><em>Datum<\/em> hat die Form <em>Pr\u00e4dikat<\/em> plus <em>Subjekt<\/em>(<em>en<\/em>) (oder <em>Pr\u00e4dikat<\/em> plus <em>Objekt<\/em>(<em>en<\/em>))<\/p><p><\/p>\n\n\n\n<p>Auch solche Daten werden weiter vereinheitlicht. Z.B. wird geschrieben<\/p>\n\n\n\n<p><\/p><p style=\"padding-left:30px;\"><em>Pr\u00e4dikat <\/em>( <em>Objekt1<\/em>, &#8230;, <em>ObjektN<\/em> ),<\/p><p><\/p>\n\n\n\n<p>wobei <em>N<\/em> eine Zahl gr\u00f6\u00dfer oder gleich 0 sein kann.<\/p>\n\n\n\n<p>F\u00fcr Daten desselben Typs werden dann Listen der Form<\/p>\n\n\n\n<p><\/p><p style=\"padding-left:30px;\">[ <em>Typ<\/em>, <em>Pr\u00e4dikat <\/em>( 1, <em>ObjektName1<\/em><sup>1<\/sup>, &#8230;, <em>ObjektNameN<\/em><sup>1<\/sup> ), &#8230;, <em>Pr\u00e4dikat<\/em> ( <em>N<\/em>, <em>ObjektName1<\/em><sup>M<\/sup>, &#8230;, <em>ObjektNameN<\/em><sup>M <\/sup>)<\/p><p><\/p>\n\n\n\n<p>angelegt. Die Zahlen 1, &#8230;, <em>M<\/em> funktionieren wie Namen oder Indizes f\u00fcr mehrere Daten derselben Typs.<\/p>\n\n\n\n<p><strong>c)<\/strong> F\u00fcr jedes Datum, das Sie in a) formuliert haben, sollten Sie f\u00fcnf verschiedene Varianten bilden. D.h. an einer oder an mehreren Stellen des Datums wird der Objektname durch einen anderen Objektnamen ersetzt. Sie erhalten so jeweils drei Listen. In einer Listen stehen f\u00fcnf Daten.<\/p>\n\n\n\n<p><strong>d)<\/strong> Schreiben Sie die drei Listen spaltenweise auf. F\u00fcgen Sie \u00fcber jeder Spalte den Typ der Daten hinzu und tragen Sie vor den drei Spalten eine weiter Spalte ein, welche f\u00fcnf Zeitpunkte angeben sollen. Pr\u00fcfen Sie, ob das Resultat inhaltlich so lesbar ist.<\/p>\n\n\n\n<p><strong>e)<\/strong> Fertigen Sie eine zweite Liste von Daten in Pr\u00e4dikat-Objekt-Form an.<br><\/p>\n\n\n<ul class=\"nav nav-pills nav-justified\">\n<li><a href=\"https:\/\/theory-of-science.com\/de\/uebungen\/abschnitt-02\/uebung-02-05\/\">&lt;&lt;&lt;<\/a><\/li>\n<li><a href=\"https:\/\/theory-of-science.com\/de\/uebungen\/abschnitt-02\/uebung-02-07\/\">&gt;&gt;&gt;<\/a><\/li>\n<\/ul>\n","protected":false},"excerpt":{"rendered":"<p>Ein Datum, genauer gesagt ein Elementardatum, wird je nach Anwendung, je nach intendiertem System und je nach Disziplin auf verschiedene Weise geschrieben. Als Hauptformen werden vier Arten (Typen) von Daten (Datum) verwendet. 1) Ein Datum wird als eine Liste von Objektnamen dargestellt. \u2003Datum = [ Objektname1, &#8230;, ObjektnameN ], wobei N ein nat\u00fcrliche Zahl ist. [&hellip;]<\/p>\n","protected":false},"author":1,"featured_media":0,"parent":36,"menu_order":6,"comment_status":"closed","ping_status":"closed","template":"page-fullwidth.php","meta":{"footnotes":""},"class_list":["post-176","page","type-page","status-publish","hentry"],"_links":{"self":[{"href":"https:\/\/theory-of-science.com\/de\/wp-json\/wp\/v2\/pages\/176","targetHints":{"allow":["GET"]}}],"collection":[{"href":"https:\/\/theory-of-science.com\/de\/wp-json\/wp\/v2\/pages"}],"about":[{"href":"https:\/\/theory-of-science.com\/de\/wp-json\/wp\/v2\/types\/page"}],"author":[{"embeddable":true,"href":"https:\/\/theory-of-science.com\/de\/wp-json\/wp\/v2\/users\/1"}],"replies":[{"embeddable":true,"href":"https:\/\/theory-of-science.com\/de\/wp-json\/wp\/v2\/comments?post=176"}],"version-history":[{"count":23,"href":"https:\/\/theory-of-science.com\/de\/wp-json\/wp\/v2\/pages\/176\/revisions"}],"predecessor-version":[{"id":4611,"href":"https:\/\/theory-of-science.com\/de\/wp-json\/wp\/v2\/pages\/176\/revisions\/4611"}],"up":[{"embeddable":true,"href":"https:\/\/theory-of-science.com\/de\/wp-json\/wp\/v2\/pages\/36"}],"wp:attachment":[{"href":"https:\/\/theory-of-science.com\/de\/wp-json\/wp\/v2\/media?parent=176"}],"curies":[{"name":"wp","href":"https:\/\/api.w.org\/{rel}","templated":true}]}}