{"id":180,"date":"2017-05-28T14:48:11","date_gmt":"2017-05-28T12:48:11","guid":{"rendered":"http:\/\/theory-of-science.com\/de\/?page_id=180"},"modified":"2021-02-02T22:31:35","modified_gmt":"2021-02-02T21:31:35","slug":"uebung-02-08","status":"publish","type":"page","link":"https:\/\/theory-of-science.com\/de\/uebungen\/abschnitt-02\/uebung-02-08\/","title":{"rendered":"\u00dc2-8: Approximation und \u00c4hnlichkeit"},"content":{"rendered":"\n<p>Das entlehnte Wort \u00abApproximation\u00bb bedeutet einfach <em>\u00c4hnlichkeit<\/em>.<br>Zwei Entit\u00e4ten sind sich \u00e4hnlich, wenn sie erstens in einer bestimmten Weise fast gleich sind und wenn es zweitens andere Entit\u00e4ten gibt, die auf diese Weise zu einer der beiden Entit\u00e4ten nicht fast gleich sind .<br>Die \u00abbestimmte Weise gleich zu sein\u00bb wird auf viele verschiedene Arten beschrieben.<br>Ein Objekt hat fast die gleich Eigenschaft wie ein anderes Objekt. Zum Beispiel: Objekt <em>A<\/em> hat eine bestimmte Farbschattierung von \u00abRot\u00bb und Objekt <em>B<\/em> hat ebenfalls diese Schattierung. Objekt <em>C<\/em> hat dagegen die Farbe \u00abOrange\u00bb. <em>A<\/em> und <em>B<\/em> sind sich \u00e4hnlich, <em>A<\/em> und <em>C<\/em> dagegen nicht und auch <em>B<\/em> und <em>C<\/em> nicht.<br>Eine Beziehung <em>A<\/em> (oder ein Sachverhalt) ist in einem bestimmten Aspekt fast gleich zu einer Beziehung <em>B<\/em>. Dagegen ist Beziehung <em>A<\/em> nicht fast gleich zur Beziehung <em>C<\/em>. Zum Beispiel: <em>A<\/em> mag <em>B<\/em> aber <em>A<\/em> mag <em>C<\/em> nicht und auch <em>B<\/em> mag <em>C<\/em> nicht.<br>Ein Ereignis <em>A<\/em> dauert eine bestimmte Zeit lang an und ist in einer bestimmten Eigenschaft zum Ereignis <em>B<\/em> \u00e4hnlich. Dagegen ist <em>A<\/em> nicht zu <em>B<\/em> \u00e4hnlich, wenn eine fast gleiche Eigenschaft von <em>A<\/em> nicht auch fast gleichzeitig bei <em>B<\/em> auftritt, oder wenn es gleichzeitig keine Eigenschaft gibt, die sowohl dem Ereignis <em>A<\/em> als auch dem Ereignis <em>B<\/em> zugeschrieben werden kann.<\/p>\n\n\n\n<p><strong>a)<\/strong> Beschreiben Sie ein Ereignis, welches neben der Zeitdimension noch eine weitere Eigenschaft hat. Versuchen Sie das Ereignis zeichnerisch zweidimensional darzustellen. Auf der <em>x<\/em>-Achse sollte die Zeitdimension und auf der <em>y<\/em>-Achse sollten verschiedene Auspr\u00e4gungen einer Eigenschaft abgebildet sein.<\/p>\n\n\n\n<p>Eine \u00c4hnlichkeit l\u00e4sst sich nach Graden oder nach Auspr\u00e4gungen ordnen, wenn klar ist, um welche Art von \u00c4hnlichkeit es sich handelt, d.h. in welcher Weise die Entit\u00e4ten zueinander \u00e4hnlich sind. In der Mathematik werden alle Entit\u00e4ten und die verschiedenen Arten und Auspr\u00e4gungen radikal zu einer einzigen Dimension abstrahiert, die sich auch zahlenm\u00e4\u00dfig fassen l\u00e4sst. Die angesprochenen Entit\u00e4ten bilden eine Menge <em>P<\/em> von Punkten. \u00c4hnlichkeit wird durch den r\u00e4umlichen oder abstrakt gehaltenen Begriff des <em>Abstandes<\/em> ausgedr\u00fcckt. Abgek\u00fcrzt wird geschrieben: \u00abPunkt <em>p<\/em> hat den Abstand&nbsp;\u03b1 zum Punkt <em>p <\/em>&#8218;\u00bb, oder noch k\u00fcrzer: <em>d<\/em> ( <em>p<\/em>, <em>p <\/em>&#8218; ) = \u03b1.&nbsp;\u03b1 ist dabei eine (reelle) Zahl gr\u00f6\u00dfer oder gleich 0.<\/p>\n\n\n\n<p><strong>b)<\/strong> Zeichnen Sie eine zweidimensionale Menge z.B. als Rechteck. Zeichnen Sie einen schwarzen Punkt <em>p<\/em> in diese Menge ein. Bilden Sie einen Kreis innerhalb des Rechtecks, so dass der Punkt auch innerhalb des Kreises liegt. Machen Sie den Durchmesser des Kreises kleiner oder gr\u00f6\u00dfer. Interpretieren Sie diese Beziehungen zwischen Punkten, Kreisen und Mengen.<\/p>\n\n\n\n<p><strong>c)<\/strong> Zeichnen Sie einen zweiten Punkt <em>p <\/em>&#8218; und die Strecke zwischen <em>p<\/em> und <em>p <\/em>&#8218; ein. Interpretieren Sie die L\u00e4nge dieser Strecke sowohl in allgemeiner Weise als auch durch ein konkretes Beispiel.<\/p>\n\n\n\n<p><strong>d)<\/strong> Zeichnen Sie einen weiteren Punkt <em>p <\/em>&#8220; und die zwei dazugeh\u00f6rigen Strecken ein. Interpretieren Sie diese Strecken in allgemeiner Weise.<br><\/p>\n\n\n<ul class=\"nav nav-pills nav-justified\">\n<li><a href=\"https:\/\/theory-of-science.com\/de\/uebungen\/abschnitt-02\/uebung-02-07\/\">&lt;&lt;&lt;<\/a><\/li>\n<li><a href=\"https:\/\/theory-of-science.com\/de\/uebungen\/abschnitt-02\/uebung-02-09\/\">&gt;&gt;&gt;<\/a><\/li>\n<\/ul>\n","protected":false},"excerpt":{"rendered":"<p>Das entlehnte Wort \u00abApproximation\u00bb bedeutet einfach \u00c4hnlichkeit.Zwei Entit\u00e4ten sind sich \u00e4hnlich, wenn sie erstens in einer bestimmten Weise fast gleich sind und wenn es zweitens andere Entit\u00e4ten gibt, die auf diese Weise zu einer der beiden Entit\u00e4ten nicht fast gleich sind .Die \u00abbestimmte Weise gleich zu sein\u00bb wird auf viele verschiedene Arten beschrieben.Ein Objekt hat [&hellip;]<\/p>\n","protected":false},"author":1,"featured_media":0,"parent":36,"menu_order":8,"comment_status":"closed","ping_status":"closed","template":"page-fullwidth.php","meta":{"footnotes":""},"class_list":["post-180","page","type-page","status-publish","hentry"],"_links":{"self":[{"href":"https:\/\/theory-of-science.com\/de\/wp-json\/wp\/v2\/pages\/180","targetHints":{"allow":["GET"]}}],"collection":[{"href":"https:\/\/theory-of-science.com\/de\/wp-json\/wp\/v2\/pages"}],"about":[{"href":"https:\/\/theory-of-science.com\/de\/wp-json\/wp\/v2\/types\/page"}],"author":[{"embeddable":true,"href":"https:\/\/theory-of-science.com\/de\/wp-json\/wp\/v2\/users\/1"}],"replies":[{"embeddable":true,"href":"https:\/\/theory-of-science.com\/de\/wp-json\/wp\/v2\/comments?post=180"}],"version-history":[{"count":15,"href":"https:\/\/theory-of-science.com\/de\/wp-json\/wp\/v2\/pages\/180\/revisions"}],"predecessor-version":[{"id":4332,"href":"https:\/\/theory-of-science.com\/de\/wp-json\/wp\/v2\/pages\/180\/revisions\/4332"}],"up":[{"embeddable":true,"href":"https:\/\/theory-of-science.com\/de\/wp-json\/wp\/v2\/pages\/36"}],"wp:attachment":[{"href":"https:\/\/theory-of-science.com\/de\/wp-json\/wp\/v2\/media?parent=180"}],"curies":[{"name":"wp","href":"https:\/\/api.w.org\/{rel}","templated":true}]}}