{"id":186,"date":"2017-05-28T14:49:07","date_gmt":"2017-05-28T12:49:07","guid":{"rendered":"http:\/\/theory-of-science.com\/de\/?page_id=186"},"modified":"2021-02-02T22:38:41","modified_gmt":"2021-02-02T21:38:41","slug":"uebung-02-11","status":"publish","type":"page","link":"https:\/\/theory-of-science.com\/de\/uebungen\/abschnitt-02\/uebung-02-11\/","title":{"rendered":"\u00dc2-11: Arten von Fakten und Faktensammlungen"},"content":{"rendered":"\n<p>Einige atomare S\u00e4tze aus verschiedenen Theorien:<\/p>\n\n\n\n<ol class=\"wp-block-list\"><li>Der <em>Halley<\/em>sche Komet ist ein Planet unseres Sonnensystems.<\/li><li>Der Abstand zwischen Erde und Mond betr\u00e4gt 385.000 Kilometer.<\/li><li>Diese Ampulle enth\u00e4lt reines Wasser.<\/li><li>Dieser Ballon enth\u00e4lt nur Helium.<\/li><li>Diese Maus <em>XYZ<\/em> ist mit dem Erreger <em>UVW<\/em> infiziert.<\/li><li>Diese Pflanze, die <em>Gregor Mendel<\/em> anbaute, ist eine Erbse (lat. <i>Pisum sativum<\/i>).<\/li><li><em>Sigmund Freud<\/em> spricht mit Fr\u00e4ulein <em>M<\/em>.<\/li><li>In Umfrage <em>XYZ<\/em> steht bei Peter M\u00fcller \u00abich mag Uta\u00bb.<\/li><li><em>Sigmund Freud<\/em> spricht mit <em>Albert Einstein<\/em>.<\/li><li>Im Jahr 1958 ist <em>Konrad Adenauer<\/em> Bundeskanzler.<\/li><li>1988 ist <em>Gert Schr\u00f6der<\/em> Kanzler.<\/li><\/ol>\n\n\n\n<p><strong>a)<\/strong> Welche dieser S\u00e4tze w\u00fcrden Sie als sichere Fakten, welche als teilweise sichere Fakten, welche als vermutete Fakten bezeichnen? Gibt es in diese Liste rein hypothetische S\u00e4tze (\u00ab<em>m\u00f6gliche Fakten<\/em>\u00bb}?<\/p>\n\n\n\n<p><strong>b)<\/strong> In einer Forschergruppe werden 10 Forscher befragt. Alle Antworten werden auf \u00abpositiv\u00bb oder \u00abnegativ\u00bb standardisiert. Bei 8 Forschern werden alle Fragen mit \u00abpositiv\u00bb beantwortet. Bei 2 Forschern wird die H\u00e4lfte der Fragen \u00abnegativ\u00bb beantwortet.<br>W\u00fcrden Sie sagen, dass die Faktensammlung, welche aus dem hier untersuchten intendierten System stammt, als eine sichere Faktensammlung einzustufen ist?<br><\/p>\n\n\n<ul class=\"nav nav-pills nav-justified\">\n<li><a href=\"https:\/\/theory-of-science.com\/de\/uebungen\/abschnitt-02\/uebung-02-10\/\">&lt;&lt;&lt;<\/a><\/li>\n<li><a href=\"https:\/\/theory-of-science.com\/de\/uebungen\/abschnitt-02\/uebung-02-12\/\">&gt;&gt;&gt;<\/a><\/li>\n<\/ul>\n","protected":false},"excerpt":{"rendered":"<p>Einige atomare S\u00e4tze aus verschiedenen Theorien: Der Halleysche Komet ist ein Planet unseres Sonnensystems. Der Abstand zwischen Erde und Mond betr\u00e4gt 385.000 Kilometer. Diese Ampulle enth\u00e4lt reines Wasser. Dieser Ballon enth\u00e4lt nur Helium. Diese Maus XYZ ist mit dem Erreger UVW infiziert. Diese Pflanze, die Gregor Mendel anbaute, ist eine Erbse (lat. Pisum sativum). Sigmund [&hellip;]<\/p>\n","protected":false},"author":1,"featured_media":0,"parent":36,"menu_order":11,"comment_status":"closed","ping_status":"closed","template":"page-fullwidth.php","meta":{"footnotes":""},"class_list":["post-186","page","type-page","status-publish","hentry"],"_links":{"self":[{"href":"https:\/\/theory-of-science.com\/de\/wp-json\/wp\/v2\/pages\/186","targetHints":{"allow":["GET"]}}],"collection":[{"href":"https:\/\/theory-of-science.com\/de\/wp-json\/wp\/v2\/pages"}],"about":[{"href":"https:\/\/theory-of-science.com\/de\/wp-json\/wp\/v2\/types\/page"}],"author":[{"embeddable":true,"href":"https:\/\/theory-of-science.com\/de\/wp-json\/wp\/v2\/users\/1"}],"replies":[{"embeddable":true,"href":"https:\/\/theory-of-science.com\/de\/wp-json\/wp\/v2\/comments?post=186"}],"version-history":[{"count":12,"href":"https:\/\/theory-of-science.com\/de\/wp-json\/wp\/v2\/pages\/186\/revisions"}],"predecessor-version":[{"id":4338,"href":"https:\/\/theory-of-science.com\/de\/wp-json\/wp\/v2\/pages\/186\/revisions\/4338"}],"up":[{"embeddable":true,"href":"https:\/\/theory-of-science.com\/de\/wp-json\/wp\/v2\/pages\/36"}],"wp:attachment":[{"href":"https:\/\/theory-of-science.com\/de\/wp-json\/wp\/v2\/media?parent=186"}],"curies":[{"name":"wp","href":"https:\/\/api.w.org\/{rel}","templated":true}]}}