{"id":2,"date":"2016-07-14T18:39:12","date_gmt":"2016-07-14T18:39:12","guid":{"rendered":"http:\/\/theory-of-science.com\/de\/?page_id=2"},"modified":"2023-02-09T19:46:39","modified_gmt":"2023-02-09T18:46:39","slug":"sample-page","status":"publish","type":"page","link":"https:\/\/theory-of-science.com\/de\/","title":{"rendered":"Wissenschaftstheorie"},"content":{"rendered":"\n<p>Hier entsteht eine Internetpr\u00e4senz zum Thema \u00abWissenschaftstheorie\u00bb.<br>Es werden schrittweise Inhalte zu den folgenden Bereichen hinzugef\u00fcgt:<\/p>\n\n\n\n<figure class=\"wp-block-table is-style-stripes\"><table  class=\" table table-hover\" ><tbody><tr><td><a href=\"https:\/\/theory-of-science.com\/de\/buch\/\">Buch<\/a><\/td><td>Informationen zum Buch \u00abTheorie der Wissenschaften\u00bb<br>(2019 bei Springer VS erschienen).<\/td><\/tr><tr><td><a href=\"https:\/\/theory-of-science.com\/de\/uebungen\/\">\u00dcbungen<\/a><\/td><td>\u00dcbungen zum obigen Buch.<\/td><\/tr><tr><td><a href=\"https:\/\/theory-of-science.com\/de\/rekonstruktionen\/\">Rekonstruktionen<\/a><\/td><td>Mengentheoretische Rekonstruktionen von Theorien<br>(werden mit der Zeit weiter erg\u00e4nzt).<\/td><\/tr><tr><td><a href=\"https:\/\/theory-of-science.com\/de\/methoden\/\" data-type=\"page\" data-id=\"4638\" target=\"_blank\" rel=\"noreferrer noopener\">Methoden<\/a><\/td><td>Wissenschaftliche Methoden<br>(werden mit der Zeit weiter erg\u00e4nzt).<\/td><\/tr><tr><td><a href=\"https:\/\/theory-of-science.com\/de\/literatur\/\">Literatur<\/a><\/td><td>Literaturliste zum Thema \u00abWissenschaftstheorie\u00bb<br>(befindet sich noch im Aufbau).<\/td><\/tr><tr><td><a href=\"http:\/\/theory-of-science.com\/de\/blog\/\">Blog<\/a><\/td><td>Blogeintr\u00e4ge zu wissenschaftstheoretischen Seminaren<br>an der Ludwig-Maximilians-Universit\u00e4t M\u00fcnchen.<\/td><\/tr><\/tbody><\/table><\/figure>\n\n\n\n<p>An English version of this website will be available later.<\/p>\n","protected":false},"excerpt":{"rendered":"<p>Hier entsteht eine Internetpr\u00e4senz zum Thema \u00abWissenschaftstheorie\u00bb.Es werden schrittweise Inhalte zu den folgenden Bereichen hinzugef\u00fcgt: Buch Informationen zum Buch \u00abTheorie der Wissenschaften\u00bb(2019 bei Springer VS erschienen). \u00dcbungen \u00dcbungen zum obigen Buch. Rekonstruktionen Mengentheoretische Rekonstruktionen von Theorien(werden mit der Zeit weiter erg\u00e4nzt). Methoden Wissenschaftliche Methoden(werden mit der Zeit weiter erg\u00e4nzt). Literatur Literaturliste zum Thema \u00abWissenschaftstheorie\u00bb(befindet sich [&hellip;]<\/p>\n","protected":false},"author":1,"featured_media":0,"parent":0,"menu_order":0,"comment_status":"closed","ping_status":"closed","template":"","meta":{"footnotes":""},"class_list":["post-2","page","type-page","status-publish","hentry"],"_links":{"self":[{"href":"https:\/\/theory-of-science.com\/de\/wp-json\/wp\/v2\/pages\/2","targetHints":{"allow":["GET"]}}],"collection":[{"href":"https:\/\/theory-of-science.com\/de\/wp-json\/wp\/v2\/pages"}],"about":[{"href":"https:\/\/theory-of-science.com\/de\/wp-json\/wp\/v2\/types\/page"}],"author":[{"embeddable":true,"href":"https:\/\/theory-of-science.com\/de\/wp-json\/wp\/v2\/users\/1"}],"replies":[{"embeddable":true,"href":"https:\/\/theory-of-science.com\/de\/wp-json\/wp\/v2\/comments?post=2"}],"version-history":[{"count":59,"href":"https:\/\/theory-of-science.com\/de\/wp-json\/wp\/v2\/pages\/2\/revisions"}],"predecessor-version":[{"id":4825,"href":"https:\/\/theory-of-science.com\/de\/wp-json\/wp\/v2\/pages\/2\/revisions\/4825"}],"wp:attachment":[{"href":"https:\/\/theory-of-science.com\/de\/wp-json\/wp\/v2\/media?parent=2"}],"curies":[{"name":"wp","href":"https:\/\/api.w.org\/{rel}","templated":true}]}}