{"id":257,"date":"2017-05-28T16:28:13","date_gmt":"2017-05-28T14:28:13","guid":{"rendered":"http:\/\/theory-of-science.com\/de\/?page_id=257"},"modified":"2021-02-03T14:42:35","modified_gmt":"2021-02-03T13:42:35","slug":"uebung-03-03","status":"publish","type":"page","link":"https:\/\/theory-of-science.com\/de\/uebungen\/abschnitt-03\/uebung-03-03\/","title":{"rendered":"\u00dc3-3 Auf- und Zuklappen einer Menge oder Liste"},"content":{"rendered":"\n<p>Dieser Prozess des Aufklappens wird auf zwei Arten ausgef\u00fchrt. Im ersten Fall wird dasjenige <em>x<\/em>, das aufgeklappt werden soll, nach dem Aufklappen die Form einer Liste&nbsp;\u2329 <em>x<\/em><sub>1<\/sub>, &#8230;, <em>x<sub>n<\/sub><\/em> \u232a haben. In diesem Fall erfolgt das Aufklappen, in dem <em>x<\/em> durch die Liste&nbsp;\u2329 <em>x<\/em><sub>1<\/sub>, &#8230;, <em>x<sub>n<\/sub><\/em> \u232a ersetzt wird oder in dem <em>x<\/em> mit&nbsp;\u2329 <em>x<\/em><sub>1<\/sub>, &#8230;, <em>x<sub>n<\/sub><\/em> \u232a identisch gesetzt wird: <em>x = <\/em>\u2329<em> x<sub>1<\/sub><\/em>, &#8230;, <em>x<sub>n <\/sub><\/em>\u232a. Das hei\u00dft, auch <em>x<\/em> hat implizit schon die Form einer Liste. Am Anfang wird das Symbol <em>x<\/em> aber nicht weiter analysiert.<br>Im zweiten Fall hat dasjenige <em>x<\/em>, welches aufgeklappt werden soll, die Form einer Menge <em>y<\/em>. Die aufgeklappte Menge <em>y<\/em> kann wie folgt {<em> y<sub>1<\/sub><\/em>, &#8230;, <em>y<sub>m<\/sub><\/em> } geschrieben werden, wenn <em>x<\/em> eine endliche Menge ist. Wenn die Menge unendlich ist oder die Gr\u00f6\u00dfe der Menge nicht genau bekannt ist, wird <em>y<\/em> so geschrieben: <em>y = <\/em>{<em> y<sub>1<\/sub><\/em>,<em> y<sub>2<\/sub><\/em>,<em> y<sub>3<\/sub><\/em>, &#8230; }.<br>Es gibt noch eine dritte M\u00f6glichkeit.<br>Eine Eigenschaft <em>E <\/em>(<em> z <\/em>) wird verwendet, die genau auf alle Elemente aus <em>y<\/em> zutrifft: <em>y = <\/em>{<em> z <\/em>\/<em> E <\/em>(<em> z <\/em>) }.<\/p>\n\n\n\n<p><strong>a)<\/strong> Sei <em>T<\/em> eine Theorie. Klappen Sie diese Theorie auf und schreiben das Resultat nieder. Klappen Sie eine Faktensammlung auf und schreiben auch dieses Resultat nieder.<\/p>\n\n\n\n<p><strong>b)<\/strong> Klappen Sie die Menge&nbsp;<img loading=\"lazy\" decoding=\"async\" src=\"https:\/\/theory-of-science.com\/de\/wp-content\/ql-cache\/quicklatex.com-4be6aa5c861ec4e62a3dfaebc88c1784_l3.png\" class=\"ql-img-inline-formula quicklatex-auto-format\" alt=\"&#92;&#109;&#97;&#116;&#104;&#98;&#98;&#123;&#78;&#125;\" title=\"Rendered by QuickLaTeX.com\" height=\"10\" width=\"11\" style=\"vertical-align: 0px;\"\/> auf und beschreiben Sie das Resultat als die Menge der nat\u00fcrlichen Zahlen.<\/p>\n\n\n\n<p><strong>c)<\/strong> Klappen Sie die Relation <em>R <\/em>auf, welche besagt, dass Personen aus einer Gruppe andere Personen aus der Gruppe m\u00f6gen. Verwenden Sie in einer ersten Variante eine Gruppe von 5 Personen, in einer zweiten Variante eine gr\u00f6\u00dfere Gruppe, deren Anzahl aber unbekannt ist.<\/p>\n\n\n\n<p>Der Prozess des Zuklappens geschieht in entgegengesetzter Richtung.<\/p>\n\n\n\n<p><strong>d)<\/strong> Klappen Sie die Liste&nbsp;\u2329 <em>x<\/em><sub>1<\/sub>, &#8230;, <em>x<\/em><sub>20<\/sub> \u232a wieder zu. Notieren Sie das Resultat.<\/p>\n\n\n\n<p><strong>e)<\/strong> Klappen Sie die Menge { 1, 2, 4, 7, 11, &#8230; } wieder zu und beschreiben Sie das Resultat. Verfahren Sie genauso mit der Menge { <em>z<\/em> \/ <em>z<\/em>&nbsp;\u2208&nbsp;<img loading=\"lazy\" decoding=\"async\" src=\"https:\/\/theory-of-science.com\/de\/wp-content\/ql-cache\/quicklatex.com-4be6aa5c861ec4e62a3dfaebc88c1784_l3.png\" class=\"ql-img-inline-formula quicklatex-auto-format\" alt=\"&#92;&#109;&#97;&#116;&#104;&#98;&#98;&#123;&#78;&#125;\" title=\"Rendered by QuickLaTeX.com\" height=\"10\" width=\"11\" style=\"vertical-align: 0px;\"\/>&nbsp;\u2227 ( <em>z<\/em> &#8211; <em>z<\/em>\/3 = 0 ) }.<br><\/p>\n\n\n<ul class=\"nav nav-pills nav-justified\">\n<li><a href=\"https:\/\/theory-of-science.com\/de\/uebungen\/abschnitt-03\/uebung-03-02\/\">&lt;&lt;&lt;<\/a><\/li>\n<li><a href=\"https:\/\/theory-of-science.com\/de\/uebungen\/abschnitt-04\/uebung-04-01\/\">&gt;&gt;&gt;<\/a><\/li>\n<\/ul>\n","protected":false},"excerpt":{"rendered":"<p>Dieser Prozess des Aufklappens wird auf zwei Arten ausgef\u00fchrt. Im ersten Fall wird dasjenige x, das aufgeklappt werden soll, nach dem Aufklappen die Form einer Liste&nbsp;\u2329 x1, &#8230;, xn \u232a haben. In diesem Fall erfolgt das Aufklappen, in dem x durch die Liste&nbsp;\u2329 x1, &#8230;, xn \u232a ersetzt wird oder in dem x mit&nbsp;\u2329 x1, [&hellip;]<\/p>\n","protected":false},"author":1,"featured_media":0,"parent":40,"menu_order":3,"comment_status":"closed","ping_status":"closed","template":"page-fullwidth.php","meta":{"footnotes":""},"class_list":["post-257","page","type-page","status-publish","hentry"],"_links":{"self":[{"href":"https:\/\/theory-of-science.com\/de\/wp-json\/wp\/v2\/pages\/257","targetHints":{"allow":["GET"]}}],"collection":[{"href":"https:\/\/theory-of-science.com\/de\/wp-json\/wp\/v2\/pages"}],"about":[{"href":"https:\/\/theory-of-science.com\/de\/wp-json\/wp\/v2\/types\/page"}],"author":[{"embeddable":true,"href":"https:\/\/theory-of-science.com\/de\/wp-json\/wp\/v2\/users\/1"}],"replies":[{"embeddable":true,"href":"https:\/\/theory-of-science.com\/de\/wp-json\/wp\/v2\/comments?post=257"}],"version-history":[{"count":23,"href":"https:\/\/theory-of-science.com\/de\/wp-json\/wp\/v2\/pages\/257\/revisions"}],"predecessor-version":[{"id":4341,"href":"https:\/\/theory-of-science.com\/de\/wp-json\/wp\/v2\/pages\/257\/revisions\/4341"}],"up":[{"embeddable":true,"href":"https:\/\/theory-of-science.com\/de\/wp-json\/wp\/v2\/pages\/40"}],"wp:attachment":[{"href":"https:\/\/theory-of-science.com\/de\/wp-json\/wp\/v2\/media?parent=257"}],"curies":[{"name":"wp","href":"https:\/\/api.w.org\/{rel}","templated":true}]}}