{"id":270,"date":"2017-05-28T16:35:56","date_gmt":"2017-05-28T14:35:56","guid":{"rendered":"http:\/\/theory-of-science.com\/de\/?page_id=270"},"modified":"2021-02-03T14:43:21","modified_gmt":"2021-02-03T13:43:21","slug":"uebung-05-01","status":"publish","type":"page","link":"https:\/\/theory-of-science.com\/de\/uebungen\/abschnitt-05\/uebung-05-01\/","title":{"rendered":"\u00dc5-1: Drei Beispiele von Begriffen"},"content":{"rendered":"\n<p><strong>a)<\/strong> Beschreiben Sie den Begriff des Wasserstoffatoms in der in diesem Abschnitt des Buches er\u00f6rterten Form. Formulieren Sie drei Bestandteile, die im Begriff des Wasserstoffatoms zu finden sind. Beschreiben Sie das Standardmodell f\u00fcr ein Atom, sowohl in normaler Sprache als auch mengentheoretisch.<\/p>\n\n\n\n<p><strong>b)<\/strong> Beschreiben Sie den Begriff \u00abelastisch sein\u00bb \u2014 eingeschr\u00e4nkt auf k\u00fcnstlich produzierte, aus Metall oder \u00e4hnlichem Material bestehende Federn. Formulieren Sie die Eigenschaft <em>elastisch <\/em>mengentheoretisch, indem Sie zwei Pr\u00e4dikate einf\u00fchren: eines f\u00fcr die Menge der Federn und eines f\u00fcr <em>elastisch<\/em>. Mengentheoretisch k\u00f6nnen Sie die Eigenschaft <em>elastisch zu sein<\/em>, als eine Teilmenge der Menge der Federn darstellen. Formulieren Sie zwei deutsche Ausdr\u00fccke, mit denen diese Eigenschaft beschrieben werden kann.<\/p>\n\n\n\n<p><strong>c)<\/strong> Beschreiben Sie den Begriff des Tausches. Dabei sollten Sie das Pr\u00e4dikat <em>Tausch<\/em> verwenden, dessen Argumente \u00fcber folgende Entit\u00e4ten laufen: 1) Personen, 2) Warenarten, 3) Quantit\u00e4ten von Waren und 4) Zeitpunkte.<\/p>\n\n\n\n<p><strong>d)<\/strong> Formulieren Sie 5 verschiedene T\u00e4usche in normaler Sprache, formulieren Sie zwei dieser T\u00e4usche in mengentheoretischer Weise. F\u00fchren Sie dazu Mengen von Personen, Warenarten, reellen Zahlen und Zeitpunkten ein.<br><\/p>\n\n\n<ul class=\"nav nav-pills nav-justified\">\n<li><a href=\"https:\/\/theory-of-science.com\/de\/uebungen\/abschnitt-04\/uebung-04-02\/\">&lt;&lt;&lt;<\/a><\/li>\n<li><a href=\"https:\/\/theory-of-science.com\/de\/uebungen\/abschnitt-05\/uebung-05-02\/\">&gt;&gt;&gt;<\/a><\/li>\n<\/ul>\n","protected":false},"excerpt":{"rendered":"<p>a) Beschreiben Sie den Begriff des Wasserstoffatoms in der in diesem Abschnitt des Buches er\u00f6rterten Form. Formulieren Sie drei Bestandteile, die im Begriff des Wasserstoffatoms zu finden sind. Beschreiben Sie das Standardmodell f\u00fcr ein Atom, sowohl in normaler Sprache als auch mengentheoretisch. b) Beschreiben Sie den Begriff \u00abelastisch sein\u00bb \u2014 eingeschr\u00e4nkt auf k\u00fcnstlich produzierte, aus [&hellip;]<\/p>\n","protected":false},"author":1,"featured_media":0,"parent":46,"menu_order":1,"comment_status":"closed","ping_status":"closed","template":"page-fullwidth.php","meta":{"footnotes":""},"class_list":["post-270","page","type-page","status-publish","hentry"],"_links":{"self":[{"href":"https:\/\/theory-of-science.com\/de\/wp-json\/wp\/v2\/pages\/270","targetHints":{"allow":["GET"]}}],"collection":[{"href":"https:\/\/theory-of-science.com\/de\/wp-json\/wp\/v2\/pages"}],"about":[{"href":"https:\/\/theory-of-science.com\/de\/wp-json\/wp\/v2\/types\/page"}],"author":[{"embeddable":true,"href":"https:\/\/theory-of-science.com\/de\/wp-json\/wp\/v2\/users\/1"}],"replies":[{"embeddable":true,"href":"https:\/\/theory-of-science.com\/de\/wp-json\/wp\/v2\/comments?post=270"}],"version-history":[{"count":9,"href":"https:\/\/theory-of-science.com\/de\/wp-json\/wp\/v2\/pages\/270\/revisions"}],"predecessor-version":[{"id":4342,"href":"https:\/\/theory-of-science.com\/de\/wp-json\/wp\/v2\/pages\/270\/revisions\/4342"}],"up":[{"embeddable":true,"href":"https:\/\/theory-of-science.com\/de\/wp-json\/wp\/v2\/pages\/46"}],"wp:attachment":[{"href":"https:\/\/theory-of-science.com\/de\/wp-json\/wp\/v2\/media?parent=270"}],"curies":[{"name":"wp","href":"https:\/\/api.w.org\/{rel}","templated":true}]}}