{"id":273,"date":"2017-05-28T16:36:34","date_gmt":"2017-05-28T14:36:34","guid":{"rendered":"http:\/\/theory-of-science.com\/de\/?page_id=273"},"modified":"2021-02-03T14:44:02","modified_gmt":"2021-02-03T13:44:02","slug":"uebung-05-02","status":"publish","type":"page","link":"https:\/\/theory-of-science.com\/de\/uebungen\/abschnitt-05\/uebung-05-02\/","title":{"rendered":"\u00dc5-2: \u00c4quivalenzklassen"},"content":{"rendered":"\n<p>Eine 2-stellige Relation <em>\u223c<\/em>, deren beide Stellen sich auf eine nicht-leere Menge <em>X<\/em> beziehen, hei\u00dft <em>\u00c4quivalenzrelation auf X<\/em> gdw folgende Bedingungen erf\u00fcllt sind:<br>1) f\u00fcr alle <em>a<\/em>&nbsp;\u2208 X gilt <em>a<\/em>&nbsp;\u223c <em>a<\/em><br>2) f\u00fcr alle <em>a<\/em>, <em>b<\/em>&nbsp;\u2208 <em>X<\/em> gilt: wenn <em>a<\/em>&nbsp;\u223c <em>b<\/em>, dann <em>b<\/em>&nbsp;\u223c <em>a<\/em><br>3) f\u00fcr alle <em>a<\/em>, <em>b<\/em>, <em>c<\/em>&nbsp;\u2208 <em>X<\/em>: wenn <em>a<\/em>&nbsp;\u223c <em>b<\/em> und <em>b<\/em>&nbsp;\u223c <em>c<\/em>, dann <em>a<\/em>&nbsp;\u223c <em>c<\/em>.<br>Ist&nbsp;\u223c eine \u00c4quivalenzrelation auf <em>X<\/em> und <em>a<\/em>&nbsp;\u2208 <em>X<\/em>, so hei\u00dft die Menge aller <em>b<\/em>, f\u00fcr die <em>b<\/em>&nbsp;\u223c <em>a<\/em> gilt (also: { <em>b<\/em> \/ <em>b<\/em>&nbsp;\u223c <em>a<\/em> }) <em>die \u00c4quivalenzklasse von a unter<\/em> \u223c und wird z.B. mit&nbsp;\u00e3 bezeichnet.<\/p>\n\n\n\n<p><strong>a)<\/strong> Zeichnen Sie eine Sinuskurve und legen Sie drei horizontale Linien durch den Graphen dieser Funktion. Zeichnen Sie die Punkte ein, in denen die Sinuskurve die jeweiligen Linien schneiden.<\/p>\n\n\n\n<p><strong>b)<\/strong> Formulieren Sie eine \u00c4quivalenzrelation \u223c. Zwei Punkte sollen \u00e4quivalent sein, wenn sie auf der gleichen Linie liegen und die Sinuskurve schneiden. Bilden Sie drei \u00c4quivalenzklassen.<\/p>\n\n\n\n<p><strong>c)<\/strong> Beweise Sie sowohl anschaulich als auch formal, dass die drei \u00c4quivalenzklassen disjunkt sind. Wie viele Punkte liegen in einer dieser \u00c4quivalenzklassen?<br><\/p>\n\n\n<ul class=\"nav nav-pills nav-justified\">\n<li><a href=\"https:\/\/theory-of-science.com\/de\/uebungen\/abschnitt-05\/uebung-05-01\/\">&lt;&lt;&lt;<\/a><\/li>\n<li><a href=\"https:\/\/theory-of-science.com\/de\/uebungen\/abschnitt-06\/uebung-06-01\/\">&gt;&gt;&gt;<\/a><\/li>\n<\/ul>\n","protected":false},"excerpt":{"rendered":"<p>Eine 2-stellige Relation \u223c, deren beide Stellen sich auf eine nicht-leere Menge X beziehen, hei\u00dft \u00c4quivalenzrelation auf X gdw folgende Bedingungen erf\u00fcllt sind:1) f\u00fcr alle a&nbsp;\u2208 X gilt a&nbsp;\u223c a2) f\u00fcr alle a, b&nbsp;\u2208 X gilt: wenn a&nbsp;\u223c b, dann b&nbsp;\u223c a3) f\u00fcr alle a, b, c&nbsp;\u2208 X: wenn a&nbsp;\u223c b und b&nbsp;\u223c c, dann [&hellip;]<\/p>\n","protected":false},"author":1,"featured_media":0,"parent":46,"menu_order":2,"comment_status":"closed","ping_status":"closed","template":"page-fullwidth.php","meta":{"footnotes":""},"class_list":["post-273","page","type-page","status-publish","hentry"],"_links":{"self":[{"href":"https:\/\/theory-of-science.com\/de\/wp-json\/wp\/v2\/pages\/273","targetHints":{"allow":["GET"]}}],"collection":[{"href":"https:\/\/theory-of-science.com\/de\/wp-json\/wp\/v2\/pages"}],"about":[{"href":"https:\/\/theory-of-science.com\/de\/wp-json\/wp\/v2\/types\/page"}],"author":[{"embeddable":true,"href":"https:\/\/theory-of-science.com\/de\/wp-json\/wp\/v2\/users\/1"}],"replies":[{"embeddable":true,"href":"https:\/\/theory-of-science.com\/de\/wp-json\/wp\/v2\/comments?post=273"}],"version-history":[{"count":11,"href":"https:\/\/theory-of-science.com\/de\/wp-json\/wp\/v2\/pages\/273\/revisions"}],"predecessor-version":[{"id":4343,"href":"https:\/\/theory-of-science.com\/de\/wp-json\/wp\/v2\/pages\/273\/revisions\/4343"}],"up":[{"embeddable":true,"href":"https:\/\/theory-of-science.com\/de\/wp-json\/wp\/v2\/pages\/46"}],"wp:attachment":[{"href":"https:\/\/theory-of-science.com\/de\/wp-json\/wp\/v2\/media?parent=273"}],"curies":[{"name":"wp","href":"https:\/\/api.w.org\/{rel}","templated":true}]}}