{"id":285,"date":"2017-05-28T16:40:10","date_gmt":"2017-05-28T14:40:10","guid":{"rendered":"http:\/\/theory-of-science.com\/de\/?page_id=285"},"modified":"2021-02-03T14:46:16","modified_gmt":"2021-02-03T13:46:16","slug":"uebung-06-05","status":"publish","type":"page","link":"https:\/\/theory-of-science.com\/de\/uebungen\/abschnitt-06\/uebung-06-05\/","title":{"rendered":"\u00dc6-5: Funktion versus Relation"},"content":{"rendered":"\n<p>Eine 2-stellige Relation <em>R<\/em> besteht aus vielen konkreten Sachverhalten. Im einfachsten Fall wird ein konkreter Sachverhalt mengentheoretisch durch ein Paar&nbsp;\u2329 <em>a<\/em>, <em>b<\/em>&nbsp;\u232a von Entit\u00e4ten <em>a<\/em> und <em>b<\/em> beschrieben.<br>Oft stellt sich die Frage, ob es neben der Entit\u00e4t <em>b<\/em> noch andere Entit\u00e4ten gibt, die ebenfalls mit <em>a<\/em> in einem \u00e4hnlichen Sachverhalt stehen wie <em>b<\/em> zu <em>a<\/em>.<br>Wenn dies so ist, erf\u00fcllt die Relation <em>R<\/em> nicht die in&nbsp;<a href=\"https:\/\/theory-of-science.com\/de\/uebungen\/abschnitt-06\/uebung-06-03\/\">\u00dc6-3<\/a> verwendete Funktionseigenschaft (F1), welche besagt, dass es zu <em>jedem<\/em> Objekt <em>x<\/em> genau ein Objekt <em>y<\/em> gibt, welches mit <em>x<\/em> in der Beziehung <em>R<\/em> steht. Anders gesagt ist <em>R<\/em> zwar eine Relation aber keine Funktion.<br>Beispiel:<br>In einer Gruppe wird die Beziehung des M\u00f6gens&nbsp;\u2014 relativ zu Objekten, die keine Personen sind&nbsp;\u2014 untersucht. Jede Person aus der Gruppe hat mehrere Objekte, die sie mag. Wenn die Gruppe durch eine religi\u00f6se Beziehung zusammengehalten wird, kann es sein, dass eine Person ein Objekt einer bestimmten Art am wenigsten mag (z.B. Alkohol trinken).<\/p>\n\n\n\n<p><strong>a)<\/strong> Stellen Sie die konkreten Sachverhalten zwischen Person und Objekt mengentheoretisch zweidimensional graphisch dar. Verwenden Sie dabei zwei Mengen: die Menge der Personen und die Menge der Objekte. Stellen Sie diese Mengen durch Strecken dar, die orthogonal liegen, d.h. zeichnen<br>Sie ein Rechteck. Ein Punkt in diesem Rechteck stellt ein Paar dar. Grenzen Sie eine Menge von Punkten von den restlichen Punkten ab. Interpretieren Sie diese \u00abausgesonderte\u00bb Menge. Bilden Sie f\u00fcr einen Punkt die zugeh\u00f6rigen Koordinaten und interpretieren Sie diese.<\/p>\n\n\n\n<p><strong>b)<\/strong> Versuchen Sie die Beziehung zwischen der Person und dem von dieser Person am wenigsten gemochten Objekt so darzustellen, dass eine weitere Untermenge von Punkten herausgehoben wird, welche die Funktionseigenschaft (F1) erf\u00fcllt.<br><\/p>\n\n\n<ul class=\"nav nav-pills nav-justified\">\n<li><a href=\"https:\/\/theory-of-science.com\/de\/uebungen\/abschnitt-06\/uebung-06-04\/\">&lt;&lt;&lt;<\/a><\/li>\n<li><a href=\"https:\/\/theory-of-science.com\/de\/uebungen\/abschnitt-06\/uebung-06-06\/\">&gt;&gt;&gt;<\/a><\/li>\n<\/ul>\n","protected":false},"excerpt":{"rendered":"<p>Eine 2-stellige Relation R besteht aus vielen konkreten Sachverhalten. Im einfachsten Fall wird ein konkreter Sachverhalt mengentheoretisch durch ein Paar&nbsp;\u2329 a, b&nbsp;\u232a von Entit\u00e4ten a und b beschrieben.Oft stellt sich die Frage, ob es neben der Entit\u00e4t b noch andere Entit\u00e4ten gibt, die ebenfalls mit a in einem \u00e4hnlichen Sachverhalt stehen wie b zu a.Wenn [&hellip;]<\/p>\n","protected":false},"author":1,"featured_media":0,"parent":49,"menu_order":5,"comment_status":"closed","ping_status":"closed","template":"page-fullwidth.php","meta":{"footnotes":""},"class_list":["post-285","page","type-page","status-publish","hentry"],"_links":{"self":[{"href":"https:\/\/theory-of-science.com\/de\/wp-json\/wp\/v2\/pages\/285","targetHints":{"allow":["GET"]}}],"collection":[{"href":"https:\/\/theory-of-science.com\/de\/wp-json\/wp\/v2\/pages"}],"about":[{"href":"https:\/\/theory-of-science.com\/de\/wp-json\/wp\/v2\/types\/page"}],"author":[{"embeddable":true,"href":"https:\/\/theory-of-science.com\/de\/wp-json\/wp\/v2\/users\/1"}],"replies":[{"embeddable":true,"href":"https:\/\/theory-of-science.com\/de\/wp-json\/wp\/v2\/comments?post=285"}],"version-history":[{"count":9,"href":"https:\/\/theory-of-science.com\/de\/wp-json\/wp\/v2\/pages\/285\/revisions"}],"predecessor-version":[{"id":4346,"href":"https:\/\/theory-of-science.com\/de\/wp-json\/wp\/v2\/pages\/285\/revisions\/4346"}],"up":[{"embeddable":true,"href":"https:\/\/theory-of-science.com\/de\/wp-json\/wp\/v2\/pages\/49"}],"wp:attachment":[{"href":"https:\/\/theory-of-science.com\/de\/wp-json\/wp\/v2\/media?parent=285"}],"curies":[{"name":"wp","href":"https:\/\/api.w.org\/{rel}","templated":true}]}}