{"id":287,"date":"2017-05-28T16:40:33","date_gmt":"2017-05-28T14:40:33","guid":{"rendered":"http:\/\/theory-of-science.com\/de\/?page_id=287"},"modified":"2021-02-06T11:09:50","modified_gmt":"2021-02-06T10:09:50","slug":"uebung-06-06","status":"publish","type":"page","link":"https:\/\/theory-of-science.com\/de\/uebungen\/abschnitt-06\/uebung-06-06\/","title":{"rendered":"\u00dc6-6: Abstand zu verschiedenen Zeiten"},"content":{"rendered":"\n<p>Wir beobachten f\u00fcnf Objekte, die nicht immer zu jedem Zeitpunkt zu sehen sind. In den Zeitpunkten, in denen zwei Objekte wahrgenommen werden, wird der Abstand beider Objekte bestimmt. Dies wird bei vielen Objektpaaren gemacht.<\/p>\n\n\n\n<p>Wir haben als Resultat eine Liste von Abst\u00e4nden der Art<\/p>\n\n\n\n<p><\/p><p style=\"padding-left:30px;\"><em>d<\/em> ( <em>a<\/em><sub>1<\/sub>, <em>a<\/em><sub>2<\/sub> ) = 1, <em>d<\/em> ( <em>a<\/em><sub>1<\/sub>, <em>a<\/em><sub>3<\/sub> ) = 2, <em>d<\/em> ( <em>a<\/em><sub>1<\/sub>, <em>a<\/em><sub>4<\/sub> ) = 3, <em>d<\/em> ( <em>a<\/em><sub>1<\/sub>, <em>a<\/em><sub>5<\/sub> ) = 2,<br><em>d<\/em> ( <em>a<\/em><sub>1<\/sub>, <em>a<\/em><sub>6<\/sub> ) = 3, <em>d<\/em> ( <em>a<\/em><sub>1<\/sub>, <em>a<\/em><sub>7<\/sub> ) = 3, <em>d<\/em> ( <em>a<\/em><sub>1<\/sub>, <em>a<\/em><sub>8<\/sub> ) = 3, <em>d<\/em> ( <em>a<\/em><sub>1<\/sub>, <em>a<\/em><sub>9<\/sub> ) = 2,<br><em>d<\/em> ( <em>a<\/em><sub>1<\/sub>, <em>a<\/em><sub>10<\/sub> ) = 3, <em>d<\/em> ( <em>a<\/em><sub>1<\/sub>, <em>a<\/em><sub>11<\/sub> ) = 1, <em>d<\/em> ( <em>a<\/em><sub>1<\/sub>, <em>a<\/em><sub>12<\/sub> ) = 2.<\/p><p><\/p>\n\n\n\n<p>Wir sehen, dass die Objekte <em>a<\/em><sub>2<\/sub>, &#8230;, <em>a<\/em><sub>12<\/sub> irgendwie um das Objekt <em>a<\/em><sub>1<\/sub> kreisen.<\/p>\n\n\n\n<p><strong>a)<\/strong> Bilden Sie aus der Menge der Objekte drei \u00c4quivalenzklassen so, dass zwei Objekte <em>a<sub>i<\/sub><\/em>, <em>a<sub>j<\/sub><\/em>, mit demselben Abstand in derselben \u00c4quivalenzklasse liegen.<\/p>\n\n\n\n<p><strong>b)<\/strong> Stellen Sie die Gr\u00f6\u00dfe der \u00c4quivalenzklassen fest.<\/p>\n\n\n\n<p><strong>c)<\/strong> Nehmen Sie die gr\u00f6\u00dfte \u00c4quivalenzklasse. Die Anzahl der Objekt in dieser \u00c4quivalenzklasse nennen Sie <em>n<\/em>. Bilden Sie eine neue Menge <em>T<\/em> von <em>Zeitpunkten<\/em>, die gerade <em>n<\/em> Elemente <em>t<\/em><sub>1<\/sub>, &#8230;, <em>t<sub>n<\/sub><\/em> enth\u00e4lt.<\/p>\n\n\n\n<p><strong>d)<\/strong> Zeichnen Sie einen 2-dimensionalen Raum mit <em>x<\/em> und <em>y<\/em>-Achse und tragen Sie die <em>n<\/em> Zeitpunkte auf der <em>x<\/em>-Achse ein. Zeichnen Sie die Abst\u00e4nde der Objekte aus der gr\u00f6\u00dften \u00c4quivalenzklasse auf der <em>y<\/em>-Achse ein.<\/p>\n\n\n\n<p><strong>e)<\/strong> Interpretieren Sie Ihre Abbildung als eine Funktion, die zu den verschiedenen Zeitpunkten denselben Ort hat.<\/p>\n\n\n\n<p><strong>f)<\/strong> Geben Sie den Objekten aus der ersten \u00c4quivalenzklasse einen neuen Namen: <em>P<\/em><sub>1<\/sub>. Wiederholen Sie dies f\u00fcr alle weiteren \u00c4quivalenzklassen.<\/p>\n\n\n\n<p><strong>g)<\/strong> Formulieren Sie die so gefundene Abstandfunktion <em>d <\/em><sup>*<\/sup>.<\/p>\n\n\n\n<p><\/p><p style=\"padding-left:30px;\"><em>d <\/em><sup>*<\/sup> ( <em>t<\/em>, <em>Name<\/em> ) = \u03b1<\/p><p><\/p>\n\n\n\n<p>besagt, dass zum Zeitpunkt <em>t<\/em> das Objekt mit Namen <em>Name<\/em> den Abstand&nbsp;\u03b1 zu <em>a<\/em><sub>1<\/sub> hat.<br><\/p>\n\n\n<ul class=\"nav nav-pills nav-justified\">\n<li><a href=\"https:\/\/theory-of-science.com\/de\/uebungen\/abschnitt-06\/uebung-06-05\/\">&lt;&lt;&lt;<\/a><\/li>\n<li><a href=\"https:\/\/theory-of-science.com\/de\/uebungen\/abschnitt-06\/uebung-06-07\/\">&gt;&gt;&gt;<\/a><\/li>\n<\/ul>\n","protected":false},"excerpt":{"rendered":"<p>Wir beobachten f\u00fcnf Objekte, die nicht immer zu jedem Zeitpunkt zu sehen sind. In den Zeitpunkten, in denen zwei Objekte wahrgenommen werden, wird der Abstand beider Objekte bestimmt. Dies wird bei vielen Objektpaaren gemacht. Wir haben als Resultat eine Liste von Abst\u00e4nden der Art d ( a1, a2 ) = 1, d ( a1, a3 [&hellip;]<\/p>\n","protected":false},"author":1,"featured_media":0,"parent":49,"menu_order":6,"comment_status":"closed","ping_status":"closed","template":"page-fullwidth.php","meta":{"footnotes":""},"class_list":["post-287","page","type-page","status-publish","hentry"],"_links":{"self":[{"href":"https:\/\/theory-of-science.com\/de\/wp-json\/wp\/v2\/pages\/287","targetHints":{"allow":["GET"]}}],"collection":[{"href":"https:\/\/theory-of-science.com\/de\/wp-json\/wp\/v2\/pages"}],"about":[{"href":"https:\/\/theory-of-science.com\/de\/wp-json\/wp\/v2\/types\/page"}],"author":[{"embeddable":true,"href":"https:\/\/theory-of-science.com\/de\/wp-json\/wp\/v2\/users\/1"}],"replies":[{"embeddable":true,"href":"https:\/\/theory-of-science.com\/de\/wp-json\/wp\/v2\/comments?post=287"}],"version-history":[{"count":9,"href":"https:\/\/theory-of-science.com\/de\/wp-json\/wp\/v2\/pages\/287\/revisions"}],"predecessor-version":[{"id":4559,"href":"https:\/\/theory-of-science.com\/de\/wp-json\/wp\/v2\/pages\/287\/revisions\/4559"}],"up":[{"embeddable":true,"href":"https:\/\/theory-of-science.com\/de\/wp-json\/wp\/v2\/pages\/49"}],"wp:attachment":[{"href":"https:\/\/theory-of-science.com\/de\/wp-json\/wp\/v2\/media?parent=287"}],"curies":[{"name":"wp","href":"https:\/\/api.w.org\/{rel}","templated":true}]}}