{"id":291,"date":"2017-05-28T16:41:24","date_gmt":"2017-05-28T14:41:24","guid":{"rendered":"http:\/\/theory-of-science.com\/de\/?page_id=291"},"modified":"2021-02-03T14:47:39","modified_gmt":"2021-02-03T13:47:39","slug":"uebung-06-08","status":"publish","type":"page","link":"https:\/\/theory-of-science.com\/de\/uebungen\/abschnitt-06\/uebung-06-08\/","title":{"rendered":"\u00dc6-8: Formalisierung von S\u00e4tzen"},"content":{"rendered":"\n<p><strong>a)<\/strong> Formalisieren Sie die folgenden S\u00e4tze:<br>&#8211; Udo mag Uta.<br>&#8211; Merkur steht heute um 14:30 Uhr zwischen der Sonne und unserer Erde.<br>&#8211; Der Abstand zwischen der Erde und dem Mond betr\u00e4gt 360 000 Kilometer.<br>&#8211; Die SPD vertritt die Ansicht der Aufsichtsr\u00e4te.<\/p>\n\n\n\n<p><strong>b)<\/strong> Bilden Sie von jedem Beispiel aus a) zwei weitere \u00e4hnliche S\u00e4tze.<\/p>\n\n\n\n<p><strong>c)<\/strong> Bilden Sie aus Ihren vorhandenen S\u00e4tzen 3 Und-Verbindungen, 3 Oder-Verbindungen, 3 Negationen von S\u00e4tzen und 3 Wenn-Dann-Verbindungen.<\/p>\n\n\n\n<p><strong>d)<\/strong> Bilden Sie aus den vorhandenen S\u00e4tzen zwei S\u00e4tze, die mit \u00abF\u00fcr alle\u00bb beginnen und zwei S\u00e4tze, die mit \u00abEs gibt\u00bb beginnen.<br><\/p>\n\n\n<ul class=\"nav nav-pills nav-justified\">\n<li><a href=\"https:\/\/theory-of-science.com\/de\/uebungen\/abschnitt-06\/uebung-06-07\/\">&lt;&lt;&lt;<\/a><\/li>\n<li><a href=\"https:\/\/theory-of-science.com\/de\/uebungen\/abschnitt-06\/uebung-06-09\/\">&gt;&gt;&gt;<\/a><\/li>\n<\/ul>\n","protected":false},"excerpt":{"rendered":"<p>a) Formalisieren Sie die folgenden S\u00e4tze:&#8211; Udo mag Uta.&#8211; Merkur steht heute um 14:30 Uhr zwischen der Sonne und unserer Erde.&#8211; Der Abstand zwischen der Erde und dem Mond betr\u00e4gt 360 000 Kilometer.&#8211; Die SPD vertritt die Ansicht der Aufsichtsr\u00e4te. b) Bilden Sie von jedem Beispiel aus a) zwei weitere \u00e4hnliche S\u00e4tze. c) Bilden Sie [&hellip;]<\/p>\n","protected":false},"author":1,"featured_media":0,"parent":49,"menu_order":8,"comment_status":"closed","ping_status":"closed","template":"page-fullwidth.php","meta":{"footnotes":""},"class_list":["post-291","page","type-page","status-publish","hentry"],"_links":{"self":[{"href":"https:\/\/theory-of-science.com\/de\/wp-json\/wp\/v2\/pages\/291","targetHints":{"allow":["GET"]}}],"collection":[{"href":"https:\/\/theory-of-science.com\/de\/wp-json\/wp\/v2\/pages"}],"about":[{"href":"https:\/\/theory-of-science.com\/de\/wp-json\/wp\/v2\/types\/page"}],"author":[{"embeddable":true,"href":"https:\/\/theory-of-science.com\/de\/wp-json\/wp\/v2\/users\/1"}],"replies":[{"embeddable":true,"href":"https:\/\/theory-of-science.com\/de\/wp-json\/wp\/v2\/comments?post=291"}],"version-history":[{"count":11,"href":"https:\/\/theory-of-science.com\/de\/wp-json\/wp\/v2\/pages\/291\/revisions"}],"predecessor-version":[{"id":4348,"href":"https:\/\/theory-of-science.com\/de\/wp-json\/wp\/v2\/pages\/291\/revisions\/4348"}],"up":[{"embeddable":true,"href":"https:\/\/theory-of-science.com\/de\/wp-json\/wp\/v2\/pages\/49"}],"wp:attachment":[{"href":"https:\/\/theory-of-science.com\/de\/wp-json\/wp\/v2\/media?parent=291"}],"curies":[{"name":"wp","href":"https:\/\/api.w.org\/{rel}","templated":true}]}}