{"id":295,"date":"2017-05-28T16:42:09","date_gmt":"2017-05-28T14:42:09","guid":{"rendered":"http:\/\/theory-of-science.com\/de\/?page_id=295"},"modified":"2021-02-03T14:48:57","modified_gmt":"2021-02-03T13:48:57","slug":"uebung-06-10","status":"publish","type":"page","link":"https:\/\/theory-of-science.com\/de\/uebungen\/abschnitt-06\/uebung-06-10\/","title":{"rendered":"\u00dc6-10: Mengentheoretisches Pr\u00e4dikat"},"content":{"rendered":"\n<p>Ein \u00abnormales\u00bb Pr\u00e4dikat bezeichnet eine Menge von Entit\u00e4ten oder Beziehungen. Ein <em>mengentheoretisches Pr\u00e4dikat<\/em> bezeichnet eine ganze Klasse von Mengen (oder Modellen).<\/p>\n\n\n\n<p>Ein mengentheoretisches Pr\u00e4dikat trifft auf eine Menge&nbsp;\u2014 bei uns genauer auf ein Modell einer Theorie&nbsp;\u2014 zu.<\/p>\n\n\n\n<p>Als Beispiel haben wir in&nbsp;<a href=\"https:\/\/theory-of-science.com\/de\/uebungen\/abschnitt-06\/uebung-06-09\/\">\u00dc6-9<\/a> die Modelle der kopernikanischen Theorie kennengelernt. Ein Modell dieser Theorie kann zum Beispiel so dargestellt werden.<br><em>x<\/em> ist ein kopernikanisches Modell gdw<br><em>x<\/em> die Form&nbsp;\u2329 <em>H<\/em>, <em>Z<\/em>, <img loading=\"lazy\" decoding=\"async\" src=\"https:\/\/theory-of-science.com\/de\/wp-content\/ql-cache\/quicklatex.com-dcfbb8f1c868d0756e2be1a8d16e4e7f_l3.png\" class=\"ql-img-inline-formula quicklatex-auto-format\" alt=\"&#92;&#109;&#97;&#116;&#104;&#98;&#98;&#123;&#82;&#125;\" title=\"Rendered by QuickLaTeX.com\" height=\"10\" width=\"11\" style=\"vertical-align: 0px;\"\/>, &lt;, <em>s<\/em>, <em>S<\/em>, <em>MP<\/em>&nbsp;\u232a hat und folgende Hypothesen gelten:<br>1) <em>H<\/em> ist eine endliche Menge<br>2) <em>Z<\/em> ist eine unendliche Menge<br>3) <em>H<\/em> und <em>Z<\/em> sind disjunkt<br>4)&nbsp;<img loading=\"lazy\" decoding=\"async\" src=\"https:\/\/theory-of-science.com\/de\/wp-content\/ql-cache\/quicklatex.com-dcfbb8f1c868d0756e2be1a8d16e4e7f_l3.png\" class=\"ql-img-inline-formula quicklatex-auto-format\" alt=\"&#92;&#109;&#97;&#116;&#104;&#98;&#98;&#123;&#82;&#125;\" title=\"Rendered by QuickLaTeX.com\" height=\"10\" width=\"11\" style=\"vertical-align: 0px;\"\/> ist die Menge der reellen Zahlen<br>5)&nbsp;&lt;&nbsp;\u2282 <em>Z<\/em>&nbsp;\u00d7 <em>Z<\/em><br>6) <em>s<\/em> : <em>H<\/em>&nbsp;\u00d7 <em>Z<\/em>&nbsp;\u2192 <img loading=\"lazy\" decoding=\"async\" src=\"https:\/\/theory-of-science.com\/de\/wp-content\/ql-cache\/quicklatex.com-dcfbb8f1c868d0756e2be1a8d16e4e7f_l3.png\" class=\"ql-img-inline-formula quicklatex-auto-format\" alt=\"&#92;&#109;&#97;&#116;&#104;&#98;&#98;&#123;&#82;&#125;\" title=\"Rendered by QuickLaTeX.com\" height=\"10\" width=\"11\" style=\"vertical-align: 0px;\"\/> <sup>2<\/sup><br>7) <em>S<\/em>&nbsp;\u2208 <em>H<\/em><br>8) <em>MP<\/em>&nbsp;\u2208 <img loading=\"lazy\" decoding=\"async\" src=\"https:\/\/theory-of-science.com\/de\/wp-content\/ql-cache\/quicklatex.com-dcfbb8f1c868d0756e2be1a8d16e4e7f_l3.png\" class=\"ql-img-inline-formula quicklatex-auto-format\" alt=\"&#92;&#109;&#97;&#116;&#104;&#98;&#98;&#123;&#82;&#125;\" title=\"Rendered by QuickLaTeX.com\" height=\"10\" width=\"11\" style=\"vertical-align: 0px;\"\/> <sup>2<\/sup><br>9)&nbsp;&lt; ist transitiv, konnex und anti-reflexiv<br>10)&nbsp;\u2200 <em>z<\/em>&nbsp;\u2208 <em>Z<\/em> ( <em>s<\/em> ( <em>S<\/em>, <em>z<\/em> ) = <em>MP<\/em> )<br>11) f\u00fcr alle Himmelsk\u00f6rper <em>p<\/em>&nbsp;\u2014 ausgenommen <em>S<\/em> \u2014 gibt es einen Kreis <em>K<\/em> ( <em>p<\/em> ), der den Punkt <em>MP<\/em> als Mittelpunkt hat und auf dem alle Orte <em>s<\/em> ( <em>p<\/em>, <em>z<\/em> ) des Himmelsk\u00f6rpers <em>p<\/em> liegen.<br>Dabei muss vorher das kartesische Produkt von&nbsp;<img loading=\"lazy\" decoding=\"async\" src=\"https:\/\/theory-of-science.com\/de\/wp-content\/ql-cache\/quicklatex.com-dcfbb8f1c868d0756e2be1a8d16e4e7f_l3.png\" class=\"ql-img-inline-formula quicklatex-auto-format\" alt=\"&#92;&#109;&#97;&#116;&#104;&#98;&#98;&#123;&#82;&#125;\" title=\"Rendered by QuickLaTeX.com\" height=\"10\" width=\"11\" style=\"vertical-align: 0px;\"\/> mit&nbsp;<img loading=\"lazy\" decoding=\"async\" src=\"https:\/\/theory-of-science.com\/de\/wp-content\/ql-cache\/quicklatex.com-dcfbb8f1c868d0756e2be1a8d16e4e7f_l3.png\" class=\"ql-img-inline-formula quicklatex-auto-format\" alt=\"&#92;&#109;&#97;&#116;&#104;&#98;&#98;&#123;&#82;&#125;\" title=\"Rendered by QuickLaTeX.com\" height=\"10\" width=\"11\" style=\"vertical-align: 0px;\"\/> gebildet werden:&nbsp;<img loading=\"lazy\" decoding=\"async\" src=\"https:\/\/theory-of-science.com\/de\/wp-content\/ql-cache\/quicklatex.com-dcfbb8f1c868d0756e2be1a8d16e4e7f_l3.png\" class=\"ql-img-inline-formula quicklatex-auto-format\" alt=\"&#92;&#109;&#97;&#116;&#104;&#98;&#98;&#123;&#82;&#125;\" title=\"Rendered by QuickLaTeX.com\" height=\"10\" width=\"11\" style=\"vertical-align: 0px;\"\/> <sup>2<\/sup> =&nbsp;<img loading=\"lazy\" decoding=\"async\" src=\"https:\/\/theory-of-science.com\/de\/wp-content\/ql-cache\/quicklatex.com-dcfbb8f1c868d0756e2be1a8d16e4e7f_l3.png\" class=\"ql-img-inline-formula quicklatex-auto-format\" alt=\"&#92;&#109;&#97;&#116;&#104;&#98;&#98;&#123;&#82;&#125;\" title=\"Rendered by QuickLaTeX.com\" height=\"10\" width=\"11\" style=\"vertical-align: 0px;\"\/>&nbsp;\u00d7 <img loading=\"lazy\" decoding=\"async\" src=\"https:\/\/theory-of-science.com\/de\/wp-content\/ql-cache\/quicklatex.com-dcfbb8f1c868d0756e2be1a8d16e4e7f_l3.png\" class=\"ql-img-inline-formula quicklatex-auto-format\" alt=\"&#92;&#109;&#97;&#116;&#104;&#98;&#98;&#123;&#82;&#125;\" title=\"Rendered by QuickLaTeX.com\" height=\"10\" width=\"11\" style=\"vertical-align: 0px;\"\/>. Weiter muss die informelle Hypothese 11) genauer formuliert werden.<\/p>\n\n\n\n<p>Damit kann folgendes mengentheoretisches Pr\u00e4dikat <img loading=\"lazy\" decoding=\"async\" src=\"https:\/\/theory-of-science.com\/de\/wp-content\/ql-cache\/quicklatex.com-1cd413938914161f5817d8c802f72003_l3.png\" class=\"ql-img-inline-formula quicklatex-auto-format\" alt=\"&#92;&#99;&#97;&#108;&#32;&#80;\" title=\"Rendered by QuickLaTeX.com\" height=\"11\" width=\"11\" style=\"vertical-align: -1px;\"\/> gebildet werden.<br>F\u00fcr alle <em>x<\/em> gilt: <em>x<\/em>&nbsp;\u2208&nbsp;<img loading=\"lazy\" decoding=\"async\" src=\"https:\/\/theory-of-science.com\/de\/wp-content\/ql-cache\/quicklatex.com-1cd413938914161f5817d8c802f72003_l3.png\" class=\"ql-img-inline-formula quicklatex-auto-format\" alt=\"&#92;&#99;&#97;&#108;&#32;&#80;\" title=\"Rendered by QuickLaTeX.com\" height=\"11\" width=\"11\" style=\"vertical-align: -1px;\"\/> gdw es <em>H<\/em>, <em>Z<\/em>, &lt;, <em>s<\/em>, <em>S<\/em>, <em>MP<\/em> gibt so dass gilt:<br><em>x<\/em> =&nbsp;\u2329 <em>H<\/em>, <em>Z<\/em>, <img loading=\"lazy\" decoding=\"async\" src=\"https:\/\/theory-of-science.com\/de\/wp-content\/ql-cache\/quicklatex.com-dcfbb8f1c868d0756e2be1a8d16e4e7f_l3.png\" class=\"ql-img-inline-formula quicklatex-auto-format\" alt=\"&#92;&#109;&#97;&#116;&#104;&#98;&#98;&#123;&#82;&#125;\" title=\"Rendered by QuickLaTeX.com\" height=\"10\" width=\"11\" style=\"vertical-align: 0px;\"\/>, &lt;, <em>s<\/em>, <em>S<\/em>, <em>MP<\/em>&nbsp;\u232a und Hypothesen 1) &#8211; 11) gelten.<br>Dabei wird die Existenz der Menge der reellen Zahlen normalerweise als bekannt vorausgesetzt.&nbsp;<img loading=\"lazy\" decoding=\"async\" src=\"https:\/\/theory-of-science.com\/de\/wp-content\/ql-cache\/quicklatex.com-1cd413938914161f5817d8c802f72003_l3.png\" class=\"ql-img-inline-formula quicklatex-auto-format\" alt=\"&#92;&#99;&#97;&#108;&#32;&#80;\" title=\"Rendered by QuickLaTeX.com\" height=\"11\" width=\"11\" style=\"vertical-align: -1px;\"\/> ist das mengentheoretische Pr\u00e4dikat f\u00fcr die kopernikanischen Modelle.<\/p>\n\n\n\n<p><strong>a)<\/strong> Formulieren Sie ein Modell der klassischen Geometrie, in dem drei Grundmengen <em>P<\/em>, <em>G<\/em>, <em>E<\/em> (von <em>Punkten<\/em>, <em>Geraden<\/em> und <em>Ebenen<\/em>) und drei Relationen <em>zwischen<\/em>, <em>kongruent<\/em> (f\u00fcr Punkte) und <em>liegt in<\/em> (f\u00fcr Punkte und Geraden und f\u00fcr Punkte und Ebenen) verwendet werden. Die Hypothesen k\u00f6nnen dabei informell gehalten oder gar nicht angegeben werden. Formulieren Sie explizit das mengentheoretische Pr\u00e4dikat f\u00fcr die klassische Geometrie.<\/p>\n\n\n\n<p><strong>b)<\/strong> Formulieren Sie ein Modell des M\u00f6gens in kleinen Personengruppen. Verwenden Sie eine Mengen <em>P<\/em> von Personen, eine Menge <em>O<\/em> von Objekten (keine Personen) und die Relation des M\u00f6gens <em>mag<\/em>: <em>mag<\/em> ( <em>p<\/em>, <em>p <\/em>&#8218; ) und <em>mag<\/em> ( <em>p<\/em>, <em>o<\/em> ), <em>p<\/em> , <em>p <\/em>&#8218;&nbsp;\u2208 <em>P<\/em> und <em>o<\/em>&nbsp;\u2208 <em>O<\/em>. Weitere Hypothesen k\u00f6nnen Sie sich selbst ausdenken. Formulieren Sie das so gebildete mengentheoretische Pr\u00e4dikat f\u00fcr Ihre Modelle des M\u00f6gens im Detail.<br><\/p>\n\n\n<ul class=\"nav nav-pills nav-justified\">\n<li><a href=\"https:\/\/theory-of-science.com\/de\/uebungen\/abschnitt-06\/uebung-06-09\/\">&lt;&lt;&lt;<\/a><\/li>\n<li><a href=\"https:\/\/theory-of-science.com\/de\/uebungen\/abschnitt-06\/uebung-06-11\/\">&gt;&gt;&gt;<\/a><\/li>\n<\/ul>\n","protected":false},"excerpt":{"rendered":"<p>Ein \u00abnormales\u00bb Pr\u00e4dikat bezeichnet eine Menge von Entit\u00e4ten oder Beziehungen. Ein mengentheoretisches Pr\u00e4dikat bezeichnet eine ganze Klasse von Mengen (oder Modellen). Ein mengentheoretisches Pr\u00e4dikat trifft auf eine Menge&nbsp;\u2014 bei uns genauer auf ein Modell einer Theorie&nbsp;\u2014 zu. Als Beispiel haben wir in&nbsp;\u00dc6-9 die Modelle der kopernikanischen Theorie kennengelernt. Ein Modell dieser Theorie kann zum Beispiel [&hellip;]<\/p>\n","protected":false},"author":1,"featured_media":0,"parent":49,"menu_order":10,"comment_status":"closed","ping_status":"closed","template":"page-fullwidth.php","meta":{"footnotes":""},"class_list":["post-295","page","type-page","status-publish","hentry"],"_links":{"self":[{"href":"https:\/\/theory-of-science.com\/de\/wp-json\/wp\/v2\/pages\/295","targetHints":{"allow":["GET"]}}],"collection":[{"href":"https:\/\/theory-of-science.com\/de\/wp-json\/wp\/v2\/pages"}],"about":[{"href":"https:\/\/theory-of-science.com\/de\/wp-json\/wp\/v2\/types\/page"}],"author":[{"embeddable":true,"href":"https:\/\/theory-of-science.com\/de\/wp-json\/wp\/v2\/users\/1"}],"replies":[{"embeddable":true,"href":"https:\/\/theory-of-science.com\/de\/wp-json\/wp\/v2\/comments?post=295"}],"version-history":[{"count":12,"href":"https:\/\/theory-of-science.com\/de\/wp-json\/wp\/v2\/pages\/295\/revisions"}],"predecessor-version":[{"id":4350,"href":"https:\/\/theory-of-science.com\/de\/wp-json\/wp\/v2\/pages\/295\/revisions\/4350"}],"up":[{"embeddable":true,"href":"https:\/\/theory-of-science.com\/de\/wp-json\/wp\/v2\/pages\/49"}],"wp:attachment":[{"href":"https:\/\/theory-of-science.com\/de\/wp-json\/wp\/v2\/media?parent=295"}],"curies":[{"name":"wp","href":"https:\/\/api.w.org\/{rel}","templated":true}]}}