{"id":3160,"date":"2018-08-11T09:43:10","date_gmt":"2018-08-11T07:43:10","guid":{"rendered":"http:\/\/theory-of-science.com\/de\/?page_id=3160"},"modified":"2023-02-20T20:50:41","modified_gmt":"2023-02-20T19:50:41","slug":"mms","status":"publish","type":"page","link":"https:\/\/theory-of-science.com\/de\/rekonstruktionen\/messung\/mms\/","title":{"rendered":"Messmodell f\u00fcr eine Masse durch Sto\u00df einer zweiten Masse (MMS)"},"content":{"rendered":"\n<p><strong>Grundmengen<\/strong><br><em>P<\/em>&nbsp;&nbsp; Menge von materiellen Objekten<br><em>T<\/em>&nbsp;&nbsp; Menge von Zeitpunkten<\/p>\n\n\n\n<p><strong>Hilfsbasismengen<\/strong><br><img loading=\"lazy\" decoding=\"async\" src=\"https:\/\/theory-of-science.com\/de\/wp-content\/ql-cache\/quicklatex.com-4be6aa5c861ec4e62a3dfaebc88c1784_l3.png\" class=\"ql-img-inline-formula quicklatex-auto-format\" alt=\"&#92;&#109;&#97;&#116;&#104;&#98;&#98;&#123;&#78;&#125;\" title=\"Rendered by QuickLaTeX.com\" height=\"10\" width=\"11\" style=\"vertical-align: 0px;\"\/>&nbsp;&nbsp; Menge der reellen Zahlen<\/p>\n\n\n\n<p><strong>Relationen<\/strong><br><em>v<\/em>&nbsp;&nbsp; Geschwindigkeitsfunktion<br><em>m<\/em>&nbsp;&nbsp; Massefunktion<\/p>\n\n\n\n<p><strong>Konstanten<\/strong><br><em>p<\/em>, <em>p<\/em> &#8218;&nbsp;&nbsp; <em>p<\/em> ist die Einheitsmasse<\/p>\n\n\n\n<p><strong>Definition<\/strong><br><img loading=\"lazy\" decoding=\"async\" src=\"https:\/\/theory-of-science.com\/de\/wp-content\/ql-cache\/quicklatex.com-dcfbb8f1c868d0756e2be1a8d16e4e7f_l3.png\" class=\"ql-img-inline-formula quicklatex-auto-format\" alt=\"&#92;&#109;&#97;&#116;&#104;&#98;&#98;&#123;&#82;&#125;\" title=\"Rendered by QuickLaTeX.com\" height=\"10\" width=\"11\" style=\"vertical-align: 0px;\"\/> <sup>3<\/sup> &nbsp; die Menge der 3-dimensionalen, reellen Vektoren<\/p>\n\n\n\n<p><strong>Typisierungen<\/strong><br>\u03b8<sub>1<\/sub>&nbsp;&nbsp; <em>v<\/em>&nbsp;\u2208&nbsp; <img loading=\"lazy\" decoding=\"async\" src=\"https:\/\/theory-of-science.com\/de\/wp-content\/ql-cache\/quicklatex.com-4aef294acd84495967a2a6ce417aa9e6_l3.png\" class=\"ql-img-inline-formula quicklatex-auto-format\" alt=\"&#92;&#99;&#97;&#108;&#32;&#70;&#85;&#78;\" title=\"Rendered by QuickLaTeX.com\" height=\"14\" width=\"37\" style=\"vertical-align: -1px;\"\/> ( <em>P<\/em>&nbsp;\u00d7 <em>T<\/em> :&nbsp;<img loading=\"lazy\" decoding=\"async\" src=\"https:\/\/theory-of-science.com\/de\/wp-content\/ql-cache\/quicklatex.com-dcfbb8f1c868d0756e2be1a8d16e4e7f_l3.png\" class=\"ql-img-inline-formula quicklatex-auto-format\" alt=\"&#92;&#109;&#97;&#116;&#104;&#98;&#98;&#123;&#82;&#125;\" title=\"Rendered by QuickLaTeX.com\" height=\"10\" width=\"11\" style=\"vertical-align: 0px;\"\/> <sup>3<\/sup> )<br>\u03b8<sub>2<\/sub>&nbsp;&nbsp; <em>m<\/em>&nbsp;\u2208 <img loading=\"lazy\" decoding=\"async\" src=\"https:\/\/theory-of-science.com\/de\/wp-content\/ql-cache\/quicklatex.com-4aef294acd84495967a2a6ce417aa9e6_l3.png\" class=\"ql-img-inline-formula quicklatex-auto-format\" alt=\"&#92;&#99;&#97;&#108;&#32;&#70;&#85;&#78;\" title=\"Rendered by QuickLaTeX.com\" height=\"14\" width=\"37\" style=\"vertical-align: -1px;\"\/> ( <em>P<\/em> : <img loading=\"lazy\" decoding=\"async\" src=\"https:\/\/theory-of-science.com\/de\/wp-content\/ql-cache\/quicklatex.com-dcfbb8f1c868d0756e2be1a8d16e4e7f_l3.png\" class=\"ql-img-inline-formula quicklatex-auto-format\" alt=\"&#92;&#109;&#97;&#116;&#104;&#98;&#98;&#123;&#82;&#125;\" title=\"Rendered by QuickLaTeX.com\" height=\"10\" width=\"11\" style=\"vertical-align: 0px;\"\/> )<br>\u03b8<sub>3<\/sub>&nbsp;&nbsp; <em>p<\/em>&nbsp;\u2208 <em>P<\/em><br>\u03b8<sub>4<\/sub>&nbsp;&nbsp; <em>p<\/em> &#8218;&nbsp;\u2208 <em>P<\/em><\/p>\n\n\n\n<p><strong>Definition<\/strong><br>Vektoren <em>v<\/em>, <em>v <\/em>&#8218; sind kollinear gdw es&nbsp;\u03b1&nbsp;\u2208&nbsp;<img loading=\"lazy\" decoding=\"async\" src=\"https:\/\/theory-of-science.com\/de\/wp-content\/ql-cache\/quicklatex.com-dcfbb8f1c868d0756e2be1a8d16e4e7f_l3.png\" class=\"ql-img-inline-formula quicklatex-auto-format\" alt=\"&#92;&#109;&#97;&#116;&#104;&#98;&#98;&#123;&#82;&#125;\" title=\"Rendered by QuickLaTeX.com\" height=\"10\" width=\"11\" style=\"vertical-align: 0px;\"\/> (&nbsp;\u03b1&nbsp;\u2260 0&nbsp;\u2227 <em>v<\/em> =&nbsp;\u03b1&nbsp;\u2217 <em>v<\/em> &#8218; )<\/p>\n\n\n\n<p><strong>Hypothesen<\/strong><br><em>H<\/em><sub>1<\/sub>&nbsp;&nbsp; <em>T<\/em>&nbsp;\u2208&nbsp;<img loading=\"lazy\" decoding=\"async\" src=\"https:\/\/theory-of-science.com\/de\/wp-content\/ql-cache\/quicklatex.com-dcfbb8f1c868d0756e2be1a8d16e4e7f_l3.png\" class=\"ql-img-inline-formula quicklatex-auto-format\" alt=\"&#92;&#109;&#97;&#116;&#104;&#98;&#98;&#123;&#82;&#125;\" title=\"Rendered by QuickLaTeX.com\" height=\"10\" width=\"11\" style=\"vertical-align: 0px;\"\/>&nbsp;\u2227 <em>T<\/em> = { -1, 1 }<br><em>H<\/em><sub>2<\/sub>&nbsp;&nbsp;&nbsp;\u2200 <em>p<\/em>&nbsp;\u2208 <em>P<\/em> ( <em>m<\/em> ( <em>p<\/em> ) &gt; 0 )<br><em>H<\/em><sub>3<\/sub>&nbsp;&nbsp; <em>P<\/em> = { <em>p<\/em>, <em>p<\/em> &#8218; }<br><em>H<\/em><sub>4<\/sub>&nbsp;&nbsp;&nbsp;\u2200 <em>t<\/em>&nbsp;\u2208 <em>T<\/em> ( <em>v<\/em> ( <em>p<\/em>, <em>t<\/em> ) und <em>v<\/em> ( <em>p<\/em> &#8218;, <em>t<\/em> ) sind kollinear )<br><em>H<\/em><sub>5<\/sub>&nbsp;&nbsp; <em>v<\/em> ( <em>p<\/em>, <em>t<\/em> )&nbsp;\u2260 <em>v<\/em> ( <em>p<\/em>, <em>t &#8218;<\/em> )<br><em>H<\/em><sub>6<\/sub>&nbsp;&nbsp; <em>m<\/em> ( <em>p<\/em> )&nbsp;\u22c5 |&nbsp;<em>v<\/em> ( <em>p<\/em>, <em>t<\/em> ) &#8211;&nbsp;<em>v<\/em> ( <em>p<\/em>, <em>t &#8218;<\/em> ) | = <em>m<\/em> ( <em>p<\/em> &#8218; )&nbsp;\u22c5 | <em>v<\/em> ( <em>p<\/em> &#8218;, <em>t<\/em> &#8218; ) &#8211; <em>v<\/em> ( <em>p<\/em> &#8218;, <em>t<\/em> &#8218; ) |<br><em>H<\/em><sub>7<\/sub>&nbsp;&nbsp; <em>m<\/em> ( <em>p<\/em> ) = 1<\/p>\n\n\n\n<p><strong>Modelle<\/strong><br><em>x<\/em> ist ein Messmodell f\u00fcr eine Masse durch Sto\u00df einer zweiten Masse <strong>M(MMS)<\/strong> gdw es <em>P<\/em>, <em>T<\/em>, <em>v<\/em>, <em>m<\/em>, <em>p<\/em>, <em>p<\/em> &#8218; gibt, so dass gilt:<\/p>\n\n\n\n<p style=\"padding-left:30px;\"><em>x<\/em> =&nbsp;\u2329 <em>P<\/em>, <em>T<\/em>, <img loading=\"lazy\" decoding=\"async\" src=\"https:\/\/theory-of-science.com\/de\/wp-content\/ql-cache\/quicklatex.com-dcfbb8f1c868d0756e2be1a8d16e4e7f_l3.png\" class=\"ql-img-inline-formula quicklatex-auto-format\" alt=\"&#92;&#109;&#97;&#116;&#104;&#98;&#98;&#123;&#82;&#125;\" title=\"Rendered by QuickLaTeX.com\" height=\"10\" width=\"11\" style=\"vertical-align: 0px;\"\/> <sup>3<\/sup>, <em>v<\/em>, <em>m<\/em>, <em>p<\/em>, <em>p<\/em> &#8218; \u232a<\/p>\n\n\n\n<p>und die Relationen und Konstanten <em>P<\/em>, <em>T<\/em>, <em>v<\/em>, <em>m<\/em>, <em>p<\/em>, <em>p<\/em> &#8218; haben die Typen \u03b8<sub>1<\/sub>, &#8230;,&nbsp;\u03b8<sub>4<\/sub> und die Hypothesen <em>H<\/em><sub>1<\/sub> ( <em>P<\/em>, <em>T<\/em>, <img loading=\"lazy\" decoding=\"async\" src=\"https:\/\/theory-of-science.com\/de\/wp-content\/ql-cache\/quicklatex.com-dcfbb8f1c868d0756e2be1a8d16e4e7f_l3.png\" class=\"ql-img-inline-formula quicklatex-auto-format\" alt=\"&#92;&#109;&#97;&#116;&#104;&#98;&#98;&#123;&#82;&#125;\" title=\"Rendered by QuickLaTeX.com\" height=\"10\" width=\"11\" style=\"vertical-align: 0px;\"\/> <sup>3<\/sup>, <em>v<\/em>, <em>m<\/em>, <em>p<\/em>, <em>p<\/em> &#8218; ), &#8230;,&nbsp;<em>H<\/em><sub>7<\/sub> ( <em>P<\/em>, <em>T<\/em>, <img loading=\"lazy\" decoding=\"async\" src=\"https:\/\/theory-of-science.com\/de\/wp-content\/ql-cache\/quicklatex.com-dcfbb8f1c868d0756e2be1a8d16e4e7f_l3.png\" class=\"ql-img-inline-formula quicklatex-auto-format\" alt=\"&#92;&#109;&#97;&#116;&#104;&#98;&#98;&#123;&#82;&#125;\" title=\"Rendered by QuickLaTeX.com\" height=\"10\" width=\"11\" style=\"vertical-align: 0px;\"\/> <sup>3<\/sup>, <em>v<\/em>, <em>m<\/em>, <em>p<\/em>, <em>p<\/em> &#8218; ) gelten in <em>x<\/em>.<\/p>\n\n\n\n<p><strong>I(MMS)<\/strong> ist die Menge der intendierten Messmodelle f\u00fcr eine Masse durch Sto\u00df einer zweiten Masse.<\/p>\n\n\n\n<p><strong>Beispiele<\/strong><br>&#8211; Sto\u00dfexperimente in physikalischen Labors<br>&#8211; St\u00f6\u00dfe auf Billardtischen mit genau zwei Kugeln<\/p>\n\n\n\n<p>Theorem: Jedes Messmodell f\u00fcr eine Masse durch Sto\u00df einer zweiten Masse ist ein Modell der klassischen Partikelmechanik. (siehe: Balzer, W. &amp; M\u00fchlh\u00f6lzer, F. 1982: Klassische Sto\u00dfmechanik, <em>Zeitschrift f\u00fcr allgemeine Wissenschaftstheorie<\/em> 13, 22 &#8211; 39.)<\/p>\n\n\n<ul class=\"nav nav-pills nav-justified\">\n<li><a href=\"https:\/\/theory-of-science.com\/de\/rekonstruktionen\/messung\/gms\/\">&lt;&lt;&lt;<\/a><\/li>\n<\/ul>\n","protected":false},"excerpt":{"rendered":"<p>GrundmengenP&nbsp;&nbsp; Menge von materiellen ObjektenT&nbsp;&nbsp; Menge von Zeitpunkten Hilfsbasismengen&nbsp;&nbsp; Menge der reellen Zahlen Relationenv&nbsp;&nbsp; Geschwindigkeitsfunktionm&nbsp;&nbsp; Massefunktion Konstantenp, p &#8218;&nbsp;&nbsp; p ist die Einheitsmasse Definition 3 &nbsp; die Menge der 3-dimensionalen, reellen Vektoren Typisierungen\u03b81&nbsp;&nbsp; v&nbsp;\u2208&nbsp; ( P&nbsp;\u00d7 T :&nbsp; 3 )\u03b82&nbsp;&nbsp; m&nbsp;\u2208 ( P : )\u03b83&nbsp;&nbsp; p&nbsp;\u2208 P\u03b84&nbsp;&nbsp; p &#8218;&nbsp;\u2208 P DefinitionVektoren v, v &#8218; sind [&hellip;]<\/p>\n","protected":false},"author":1,"featured_media":0,"parent":454,"menu_order":3,"comment_status":"closed","ping_status":"closed","template":"page-fullwidth.php","meta":{"footnotes":""},"class_list":["post-3160","page","type-page","status-publish","hentry"],"_links":{"self":[{"href":"https:\/\/theory-of-science.com\/de\/wp-json\/wp\/v2\/pages\/3160","targetHints":{"allow":["GET"]}}],"collection":[{"href":"https:\/\/theory-of-science.com\/de\/wp-json\/wp\/v2\/pages"}],"about":[{"href":"https:\/\/theory-of-science.com\/de\/wp-json\/wp\/v2\/types\/page"}],"author":[{"embeddable":true,"href":"https:\/\/theory-of-science.com\/de\/wp-json\/wp\/v2\/users\/1"}],"replies":[{"embeddable":true,"href":"https:\/\/theory-of-science.com\/de\/wp-json\/wp\/v2\/comments?post=3160"}],"version-history":[{"count":11,"href":"https:\/\/theory-of-science.com\/de\/wp-json\/wp\/v2\/pages\/3160\/revisions"}],"predecessor-version":[{"id":4903,"href":"https:\/\/theory-of-science.com\/de\/wp-json\/wp\/v2\/pages\/3160\/revisions\/4903"}],"up":[{"embeddable":true,"href":"https:\/\/theory-of-science.com\/de\/wp-json\/wp\/v2\/pages\/454"}],"wp:attachment":[{"href":"https:\/\/theory-of-science.com\/de\/wp-json\/wp\/v2\/media?parent=3160"}],"curies":[{"name":"wp","href":"https:\/\/api.w.org\/{rel}","templated":true}]}}