{"id":327,"date":"2017-05-29T16:09:12","date_gmt":"2017-05-29T14:09:12","guid":{"rendered":"http:\/\/theory-of-science.com\/de\/?page_id=327"},"modified":"2021-02-03T14:51:47","modified_gmt":"2021-02-03T13:51:47","slug":"uebung-07-01","status":"publish","type":"page","link":"https:\/\/theory-of-science.com\/de\/uebungen\/abschnitt-07\/uebung-07-01\/","title":{"rendered":"\u00dc7-1: Atomare, variablenfreie S\u00e4tze"},"content":{"rendered":"\n<p>Ein Satz ist atomar, wenn er genau aus einem Pr\u00e4dikat, welches <em>n <\/em>Stellen hat, und aus <em>n<\/em> Substantiven besteht&nbsp;\u2014 und aus keinen weiteren W\u00f6rtern.<br>Dabei ist <em>n<\/em> eine nat\u00fcrliche Zahl: 0, 1, 2, 3, &#8230;. In S\u00e4tzen k\u00f6nnen auch konkrete Zahlen vorkommen.<\/p>\n\n\n\n<p>Bei den 0-stelligen Pr\u00e4dikaten gibt es atomare S\u00e4tze, die aus einem Verb im Imperativ bestehen.<br><em>Beispiele<\/em>:<br>&#8211; Peter geht<br>&#8211; Uta mag Udo<br>&#8211; der Mond steht gerade zwischen der Erde und der Sonne<br>&#8211; Familie Schmidt hat die Kinder Peter, Uta, Udo, Hansi und Maria<br>&#8211; G. Schmidt hat 2 Kinder und besitzt 1 Auto, 2 H\u00e4user, 1 Ferienappartement und 2 Millionen Euro<br>&#8211; die Kraft auf die Erde ist zu diesem Zeitpunkt gleich der Masse der Erde multipliziert mit der Beschleunigung der Erde<br>&#8211; mein Lottogewinn betr\u00e4gt 31,32 Euro.<br>&#8211; Geh!<br>&#8211; Leg los!<br>Einige <em>satzartige Terme<\/em> mit Variablen:<br>&#8211; Peter mag <em>X<\/em><br>&#8211; Planet <em>Y<\/em> liegt zwischen der Sonne und der Erde<br>&#8211; Familie Schmidt hat 2 Kinder und besitzt <em>Z<\/em> Autos, 2 H\u00e4user, 1 Ferienappartement, und <em>X<\/em> Euro.<\/p>\n\n\n\n<p><strong>a)<\/strong> Bilden Sie vier atomare, variablenfreie S\u00e4tze aus zwei Theorien aus Ihrem Wissensbereich.<\/p>\n\n\n\n<p><strong>b)<\/strong> Bilden Sie 2 atomare, variablenfreie S\u00e4tze, die jeweils mindestens vier Substantive oder Namen enthalten.<\/p>\n\n\n\n<p><strong>c)<\/strong> Bilden Sie 3 satzartige Terme aus der Nutzentheorie, die Variable enthalten.<\/p>\n\n\n\n<p><strong>d)<\/strong> Formulieren Sie aus zwei Theorien aus Ihrem Wissensbereich vier nicht atomare S\u00e4tze.<br><\/p>\n\n\n<ul class=\"nav nav-pills nav-justified\">\n<li><a href=\"https:\/\/theory-of-science.com\/de\/uebungen\/abschnitt-06\/uebung-06-15\/\">&lt;&lt;&lt;<\/a><\/li>\n<li><a href=\"https:\/\/theory-of-science.com\/de\/uebungen\/abschnitt-07\/uebung-07-02\/\">&gt;&gt;&gt;<\/a><\/li>\n<\/ul>\n","protected":false},"excerpt":{"rendered":"<p>Ein Satz ist atomar, wenn er genau aus einem Pr\u00e4dikat, welches n Stellen hat, und aus n Substantiven besteht&nbsp;\u2014 und aus keinen weiteren W\u00f6rtern.Dabei ist n eine nat\u00fcrliche Zahl: 0, 1, 2, 3, &#8230;. In S\u00e4tzen k\u00f6nnen auch konkrete Zahlen vorkommen. Bei den 0-stelligen Pr\u00e4dikaten gibt es atomare S\u00e4tze, die aus einem Verb im Imperativ [&hellip;]<\/p>\n","protected":false},"author":1,"featured_media":0,"parent":52,"menu_order":1,"comment_status":"closed","ping_status":"closed","template":"page-fullwidth.php","meta":{"footnotes":""},"class_list":["post-327","page","type-page","status-publish","hentry"],"_links":{"self":[{"href":"https:\/\/theory-of-science.com\/de\/wp-json\/wp\/v2\/pages\/327","targetHints":{"allow":["GET"]}}],"collection":[{"href":"https:\/\/theory-of-science.com\/de\/wp-json\/wp\/v2\/pages"}],"about":[{"href":"https:\/\/theory-of-science.com\/de\/wp-json\/wp\/v2\/types\/page"}],"author":[{"embeddable":true,"href":"https:\/\/theory-of-science.com\/de\/wp-json\/wp\/v2\/users\/1"}],"replies":[{"embeddable":true,"href":"https:\/\/theory-of-science.com\/de\/wp-json\/wp\/v2\/comments?post=327"}],"version-history":[{"count":8,"href":"https:\/\/theory-of-science.com\/de\/wp-json\/wp\/v2\/pages\/327\/revisions"}],"predecessor-version":[{"id":4355,"href":"https:\/\/theory-of-science.com\/de\/wp-json\/wp\/v2\/pages\/327\/revisions\/4355"}],"up":[{"embeddable":true,"href":"https:\/\/theory-of-science.com\/de\/wp-json\/wp\/v2\/pages\/52"}],"wp:attachment":[{"href":"https:\/\/theory-of-science.com\/de\/wp-json\/wp\/v2\/media?parent=327"}],"curies":[{"name":"wp","href":"https:\/\/api.w.org\/{rel}","templated":true}]}}