{"id":330,"date":"2017-05-29T16:09:56","date_gmt":"2017-05-29T14:09:56","guid":{"rendered":"http:\/\/theory-of-science.com\/de\/?page_id=330"},"modified":"2021-02-06T12:10:30","modified_gmt":"2021-02-06T11:10:30","slug":"uebung-07-02","status":"publish","type":"page","link":"https:\/\/theory-of-science.com\/de\/uebungen\/abschnitt-07\/uebung-07-02\/","title":{"rendered":"\u00dc7-2: Faktensammlung als eine Liste"},"content":{"rendered":"\n<p>Eine Faktensammlung, welche im Buch die Form<\/p>\n\n\n\n<p><\/p><p style=\"padding-left:30px;\">\u2329 <img loading=\"lazy\" decoding=\"async\" src=\"https:\/\/theory-of-science.com\/de\/wp-content\/ql-cache\/quicklatex.com-e3288580830253db3fd053660b8ba6e0_l3.png\" class=\"ql-img-inline-formula quicklatex-auto-format\" alt=\"&#71;&#94;&#42;&#95;&#49;&#44;&#32;&#46;&#46;&#46;&#44;&#32;&#71;&#94;&#42;&#95;&#123;&#92;&#107;&#97;&#112;&#112;&#97;&#125;&#44;&#32;&#72;&#94;&#42;&#95;&#49;&#44;&#32;&#46;&#46;&#46;&#44;&#32;&#72;&#94;&#42;&#95;&#123;&#92;&#109;&#117;&#125;&#44;&#32;&#82;&#94;&#42;&#95;&#49;&#44;&#32;&#46;&#46;&#46;&#44;&#32;&#82;&#94;&#42;&#95;&#123;&#92;&#110;&#117;&#125;\" title=\"Rendered by QuickLaTeX.com\" height=\"17\" width=\"198\" style=\"vertical-align: -6px;\"\/> \u232a<\/p><p><\/p>\n\n\n\n<p>hat, wird in den Anwendungen der verschiedenen Disziplinen normalerweise <em>nicht<\/em> mengentheoretisch dargestellt. Meistens werden einfach verschiedene Listen (oder Spalten) angelegt, wobei die Grundmengen, Hilfsbasismengen, Relationen, Objekte und Sachverhalte eing\u00e4ngige Bezeichnungen tragen. Wir verwenden hier daher die W\u00f6rter <em>Grundmenge<\/em><img loading=\"lazy\" decoding=\"async\" src=\"https:\/\/theory-of-science.com\/de\/wp-content\/ql-cache\/quicklatex.com-58c51400cc713afc01ad9f1d1d399991_l3.png\" class=\"ql-img-inline-formula quicklatex-auto-format\" alt=\"&#36;&#95;&#105;&#36;\" title=\"Rendered by QuickLaTeX.com\" height=\"8\" width=\"4\" style=\"vertical-align: -2px;\"\/>, <em>Hilfsbasismenge<\/em><img loading=\"lazy\" decoding=\"async\" src=\"https:\/\/theory-of-science.com\/de\/wp-content\/ql-cache\/quicklatex.com-72429cb593c16c0b15a3dcb6029d219b_l3.png\" class=\"ql-img-inline-formula quicklatex-auto-format\" alt=\"&#36;&#95;&#106;&#36;\" title=\"Rendered by QuickLaTeX.com\" height=\"10\" width=\"6\" style=\"vertical-align: -4px;\"\/>, <em>Relation<\/em><img loading=\"lazy\" decoding=\"async\" src=\"https:\/\/theory-of-science.com\/de\/wp-content\/ql-cache\/quicklatex.com-434536807c61f4b5f1a7b390b66d1938_l3.png\" class=\"ql-img-inline-formula quicklatex-auto-format\" alt=\"&#36;&#95;&#107;&#36;\" title=\"Rendered by QuickLaTeX.com\" height=\"8\" width=\"6\" style=\"vertical-align: -2px;\"\/>, Objekt<img loading=\"lazy\" decoding=\"async\" src=\"https:\/\/theory-of-science.com\/de\/wp-content\/ql-cache\/quicklatex.com-260e8bafe4dbf329d658619c40b5cd5d_l3.png\" class=\"ql-img-inline-formula quicklatex-auto-format\" alt=\"&#36;&#94;&#114;&#95;&#115;&#36;\" title=\"Rendered by QuickLaTeX.com\" height=\"14\" width=\"5\" style=\"vertical-align: -4px;\"\/> und Sachverhalt<img loading=\"lazy\" decoding=\"async\" src=\"https:\/\/theory-of-science.com\/de\/wp-content\/ql-cache\/quicklatex.com-118d62d1d9a7217cd79cfc0aa8c868b0_l3.png\" class=\"ql-img-inline-formula quicklatex-auto-format\" alt=\"&#36;&#94;&#116;&#95;&#117;&#36;\" title=\"Rendered by QuickLaTeX.com\" height=\"16\" width=\"7\" style=\"vertical-align: -4px;\"\/> mit den Indizes i, j, k, r, s, t, u.<\/p>\n\n\n\n<p>Zum Beispiel werden Listen folgender Form angelegt:<br>Grundmenge<img loading=\"lazy\" decoding=\"async\" src=\"https:\/\/theory-of-science.com\/de\/wp-content\/ql-cache\/quicklatex.com-ffe94b6dac450114c021b5fdd37659bd_l3.png\" class=\"ql-img-inline-formula quicklatex-auto-format\" alt=\"&#36;&#95;&#49;&#36;\" title=\"Rendered by QuickLaTeX.com\" height=\"9\" width=\"4\" style=\"vertical-align: -3px;\"\/>: Objekt<img loading=\"lazy\" decoding=\"async\" src=\"https:\/\/theory-of-science.com\/de\/wp-content\/ql-cache\/quicklatex.com-d50aabafa8008bfb4f52da2b4b0587e9_l3.png\" class=\"ql-img-inline-formula quicklatex-auto-format\" alt=\"&#36;&#94;&#49;&#95;&#49;&#36;\" title=\"Rendered by QuickLaTeX.com\" height=\"18\" width=\"4\" style=\"vertical-align: -5px;\"\/>, Objekt<img loading=\"lazy\" decoding=\"async\" src=\"https:\/\/theory-of-science.com\/de\/wp-content\/ql-cache\/quicklatex.com-d098677f09784fce3e08d2b97ad02fc9_l3.png\" class=\"ql-img-inline-formula quicklatex-auto-format\" alt=\"&#36;&#94;&#49;&#95;&#50;&#36;\" title=\"Rendered by QuickLaTeX.com\" height=\"17\" width=\"6\" style=\"vertical-align: -4px;\"\/>, Objekt<img loading=\"lazy\" decoding=\"async\" src=\"https:\/\/theory-of-science.com\/de\/wp-content\/ql-cache\/quicklatex.com-f1ef6e54195c799768c3f58946eef6a3_l3.png\" class=\"ql-img-inline-formula quicklatex-auto-format\" alt=\"&#36;&#94;&#49;&#95;&#51;&#36;\" title=\"Rendered by QuickLaTeX.com\" height=\"17\" width=\"6\" style=\"vertical-align: -4px;\"\/>, Objekt<img loading=\"lazy\" decoding=\"async\" src=\"https:\/\/theory-of-science.com\/de\/wp-content\/ql-cache\/quicklatex.com-2a4c43d03e2181a1cfb06f740a6066bf_l3.png\" class=\"ql-img-inline-formula quicklatex-auto-format\" alt=\"&#36;&#94;&#49;&#95;&#52;&#36;\" title=\"Rendered by QuickLaTeX.com\" height=\"17\" width=\"6\" style=\"vertical-align: -4px;\"\/>, Objekt<img loading=\"lazy\" decoding=\"async\" src=\"https:\/\/theory-of-science.com\/de\/wp-content\/ql-cache\/quicklatex.com-8fd8fd92d773591d1952688acdff2ae0_l3.png\" class=\"ql-img-inline-formula quicklatex-auto-format\" alt=\"&#36;&#94;&#49;&#95;&#53;&#36;\" title=\"Rendered by QuickLaTeX.com\" height=\"17\" width=\"6\" style=\"vertical-align: -4px;\"\/>, Objekt<img loading=\"lazy\" decoding=\"async\" src=\"https:\/\/theory-of-science.com\/de\/wp-content\/ql-cache\/quicklatex.com-cc19da39b6d1291b8825f053e5036dc4_l3.png\" class=\"ql-img-inline-formula quicklatex-auto-format\" alt=\"&#36;&#94;&#49;&#95;&#55;&#36;\" title=\"Rendered by QuickLaTeX.com\" height=\"17\" width=\"6\" style=\"vertical-align: -4px;\"\/>, &#8230;, Objekt<img loading=\"lazy\" decoding=\"async\" src=\"https:\/\/theory-of-science.com\/de\/wp-content\/ql-cache\/quicklatex.com-a8dfb349a1e5a4373932a784751b1086_l3.png\" class=\"ql-img-inline-formula quicklatex-auto-format\" alt=\"&#36;&#94;&#49;&#95;&#123;&#52;&#50;&#51;&#125;&#36;\" title=\"Rendered by QuickLaTeX.com\" height=\"17\" width=\"18\" style=\"vertical-align: -4px;\"\/><br>Grundmenge<img loading=\"lazy\" decoding=\"async\" src=\"https:\/\/theory-of-science.com\/de\/wp-content\/ql-cache\/quicklatex.com-a31c536901286ba5d1f1bee564f0b05d_l3.png\" class=\"ql-img-inline-formula quicklatex-auto-format\" alt=\"&#36;&#95;&#50;&#36;\" title=\"Rendered by QuickLaTeX.com\" height=\"8\" width=\"6\" style=\"vertical-align: -2px;\"\/>: Objekt<img loading=\"lazy\" decoding=\"async\" src=\"https:\/\/theory-of-science.com\/de\/wp-content\/ql-cache\/quicklatex.com-ca564f8ec0be01b37c6b6efe7c43910f_l3.png\" class=\"ql-img-inline-formula quicklatex-auto-format\" alt=\"&#36;&#94;&#50;&#95;&#49;&#36;\" title=\"Rendered by QuickLaTeX.com\" height=\"18\" width=\"6\" style=\"vertical-align: -5px;\"\/>, Objekt<img loading=\"lazy\" decoding=\"async\" src=\"https:\/\/theory-of-science.com\/de\/wp-content\/ql-cache\/quicklatex.com-29e10677a978ac648b3da707e454a88b_l3.png\" class=\"ql-img-inline-formula quicklatex-auto-format\" alt=\"&#36;&#94;&#50;&#95;&#50;&#36;\" title=\"Rendered by QuickLaTeX.com\" height=\"17\" width=\"6\" style=\"vertical-align: -4px;\"\/>, Objekt<img loading=\"lazy\" decoding=\"async\" src=\"https:\/\/theory-of-science.com\/de\/wp-content\/ql-cache\/quicklatex.com-59e293592234ee8d8f1777867b8375ef_l3.png\" class=\"ql-img-inline-formula quicklatex-auto-format\" alt=\"&#36;&#94;&#50;&#95;&#51;&#36;\" title=\"Rendered by QuickLaTeX.com\" height=\"17\" width=\"6\" style=\"vertical-align: -4px;\"\/>, Objekt<img loading=\"lazy\" decoding=\"async\" src=\"https:\/\/theory-of-science.com\/de\/wp-content\/ql-cache\/quicklatex.com-1625a3d6dce24126b14aa58751fc3027_l3.png\" class=\"ql-img-inline-formula quicklatex-auto-format\" alt=\"&#36;&#94;&#50;&#95;&#52;&#36;\" title=\"Rendered by QuickLaTeX.com\" height=\"17\" width=\"6\" style=\"vertical-align: -4px;\"\/>, Objekt<img loading=\"lazy\" decoding=\"async\" src=\"https:\/\/theory-of-science.com\/de\/wp-content\/ql-cache\/quicklatex.com-5f983a05dfdde970f22bb9d8b9bb0d99_l3.png\" class=\"ql-img-inline-formula quicklatex-auto-format\" alt=\"&#36;&#94;&#50;&#95;&#53;&#36;\" title=\"Rendered by QuickLaTeX.com\" height=\"17\" width=\"6\" style=\"vertical-align: -4px;\"\/>, Objekt<img loading=\"lazy\" decoding=\"async\" src=\"https:\/\/theory-of-science.com\/de\/wp-content\/ql-cache\/quicklatex.com-135008464246f6980e50391d53fce538_l3.png\" class=\"ql-img-inline-formula quicklatex-auto-format\" alt=\"&#36;&#94;&#50;&#95;&#54;&#36;\" title=\"Rendered by QuickLaTeX.com\" height=\"17\" width=\"6\" style=\"vertical-align: -4px;\"\/>, &#8230;, Objekt<img loading=\"lazy\" decoding=\"async\" src=\"https:\/\/theory-of-science.com\/de\/wp-content\/ql-cache\/quicklatex.com-6fb7c2e9864765c064dce29ad2bee97f_l3.png\" class=\"ql-img-inline-formula quicklatex-auto-format\" alt=\"&#36;&#94;&#50;&#95;&#123;&#53;&#54;&#125;&#36;\" title=\"Rendered by QuickLaTeX.com\" height=\"17\" width=\"12\" style=\"vertical-align: -4px;\"\/><br>Grundmenge<img loading=\"lazy\" decoding=\"async\" src=\"https:\/\/theory-of-science.com\/de\/wp-content\/ql-cache\/quicklatex.com-b1e811119fcdf4e7e0ab4dbd242385bf_l3.png\" class=\"ql-img-inline-formula quicklatex-auto-format\" alt=\"&#36;&#95;&#51;&#36;\" title=\"Rendered by QuickLaTeX.com\" height=\"8\" width=\"6\" style=\"vertical-align: -2px;\"\/>: Objekt<img loading=\"lazy\" decoding=\"async\" src=\"https:\/\/theory-of-science.com\/de\/wp-content\/ql-cache\/quicklatex.com-2edbfc06452b96e1561df4fc60f15b06_l3.png\" class=\"ql-img-inline-formula quicklatex-auto-format\" alt=\"&#36;&#94;&#51;&#95;&#49;&#36;\" title=\"Rendered by QuickLaTeX.com\" height=\"18\" width=\"6\" style=\"vertical-align: -5px;\"\/>, Objekt<img loading=\"lazy\" decoding=\"async\" src=\"https:\/\/theory-of-science.com\/de\/wp-content\/ql-cache\/quicklatex.com-62833437861d55883ab35b79b89533d3_l3.png\" class=\"ql-img-inline-formula quicklatex-auto-format\" alt=\"&#36;&#94;&#51;&#95;&#50;&#36;\" title=\"Rendered by QuickLaTeX.com\" height=\"17\" width=\"6\" style=\"vertical-align: -4px;\"\/>, Objekt<img loading=\"lazy\" decoding=\"async\" src=\"https:\/\/theory-of-science.com\/de\/wp-content\/ql-cache\/quicklatex.com-031545a516548ec3384449b9fc3ed185_l3.png\" class=\"ql-img-inline-formula quicklatex-auto-format\" alt=\"&#36;&#94;&#51;&#95;&#51;&#36;\" title=\"Rendered by QuickLaTeX.com\" height=\"17\" width=\"6\" style=\"vertical-align: -4px;\"\/>, Objekt<img loading=\"lazy\" decoding=\"async\" src=\"https:\/\/theory-of-science.com\/de\/wp-content\/ql-cache\/quicklatex.com-8fe22ec62ac0d41456697f489d4ff869_l3.png\" class=\"ql-img-inline-formula quicklatex-auto-format\" alt=\"&#36;&#94;&#51;&#95;&#52;&#36;\" title=\"Rendered by QuickLaTeX.com\" height=\"17\" width=\"6\" style=\"vertical-align: -4px;\"\/>, Objekt<img loading=\"lazy\" decoding=\"async\" src=\"https:\/\/theory-of-science.com\/de\/wp-content\/ql-cache\/quicklatex.com-c722c259c8a2331306746864d4ba44bd_l3.png\" class=\"ql-img-inline-formula quicklatex-auto-format\" alt=\"&#36;&#94;&#51;&#95;&#53;&#36;\" title=\"Rendered by QuickLaTeX.com\" height=\"17\" width=\"6\" style=\"vertical-align: -4px;\"\/>, Objekt<img loading=\"lazy\" decoding=\"async\" src=\"https:\/\/theory-of-science.com\/de\/wp-content\/ql-cache\/quicklatex.com-414671a352e280d6584c9ab7213e4f24_l3.png\" class=\"ql-img-inline-formula quicklatex-auto-format\" alt=\"&#36;&#94;&#51;&#95;&#54;&#36;\" title=\"Rendered by QuickLaTeX.com\" height=\"17\" width=\"6\" style=\"vertical-align: -4px;\"\/>, &#8230;, Objekt<img loading=\"lazy\" decoding=\"async\" src=\"https:\/\/theory-of-science.com\/de\/wp-content\/ql-cache\/quicklatex.com-a3fed72f5d9099366da7f220dc2c6cba_l3.png\" class=\"ql-img-inline-formula quicklatex-auto-format\" alt=\"&#36;&#94;&#51;&#95;&#123;&#49;&#54;&#50;&#48;&#50;&#125;&#36;\" title=\"Rendered by QuickLaTeX.com\" height=\"18\" width=\"30\" style=\"vertical-align: -5px;\"\/><\/p>\n\n\n\n<p><em>Hilfsbasismengen<\/em> (werden meist nicht gesondert angegeben)<\/p>\n\n\n\n<p><em>Relation<\/em><img loading=\"lazy\" decoding=\"async\" src=\"https:\/\/theory-of-science.com\/de\/wp-content\/ql-cache\/quicklatex.com-ffe94b6dac450114c021b5fdd37659bd_l3.png\" class=\"ql-img-inline-formula quicklatex-auto-format\" alt=\"&#36;&#95;&#49;&#36;\" title=\"Rendered by QuickLaTeX.com\" height=\"9\" width=\"4\" style=\"vertical-align: -3px;\"\/>: Sachverhalt<img loading=\"lazy\" decoding=\"async\" src=\"https:\/\/theory-of-science.com\/de\/wp-content\/ql-cache\/quicklatex.com-d50aabafa8008bfb4f52da2b4b0587e9_l3.png\" class=\"ql-img-inline-formula quicklatex-auto-format\" alt=\"&#36;&#94;&#49;&#95;&#49;&#36;\" title=\"Rendered by QuickLaTeX.com\" height=\"18\" width=\"4\" style=\"vertical-align: -5px;\"\/>, Sachverhalt<img loading=\"lazy\" decoding=\"async\" src=\"https:\/\/theory-of-science.com\/de\/wp-content\/ql-cache\/quicklatex.com-d098677f09784fce3e08d2b97ad02fc9_l3.png\" class=\"ql-img-inline-formula quicklatex-auto-format\" alt=\"&#36;&#94;&#49;&#95;&#50;&#36;\" title=\"Rendered by QuickLaTeX.com\" height=\"17\" width=\"6\" style=\"vertical-align: -4px;\"\/>, Sachverhalt<img loading=\"lazy\" decoding=\"async\" src=\"https:\/\/theory-of-science.com\/de\/wp-content\/ql-cache\/quicklatex.com-f1ef6e54195c799768c3f58946eef6a3_l3.png\" class=\"ql-img-inline-formula quicklatex-auto-format\" alt=\"&#36;&#94;&#49;&#95;&#51;&#36;\" title=\"Rendered by QuickLaTeX.com\" height=\"17\" width=\"6\" style=\"vertical-align: -4px;\"\/>, Sachverhalt<img loading=\"lazy\" decoding=\"async\" src=\"https:\/\/theory-of-science.com\/de\/wp-content\/ql-cache\/quicklatex.com-2a4c43d03e2181a1cfb06f740a6066bf_l3.png\" class=\"ql-img-inline-formula quicklatex-auto-format\" alt=\"&#36;&#94;&#49;&#95;&#52;&#36;\" title=\"Rendered by QuickLaTeX.com\" height=\"17\" width=\"6\" style=\"vertical-align: -4px;\"\/>, &#8230;, Sachverhalt<img loading=\"lazy\" decoding=\"async\" src=\"https:\/\/theory-of-science.com\/de\/wp-content\/ql-cache\/quicklatex.com-523eb859ccc537e0e57b087b9c362479_l3.png\" class=\"ql-img-inline-formula quicklatex-auto-format\" alt=\"&#36;&#94;&#49;&#95;&#123;&#51;&#51;&#49;&#125;&#36;\" title=\"Rendered by QuickLaTeX.com\" height=\"18\" width=\"17\" style=\"vertical-align: -5px;\"\/><br><em>Relation<\/em><img loading=\"lazy\" decoding=\"async\" src=\"https:\/\/theory-of-science.com\/de\/wp-content\/ql-cache\/quicklatex.com-a31c536901286ba5d1f1bee564f0b05d_l3.png\" class=\"ql-img-inline-formula quicklatex-auto-format\" alt=\"&#36;&#95;&#50;&#36;\" title=\"Rendered by QuickLaTeX.com\" height=\"8\" width=\"6\" style=\"vertical-align: -2px;\"\/>: Sachverhalt<img loading=\"lazy\" decoding=\"async\" src=\"https:\/\/theory-of-science.com\/de\/wp-content\/ql-cache\/quicklatex.com-ca564f8ec0be01b37c6b6efe7c43910f_l3.png\" class=\"ql-img-inline-formula quicklatex-auto-format\" alt=\"&#36;&#94;&#50;&#95;&#49;&#36;\" title=\"Rendered by QuickLaTeX.com\" height=\"18\" width=\"6\" style=\"vertical-align: -5px;\"\/>, Sachverhalt<img loading=\"lazy\" decoding=\"async\" src=\"https:\/\/theory-of-science.com\/de\/wp-content\/ql-cache\/quicklatex.com-29e10677a978ac648b3da707e454a88b_l3.png\" class=\"ql-img-inline-formula quicklatex-auto-format\" alt=\"&#36;&#94;&#50;&#95;&#50;&#36;\" title=\"Rendered by QuickLaTeX.com\" height=\"17\" width=\"6\" style=\"vertical-align: -4px;\"\/>, Sachverhalt<img loading=\"lazy\" decoding=\"async\" src=\"https:\/\/theory-of-science.com\/de\/wp-content\/ql-cache\/quicklatex.com-59e293592234ee8d8f1777867b8375ef_l3.png\" class=\"ql-img-inline-formula quicklatex-auto-format\" alt=\"&#36;&#94;&#50;&#95;&#51;&#36;\" title=\"Rendered by QuickLaTeX.com\" height=\"17\" width=\"6\" style=\"vertical-align: -4px;\"\/>, Sachverhalt<img loading=\"lazy\" decoding=\"async\" src=\"https:\/\/theory-of-science.com\/de\/wp-content\/ql-cache\/quicklatex.com-1625a3d6dce24126b14aa58751fc3027_l3.png\" class=\"ql-img-inline-formula quicklatex-auto-format\" alt=\"&#36;&#94;&#50;&#95;&#52;&#36;\" title=\"Rendered by QuickLaTeX.com\" height=\"17\" width=\"6\" style=\"vertical-align: -4px;\"\/>, &#8230;, Sachverhalt<img loading=\"lazy\" decoding=\"async\" src=\"https:\/\/theory-of-science.com\/de\/wp-content\/ql-cache\/quicklatex.com-6270baf93191df06b8e39b2c2a84a8b0_l3.png\" class=\"ql-img-inline-formula quicklatex-auto-format\" alt=\"&#36;&#94;&#50;&#95;&#123;&#49;&#51;&#50;&#125;&#36;\" title=\"Rendered by QuickLaTeX.com\" height=\"18\" width=\"18\" style=\"vertical-align: -5px;\"\/><br><em>Relation<\/em><img loading=\"lazy\" decoding=\"async\" src=\"https:\/\/theory-of-science.com\/de\/wp-content\/ql-cache\/quicklatex.com-b1e811119fcdf4e7e0ab4dbd242385bf_l3.png\" class=\"ql-img-inline-formula quicklatex-auto-format\" alt=\"&#36;&#95;&#51;&#36;\" title=\"Rendered by QuickLaTeX.com\" height=\"8\" width=\"6\" style=\"vertical-align: -2px;\"\/>: Sachverhalt<img loading=\"lazy\" decoding=\"async\" src=\"https:\/\/theory-of-science.com\/de\/wp-content\/ql-cache\/quicklatex.com-2edbfc06452b96e1561df4fc60f15b06_l3.png\" class=\"ql-img-inline-formula quicklatex-auto-format\" alt=\"&#36;&#94;&#51;&#95;&#49;&#36;\" title=\"Rendered by QuickLaTeX.com\" height=\"18\" width=\"6\" style=\"vertical-align: -5px;\"\/>, Sachverhalt<img loading=\"lazy\" decoding=\"async\" src=\"https:\/\/theory-of-science.com\/de\/wp-content\/ql-cache\/quicklatex.com-62833437861d55883ab35b79b89533d3_l3.png\" class=\"ql-img-inline-formula quicklatex-auto-format\" alt=\"&#36;&#94;&#51;&#95;&#50;&#36;\" title=\"Rendered by QuickLaTeX.com\" height=\"17\" width=\"6\" style=\"vertical-align: -4px;\"\/>, Sachverhalt<img loading=\"lazy\" decoding=\"async\" src=\"https:\/\/theory-of-science.com\/de\/wp-content\/ql-cache\/quicklatex.com-031545a516548ec3384449b9fc3ed185_l3.png\" class=\"ql-img-inline-formula quicklatex-auto-format\" alt=\"&#36;&#94;&#51;&#95;&#51;&#36;\" title=\"Rendered by QuickLaTeX.com\" height=\"17\" width=\"6\" style=\"vertical-align: -4px;\"\/>, Sachverhalt<img loading=\"lazy\" decoding=\"async\" src=\"https:\/\/theory-of-science.com\/de\/wp-content\/ql-cache\/quicklatex.com-8fe22ec62ac0d41456697f489d4ff869_l3.png\" class=\"ql-img-inline-formula quicklatex-auto-format\" alt=\"&#36;&#94;&#51;&#95;&#52;&#36;\" title=\"Rendered by QuickLaTeX.com\" height=\"17\" width=\"6\" style=\"vertical-align: -4px;\"\/>, &#8230;, Sachverhalt<img loading=\"lazy\" decoding=\"async\" src=\"https:\/\/theory-of-science.com\/de\/wp-content\/ql-cache\/quicklatex.com-e5b773975699c15ef9d8ebeac13d460b_l3.png\" class=\"ql-img-inline-formula quicklatex-auto-format\" alt=\"&#36;&#94;&#51;&#95;&#123;&#50;&#52;&#125;&#36;\" title=\"Rendered by QuickLaTeX.com\" height=\"17\" width=\"12\" style=\"vertical-align: -4px;\"\/><br><em>Relation<\/em><img loading=\"lazy\" decoding=\"async\" src=\"https:\/\/theory-of-science.com\/de\/wp-content\/ql-cache\/quicklatex.com-c6a42d4612c8885b5b87fd75cdc0e3e7_l3.png\" class=\"ql-img-inline-formula quicklatex-auto-format\" alt=\"&#36;&#95;&#52;&#36;\" title=\"Rendered by QuickLaTeX.com\" height=\"8\" width=\"6\" style=\"vertical-align: -2px;\"\/>: Sachverhalt<img loading=\"lazy\" decoding=\"async\" src=\"https:\/\/theory-of-science.com\/de\/wp-content\/ql-cache\/quicklatex.com-6e97aa7bfb888d94b4a8359d5de83dde_l3.png\" class=\"ql-img-inline-formula quicklatex-auto-format\" alt=\"&#36;&#94;&#52;&#95;&#49;&#36;\" title=\"Rendered by QuickLaTeX.com\" height=\"18\" width=\"6\" style=\"vertical-align: -5px;\"\/>, Sachverhalt<img loading=\"lazy\" decoding=\"async\" src=\"https:\/\/theory-of-science.com\/de\/wp-content\/ql-cache\/quicklatex.com-b3872239d55a1e8817ad0806eb7aaa0b_l3.png\" class=\"ql-img-inline-formula quicklatex-auto-format\" alt=\"&#36;&#94;&#52;&#95;&#50;&#36;\" title=\"Rendered by QuickLaTeX.com\" height=\"17\" width=\"6\" style=\"vertical-align: -4px;\"\/>, Sachverhalt<img loading=\"lazy\" decoding=\"async\" src=\"https:\/\/theory-of-science.com\/de\/wp-content\/ql-cache\/quicklatex.com-4042eb859ad064dabf2b6720ec248e91_l3.png\" class=\"ql-img-inline-formula quicklatex-auto-format\" alt=\"&#36;&#94;&#52;&#95;&#51;&#36;\" title=\"Rendered by QuickLaTeX.com\" height=\"17\" width=\"6\" style=\"vertical-align: -4px;\"\/>, Sachverhalt<img loading=\"lazy\" decoding=\"async\" src=\"https:\/\/theory-of-science.com\/de\/wp-content\/ql-cache\/quicklatex.com-0db1cad526a423feea1fc9b617e43798_l3.png\" class=\"ql-img-inline-formula quicklatex-auto-format\" alt=\"&#36;&#94;&#52;&#95;&#52;&#36;\" title=\"Rendered by QuickLaTeX.com\" height=\"17\" width=\"6\" style=\"vertical-align: -4px;\"\/>, &#8230;, Sachverhalt<img loading=\"lazy\" decoding=\"async\" src=\"https:\/\/theory-of-science.com\/de\/wp-content\/ql-cache\/quicklatex.com-a989b5b1d23a3fd093adb63a1a839cef_l3.png\" class=\"ql-img-inline-formula quicklatex-auto-format\" alt=\"&#36;&#94;&#52;&#95;&#123;&#57;&#52;&#52;&#50;&#125;&#36;\" title=\"Rendered by QuickLaTeX.com\" height=\"17\" width=\"24\" style=\"vertical-align: -4px;\"\/><\/p>\n\n\n\n<p><strong>a)<\/strong> Stellen Sie sich vor, Sie w\u00e4ren ein Mitarbeiter eines Umfrageprojektes und w\u00fcrden die erhobenen Fakten eintragen. Wie w\u00fcrden Sie diese zu erstellende Faktensammlung nennen, so dass sp\u00e4ter auch andere Wissenschaftler das Umfrageprojekt von anderen Projekten unterscheiden k\u00f6nnen.<\/p>\n\n\n\n<p><strong>b)<\/strong> Notieren Sie Fakten, die zur selben Faktengruppe geh\u00f6ren lieber zeilenweise oder spaltenweise? W\u00e4gen Sie ab, welche der beiden Arten beim Eintragen der Fakten f\u00fcr Sie einfacher ist.<\/p>\n\n\n\n<p><strong>c)<\/strong> Nehmen Sie an, Sie w\u00e4ren in einer Labormessung in der Zellbiologie damit besch\u00e4ftigt, Zellen zweier Arten, die an einem Stab h\u00e4ngen zu unterscheiden. Die beiden Zellarten sind rot und blau gef\u00e4rbt. Bilden Sie zwei Zeilen und tragen Sie f\u00fcr jede Zelle einen Strich in einer der Zeilen ein, je nach Farbe der Zelle. Verdecken Sie dabei alle schon untersuchten Zellen.<br><\/p>\n\n\n<ul class=\"nav nav-pills nav-justified\">\n<li><a href=\"https:\/\/theory-of-science.com\/de\/uebungen\/abschnitt-07\/uebung-07-01\/\">&lt;&lt;&lt;<\/a><\/li>\n<li><a href=\"https:\/\/theory-of-science.com\/de\/uebungen\/abschnitt-07\/uebung-07-03\/\">&gt;&gt;&gt;<\/a><\/li>\n<\/ul>\n","protected":false},"excerpt":{"rendered":"<p>Eine Faktensammlung, welche im Buch die Form \u2329 \u232a hat, wird in den Anwendungen der verschiedenen Disziplinen normalerweise nicht mengentheoretisch dargestellt. Meistens werden einfach verschiedene Listen (oder Spalten) angelegt, wobei die Grundmengen, Hilfsbasismengen, Relationen, Objekte und Sachverhalte eing\u00e4ngige Bezeichnungen tragen. Wir verwenden hier daher die W\u00f6rter Grundmenge, Hilfsbasismenge, Relation, Objekt und Sachverhalt mit den Indizes [&hellip;]<\/p>\n","protected":false},"author":1,"featured_media":0,"parent":52,"menu_order":2,"comment_status":"closed","ping_status":"closed","template":"page-fullwidth.php","meta":{"footnotes":""},"class_list":["post-330","page","type-page","status-publish","hentry"],"_links":{"self":[{"href":"https:\/\/theory-of-science.com\/de\/wp-json\/wp\/v2\/pages\/330","targetHints":{"allow":["GET"]}}],"collection":[{"href":"https:\/\/theory-of-science.com\/de\/wp-json\/wp\/v2\/pages"}],"about":[{"href":"https:\/\/theory-of-science.com\/de\/wp-json\/wp\/v2\/types\/page"}],"author":[{"embeddable":true,"href":"https:\/\/theory-of-science.com\/de\/wp-json\/wp\/v2\/users\/1"}],"replies":[{"embeddable":true,"href":"https:\/\/theory-of-science.com\/de\/wp-json\/wp\/v2\/comments?post=330"}],"version-history":[{"count":23,"href":"https:\/\/theory-of-science.com\/de\/wp-json\/wp\/v2\/pages\/330\/revisions"}],"predecessor-version":[{"id":4565,"href":"https:\/\/theory-of-science.com\/de\/wp-json\/wp\/v2\/pages\/330\/revisions\/4565"}],"up":[{"embeddable":true,"href":"https:\/\/theory-of-science.com\/de\/wp-json\/wp\/v2\/pages\/52"}],"wp:attachment":[{"href":"https:\/\/theory-of-science.com\/de\/wp-json\/wp\/v2\/media?parent=330"}],"curies":[{"name":"wp","href":"https:\/\/api.w.org\/{rel}","templated":true}]}}