{"id":337,"date":"2017-05-29T16:11:14","date_gmt":"2017-05-29T14:11:14","guid":{"rendered":"http:\/\/theory-of-science.com\/de\/?page_id=337"},"modified":"2021-02-03T14:52:46","modified_gmt":"2021-02-03T13:52:46","slug":"uebung-07-04","status":"publish","type":"page","link":"https:\/\/theory-of-science.com\/de\/uebungen\/abschnitt-07\/uebung-07-04\/","title":{"rendered":"\u00dc7-4: Wirkliche und m\u00f6gliche Sachverhalte"},"content":{"rendered":"\n<p>Sachverhalte lassen sich in nicht-formaler aber wissenschaftlicher Weise manchmal in <em>wirkliche<\/em> und <em>m\u00f6gliche<\/em> Sachverhalte einteilen. Die Elemente aus einer Relation eines Modells oder einer Faktensammlung sind Sachverhalte und diese k\u00f6nnen wirklich oder im nicht ausschlie\u00dfenden Sinn m\u00f6glich sein.<\/p>\n\n\n\n<p>Zum Beispiel enth\u00e4lt in der von einer bestimmten Person, z.B. dem Leser, gebildeten Menge von Himmelsk\u00f6rpern unseres Sonnensystems, die Sonne, den Mond, die Erde und den Planeten Venus. F\u00fcr die Person existieren diese Himmelsk\u00f6rper wirklich. Sie wurden von der Person direkt wahrgenommen. Die Person wei\u00df aber auch, dass es noch andere Himmelsk\u00f6rper gibt, welche m\u00f6glicherweise zu ihrer Menge dazugeh\u00f6ren.<\/p>\n\n\n\n<p><strong>a)<\/strong> Stellen Sie sich vor, Sie sammeln in einem wissenschaftlichen Projekt Fakten \u00fcber einen bestimmten Wochenmarkt, der in der Stadt <em>XY<\/em> am Samstag stattfindet. Formulieren Sie einige Warenarten, die auf diesem Markt angeboten werden, und die Tauschmittel (z.B. Geld). Wenn Sie selbst beobachtet haben, dass zwei Personen eine Ware getauscht haben, notieren Sie die Menge der Ware, ihre Art, die Menge an Geld, die der Verk\u00e4ufer bekommen hat und die Art des Geldes (z.B. Euro). Beschreiben Sie drei nicht beobachtete T\u00e4usche, die aber auf diesem Markt realistischer Weise h\u00e4tten stattfinden k\u00f6nnen.<\/p>\n\n\n\n<p><strong>b)<\/strong> Wir nehmen an, dass die Fakten aus dem Wochenmarkt, die Sie erhoben haben, in ein Tauschmodell approximativ eingepasst werden k\u00f6nnen. Versuchen Sie drei dieser Fakten in dem Modell zu lokalisieren. Welchen Status haben die vielen anderen Sachverhalte, die in dem Modell vorhanden sind?<\/p>\n\n\n\n<p><strong>c)<\/strong> Beschreiben Sie ein weiteres Beispiel aus Ihrem Wissensbereich, in dem Sie wirkliche Sachverhalte von m\u00f6glichen Sachverhalten unterscheiden k\u00f6nnen.<br><\/p>\n\n\n<ul class=\"nav nav-pills nav-justified\">\n<li><a href=\"https:\/\/theory-of-science.com\/de\/uebungen\/abschnitt-07\/uebung-07-03\/\">&lt;&lt;&lt;<\/a><\/li>\n<li><a href=\"https:\/\/theory-of-science.com\/de\/uebungen\/abschnitt-07\/uebung-07-05\/\">&gt;&gt;&gt;<\/a><\/li>\n<\/ul>\n","protected":false},"excerpt":{"rendered":"<p>Sachverhalte lassen sich in nicht-formaler aber wissenschaftlicher Weise manchmal in wirkliche und m\u00f6gliche Sachverhalte einteilen. Die Elemente aus einer Relation eines Modells oder einer Faktensammlung sind Sachverhalte und diese k\u00f6nnen wirklich oder im nicht ausschlie\u00dfenden Sinn m\u00f6glich sein. Zum Beispiel enth\u00e4lt in der von einer bestimmten Person, z.B. dem Leser, gebildeten Menge von Himmelsk\u00f6rpern unseres [&hellip;]<\/p>\n","protected":false},"author":1,"featured_media":0,"parent":52,"menu_order":4,"comment_status":"closed","ping_status":"closed","template":"page-fullwidth.php","meta":{"footnotes":""},"class_list":["post-337","page","type-page","status-publish","hentry"],"_links":{"self":[{"href":"https:\/\/theory-of-science.com\/de\/wp-json\/wp\/v2\/pages\/337","targetHints":{"allow":["GET"]}}],"collection":[{"href":"https:\/\/theory-of-science.com\/de\/wp-json\/wp\/v2\/pages"}],"about":[{"href":"https:\/\/theory-of-science.com\/de\/wp-json\/wp\/v2\/types\/page"}],"author":[{"embeddable":true,"href":"https:\/\/theory-of-science.com\/de\/wp-json\/wp\/v2\/users\/1"}],"replies":[{"embeddable":true,"href":"https:\/\/theory-of-science.com\/de\/wp-json\/wp\/v2\/comments?post=337"}],"version-history":[{"count":9,"href":"https:\/\/theory-of-science.com\/de\/wp-json\/wp\/v2\/pages\/337\/revisions"}],"predecessor-version":[{"id":4357,"href":"https:\/\/theory-of-science.com\/de\/wp-json\/wp\/v2\/pages\/337\/revisions\/4357"}],"up":[{"embeddable":true,"href":"https:\/\/theory-of-science.com\/de\/wp-json\/wp\/v2\/pages\/52"}],"wp:attachment":[{"href":"https:\/\/theory-of-science.com\/de\/wp-json\/wp\/v2\/media?parent=337"}],"curies":[{"name":"wp","href":"https:\/\/api.w.org\/{rel}","templated":true}]}}