{"id":359,"date":"2017-05-29T16:20:04","date_gmt":"2017-05-29T14:20:04","guid":{"rendered":"http:\/\/theory-of-science.com\/de\/?page_id=359"},"modified":"2021-02-03T14:57:04","modified_gmt":"2021-02-03T13:57:04","slug":"uebung-08-08","status":"publish","type":"page","link":"https:\/\/theory-of-science.com\/de\/uebungen\/abschnitt-08\/uebung-08-08\/","title":{"rendered":"\u00dc8-8: Die Vergr\u00f6\u00dferung des approximativen Gehalts"},"content":{"rendered":"\n<p>In einfachen F\u00e4llen kann der approximative Gehalt, also eine bestimmte Umgebung, durch eine einzige Zahl ver\u00e4ndert werden. In diesen F\u00e4llen sehen wir sofort, dass, wenn der Anspruch der Theorie nicht richtig ist, der Anspruch richtig gemacht werden kann, indem einfach die Approximationskonstante&nbsp;\u03b5 vergr\u00f6\u00dfert wird. Dies ist im Buch in Abbildung 8.3-d leicht zu erkennen.<\/p>\n\n\n\n<p><strong>a)<\/strong> Zeichnen Sie entsprechend Abbildung 8.3-d einen Punkt <em>y<\/em>, so dass <em>y<\/em> eine Faktensammlung ist, die nicht im Gehalt <em>Gehalt <\/em>( <em>M<\/em>) aber in dem approximativen Gehalt liegt. Analysieren Sie den Weg, mit dem die Faktensammlung <em>y<\/em> mit einem Modell <em>x<\/em> ( <em>x<\/em>&nbsp;\u2208 <em>M<\/em> ) genau verbunden ist.<br><\/p>\n\n\n<ul class=\"nav nav-pills nav-justified\">\n<li><a href=\"https:\/\/theory-of-science.com\/de\/uebungen\/abschnitt-08\/uebung-08-07\/\">&lt;&lt;&lt;<\/a><\/li>\n<li><a href=\"https:\/\/theory-of-science.com\/de\/uebungen\/abschnitt-08\/uebung-08-09\/\">&gt;&gt;&gt;<\/a><\/li>\n<\/ul>\n","protected":false},"excerpt":{"rendered":"<p>In einfachen F\u00e4llen kann der approximative Gehalt, also eine bestimmte Umgebung, durch eine einzige Zahl ver\u00e4ndert werden. In diesen F\u00e4llen sehen wir sofort, dass, wenn der Anspruch der Theorie nicht richtig ist, der Anspruch richtig gemacht werden kann, indem einfach die Approximationskonstante&nbsp;\u03b5 vergr\u00f6\u00dfert wird. Dies ist im Buch in Abbildung 8.3-d leicht zu erkennen. a) [&hellip;]<\/p>\n","protected":false},"author":1,"featured_media":0,"parent":55,"menu_order":8,"comment_status":"closed","ping_status":"closed","template":"page-fullwidth.php","meta":{"footnotes":""},"class_list":["post-359","page","type-page","status-publish","hentry"],"_links":{"self":[{"href":"https:\/\/theory-of-science.com\/de\/wp-json\/wp\/v2\/pages\/359","targetHints":{"allow":["GET"]}}],"collection":[{"href":"https:\/\/theory-of-science.com\/de\/wp-json\/wp\/v2\/pages"}],"about":[{"href":"https:\/\/theory-of-science.com\/de\/wp-json\/wp\/v2\/types\/page"}],"author":[{"embeddable":true,"href":"https:\/\/theory-of-science.com\/de\/wp-json\/wp\/v2\/users\/1"}],"replies":[{"embeddable":true,"href":"https:\/\/theory-of-science.com\/de\/wp-json\/wp\/v2\/comments?post=359"}],"version-history":[{"count":11,"href":"https:\/\/theory-of-science.com\/de\/wp-json\/wp\/v2\/pages\/359\/revisions"}],"predecessor-version":[{"id":4363,"href":"https:\/\/theory-of-science.com\/de\/wp-json\/wp\/v2\/pages\/359\/revisions\/4363"}],"up":[{"embeddable":true,"href":"https:\/\/theory-of-science.com\/de\/wp-json\/wp\/v2\/pages\/55"}],"wp:attachment":[{"href":"https:\/\/theory-of-science.com\/de\/wp-json\/wp\/v2\/media?parent=359"}],"curies":[{"name":"wp","href":"https:\/\/api.w.org\/{rel}","templated":true}]}}