{"id":379,"date":"2017-05-29T16:26:17","date_gmt":"2017-05-29T14:26:17","guid":{"rendered":"http:\/\/theory-of-science.com\/de\/?page_id=379"},"modified":"2019-03-17T18:40:59","modified_gmt":"2019-03-17T17:40:59","slug":"uebung-09-01","status":"publish","type":"page","link":"https:\/\/theory-of-science.com\/de\/uebungen\/abschnitt-09\/uebung-09-01\/","title":{"rendered":"\u00dc9-1: Pythagoras und Inkommensurabilit\u00e4t"},"content":{"rendered":"<p>Der geometrische Lehrsatz von <em>Pythagoras<\/em> lautet: Wenn drei Punkte <em>a<\/em>, <em>b<\/em>, <em>c<\/em> ein Dreieck und die Strecken <img loading=\"lazy\" decoding=\"async\" src=\"https:\/\/theory-of-science.com\/de\/wp-content\/ql-cache\/quicklatex.com-dfc95524706c424f5fe96af0152fb526_l3.png\" class=\"ql-img-inline-formula quicklatex-auto-format\" alt=\"&#92;&#111;&#118;&#101;&#114;&#108;&#105;&#110;&#101;&#123;&#97;&#99;&#125;\" title=\"Rendered by QuickLaTeX.com\" height=\"9\" width=\"15\" style=\"vertical-align: 0px;\"\/> und\u00a0<img loading=\"lazy\" decoding=\"async\" src=\"https:\/\/theory-of-science.com\/de\/wp-content\/ql-cache\/quicklatex.com-4989250c61edabb87e5f0d44bec22166_l3.png\" class=\"ql-img-inline-formula quicklatex-auto-format\" alt=\"&#92;&#111;&#118;&#101;&#114;&#108;&#105;&#110;&#101;&#123;&#98;&#99;&#125;\" title=\"Rendered by QuickLaTeX.com\" height=\"13\" width=\"13\" style=\"vertical-align: 0px;\"\/> einen rechten Winkel bilden, sind die L\u00e4ngen <img loading=\"lazy\" decoding=\"async\" src=\"https:\/\/theory-of-science.com\/de\/wp-content\/ql-cache\/quicklatex.com-bbc8779f2c0c9734613692b8eb994827_l3.png\" class=\"ql-img-inline-formula quicklatex-auto-format\" alt=\"&#92;&#111;&#118;&#101;&#114;&#108;&#105;&#110;&#101;&#123;&#97;&#98;&#125;\" title=\"Rendered by QuickLaTeX.com\" height=\"13\" width=\"15\" style=\"vertical-align: 0px;\"\/>, <img loading=\"lazy\" decoding=\"async\" src=\"https:\/\/theory-of-science.com\/de\/wp-content\/ql-cache\/quicklatex.com-dfc95524706c424f5fe96af0152fb526_l3.png\" class=\"ql-img-inline-formula quicklatex-auto-format\" alt=\"&#92;&#111;&#118;&#101;&#114;&#108;&#105;&#110;&#101;&#123;&#97;&#99;&#125;\" title=\"Rendered by QuickLaTeX.com\" height=\"9\" width=\"15\" style=\"vertical-align: 0px;\"\/>,\u00a0<img loading=\"lazy\" decoding=\"async\" src=\"https:\/\/theory-of-science.com\/de\/wp-content\/ql-cache\/quicklatex.com-4989250c61edabb87e5f0d44bec22166_l3.png\" class=\"ql-img-inline-formula quicklatex-auto-format\" alt=\"&#92;&#111;&#118;&#101;&#114;&#108;&#105;&#110;&#101;&#123;&#98;&#99;&#125;\" title=\"Rendered by QuickLaTeX.com\" height=\"13\" width=\"13\" style=\"vertical-align: 0px;\"\/> wie folgt verbunden:<\/p>\n<table  class=\" table table-hover\" style=\"border: none;\">\n<tbody>\n<tr>\n<td style=\"width: 4.60846%; border: none;\"><\/td>\n<td style=\"width: 18.8031%; border: none;\"><img loading=\"lazy\" decoding=\"async\" src=\"https:\/\/theory-of-science.com\/de\/wp-content\/ql-cache\/quicklatex.com-eb2ef8411ec38e032b95b56b44a88d10_l3.png\" class=\"ql-img-inline-formula quicklatex-auto-format\" alt=\"&#92;&#111;&#118;&#101;&#114;&#108;&#105;&#110;&#101;&#123;&#97;&#99;&#125;&#94;&#50;\" title=\"Rendered by QuickLaTeX.com\" height=\"13\" width=\"20\" style=\"vertical-align: 0px;\"\/> +\u00a0<img loading=\"lazy\" decoding=\"async\" src=\"https:\/\/theory-of-science.com\/de\/wp-content\/ql-cache\/quicklatex.com-14e9d66d85864521f82663c155870f04_l3.png\" class=\"ql-img-inline-formula quicklatex-auto-format\" alt=\"&#92;&#111;&#118;&#101;&#114;&#108;&#105;&#110;&#101;&#123;&#98;&#99;&#125;&#94;&#50;\" title=\"Rendered by QuickLaTeX.com\" height=\"17\" width=\"19\" style=\"vertical-align: 0px;\"\/> = <img loading=\"lazy\" decoding=\"async\" src=\"https:\/\/theory-of-science.com\/de\/wp-content\/ql-cache\/quicklatex.com-596dce36bfb9988bb266d6fd9f850f0b_l3.png\" class=\"ql-img-inline-formula quicklatex-auto-format\" alt=\"&#92;&#111;&#118;&#101;&#114;&#108;&#105;&#110;&#101;&#123;&#97;&#98;&#125;&#94;&#50;\" title=\"Rendered by QuickLaTeX.com\" height=\"17\" width=\"20\" style=\"vertical-align: 0px;\"\/>.<\/td>\n<td style=\"width: 76.5883%; border: none;\">(1)<\/td>\n<\/tr>\n<\/tbody>\n<\/table>\n<p>Durch Rechnung l\u00e4sst sich das Quadrat bei\u00a0<img loading=\"lazy\" decoding=\"async\" src=\"https:\/\/theory-of-science.com\/de\/wp-content\/ql-cache\/quicklatex.com-596dce36bfb9988bb266d6fd9f850f0b_l3.png\" class=\"ql-img-inline-formula quicklatex-auto-format\" alt=\"&#92;&#111;&#118;&#101;&#114;&#108;&#105;&#110;&#101;&#123;&#97;&#98;&#125;&#94;&#50;\" title=\"Rendered by QuickLaTeX.com\" height=\"17\" width=\"20\" style=\"vertical-align: 0px;\"\/> eliminieren:<\/p>\n<table  class=\" table table-hover\" style=\"border: none;\">\n<tbody>\n<tr>\n<td style=\"width: 4.60846%; border: none;\"><\/td>\n<td style=\"width: 18.8031%; border: none;\"><img loading=\"lazy\" decoding=\"async\" src=\"https:\/\/theory-of-science.com\/de\/wp-content\/ql-cache\/quicklatex.com-278da35afedcc9c0c4cc21c0fce89459_l3.png\" class=\"ql-img-inline-formula quicklatex-auto-format\" alt=\"&#92;&#111;&#118;&#101;&#114;&#108;&#105;&#110;&#101;&#123;&#97;&#98;&#125;&#32;&#61;&#32;&#92;&#115;&#113;&#114;&#116;&#091;&#50;&#093;&#123;&#92;&#111;&#118;&#101;&#114;&#108;&#105;&#110;&#101;&#123;&#97;&#99;&#125;&#94;&#50;&#32;&#43;&#32;&#92;&#111;&#118;&#101;&#114;&#108;&#105;&#110;&#101;&#123;&#98;&#99;&#125;&#94;&#50;&#125;\" title=\"Rendered by QuickLaTeX.com\" height=\"27\" width=\"106\" style=\"vertical-align: -6px;\"\/>.<\/td>\n<td style=\"width: 76.5883%; border: none;\">(2)<\/td>\n<\/tr>\n<\/tbody>\n<\/table>\n<p>Die Gleichung (1) l\u00e4sst sich mit einigen nat\u00fcrlichen Zahlen l\u00f6sen. Z.B. 3<sup>2<\/sup> + 4<sup>2<\/sup> = 5<sup>2<\/sup>, 3<sup>2<\/sup> = 9, 4<sup>2<\/sup> = 16, 5<sup>2<\/sup> = 25 und damit 9 + 16 = 25. Meistens f\u00fchrt aber der Ausdruck <img loading=\"lazy\" decoding=\"async\" src=\"https:\/\/theory-of-science.com\/de\/wp-content\/ql-cache\/quicklatex.com-a28207c6fea86c34275dc4eefc2d7f4c_l3.png\" class=\"ql-img-inline-formula quicklatex-auto-format\" alt=\"&#92;&#115;&#113;&#114;&#116;&#091;&#50;&#093;&#123;&#92;&#111;&#118;&#101;&#114;&#108;&#105;&#110;&#101;&#123;&#97;&#99;&#125;&#94;&#50;&#32;&#43;&#32;&#92;&#111;&#118;&#101;&#114;&#108;&#105;&#110;&#101;&#123;&#98;&#99;&#125;&#94;&#50;&#125;\" title=\"Rendered by QuickLaTeX.com\" height=\"27\" width=\"70\" style=\"vertical-align: -6px;\"\/> zu einer Zahl <img loading=\"lazy\" decoding=\"async\" src=\"https:\/\/theory-of-science.com\/de\/wp-content\/ql-cache\/quicklatex.com-bbc8779f2c0c9734613692b8eb994827_l3.png\" class=\"ql-img-inline-formula quicklatex-auto-format\" alt=\"&#92;&#111;&#118;&#101;&#114;&#108;&#105;&#110;&#101;&#123;&#97;&#98;&#125;\" title=\"Rendered by QuickLaTeX.com\" height=\"13\" width=\"15\" style=\"vertical-align: 0px;\"\/>, die weder eine nat\u00fcrliche noch eine rationale Zahl ist. Eine rationale Zahl l\u00e4sst sich durch einen Bruch aus zwei nat\u00fcrlichen Zahlen darstellen: <img loading=\"lazy\" decoding=\"async\" src=\"https:\/\/theory-of-science.com\/de\/wp-content\/ql-cache\/quicklatex.com-cf62a524cf4a5c2c44e9ea024f04175f_l3.png\" class=\"ql-img-inline-formula quicklatex-auto-format\" alt=\"&#92;&#111;&#118;&#101;&#114;&#108;&#105;&#110;&#101;&#123;&#97;&#98;&#125;&#32;&#61;&#32;&#110;&#47;&#109;\" title=\"Rendered by QuickLaTeX.com\" height=\"17\" width=\"62\" style=\"vertical-align: -4px;\"\/>. Wenn z.B. <img loading=\"lazy\" decoding=\"async\" src=\"https:\/\/theory-of-science.com\/de\/wp-content\/ql-cache\/quicklatex.com-dfc95524706c424f5fe96af0152fb526_l3.png\" class=\"ql-img-inline-formula quicklatex-auto-format\" alt=\"&#92;&#111;&#118;&#101;&#114;&#108;&#105;&#110;&#101;&#123;&#97;&#99;&#125;\" title=\"Rendered by QuickLaTeX.com\" height=\"9\" width=\"15\" style=\"vertical-align: 0px;\"\/> die Zahl 1 und <img loading=\"lazy\" decoding=\"async\" src=\"https:\/\/theory-of-science.com\/de\/wp-content\/ql-cache\/quicklatex.com-4989250c61edabb87e5f0d44bec22166_l3.png\" class=\"ql-img-inline-formula quicklatex-auto-format\" alt=\"&#92;&#111;&#118;&#101;&#114;&#108;&#105;&#110;&#101;&#123;&#98;&#99;&#125;\" title=\"Rendered by QuickLaTeX.com\" height=\"13\" width=\"13\" style=\"vertical-align: 0px;\"\/> die Zahl 1 ist, dann ist <img loading=\"lazy\" decoding=\"async\" src=\"https:\/\/theory-of-science.com\/de\/wp-content\/ql-cache\/quicklatex.com-a89bd5fa28b01c004bfa5e94c9d958db_l3.png\" class=\"ql-img-inline-formula quicklatex-auto-format\" alt=\"&#92;&#111;&#118;&#101;&#114;&#108;&#105;&#110;&#101;&#123;&#97;&#98;&#125;&#32;&#61;&#32;&#92;&#115;&#113;&#114;&#116;&#091;&#50;&#093;&#123;&#49;&#32;&#43;&#32;&#49;&#125;&#32;&#61;&#32;&#92;&#115;&#113;&#114;&#116;&#091;&#50;&#093;&#123;&#50;&#125;\" title=\"Rendered by QuickLaTeX.com\" height=\"16\" width=\"119\" style=\"vertical-align: -3px;\"\/> eine irrationale Zahl. Die Zahl <img loading=\"lazy\" decoding=\"async\" src=\"https:\/\/theory-of-science.com\/de\/wp-content\/ql-cache\/quicklatex.com-04eea07ca2e18a42d8cd8d1a3a591787_l3.png\" class=\"ql-img-inline-formula quicklatex-auto-format\" alt=\"&#92;&#115;&#113;&#114;&#116;&#091;&#50;&#093;&#123;&#50;&#125;\" title=\"Rendered by QuickLaTeX.com\" height=\"15\" width=\"19\" style=\"vertical-align: -2px;\"\/> l\u00e4sst sich nicht durch einen Bruch <img loading=\"lazy\" decoding=\"async\" src=\"https:\/\/theory-of-science.com\/de\/wp-content\/ql-cache\/quicklatex.com-3d14b97bbcc694719304275564328786_l3.png\" class=\"ql-img-inline-formula quicklatex-auto-format\" alt=\"&#110;&#47;&#109;\" title=\"Rendered by QuickLaTeX.com\" height=\"16\" width=\"29\" style=\"vertical-align: -4px;\"\/> von nat\u00fcrlichen Zahlen darstellen.<\/p>\n<p>Dies bedeutet in der Praxis, dass sich die L\u00e4nge der Strecke <img loading=\"lazy\" decoding=\"async\" src=\"https:\/\/theory-of-science.com\/de\/wp-content\/ql-cache\/quicklatex.com-bbc8779f2c0c9734613692b8eb994827_l3.png\" class=\"ql-img-inline-formula quicklatex-auto-format\" alt=\"&#92;&#111;&#118;&#101;&#114;&#108;&#105;&#110;&#101;&#123;&#97;&#98;&#125;\" title=\"Rendered by QuickLaTeX.com\" height=\"13\" width=\"15\" style=\"vertical-align: 0px;\"\/> meistens nicht durch die beiden L\u00e4ngen der Strecken <img loading=\"lazy\" decoding=\"async\" src=\"https:\/\/theory-of-science.com\/de\/wp-content\/ql-cache\/quicklatex.com-dfc95524706c424f5fe96af0152fb526_l3.png\" class=\"ql-img-inline-formula quicklatex-auto-format\" alt=\"&#92;&#111;&#118;&#101;&#114;&#108;&#105;&#110;&#101;&#123;&#97;&#99;&#125;\" title=\"Rendered by QuickLaTeX.com\" height=\"9\" width=\"15\" style=\"vertical-align: 0px;\"\/> und <img loading=\"lazy\" decoding=\"async\" src=\"https:\/\/theory-of-science.com\/de\/wp-content\/ql-cache\/quicklatex.com-4989250c61edabb87e5f0d44bec22166_l3.png\" class=\"ql-img-inline-formula quicklatex-auto-format\" alt=\"&#92;&#111;&#118;&#101;&#114;&#108;&#105;&#110;&#101;&#123;&#98;&#99;&#125;\" title=\"Rendered by QuickLaTeX.com\" height=\"13\" width=\"13\" style=\"vertical-align: 0px;\"\/> v\u00f6llig pr\u00e4zise berechnen l\u00e4sst. <img loading=\"lazy\" decoding=\"async\" src=\"https:\/\/theory-of-science.com\/de\/wp-content\/ql-cache\/quicklatex.com-bbc8779f2c0c9734613692b8eb994827_l3.png\" class=\"ql-img-inline-formula quicklatex-auto-format\" alt=\"&#92;&#111;&#118;&#101;&#114;&#108;&#105;&#110;&#101;&#123;&#97;&#98;&#125;\" title=\"Rendered by QuickLaTeX.com\" height=\"13\" width=\"15\" style=\"vertical-align: 0px;\"\/> kann nicht ganz genau mit den Strecken <img loading=\"lazy\" decoding=\"async\" src=\"https:\/\/theory-of-science.com\/de\/wp-content\/ql-cache\/quicklatex.com-dfc95524706c424f5fe96af0152fb526_l3.png\" class=\"ql-img-inline-formula quicklatex-auto-format\" alt=\"&#92;&#111;&#118;&#101;&#114;&#108;&#105;&#110;&#101;&#123;&#97;&#99;&#125;\" title=\"Rendered by QuickLaTeX.com\" height=\"9\" width=\"15\" style=\"vertical-align: 0px;\"\/> und <img loading=\"lazy\" decoding=\"async\" src=\"https:\/\/theory-of-science.com\/de\/wp-content\/ql-cache\/quicklatex.com-4989250c61edabb87e5f0d44bec22166_l3.png\" class=\"ql-img-inline-formula quicklatex-auto-format\" alt=\"&#92;&#111;&#118;&#101;&#114;&#108;&#105;&#110;&#101;&#123;&#98;&#99;&#125;\" title=\"Rendered by QuickLaTeX.com\" height=\"13\" width=\"13\" style=\"vertical-align: 0px;\"\/> verglichen werden; <img loading=\"lazy\" decoding=\"async\" src=\"https:\/\/theory-of-science.com\/de\/wp-content\/ql-cache\/quicklatex.com-bbc8779f2c0c9734613692b8eb994827_l3.png\" class=\"ql-img-inline-formula quicklatex-auto-format\" alt=\"&#92;&#111;&#118;&#101;&#114;&#108;&#105;&#110;&#101;&#123;&#97;&#98;&#125;\" title=\"Rendered by QuickLaTeX.com\" height=\"13\" width=\"15\" style=\"vertical-align: 0px;\"\/> ist mit <img loading=\"lazy\" decoding=\"async\" src=\"https:\/\/theory-of-science.com\/de\/wp-content\/ql-cache\/quicklatex.com-dfc95524706c424f5fe96af0152fb526_l3.png\" class=\"ql-img-inline-formula quicklatex-auto-format\" alt=\"&#92;&#111;&#118;&#101;&#114;&#108;&#105;&#110;&#101;&#123;&#97;&#99;&#125;\" title=\"Rendered by QuickLaTeX.com\" height=\"9\" width=\"15\" style=\"vertical-align: 0px;\"\/> und <img loading=\"lazy\" decoding=\"async\" src=\"https:\/\/theory-of-science.com\/de\/wp-content\/ql-cache\/quicklatex.com-4989250c61edabb87e5f0d44bec22166_l3.png\" class=\"ql-img-inline-formula quicklatex-auto-format\" alt=\"&#92;&#111;&#118;&#101;&#114;&#108;&#105;&#110;&#101;&#123;&#98;&#99;&#125;\" title=\"Rendered by QuickLaTeX.com\" height=\"13\" width=\"13\" style=\"vertical-align: 0px;\"\/> nicht <em>kommensurabel<\/em>. D.h. <img loading=\"lazy\" decoding=\"async\" src=\"https:\/\/theory-of-science.com\/de\/wp-content\/ql-cache\/quicklatex.com-bbc8779f2c0c9734613692b8eb994827_l3.png\" class=\"ql-img-inline-formula quicklatex-auto-format\" alt=\"&#92;&#111;&#118;&#101;&#114;&#108;&#105;&#110;&#101;&#123;&#97;&#98;&#125;\" title=\"Rendered by QuickLaTeX.com\" height=\"13\" width=\"15\" style=\"vertical-align: 0px;\"\/> und <img loading=\"lazy\" decoding=\"async\" src=\"https:\/\/theory-of-science.com\/de\/wp-content\/ql-cache\/quicklatex.com-dfc95524706c424f5fe96af0152fb526_l3.png\" class=\"ql-img-inline-formula quicklatex-auto-format\" alt=\"&#92;&#111;&#118;&#101;&#114;&#108;&#105;&#110;&#101;&#123;&#97;&#99;&#125;\" title=\"Rendered by QuickLaTeX.com\" height=\"9\" width=\"15\" style=\"vertical-align: 0px;\"\/> (und auch <img loading=\"lazy\" decoding=\"async\" src=\"https:\/\/theory-of-science.com\/de\/wp-content\/ql-cache\/quicklatex.com-bbc8779f2c0c9734613692b8eb994827_l3.png\" class=\"ql-img-inline-formula quicklatex-auto-format\" alt=\"&#92;&#111;&#118;&#101;&#114;&#108;&#105;&#110;&#101;&#123;&#97;&#98;&#125;\" title=\"Rendered by QuickLaTeX.com\" height=\"13\" width=\"15\" style=\"vertical-align: 0px;\"\/> und <img loading=\"lazy\" decoding=\"async\" src=\"https:\/\/theory-of-science.com\/de\/wp-content\/ql-cache\/quicklatex.com-4989250c61edabb87e5f0d44bec22166_l3.png\" class=\"ql-img-inline-formula quicklatex-auto-format\" alt=\"&#92;&#111;&#118;&#101;&#114;&#108;&#105;&#110;&#101;&#123;&#98;&#99;&#125;\" title=\"Rendered by QuickLaTeX.com\" height=\"13\" width=\"13\" style=\"vertical-align: 0px;\"\/>) sind <em>inkommensurabel<\/em>. Diese Beziehung findet man in fast allen naturwissenschaftlichen Hypothesen in den Theorien wieder.<\/p>\n<p><strong>a)<\/strong> Zeichnen Sie in einer Ebene drei Punkte <em>a<\/em>, <em>b<\/em>, <em>c<\/em> auf, die ein Dreieck bilden, so dass die Strecke zwischen <em>a<\/em> und <em>c<\/em> und die Strecke zwischen <em>b<\/em> und <em>c<\/em> einen rechten Winkel bilden. Stellen Sie diese Punkte durch Paare von reellen Zahlen dar, <em>x<\/em> =\u00a0\u2329 <em>u<sub>a<\/sub><\/em>, <em>v<sub>a<\/sub><\/em> \u232a, y =\u00a0\u2329 <em>u<sub>b<\/sub><\/em>, <em>v<sub>b<\/sub><\/em> \u232a, <em>z<\/em> =\u00a0\u2329 <em>u<sub>c<\/sub><\/em>, <em>v<sub>c<\/sub><\/em> \u232a. Beschreiben Sie die L\u00e4nge der Strecke zwischen <em>x<\/em> und <em>y<\/em> durch den Abstand <em>d<\/em> ( <em>x<\/em>, <em>y<\/em> ) zwischen |\u00a0\u2329 <em>u<sub>a<\/sub><\/em>, <em>v<sub>a<\/sub><\/em> \u232a &#8211;\u00a0\u2329 <em>u<sub>b<\/sub><\/em>, <em>v<sub>b<\/sub><\/em> \u232a | (siehe <a href=\"http:\/\/theory-of-science.com\/de\/uebungen\/abschnitt-08\/uebung-08-09\/\">\u00dc8-9<\/a>) und verfahren Sie mit den Punkten <em>x<\/em> und <em>z<\/em> und den Punkten <em>y<\/em> und <em>z<\/em> genauso.<\/p>\n<p><strong>b)<\/strong> Berechnen Sie den Abstand <em>d<\/em> ( <em>x<\/em>, <em>y<\/em> ) mit Hilfe der Gleichung (2) und den Abst\u00e4nden <em>d<\/em> ( <em>x<\/em>, <em>z<\/em> ) und <em>d<\/em> ( <em>y<\/em>, <em>z<\/em> ).<\/p>\n<p><strong>c)<\/strong> Konsultieren Sie ein Lehrbuch f\u00fcr Wahrscheinlichkeitstheorie und lesen Sie die Definition eines Produkts von Wahrscheinlichkeitsr\u00e4umen. In dieser Definition finden Sie Gleichungen der Formen (1) und (2) oben, wobei die Punkte durch Paare oder <em>n<\/em>-Tupel dargestellt werden. Statt in einem Lehrbuch k\u00f6nnen Sie diese Definitionen auch auf Wikipedia finden.<\/p>\n<p><strong>d)<\/strong> Versuchen Sie in einem Lehrbuch \u00fcber Quantenmechanik Gleichungen der Formen (1) und (2) oben zu finden.<br \/>\n<ul class=\"nav nav-pills nav-justified\">\n<li><a href=\"https:\/\/theory-of-science.com\/de\/uebungen\/abschnitt-08\/uebung-08-10\/\">&lt;&lt;&lt;<\/a><\/li>\n<li><a href=\"https:\/\/theory-of-science.com\/de\/uebungen\/abschnitt-09\/uebung-09-02\/\">&gt;&gt;&gt;<\/a><\/li>\n<\/ul>\n","protected":false},"excerpt":{"rendered":"<p>Der geometrische Lehrsatz von Pythagoras lautet: Wenn drei Punkte a, b, c ein Dreieck und die Strecken und\u00a0 einen rechten Winkel bilden, sind die L\u00e4ngen , ,\u00a0 wie folgt verbunden: +\u00a0 = . (1) Durch Rechnung l\u00e4sst sich das Quadrat bei\u00a0 eliminieren: . (2) Die Gleichung (1) l\u00e4sst sich mit einigen nat\u00fcrlichen Zahlen l\u00f6sen. Z.B. [&hellip;]<\/p>\n","protected":false},"author":1,"featured_media":0,"parent":58,"menu_order":1,"comment_status":"closed","ping_status":"closed","template":"page-fullwidth.php","meta":{"footnotes":""},"class_list":["post-379","page","type-page","status-publish","hentry"],"_links":{"self":[{"href":"https:\/\/theory-of-science.com\/de\/wp-json\/wp\/v2\/pages\/379","targetHints":{"allow":["GET"]}}],"collection":[{"href":"https:\/\/theory-of-science.com\/de\/wp-json\/wp\/v2\/pages"}],"about":[{"href":"https:\/\/theory-of-science.com\/de\/wp-json\/wp\/v2\/types\/page"}],"author":[{"embeddable":true,"href":"https:\/\/theory-of-science.com\/de\/wp-json\/wp\/v2\/users\/1"}],"replies":[{"embeddable":true,"href":"https:\/\/theory-of-science.com\/de\/wp-json\/wp\/v2\/comments?post=379"}],"version-history":[{"count":26,"href":"https:\/\/theory-of-science.com\/de\/wp-json\/wp\/v2\/pages\/379\/revisions"}],"predecessor-version":[{"id":3631,"href":"https:\/\/theory-of-science.com\/de\/wp-json\/wp\/v2\/pages\/379\/revisions\/3631"}],"up":[{"embeddable":true,"href":"https:\/\/theory-of-science.com\/de\/wp-json\/wp\/v2\/pages\/58"}],"wp:attachment":[{"href":"https:\/\/theory-of-science.com\/de\/wp-json\/wp\/v2\/media?parent=379"}],"curies":[{"name":"wp","href":"https:\/\/api.w.org\/{rel}","templated":true}]}}