{"id":387,"date":"2017-05-29T16:27:49","date_gmt":"2017-05-29T14:27:49","guid":{"rendered":"http:\/\/theory-of-science.com\/de\/?page_id=387"},"modified":"2021-02-04T16:05:43","modified_gmt":"2021-02-04T15:05:43","slug":"uebung-09-05","status":"publish","type":"page","link":"https:\/\/theory-of-science.com\/de\/uebungen\/abschnitt-09\/uebung-09-05\/","title":{"rendered":"\u00dc9-5: Qualitative Ebene mit Zahlenebene verbinden"},"content":{"rendered":"\n<p>Bei einem Messmodell f\u00fcr L\u00e4ngenmessung gibt es einerseits immer qualitative Begriffe, mit denen reale Ereignisse, Dinge, Sachverhalte \u00abdirekt\u00bb in Ber\u00fchrung kommen. Andererseits werden die Gr\u00f6\u00dfen, die zum Schluss als Messwerte bestimmt werden, durch Zahlen ausgedr\u00fcckt.<\/p>\n\n\n\n<p>In \u00dc9-4 werden nur Hypothesen behandelt, die qualitative Relationen ( <img loading=\"lazy\" decoding=\"async\" src=\"https:\/\/theory-of-science.com\/de\/wp-content\/ql-cache\/quicklatex.com-7e0344c06e5f7dcf65de8ae7f78e8fae_l3.png\" class=\"ql-img-inline-formula quicklatex-auto-format\" alt=\"&#92;&#115;&#105;&#109;\" title=\"Rendered by QuickLaTeX.com\" height=\"4\" width=\"10\" style=\"vertical-align: 2px;\"\/>, <img loading=\"lazy\" decoding=\"async\" src=\"https:\/\/theory-of-science.com\/de\/wp-content\/ql-cache\/quicklatex.com-995fcd5a2af9d4b55b9c0d439b484a3f_l3.png\" class=\"ql-img-inline-formula quicklatex-auto-format\" alt=\"&#92;&#112;&#114;&#101;&#99;&#101;&#113;\" title=\"Rendered by QuickLaTeX.com\" height=\"12\" width=\"10\" style=\"vertical-align: -2px;\"\/>, <img loading=\"lazy\" decoding=\"async\" src=\"https:\/\/theory-of-science.com\/de\/wp-content\/ql-cache\/quicklatex.com-480c54a62a2bca4764ae432eeefd784a_l3.png\" class=\"ql-img-inline-formula quicklatex-auto-format\" alt=\"&#92;&#99;&#105;&#114;&#99;\" title=\"Rendered by QuickLaTeX.com\" height=\"6\" width=\"6\" style=\"vertical-align: 1px;\"\/> ) betreffen. Nur in der Hypothese 13) in \u00dc9-4:<br>13)&nbsp;\u2200 <img loading=\"lazy\" decoding=\"async\" src=\"https:\/\/theory-of-science.com\/de\/wp-content\/ql-cache\/quicklatex.com-093630ef172850f52642852adde966e9_l3.png\" class=\"ql-img-inline-formula quicklatex-auto-format\" alt=\"&#92;&#116;&#105;&#108;&#100;&#101;&#123;&#97;&#125;\" title=\"Rendered by QuickLaTeX.com\" height=\"11\" width=\"8\" style=\"vertical-align: 0px;\"\/>&nbsp;\u2208 <img loading=\"lazy\" decoding=\"async\" src=\"https:\/\/theory-of-science.com\/de\/wp-content\/ql-cache\/quicklatex.com-5f2f29a35b454b78f3e0fb6a7f4f7b81_l3.png\" class=\"ql-img-inline-formula quicklatex-auto-format\" alt=\"&#92;&#116;&#105;&#108;&#100;&#101;&#123;&#83;&#125;\" title=\"Rendered by QuickLaTeX.com\" height=\"15\" width=\"10\" style=\"vertical-align: 0px;\"\/>&nbsp;\u2203 <em>n<\/em>&nbsp;\u2208&nbsp;<img loading=\"lazy\" decoding=\"async\" src=\"https:\/\/theory-of-science.com\/de\/wp-content\/ql-cache\/quicklatex.com-4be6aa5c861ec4e62a3dfaebc88c1784_l3.png\" class=\"ql-img-inline-formula quicklatex-auto-format\" alt=\"&#92;&#109;&#97;&#116;&#104;&#98;&#98;&#123;&#78;&#125;\" title=\"Rendered by QuickLaTeX.com\" height=\"10\" width=\"11\" style=\"vertical-align: 0px;\"\/>&nbsp;\u2203 <img loading=\"lazy\" decoding=\"async\" src=\"https:\/\/theory-of-science.com\/de\/wp-content\/ql-cache\/quicklatex.com-47604fb9fa9b299d2a29cbeae407e3a0_l3.png\" class=\"ql-img-inline-formula quicklatex-auto-format\" alt=\"&#92;&#116;&#105;&#108;&#100;&#101;&#123;&#101;&#125;&#95;&#49;\" title=\"Rendered by QuickLaTeX.com\" height=\"14\" width=\"12\" style=\"vertical-align: -3px;\"\/>, &#8230;, <img loading=\"lazy\" decoding=\"async\" src=\"https:\/\/theory-of-science.com\/de\/wp-content\/ql-cache\/quicklatex.com-db08513cffda1f65b5c4445e575e1564_l3.png\" class=\"ql-img-inline-formula quicklatex-auto-format\" alt=\"&#92;&#116;&#105;&#108;&#100;&#101;&#123;&#101;&#125;&#95;&#110;\" title=\"Rendered by QuickLaTeX.com\" height=\"13\" width=\"14\" style=\"vertical-align: -2px;\"\/>&nbsp;\u2208 <img loading=\"lazy\" decoding=\"async\" src=\"https:\/\/theory-of-science.com\/de\/wp-content\/ql-cache\/quicklatex.com-7af7facd6585d7aae6abc33d53d71f26_l3.png\" class=\"ql-img-inline-formula quicklatex-auto-format\" alt=\"&#92;&#116;&#105;&#108;&#100;&#101;&#123;&#69;&#125;\" title=\"Rendered by QuickLaTeX.com\" height=\"15\" width=\"12\" style=\"vertical-align: 0px;\"\/> (&nbsp; <img loading=\"lazy\" decoding=\"async\" src=\"https:\/\/theory-of-science.com\/de\/wp-content\/ql-cache\/quicklatex.com-093630ef172850f52642852adde966e9_l3.png\" class=\"ql-img-inline-formula quicklatex-auto-format\" alt=\"&#92;&#116;&#105;&#108;&#100;&#101;&#123;&#97;&#125;\" title=\"Rendered by QuickLaTeX.com\" height=\"11\" width=\"8\" style=\"vertical-align: 0px;\"\/> = (&nbsp; <img loading=\"lazy\" decoding=\"async\" src=\"https:\/\/theory-of-science.com\/de\/wp-content\/ql-cache\/quicklatex.com-47604fb9fa9b299d2a29cbeae407e3a0_l3.png\" class=\"ql-img-inline-formula quicklatex-auto-format\" alt=\"&#92;&#116;&#105;&#108;&#100;&#101;&#123;&#101;&#125;&#95;&#49;\" title=\"Rendered by QuickLaTeX.com\" height=\"14\" width=\"12\" style=\"vertical-align: -3px;\"\/>&nbsp;<img loading=\"lazy\" decoding=\"async\" src=\"https:\/\/theory-of-science.com\/de\/wp-content\/ql-cache\/quicklatex.com-480c54a62a2bca4764ae432eeefd784a_l3.png\" class=\"ql-img-inline-formula quicklatex-auto-format\" alt=\"&#92;&#99;&#105;&#114;&#99;\" title=\"Rendered by QuickLaTeX.com\" height=\"6\" width=\"6\" style=\"vertical-align: 1px;\"\/> (&nbsp; <img loading=\"lazy\" decoding=\"async\" src=\"https:\/\/theory-of-science.com\/de\/wp-content\/ql-cache\/quicklatex.com-724194f5d686c90c6cae35745a8c9bac_l3.png\" class=\"ql-img-inline-formula quicklatex-auto-format\" alt=\"&#92;&#116;&#105;&#108;&#100;&#101;&#123;&#101;&#125;&#95;&#50;\" title=\"Rendered by QuickLaTeX.com\" height=\"13\" width=\"13\" style=\"vertical-align: -2px;\"\/> &#8230;&nbsp;<img loading=\"lazy\" decoding=\"async\" src=\"https:\/\/theory-of-science.com\/de\/wp-content\/ql-cache\/quicklatex.com-480c54a62a2bca4764ae432eeefd784a_l3.png\" class=\"ql-img-inline-formula quicklatex-auto-format\" alt=\"&#92;&#99;&#105;&#114;&#99;\" title=\"Rendered by QuickLaTeX.com\" height=\"6\" width=\"6\" style=\"vertical-align: 1px;\"\/> <img loading=\"lazy\" decoding=\"async\" src=\"https:\/\/theory-of-science.com\/de\/wp-content\/ql-cache\/quicklatex.com-db08513cffda1f65b5c4445e575e1564_l3.png\" class=\"ql-img-inline-formula quicklatex-auto-format\" alt=\"&#92;&#116;&#105;&#108;&#100;&#101;&#123;&#101;&#125;&#95;&#110;\" title=\"Rendered by QuickLaTeX.com\" height=\"13\" width=\"14\" style=\"vertical-align: -2px;\"\/> ) &#8230; )<br>kommen Zahlen \u00abversteckt\u00bb vor. Dort wird die Anzahl <em>n<\/em> der Schritte in einem Existenzquantor&nbsp;\u2203 <em>n <\/em>eingef\u00fchrt. An dieser Stelle kommt bei einem Modell ein mathematischer Bestandteil hinzu, n\u00e4mlich in diesem Fall die Menge der nat\u00fcrlichen Zahlen. Diese Menge funktioniert wissenschaftstheoretisch \u00e4hnlich wie eine Grundmenge. Nur werden die Axiome (die mathematischen Hypothesen) f\u00fcr diese Menge und f\u00fcr die zugeh\u00f6rigen Relationen nicht weiter beschrieben. Sie bleiben implizit.<\/p>\n\n\n\n<p>Um zu einem vollst\u00e4ndigen Messmodell zu kommen, muss eine Funktion \u03bb eingef\u00fchrt werden, die jedem Stab <em>s<\/em> die zugeh\u00f6rige L\u00e4nge \u03bb ( <em>s<\/em> ) zuordnet:<\/p>\n\n\n\n<p style=\"padding-left:30px;\">\u03bb&nbsp;: <em>S<\/em>&nbsp;\u2192 <img loading=\"lazy\" decoding=\"async\" src=\"https:\/\/theory-of-science.com\/de\/wp-content\/ql-cache\/quicklatex.com-4be6aa5c861ec4e62a3dfaebc88c1784_l3.png\" class=\"ql-img-inline-formula quicklatex-auto-format\" alt=\"&#92;&#109;&#97;&#116;&#104;&#98;&#98;&#123;&#78;&#125;\" title=\"Rendered by QuickLaTeX.com\" height=\"10\" width=\"11\" style=\"vertical-align: 0px;\"\/>.<\/p>\n\n\n\n<p>Diese Funktion soll beschreiben, wie lang ein Stab <em>s<\/em> ist. Diese L\u00e4nge wird festgelegt, indem gez\u00e4hlt wird, wie viele Einheitsmessst\u00e4be an den Stab angelegt werden. Diese Zahl <em>n<\/em> wird als Funktionswert&nbsp;\u03bb ( <em>s<\/em> ) genommen:&nbsp;\u03bb ( <em>s<\/em> ) =&nbsp;\u03bb ( <em>e<\/em><sub>1<\/sub> )&nbsp;<img loading=\"lazy\" decoding=\"async\" src=\"https:\/\/theory-of-science.com\/de\/wp-content\/ql-cache\/quicklatex.com-480c54a62a2bca4764ae432eeefd784a_l3.png\" class=\"ql-img-inline-formula quicklatex-auto-format\" alt=\"&#92;&#99;&#105;&#114;&#99;\" title=\"Rendered by QuickLaTeX.com\" height=\"6\" width=\"6\" style=\"vertical-align: 1px;\"\/> &#8230;&nbsp;<img loading=\"lazy\" decoding=\"async\" src=\"https:\/\/theory-of-science.com\/de\/wp-content\/ql-cache\/quicklatex.com-480c54a62a2bca4764ae432eeefd784a_l3.png\" class=\"ql-img-inline-formula quicklatex-auto-format\" alt=\"&#92;&#99;&#105;&#114;&#99;\" title=\"Rendered by QuickLaTeX.com\" height=\"6\" width=\"6\" style=\"vertical-align: 1px;\"\/> \u03bb ( <em>e<\/em><sub>n<\/sub> ) = n.<\/p>\n\n\n\n<p>Im Buch sind drei Hypothesen (9.3) &#8211; (9.5) angegeben, in denen die Relation <em>gr\u00f6\u00dfer als<\/em> (im ausschlie\u00dfenden Sinn) verwendet wird. <em>s<\/em> <img loading=\"lazy\" decoding=\"async\" src=\"https:\/\/theory-of-science.com\/de\/wp-content\/ql-cache\/quicklatex.com-ee61385ef547d9e8e3b9ef555fbaed53_l3.png\" class=\"ql-img-inline-formula quicklatex-auto-format\" alt=\"&#92;&#112;&#114;&#101;&#99;\" title=\"Rendered by QuickLaTeX.com\" height=\"9\" width=\"10\" style=\"vertical-align: -1px;\"\/> <em>s<\/em> &#8218; bedeutet, dass <em>s<\/em> &#8218; echt gr\u00f6\u00dfer (hier l\u00e4nger) als <em>s<\/em> ist.<\/p>\n\n\n\n<p><strong>a)<\/strong> Formulierung sie die Hypothesen in \u00dc9-4 um, so dass dort nicht die Relationen&nbsp;<img loading=\"lazy\" decoding=\"async\" src=\"https:\/\/theory-of-science.com\/de\/wp-content\/ql-cache\/quicklatex.com-995fcd5a2af9d4b55b9c0d439b484a3f_l3.png\" class=\"ql-img-inline-formula quicklatex-auto-format\" alt=\"&#92;&#112;&#114;&#101;&#99;&#101;&#113;\" title=\"Rendered by QuickLaTeX.com\" height=\"12\" width=\"10\" style=\"vertical-align: -2px;\"\/> und&nbsp;\u2264 sondern die Relationen&nbsp;<img loading=\"lazy\" decoding=\"async\" src=\"https:\/\/theory-of-science.com\/de\/wp-content\/ql-cache\/quicklatex.com-ee61385ef547d9e8e3b9ef555fbaed53_l3.png\" class=\"ql-img-inline-formula quicklatex-auto-format\" alt=\"&#92;&#112;&#114;&#101;&#99;\" title=\"Rendered by QuickLaTeX.com\" height=\"9\" width=\"10\" style=\"vertical-align: -1px;\"\/> und&nbsp;&lt; verwendet werden. Beschreiben Sie das neue System mengentheoretisch.<\/p>\n\n\n\n<p><strong>b)<\/strong> Beweisen Sie, dass aus den Hypothesen in \u00dc9-4 die von Ihnen gerade formulierten Hypothesen abgeleitet werden k\u00f6nnen. Und umgekehrt, dass aus den von Ihnen gerade formulierten Hypothesen die Hypothesen in \u00dc9-4 abgeleitet werden k\u00f6nnen.<\/p>\n\n\n\n<p><strong>c)<\/strong> Versuchen Sie in dem von Ihnen in a) beschriebenen System eine Funktion&nbsp;\u03bb explizit zu definieren, die von <em>S<\/em> in&nbsp;<img loading=\"lazy\" decoding=\"async\" src=\"https:\/\/theory-of-science.com\/de\/wp-content\/ql-cache\/quicklatex.com-4be6aa5c861ec4e62a3dfaebc88c1784_l3.png\" class=\"ql-img-inline-formula quicklatex-auto-format\" alt=\"&#92;&#109;&#97;&#116;&#104;&#98;&#98;&#123;&#78;&#125;\" title=\"Rendered by QuickLaTeX.com\" height=\"10\" width=\"11\" style=\"vertical-align: 0px;\"\/> f\u00fchrt. (Hinweis: Beschreiben Sie induktiv, wie ein Stab, der aus <em>m<\/em> Einheitsst\u00e4ben besteht, durch einen weiteren Einheitsstab verl\u00e4ngert wird.)<\/p>\n\n\n\n<p><strong>d)<\/strong> Versuchen Sie, die Hypothese (9.3) im echt <em>gr\u00f6\u00dfer als<\/em> Sinn durch Ihr Definition aus c) zu&nbsp; beweisen.<\/p>\n\n\n\n<p><strong>e)<\/strong> Versuchen Sie, den Beweisversuch in d), graphisch durch ein Gegenbeispiel zu untermauern. (Hinweis: Verwenden Sie Abbildung 9.5 im Buch.)<br><\/p>\n\n\n<ul class=\"nav nav-pills nav-justified\">\n<li><a href=\"https:\/\/theory-of-science.com\/de\/uebungen\/abschnitt-09\/uebung-09-04\/\">&lt;&lt;&lt;<\/a><\/li>\n<li><a href=\"https:\/\/theory-of-science.com\/de\/uebungen\/abschnitt-09\/uebung-09-06\/\">&gt;&gt;&gt;<\/a><\/li>\n<\/ul>\n","protected":false},"excerpt":{"rendered":"<p>Bei einem Messmodell f\u00fcr L\u00e4ngenmessung gibt es einerseits immer qualitative Begriffe, mit denen reale Ereignisse, Dinge, Sachverhalte \u00abdirekt\u00bb in Ber\u00fchrung kommen. Andererseits werden die Gr\u00f6\u00dfen, die zum Schluss als Messwerte bestimmt werden, durch Zahlen ausgedr\u00fcckt. In \u00dc9-4 werden nur Hypothesen behandelt, die qualitative Relationen ( , , ) betreffen. Nur in der Hypothese 13) in [&hellip;]<\/p>\n","protected":false},"author":1,"featured_media":0,"parent":58,"menu_order":5,"comment_status":"closed","ping_status":"closed","template":"page-fullwidth.php","meta":{"footnotes":""},"class_list":["post-387","page","type-page","status-publish","hentry"],"_links":{"self":[{"href":"https:\/\/theory-of-science.com\/de\/wp-json\/wp\/v2\/pages\/387","targetHints":{"allow":["GET"]}}],"collection":[{"href":"https:\/\/theory-of-science.com\/de\/wp-json\/wp\/v2\/pages"}],"about":[{"href":"https:\/\/theory-of-science.com\/de\/wp-json\/wp\/v2\/types\/page"}],"author":[{"embeddable":true,"href":"https:\/\/theory-of-science.com\/de\/wp-json\/wp\/v2\/users\/1"}],"replies":[{"embeddable":true,"href":"https:\/\/theory-of-science.com\/de\/wp-json\/wp\/v2\/comments?post=387"}],"version-history":[{"count":11,"href":"https:\/\/theory-of-science.com\/de\/wp-json\/wp\/v2\/pages\/387\/revisions"}],"predecessor-version":[{"id":4447,"href":"https:\/\/theory-of-science.com\/de\/wp-json\/wp\/v2\/pages\/387\/revisions\/4447"}],"up":[{"embeddable":true,"href":"https:\/\/theory-of-science.com\/de\/wp-json\/wp\/v2\/pages\/58"}],"wp:attachment":[{"href":"https:\/\/theory-of-science.com\/de\/wp-json\/wp\/v2\/media?parent=387"}],"curies":[{"name":"wp","href":"https:\/\/api.w.org\/{rel}","templated":true}]}}