{"id":389,"date":"2017-05-29T16:28:08","date_gmt":"2017-05-29T14:28:08","guid":{"rendered":"http:\/\/theory-of-science.com\/de\/?page_id=389"},"modified":"2021-02-04T16:06:33","modified_gmt":"2021-02-04T15:06:33","slug":"uebung-09-06","status":"publish","type":"page","link":"https:\/\/theory-of-science.com\/de\/uebungen\/abschnitt-09\/uebung-09-06\/","title":{"rendered":"\u00dc9-6: Repr\u00e4sentationsfunktion"},"content":{"rendered":"\n<p>Wenn ein Modell <em>x<\/em> neben der Grundmenge <em>G<\/em>, den Relationen <img loading=\"lazy\" decoding=\"async\" src=\"https:\/\/theory-of-science.com\/de\/wp-content\/ql-cache\/quicklatex.com-ee61385ef547d9e8e3b9ef555fbaed53_l3.png\" class=\"ql-img-inline-formula quicklatex-auto-format\" alt=\"&#92;&#112;&#114;&#101;&#99;\" title=\"Rendered by QuickLaTeX.com\" height=\"9\" width=\"10\" style=\"vertical-align: -1px;\"\/> \u2282 <em>G<\/em>&nbsp;\u00d7 <em>G<\/em> und <img loading=\"lazy\" decoding=\"async\" src=\"https:\/\/theory-of-science.com\/de\/wp-content\/ql-cache\/quicklatex.com-480c54a62a2bca4764ae432eeefd784a_l3.png\" class=\"ql-img-inline-formula quicklatex-auto-format\" alt=\"&#92;&#99;&#105;&#114;&#99;\" title=\"Rendered by QuickLaTeX.com\" height=\"6\" width=\"6\" style=\"vertical-align: 1px;\"\/> : ( <em>G<\/em>&nbsp;\u00d7 <em>G<\/em> )&nbsp;\u2192 <em>G<\/em> auch die Menge&nbsp;<img loading=\"lazy\" decoding=\"async\" src=\"https:\/\/theory-of-science.com\/de\/wp-content\/ql-cache\/quicklatex.com-4be6aa5c861ec4e62a3dfaebc88c1784_l3.png\" class=\"ql-img-inline-formula quicklatex-auto-format\" alt=\"&#92;&#109;&#97;&#116;&#104;&#98;&#98;&#123;&#78;&#125;\" title=\"Rendered by QuickLaTeX.com\" height=\"10\" width=\"11\" style=\"vertical-align: 0px;\"\/> der nat\u00fcrlichen Zahlen (oder&nbsp;<img loading=\"lazy\" decoding=\"async\" src=\"https:\/\/theory-of-science.com\/de\/wp-content\/ql-cache\/quicklatex.com-dcfbb8f1c868d0756e2be1a8d16e4e7f_l3.png\" class=\"ql-img-inline-formula quicklatex-auto-format\" alt=\"&#92;&#109;&#97;&#116;&#104;&#98;&#98;&#123;&#82;&#125;\" title=\"Rendered by QuickLaTeX.com\" height=\"10\" width=\"11\" style=\"vertical-align: 0px;\"\/> der reellen Zahlen) enth\u00e4lt, kann das Teilmodell&nbsp;\u2329 <em>G<\/em>, <img loading=\"lazy\" decoding=\"async\" src=\"https:\/\/theory-of-science.com\/de\/wp-content\/ql-cache\/quicklatex.com-ee61385ef547d9e8e3b9ef555fbaed53_l3.png\" class=\"ql-img-inline-formula quicklatex-auto-format\" alt=\"&#92;&#112;&#114;&#101;&#99;\" title=\"Rendered by QuickLaTeX.com\" height=\"9\" width=\"10\" style=\"vertical-align: -1px;\"\/>,&nbsp;<img loading=\"lazy\" decoding=\"async\" src=\"https:\/\/theory-of-science.com\/de\/wp-content\/ql-cache\/quicklatex.com-480c54a62a2bca4764ae432eeefd784a_l3.png\" class=\"ql-img-inline-formula quicklatex-auto-format\" alt=\"&#92;&#99;&#105;&#114;&#99;\" title=\"Rendered by QuickLaTeX.com\" height=\"6\" width=\"6\" style=\"vertical-align: 1px;\"\/>&nbsp;\u232a durch den mathematischen Raum&nbsp;\u2329 <img loading=\"lazy\" decoding=\"async\" src=\"https:\/\/theory-of-science.com\/de\/wp-content\/ql-cache\/quicklatex.com-4be6aa5c861ec4e62a3dfaebc88c1784_l3.png\" class=\"ql-img-inline-formula quicklatex-auto-format\" alt=\"&#92;&#109;&#97;&#116;&#104;&#98;&#98;&#123;&#78;&#125;\" title=\"Rendered by QuickLaTeX.com\" height=\"10\" width=\"11\" style=\"vertical-align: 0px;\"\/>, &lt;, +&nbsp;\u232a (oder den Raum \u2329&nbsp;<img loading=\"lazy\" decoding=\"async\" src=\"https:\/\/theory-of-science.com\/de\/wp-content\/ql-cache\/quicklatex.com-dcfbb8f1c868d0756e2be1a8d16e4e7f_l3.png\" class=\"ql-img-inline-formula quicklatex-auto-format\" alt=\"&#92;&#109;&#97;&#116;&#104;&#98;&#98;&#123;&#82;&#125;\" title=\"Rendered by QuickLaTeX.com\" height=\"10\" width=\"11\" style=\"vertical-align: 0px;\"\/>, &lt;, +&nbsp;\u232a ) innerhalb des Modells <em>x<\/em> repr\u00e4sentiert werden, wenn das Modell <em>x<\/em> auch eine <em>Repr\u00e4sentationsfunktion<\/em> <img loading=\"lazy\" decoding=\"async\" src=\"https:\/\/theory-of-science.com\/de\/wp-content\/ql-cache\/quicklatex.com-6af6a3a2ca50b6ebb4e8e1de42b96b81_l3.png\" class=\"ql-img-inline-formula quicklatex-auto-format\" alt=\"&#92;&#112;&#104;&#105;\" title=\"Rendered by QuickLaTeX.com\" height=\"15\" width=\"9\" style=\"vertical-align: -4px;\"\/> enth\u00e4lt:&nbsp;<img loading=\"lazy\" decoding=\"async\" src=\"https:\/\/theory-of-science.com\/de\/wp-content\/ql-cache\/quicklatex.com-6af6a3a2ca50b6ebb4e8e1de42b96b81_l3.png\" class=\"ql-img-inline-formula quicklatex-auto-format\" alt=\"&#92;&#112;&#104;&#105;\" title=\"Rendered by QuickLaTeX.com\" height=\"15\" width=\"9\" style=\"vertical-align: -4px;\"\/> : <em>G<\/em>&nbsp;\u2192&nbsp;<img loading=\"lazy\" decoding=\"async\" src=\"https:\/\/theory-of-science.com\/de\/wp-content\/ql-cache\/quicklatex.com-4be6aa5c861ec4e62a3dfaebc88c1784_l3.png\" class=\"ql-img-inline-formula quicklatex-auto-format\" alt=\"&#92;&#109;&#97;&#116;&#104;&#98;&#98;&#123;&#78;&#125;\" title=\"Rendered by QuickLaTeX.com\" height=\"10\" width=\"11\" style=\"vertical-align: 0px;\"\/> (oder&nbsp;<img loading=\"lazy\" decoding=\"async\" src=\"https:\/\/theory-of-science.com\/de\/wp-content\/ql-cache\/quicklatex.com-6af6a3a2ca50b6ebb4e8e1de42b96b81_l3.png\" class=\"ql-img-inline-formula quicklatex-auto-format\" alt=\"&#92;&#112;&#104;&#105;\" title=\"Rendered by QuickLaTeX.com\" height=\"15\" width=\"9\" style=\"vertical-align: -4px;\"\/> : <em>G<\/em>&nbsp;\u2192&nbsp;<img loading=\"lazy\" decoding=\"async\" src=\"https:\/\/theory-of-science.com\/de\/wp-content\/ql-cache\/quicklatex.com-dcfbb8f1c868d0756e2be1a8d16e4e7f_l3.png\" class=\"ql-img-inline-formula quicklatex-auto-format\" alt=\"&#92;&#109;&#97;&#116;&#104;&#98;&#98;&#123;&#82;&#125;\" title=\"Rendered by QuickLaTeX.com\" height=\"10\" width=\"11\" style=\"vertical-align: 0px;\"\/>).<\/p>\n\n\n\n<p>Das Teilmodell&nbsp;\u2329 <em>G<\/em>, <img loading=\"lazy\" decoding=\"async\" src=\"https:\/\/theory-of-science.com\/de\/wp-content\/ql-cache\/quicklatex.com-ee61385ef547d9e8e3b9ef555fbaed53_l3.png\" class=\"ql-img-inline-formula quicklatex-auto-format\" alt=\"&#92;&#112;&#114;&#101;&#99;\" title=\"Rendered by QuickLaTeX.com\" height=\"9\" width=\"10\" style=\"vertical-align: -1px;\"\/>,&nbsp;<img loading=\"lazy\" decoding=\"async\" src=\"https:\/\/theory-of-science.com\/de\/wp-content\/ql-cache\/quicklatex.com-480c54a62a2bca4764ae432eeefd784a_l3.png\" class=\"ql-img-inline-formula quicklatex-auto-format\" alt=\"&#92;&#99;&#105;&#114;&#99;\" title=\"Rendered by QuickLaTeX.com\" height=\"6\" width=\"6\" style=\"vertical-align: 1px;\"\/> \u232a l\u00e4sst sich vergr\u00f6\u00dfern, indem eine Teilmenge <em>E<\/em> von <em>Einheitsobjekten<\/em> herausgehoben wird: <em>E<\/em>&nbsp;\u2282 <em>G<\/em>. Die Gr\u00f6\u00dfe der Einheitsobjekte (z.B. St\u00e4be) aus <em>E<\/em> wird durch die Repr\u00e4sentationsfunktion&nbsp;<img loading=\"lazy\" decoding=\"async\" src=\"https:\/\/theory-of-science.com\/de\/wp-content\/ql-cache\/quicklatex.com-6af6a3a2ca50b6ebb4e8e1de42b96b81_l3.png\" class=\"ql-img-inline-formula quicklatex-auto-format\" alt=\"&#92;&#112;&#104;&#105;\" title=\"Rendered by QuickLaTeX.com\" height=\"15\" width=\"9\" style=\"vertical-align: -4px;\"\/> willk\u00fcrlich einer ganz bestimmten Zahl&nbsp;\u2014 wie z.B. 1&nbsp;\u2014 zugeordnet. Das hei\u00dft, ein Einheitsobjekt <em>e<\/em> hat die Gr\u00f6\u00dfe 1; <img loading=\"lazy\" decoding=\"async\" src=\"https:\/\/theory-of-science.com\/de\/wp-content\/ql-cache\/quicklatex.com-6af6a3a2ca50b6ebb4e8e1de42b96b81_l3.png\" class=\"ql-img-inline-formula quicklatex-auto-format\" alt=\"&#92;&#112;&#104;&#105;\" title=\"Rendered by QuickLaTeX.com\" height=\"15\" width=\"9\" style=\"vertical-align: -4px;\"\/> ( <em>e<\/em> ) = 1.<\/p>\n\n\n\n<p><strong>a)<\/strong> Formulieren Sie zwei Hypothesen, welche besagen, dass die Beziehung&nbsp;<img loading=\"lazy\" decoding=\"async\" src=\"https:\/\/theory-of-science.com\/de\/wp-content\/ql-cache\/quicklatex.com-ee61385ef547d9e8e3b9ef555fbaed53_l3.png\" class=\"ql-img-inline-formula quicklatex-auto-format\" alt=\"&#92;&#112;&#114;&#101;&#99;\" title=\"Rendered by QuickLaTeX.com\" height=\"9\" width=\"10\" style=\"vertical-align: -1px;\"\/> von <em>G<\/em> in die Menge&nbsp;<img loading=\"lazy\" decoding=\"async\" src=\"https:\/\/theory-of-science.com\/de\/wp-content\/ql-cache\/quicklatex.com-dcfbb8f1c868d0756e2be1a8d16e4e7f_l3.png\" class=\"ql-img-inline-formula quicklatex-auto-format\" alt=\"&#92;&#109;&#97;&#116;&#104;&#98;&#98;&#123;&#82;&#125;\" title=\"Rendered by QuickLaTeX.com\" height=\"10\" width=\"11\" style=\"vertical-align: 0px;\"\/> und dass die Beziehung&nbsp;<img loading=\"lazy\" decoding=\"async\" src=\"https:\/\/theory-of-science.com\/de\/wp-content\/ql-cache\/quicklatex.com-480c54a62a2bca4764ae432eeefd784a_l3.png\" class=\"ql-img-inline-formula quicklatex-auto-format\" alt=\"&#92;&#99;&#105;&#114;&#99;\" title=\"Rendered by QuickLaTeX.com\" height=\"6\" width=\"6\" style=\"vertical-align: 1px;\"\/> von <em>G<\/em> in die Menge&nbsp;<img loading=\"lazy\" decoding=\"async\" src=\"https:\/\/theory-of-science.com\/de\/wp-content\/ql-cache\/quicklatex.com-dcfbb8f1c868d0756e2be1a8d16e4e7f_l3.png\" class=\"ql-img-inline-formula quicklatex-auto-format\" alt=\"&#92;&#109;&#97;&#116;&#104;&#98;&#98;&#123;&#82;&#125;\" title=\"Rendered by QuickLaTeX.com\" height=\"10\" width=\"11\" style=\"vertical-align: 0px;\"\/> \u00fcbertragen wird. (Hinweis: Die \u00dcbertragung geschieht durch eine Funktion&nbsp;<img loading=\"lazy\" decoding=\"async\" src=\"https:\/\/theory-of-science.com\/de\/wp-content\/ql-cache\/quicklatex.com-6af6a3a2ca50b6ebb4e8e1de42b96b81_l3.png\" class=\"ql-img-inline-formula quicklatex-auto-format\" alt=\"&#92;&#112;&#104;&#105;\" title=\"Rendered by QuickLaTeX.com\" height=\"15\" width=\"9\" style=\"vertical-align: -4px;\"\/> : <em>G<\/em>&nbsp;\u2192 <img loading=\"lazy\" decoding=\"async\" src=\"https:\/\/theory-of-science.com\/de\/wp-content\/ql-cache\/quicklatex.com-dcfbb8f1c868d0756e2be1a8d16e4e7f_l3.png\" class=\"ql-img-inline-formula quicklatex-auto-format\" alt=\"&#92;&#109;&#97;&#116;&#104;&#98;&#98;&#123;&#82;&#125;\" title=\"Rendered by QuickLaTeX.com\" height=\"10\" width=\"11\" style=\"vertical-align: 0px;\"\/>.)<\/p>\n\n\n\n<p><strong>b)<\/strong> Beschreiben Sie die Hypothese 13) aus \u00dc9-4 und \u00dc9-5 im Zahlenraum <img loading=\"lazy\" decoding=\"async\" src=\"https:\/\/theory-of-science.com\/de\/wp-content\/ql-cache\/quicklatex.com-dcfbb8f1c868d0756e2be1a8d16e4e7f_l3.png\" class=\"ql-img-inline-formula quicklatex-auto-format\" alt=\"&#92;&#109;&#97;&#116;&#104;&#98;&#98;&#123;&#82;&#125;\" title=\"Rendered by QuickLaTeX.com\" height=\"10\" width=\"11\" style=\"vertical-align: 0px;\"\/>.<\/p>\n\n\n\n<p><strong>c)<\/strong> Bilden Sie zwei verschiedene Vergr\u00f6\u00dferungen mit Einheitsobjekten&nbsp;\u2329 <em>G<\/em>, <em>E<\/em>, <img loading=\"lazy\" decoding=\"async\" src=\"https:\/\/theory-of-science.com\/de\/wp-content\/ql-cache\/quicklatex.com-ee61385ef547d9e8e3b9ef555fbaed53_l3.png\" class=\"ql-img-inline-formula quicklatex-auto-format\" alt=\"&#92;&#112;&#114;&#101;&#99;\" title=\"Rendered by QuickLaTeX.com\" height=\"9\" width=\"10\" style=\"vertical-align: -1px;\"\/>, <img loading=\"lazy\" decoding=\"async\" src=\"https:\/\/theory-of-science.com\/de\/wp-content\/ql-cache\/quicklatex.com-480c54a62a2bca4764ae432eeefd784a_l3.png\" class=\"ql-img-inline-formula quicklatex-auto-format\" alt=\"&#92;&#99;&#105;&#114;&#99;\" title=\"Rendered by QuickLaTeX.com\" height=\"6\" width=\"6\" style=\"vertical-align: 1px;\"\/>&nbsp;\u232a und&nbsp;\u2329 <em>G<\/em>, <em>E &#8218;<\/em>, <img loading=\"lazy\" decoding=\"async\" src=\"https:\/\/theory-of-science.com\/de\/wp-content\/ql-cache\/quicklatex.com-ee61385ef547d9e8e3b9ef555fbaed53_l3.png\" class=\"ql-img-inline-formula quicklatex-auto-format\" alt=\"&#92;&#112;&#114;&#101;&#99;\" title=\"Rendered by QuickLaTeX.com\" height=\"9\" width=\"10\" style=\"vertical-align: -1px;\"\/>, <img loading=\"lazy\" decoding=\"async\" src=\"https:\/\/theory-of-science.com\/de\/wp-content\/ql-cache\/quicklatex.com-480c54a62a2bca4764ae432eeefd784a_l3.png\" class=\"ql-img-inline-formula quicklatex-auto-format\" alt=\"&#92;&#99;&#105;&#114;&#99;\" title=\"Rendered by QuickLaTeX.com\" height=\"6\" width=\"6\" style=\"vertical-align: 1px;\"\/>&nbsp;\u232a von \u2329 <em>G<\/em>, <img loading=\"lazy\" decoding=\"async\" src=\"https:\/\/theory-of-science.com\/de\/wp-content\/ql-cache\/quicklatex.com-ee61385ef547d9e8e3b9ef555fbaed53_l3.png\" class=\"ql-img-inline-formula quicklatex-auto-format\" alt=\"&#92;&#112;&#114;&#101;&#99;\" title=\"Rendered by QuickLaTeX.com\" height=\"9\" width=\"10\" style=\"vertical-align: -1px;\"\/>, <img loading=\"lazy\" decoding=\"async\" src=\"https:\/\/theory-of-science.com\/de\/wp-content\/ql-cache\/quicklatex.com-480c54a62a2bca4764ae432eeefd784a_l3.png\" class=\"ql-img-inline-formula quicklatex-auto-format\" alt=\"&#92;&#99;&#105;&#114;&#99;\" title=\"Rendered by QuickLaTeX.com\" height=\"6\" width=\"6\" style=\"vertical-align: 1px;\"\/>&nbsp;\u232a. Das System&nbsp;\u2329 <em>G<\/em>, <em>E<\/em>, <img loading=\"lazy\" decoding=\"async\" src=\"https:\/\/theory-of-science.com\/de\/wp-content\/ql-cache\/quicklatex.com-ee61385ef547d9e8e3b9ef555fbaed53_l3.png\" class=\"ql-img-inline-formula quicklatex-auto-format\" alt=\"&#92;&#112;&#114;&#101;&#99;\" title=\"Rendered by QuickLaTeX.com\" height=\"9\" width=\"10\" style=\"vertical-align: -1px;\"\/>, <img loading=\"lazy\" decoding=\"async\" src=\"https:\/\/theory-of-science.com\/de\/wp-content\/ql-cache\/quicklatex.com-480c54a62a2bca4764ae432eeefd784a_l3.png\" class=\"ql-img-inline-formula quicklatex-auto-format\" alt=\"&#92;&#99;&#105;&#114;&#99;\" title=\"Rendered by QuickLaTeX.com\" height=\"6\" width=\"6\" style=\"vertical-align: 1px;\"\/>&nbsp;\u232a wird durch eine Funktion&nbsp;<img loading=\"lazy\" decoding=\"async\" src=\"https:\/\/theory-of-science.com\/de\/wp-content\/ql-cache\/quicklatex.com-6af6a3a2ca50b6ebb4e8e1de42b96b81_l3.png\" class=\"ql-img-inline-formula quicklatex-auto-format\" alt=\"&#92;&#112;&#104;&#105;\" title=\"Rendered by QuickLaTeX.com\" height=\"15\" width=\"9\" style=\"vertical-align: -4px;\"\/> und das System&nbsp;\u2329 <em>G<\/em>, <em>E &#8218;<\/em>, <img loading=\"lazy\" decoding=\"async\" src=\"https:\/\/theory-of-science.com\/de\/wp-content\/ql-cache\/quicklatex.com-ee61385ef547d9e8e3b9ef555fbaed53_l3.png\" class=\"ql-img-inline-formula quicklatex-auto-format\" alt=\"&#92;&#112;&#114;&#101;&#99;\" title=\"Rendered by QuickLaTeX.com\" height=\"9\" width=\"10\" style=\"vertical-align: -1px;\"\/>, <img loading=\"lazy\" decoding=\"async\" src=\"https:\/\/theory-of-science.com\/de\/wp-content\/ql-cache\/quicklatex.com-480c54a62a2bca4764ae432eeefd784a_l3.png\" class=\"ql-img-inline-formula quicklatex-auto-format\" alt=\"&#92;&#99;&#105;&#114;&#99;\" title=\"Rendered by QuickLaTeX.com\" height=\"6\" width=\"6\" style=\"vertical-align: 1px;\"\/>&nbsp;\u232a durch eine Funktion <img loading=\"lazy\" decoding=\"async\" src=\"https:\/\/theory-of-science.com\/de\/wp-content\/ql-cache\/quicklatex.com-0c366661a890cfefec1ec1d1d155f1a0_l3.png\" class=\"ql-img-inline-formula quicklatex-auto-format\" alt=\"&#92;&#112;&#104;&#105;&#32;&#39;\" title=\"Rendered by QuickLaTeX.com\" height=\"15\" width=\"12\" style=\"vertical-align: -4px;\"\/>&nbsp;im Zahlenraum&nbsp;<img loading=\"lazy\" decoding=\"async\" src=\"https:\/\/theory-of-science.com\/de\/wp-content\/ql-cache\/quicklatex.com-dcfbb8f1c868d0756e2be1a8d16e4e7f_l3.png\" class=\"ql-img-inline-formula quicklatex-auto-format\" alt=\"&#92;&#109;&#97;&#116;&#104;&#98;&#98;&#123;&#82;&#125;\" title=\"Rendered by QuickLaTeX.com\" height=\"10\" width=\"11\" style=\"vertical-align: 0px;\"\/> repr\u00e4sentiert. Analysieren Sie, wie sich die Gr\u00f6\u00dfe eines Objekts, welches nicht als eine Einheit verwendet wird, ver\u00e4ndert. (Hinweis: Bilden Sie die Hypothese 13) im Zahlenraum zwei Mal ab.)<br><\/p>\n\n\n<ul class=\"nav nav-pills nav-justified\">\n<li><a href=\"https:\/\/theory-of-science.com\/de\/uebungen\/abschnitt-09\/uebung-09-05\/\">&lt;&lt;&lt;<\/a><\/li>\n<li><a href=\"https:\/\/theory-of-science.com\/de\/uebungen\/abschnitt-10\/uebung-10-01\/\">&gt;&gt;&gt;<\/a><\/li>\n<\/ul>\n","protected":false},"excerpt":{"rendered":"<p>Wenn ein Modell x neben der Grundmenge G, den Relationen \u2282 G&nbsp;\u00d7 G und : ( G&nbsp;\u00d7 G )&nbsp;\u2192 G auch die Menge&nbsp; der nat\u00fcrlichen Zahlen (oder&nbsp; der reellen Zahlen) enth\u00e4lt, kann das Teilmodell&nbsp;\u2329 G, ,&nbsp;&nbsp;\u232a durch den mathematischen Raum&nbsp;\u2329 , &lt;, +&nbsp;\u232a (oder den Raum \u2329&nbsp;, &lt;, +&nbsp;\u232a ) innerhalb des Modells x repr\u00e4sentiert [&hellip;]<\/p>\n","protected":false},"author":1,"featured_media":0,"parent":58,"menu_order":6,"comment_status":"closed","ping_status":"closed","template":"page-fullwidth.php","meta":{"footnotes":""},"class_list":["post-389","page","type-page","status-publish","hentry"],"_links":{"self":[{"href":"https:\/\/theory-of-science.com\/de\/wp-json\/wp\/v2\/pages\/389","targetHints":{"allow":["GET"]}}],"collection":[{"href":"https:\/\/theory-of-science.com\/de\/wp-json\/wp\/v2\/pages"}],"about":[{"href":"https:\/\/theory-of-science.com\/de\/wp-json\/wp\/v2\/types\/page"}],"author":[{"embeddable":true,"href":"https:\/\/theory-of-science.com\/de\/wp-json\/wp\/v2\/users\/1"}],"replies":[{"embeddable":true,"href":"https:\/\/theory-of-science.com\/de\/wp-json\/wp\/v2\/comments?post=389"}],"version-history":[{"count":9,"href":"https:\/\/theory-of-science.com\/de\/wp-json\/wp\/v2\/pages\/389\/revisions"}],"predecessor-version":[{"id":4448,"href":"https:\/\/theory-of-science.com\/de\/wp-json\/wp\/v2\/pages\/389\/revisions\/4448"}],"up":[{"embeddable":true,"href":"https:\/\/theory-of-science.com\/de\/wp-json\/wp\/v2\/pages\/58"}],"wp:attachment":[{"href":"https:\/\/theory-of-science.com\/de\/wp-json\/wp\/v2\/media?parent=389"}],"curies":[{"name":"wp","href":"https:\/\/api.w.org\/{rel}","templated":true}]}}