{"id":403,"date":"2017-05-29T16:40:39","date_gmt":"2017-05-29T14:40:39","guid":{"rendered":"http:\/\/theory-of-science.com\/de\/?page_id=403"},"modified":"2021-02-09T21:09:41","modified_gmt":"2021-02-09T20:09:41","slug":"uebung-10-01","status":"publish","type":"page","link":"https:\/\/theory-of-science.com\/de\/uebungen\/abschnitt-10\/uebung-10-01\/","title":{"rendered":"\u00dc10-1: Vorausgesetzter und zu bestimmender Teil eines Messmodells"},"content":{"rendered":"\n<p><em>x<\/em> =&nbsp;\u2329 <em>P<\/em>, <em>T<\/em>, <img loading=\"lazy\" decoding=\"async\" src=\"https:\/\/theory-of-science.com\/de\/wp-content\/ql-cache\/quicklatex.com-3f7c0e229b0686a0b5cf023d5e40a8b3_l3.png\" class=\"ql-img-inline-formula quicklatex-auto-format\" alt=\"&#92;&#109;&#97;&#116;&#104;&#98;&#98;&#123;&#82;&#125;&#94;&#51;\" title=\"Rendered by QuickLaTeX.com\" height=\"13\" width=\"17\" style=\"vertical-align: 0px;\"\/>, v, m&nbsp;\u232a ist ein Modell der <em>klassischen Sto\u00dfmechanik<\/em>. <em>P<\/em> ist eine Menge von Partikeln, die zusammensto\u00dfen k\u00f6nnen, <em>T<\/em> ist eine Menge von zwei Zeitpunkten ( <em>T<\/em> = { -1, 1 } ),&nbsp;<img loading=\"lazy\" decoding=\"async\" src=\"https:\/\/theory-of-science.com\/de\/wp-content\/ql-cache\/quicklatex.com-dcfbb8f1c868d0756e2be1a8d16e4e7f_l3.png\" class=\"ql-img-inline-formula quicklatex-auto-format\" alt=\"&#92;&#109;&#97;&#116;&#104;&#98;&#98;&#123;&#82;&#125;\" title=\"Rendered by QuickLaTeX.com\" height=\"10\" width=\"11\" style=\"vertical-align: 0px;\"\/> ist der dreidimensionale Zahlenraum, <em>v<\/em> : <em>P<\/em>&nbsp;\u00d7 <em>T<\/em>&nbsp;\u2192&nbsp;<img loading=\"lazy\" decoding=\"async\" src=\"https:\/\/theory-of-science.com\/de\/wp-content\/ql-cache\/quicklatex.com-dcfbb8f1c868d0756e2be1a8d16e4e7f_l3.png\" class=\"ql-img-inline-formula quicklatex-auto-format\" alt=\"&#92;&#109;&#97;&#116;&#104;&#98;&#98;&#123;&#82;&#125;\" title=\"Rendered by QuickLaTeX.com\" height=\"10\" width=\"11\" style=\"vertical-align: 0px;\"\/> ist eine Geschwindigkeitsfunktion und <em>m<\/em> ist eine Massefunktion <em>m<\/em> : <em>P<\/em>&nbsp;\u2192 <img loading=\"lazy\" decoding=\"async\" src=\"https:\/\/theory-of-science.com\/de\/wp-content\/ql-cache\/quicklatex.com-0b04ded79a7ba7a2fce9fe543b39546a_l3.png\" class=\"ql-img-inline-formula quicklatex-auto-format\" alt=\"&#92;&#109;&#97;&#116;&#104;&#98;&#98;&#123;&#82;&#125;&#94;&#43;\" title=\"Rendered by QuickLaTeX.com\" height=\"12\" width=\"20\" style=\"vertical-align: 0px;\"\/>.<br>1) Ein <em>Messmodell f\u00fcr die Masse<\/em> <em>y<\/em> hat die Form<\/p>\n\n\n\n<p><\/p><p style=\"padding-left:30px;\"><em>y<\/em> =&nbsp;\u2329 <em>P<\/em>, <em>T<\/em>, <img loading=\"lazy\" decoding=\"async\" src=\"https:\/\/theory-of-science.com\/de\/wp-content\/ql-cache\/quicklatex.com-3f7c0e229b0686a0b5cf023d5e40a8b3_l3.png\" class=\"ql-img-inline-formula quicklatex-auto-format\" alt=\"&#92;&#109;&#97;&#116;&#104;&#98;&#98;&#123;&#82;&#125;&#94;&#51;\" title=\"Rendered by QuickLaTeX.com\" height=\"13\" width=\"17\" style=\"vertical-align: 0px;\"\/>, <em>v<\/em>, <em>m<\/em>&nbsp;\u232a { <em>v<\/em> } [ <em>m<\/em> ].<\/p><p><\/p>\n\n\n\n<p>Die Massefunktion <em>m<\/em> ist der <em>zu bestimmende<\/em> Teil von <em>y<\/em> und <em>der vorausgegesetzte<\/em> Teil von <em>y<\/em> ist die Funktion <em>v<\/em>.<br>2) Ein spezielles Messmodell <em>z<\/em> f\u00fcr die Masse hat z.B. die Form<\/p>\n\n\n\n<p><\/p><p style=\"padding-left:30px;\"><em>z<\/em> =&nbsp;\u2329 <em>P<\/em>, <em>T<\/em>, <img loading=\"lazy\" decoding=\"async\" src=\"https:\/\/theory-of-science.com\/de\/wp-content\/ql-cache\/quicklatex.com-3f7c0e229b0686a0b5cf023d5e40a8b3_l3.png\" class=\"ql-img-inline-formula quicklatex-auto-format\" alt=\"&#92;&#109;&#97;&#116;&#104;&#98;&#98;&#123;&#82;&#125;&#94;&#51;\" title=\"Rendered by QuickLaTeX.com\" height=\"13\" width=\"17\" style=\"vertical-align: 0px;\"\/>, <em>v<\/em>, <em>m<\/em>&nbsp;\u232a { <em>V<\/em> } [ <em>B<\/em> ], wobei <em>V<\/em> die Form<br><em>V<\/em> = {&nbsp;\u2329 <em>p<\/em><sub>0<\/sub>,&nbsp;\u2329 0 ,0, \u03b1 \u232a \u232a,&nbsp;\u2329 <em>p<\/em><sub>1<\/sub>,&nbsp;\u2329 0 ,0,&nbsp;\u03b2 \u232a \u232a } und<br><em>B<\/em> die Form {&nbsp;\u2329 <em>p<\/em><sub>0<\/sub>, \u03b3<sub>0<\/sub> \u232a, \u2329 <em>p<\/em><sub>1<\/sub>, \u03b3<sub>1<\/sub> \u232a&nbsp;\u232a } hat.<\/p><p><\/p>\n\n\n\n<p><strong>a)<\/strong> Beweisen Sie, dass in 1) die Funktionen <em>v<\/em> und <em>m<\/em> mengentheoretisch disjunkt sind. Geben Sie ein Grundelement aus <em>P<\/em> an, welches sowohl in <em>v<\/em> als auch in <em>m<\/em> vorkommt. Geben Sie ein Grundelement aus <em>T<\/em> an, welches sowohl in <em>v<\/em> als auch in <em>m<\/em> vorkommt.<\/p>\n\n\n\n<p><strong>b)<\/strong> Formen Sie die Listen in <em>V<\/em> und <em>B<\/em> so um, dass die Argumente und die Funktionswerte von <em>v<\/em> und <em>m<\/em> besser zu lesen und besser zu verstehen sind.<\/p>\n\n\n\n<p><strong>c)<\/strong> Interpretieren Sie das Partikel <em>p<\/em><sub>0<\/sub> als ein Partikel der Masse 1. Kann es in dem Messmodell in 2) neben <em>p<\/em><sub>0<\/sub> und <em>p<\/em><sub>1<\/sub> weitere Partikel geben?<\/p>\n\n\n\n<p><strong>d)<\/strong> Beweisen Sie in zwei verschiedenen Weisen, dass f\u00fcr das spezielle Messmodell in 2) die vorausgesetzten und die zu bestimmenden Teile <em>V<\/em> und <em>B<\/em> disjunkt sind.<br><\/p>\n\n\n<ul class=\"nav nav-pills nav-justified\">\n<li><a href=\"https:\/\/theory-of-science.com\/de\/uebungen\/abschnitt-09\/uebung-09-06\/\">&lt;&lt;&lt;<\/a><\/li>\n<li><a href=\"https:\/\/theory-of-science.com\/de\/uebungen\/abschnitt-10\/uebung-10-02\/\">&gt;&gt;&gt;<\/a><\/li>\n<\/ul>\n","protected":false},"excerpt":{"rendered":"<p>x =&nbsp;\u2329 P, T, , v, m&nbsp;\u232a ist ein Modell der klassischen Sto\u00dfmechanik. P ist eine Menge von Partikeln, die zusammensto\u00dfen k\u00f6nnen, T ist eine Menge von zwei Zeitpunkten ( T = { -1, 1 } ),&nbsp; ist der dreidimensionale Zahlenraum, v : P&nbsp;\u00d7 T&nbsp;\u2192&nbsp; ist eine Geschwindigkeitsfunktion und m ist eine Massefunktion m : [&hellip;]<\/p>\n","protected":false},"author":1,"featured_media":0,"parent":61,"menu_order":1,"comment_status":"closed","ping_status":"closed","template":"page-fullwidth.php","meta":{"footnotes":""},"class_list":["post-403","page","type-page","status-publish","hentry"],"_links":{"self":[{"href":"https:\/\/theory-of-science.com\/de\/wp-json\/wp\/v2\/pages\/403","targetHints":{"allow":["GET"]}}],"collection":[{"href":"https:\/\/theory-of-science.com\/de\/wp-json\/wp\/v2\/pages"}],"about":[{"href":"https:\/\/theory-of-science.com\/de\/wp-json\/wp\/v2\/types\/page"}],"author":[{"embeddable":true,"href":"https:\/\/theory-of-science.com\/de\/wp-json\/wp\/v2\/users\/1"}],"replies":[{"embeddable":true,"href":"https:\/\/theory-of-science.com\/de\/wp-json\/wp\/v2\/comments?post=403"}],"version-history":[{"count":10,"href":"https:\/\/theory-of-science.com\/de\/wp-json\/wp\/v2\/pages\/403\/revisions"}],"predecessor-version":[{"id":4614,"href":"https:\/\/theory-of-science.com\/de\/wp-json\/wp\/v2\/pages\/403\/revisions\/4614"}],"up":[{"embeddable":true,"href":"https:\/\/theory-of-science.com\/de\/wp-json\/wp\/v2\/pages\/61"}],"wp:attachment":[{"href":"https:\/\/theory-of-science.com\/de\/wp-json\/wp\/v2\/media?parent=403"}],"curies":[{"name":"wp","href":"https:\/\/api.w.org\/{rel}","templated":true}]}}