{"id":419,"date":"2017-05-29T16:45:27","date_gmt":"2017-05-29T14:45:27","guid":{"rendered":"http:\/\/theory-of-science.com\/de\/?page_id=419"},"modified":"2021-02-09T21:16:52","modified_gmt":"2021-02-09T20:16:52","slug":"uebung-11-01","status":"publish","type":"page","link":"https:\/\/theory-of-science.com\/de\/uebungen\/abschnitt-11\/uebung-11-01\/","title":{"rendered":"\u00dc11-1: Vereinigungs- und Durchschnittsbildung"},"content":{"rendered":"\n<p>Zwei Mengen <em>X<\/em> und <em>Y<\/em> werden vereinigt, indem eine neue Menge <em>Z<\/em> gebildet wird, deren Element aus <em>X<\/em> oder aus <em>Y<\/em> stammen: <em>Z<\/em> = <em>X<\/em>&nbsp;\u222a <em>Y<\/em>. Die Vereinigung von zwei Mengen entspricht sprachlich der Verbindung von S\u00e4tzen oder Ausdr\u00fccken, welche sich syntaktisch durch das Wort <em>oder<\/em> verbinden lassen.<\/p>\n\n\n\n<p>Die Elemente aus der Menge <em>X<\/em> k\u00f6nnen direkt bezeichnet werden oder sie werden durch eine Formel <img loading=\"lazy\" decoding=\"async\" src=\"https:\/\/theory-of-science.com\/de\/wp-content\/ql-cache\/quicklatex.com-53bc46d57393793c2f2b46f48275eb1b_l3.png\" class=\"ql-img-inline-formula quicklatex-auto-format\" alt=\"&#92;&#99;&#97;&#108;&#32;&#65;\" title=\"Rendered by QuickLaTeX.com\" height=\"11\" width=\"12\" style=\"vertical-align: -1px;\"\/> ausgedr\u00fcckt, welche eine Variable <em>x<\/em> enth\u00e4lt.<\/p>\n\n\n\n<p><\/p><p style=\"padding-left:30px;\">(a) <em>X<\/em> = { <em>a<\/em><sub>1<\/sub>, &#8230;, <em>a<sub>m<\/sub><\/em> }<br>oder<br>(b) <em>X<\/em> = { <em>x<\/em> \/ <img loading=\"lazy\" decoding=\"async\" src=\"https:\/\/theory-of-science.com\/de\/wp-content\/ql-cache\/quicklatex.com-53bc46d57393793c2f2b46f48275eb1b_l3.png\" class=\"ql-img-inline-formula quicklatex-auto-format\" alt=\"&#92;&#99;&#97;&#108;&#32;&#65;\" title=\"Rendered by QuickLaTeX.com\" height=\"11\" width=\"12\" style=\"vertical-align: -1px;\"\/> ( <em>x<\/em> ) }.<\/p><p><\/p>\n\n\n\n<p>Die Menge <em>X<\/em> k\u00f6nnte konkret z.B. so aussehen { <em>Peter<\/em>, <em>Udo<\/em>, <em>Karl<\/em>, <em>Hans<\/em> }. Die Formel&nbsp;<img loading=\"lazy\" decoding=\"async\" src=\"https:\/\/theory-of-science.com\/de\/wp-content\/ql-cache\/quicklatex.com-53bc46d57393793c2f2b46f48275eb1b_l3.png\" class=\"ql-img-inline-formula quicklatex-auto-format\" alt=\"&#92;&#99;&#97;&#108;&#32;&#65;\" title=\"Rendered by QuickLaTeX.com\" height=\"11\" width=\"12\" style=\"vertical-align: -1px;\"\/> ( <em>x<\/em> ) k\u00f6nnte z.B. konkret so aussehen: \u00ab<em>x<\/em> ist ein deutscher, m\u00e4nnlicher Name\u00bb.<br>Die Vereinigung <em>Z<\/em> von Mengen <em>X<\/em> und <em>Y<\/em> in der Variante (a) wird so geschrieben:<\/p>\n\n\n\n<p><\/p><p style=\"padding-left:30px;\">{ <em>a<\/em><sub>1<\/sub>, &#8230;, <em>a<sub>m<\/sub><\/em>, <em>b<\/em><sub>1<\/sub>, &#8230;, <em>b<sub>n<\/sub><\/em> } = {&nbsp;<em>a<\/em><sub>1<\/sub>, &#8230;, <em>a<sub>m<\/sub><\/em> }&nbsp;\u222a {&nbsp;<em>b<\/em><sub>1<\/sub>, &#8230;, <em>b<sub>n<\/sub><\/em> }.<\/p><p><\/p>\n\n\n\n<p>Dabei k\u00f6nnen zwei Symbole <em>a<sub>i<\/sub><\/em>, <em>b<sub>j<\/sub><\/em> dasselbe Element ausdr\u00fccken: <em>a<sub>i<\/sub><\/em> = <em>b<sub>j<\/sub><\/em>. In solchen F\u00e4llen kann man <em>a<sub>i<\/sub><\/em> oder <em>b<sub>j<\/sub><\/em> schreiben.<\/p>\n\n\n\n<p>Die Vereinigung zweier Mengen <em>X<\/em> = { <em>x<\/em> \/ <img loading=\"lazy\" decoding=\"async\" src=\"https:\/\/theory-of-science.com\/de\/wp-content\/ql-cache\/quicklatex.com-53bc46d57393793c2f2b46f48275eb1b_l3.png\" class=\"ql-img-inline-formula quicklatex-auto-format\" alt=\"&#92;&#99;&#97;&#108;&#32;&#65;\" title=\"Rendered by QuickLaTeX.com\" height=\"11\" width=\"12\" style=\"vertical-align: -1px;\"\/> ( <em>x<\/em> ) } und <em>Y<\/em> = { <em>x<\/em> \/ <img loading=\"lazy\" decoding=\"async\" src=\"https:\/\/theory-of-science.com\/de\/wp-content\/ql-cache\/quicklatex.com-e9138abb823676584141b14b8343a10a_l3.png\" class=\"ql-img-inline-formula quicklatex-auto-format\" alt=\"&#92;&#99;&#97;&#108;&#32;&#66;\" title=\"Rendered by QuickLaTeX.com\" height=\"10\" width=\"10\" style=\"vertical-align: 0px;\"\/> ( <em>x<\/em> ) } wird so ausgedr\u00fcckt:<\/p>\n\n\n\n<p><\/p><p style=\"padding-left:30px;\">{ <em>x<\/em> \/ <img loading=\"lazy\" decoding=\"async\" src=\"https:\/\/theory-of-science.com\/de\/wp-content\/ql-cache\/quicklatex.com-53bc46d57393793c2f2b46f48275eb1b_l3.png\" class=\"ql-img-inline-formula quicklatex-auto-format\" alt=\"&#92;&#99;&#97;&#108;&#32;&#65;\" title=\"Rendered by QuickLaTeX.com\" height=\"11\" width=\"12\" style=\"vertical-align: -1px;\"\/> ( <em>x<\/em> )&nbsp;\u2228&nbsp;<img loading=\"lazy\" decoding=\"async\" src=\"https:\/\/theory-of-science.com\/de\/wp-content\/ql-cache\/quicklatex.com-e9138abb823676584141b14b8343a10a_l3.png\" class=\"ql-img-inline-formula quicklatex-auto-format\" alt=\"&#92;&#99;&#97;&#108;&#32;&#66;\" title=\"Rendered by QuickLaTeX.com\" height=\"10\" width=\"10\" style=\"vertical-align: 0px;\"\/> ( <em>x<\/em> ) } = {&nbsp;<em>x<\/em> \/ <img loading=\"lazy\" decoding=\"async\" src=\"https:\/\/theory-of-science.com\/de\/wp-content\/ql-cache\/quicklatex.com-53bc46d57393793c2f2b46f48275eb1b_l3.png\" class=\"ql-img-inline-formula quicklatex-auto-format\" alt=\"&#92;&#99;&#97;&#108;&#32;&#65;\" title=\"Rendered by QuickLaTeX.com\" height=\"11\" width=\"12\" style=\"vertical-align: -1px;\"\/> ( <em>x<\/em> ) }&nbsp;\u222a { x \/&nbsp;<img loading=\"lazy\" decoding=\"async\" src=\"https:\/\/theory-of-science.com\/de\/wp-content\/ql-cache\/quicklatex.com-e9138abb823676584141b14b8343a10a_l3.png\" class=\"ql-img-inline-formula quicklatex-auto-format\" alt=\"&#92;&#99;&#97;&#108;&#32;&#66;\" title=\"Rendered by QuickLaTeX.com\" height=\"10\" width=\"10\" style=\"vertical-align: 0px;\"\/> ( <em>x<\/em> ) }.<\/p><p><\/p>\n\n\n\n<p>Auf dieselbe Weise wird der <em>Durchschnitt<\/em> von <em>X<\/em> und <em>Y<\/em> gebildet: <em>Z<\/em> = <em>X<\/em>&nbsp;\u2229 Y. Der Durchschnitt von zwei Mengen entspricht sprachlich der Verbindung von S\u00e4tzen oder Ausdr\u00fccken, welche sich syntaktisch durch das Wort <em>und<\/em> verbinden lassen.<\/p>\n\n\n\n<p><\/p><p style=\"padding-left:30px;\">{ <em>a<\/em><sub>1<\/sub>, &#8230;, <em>a<sub>m<\/sub><\/em>, <em>b<\/em><sub>1<\/sub>, &#8230;, <em>b<sub>n<\/sub><\/em> } = {&nbsp;<em>a<\/em><sub>1<\/sub>, &#8230;, <em>a<sub>m<\/sub><\/em> }&nbsp;\u2229 {&nbsp;<em>b<\/em><sub>1<\/sub>, &#8230;, <em>b<sub>n<\/sub><\/em> }.<br>{ <em>x<\/em> \/ <img loading=\"lazy\" decoding=\"async\" src=\"https:\/\/theory-of-science.com\/de\/wp-content\/ql-cache\/quicklatex.com-53bc46d57393793c2f2b46f48275eb1b_l3.png\" class=\"ql-img-inline-formula quicklatex-auto-format\" alt=\"&#92;&#99;&#97;&#108;&#32;&#65;\" title=\"Rendered by QuickLaTeX.com\" height=\"11\" width=\"12\" style=\"vertical-align: -1px;\"\/> ( <em>x<\/em> )&nbsp;\u2227 <img loading=\"lazy\" decoding=\"async\" src=\"https:\/\/theory-of-science.com\/de\/wp-content\/ql-cache\/quicklatex.com-e9138abb823676584141b14b8343a10a_l3.png\" class=\"ql-img-inline-formula quicklatex-auto-format\" alt=\"&#92;&#99;&#97;&#108;&#32;&#66;\" title=\"Rendered by QuickLaTeX.com\" height=\"10\" width=\"10\" style=\"vertical-align: 0px;\"\/> ( <em>x<\/em> ) } = {&nbsp;<em>x<\/em> \/ <img loading=\"lazy\" decoding=\"async\" src=\"https:\/\/theory-of-science.com\/de\/wp-content\/ql-cache\/quicklatex.com-53bc46d57393793c2f2b46f48275eb1b_l3.png\" class=\"ql-img-inline-formula quicklatex-auto-format\" alt=\"&#92;&#99;&#97;&#108;&#32;&#65;\" title=\"Rendered by QuickLaTeX.com\" height=\"11\" width=\"12\" style=\"vertical-align: -1px;\"\/> ( <em>x<\/em> ) }&nbsp;\u2229 { x \/&nbsp;<img loading=\"lazy\" decoding=\"async\" src=\"https:\/\/theory-of-science.com\/de\/wp-content\/ql-cache\/quicklatex.com-e9138abb823676584141b14b8343a10a_l3.png\" class=\"ql-img-inline-formula quicklatex-auto-format\" alt=\"&#92;&#99;&#97;&#108;&#32;&#66;\" title=\"Rendered by QuickLaTeX.com\" height=\"10\" width=\"10\" style=\"vertical-align: 0px;\"\/> ( <em>x<\/em> ) }.<\/p><p><\/p>\n\n\n\n<p><strong>a)<\/strong> { <em>a<\/em><sub>1<\/sub>, <em>a<\/em><sub>2<\/sub>, <em>a<\/em><sub>3<\/sub>, <em>a<\/em><sub>4<\/sub>, <em>a<\/em><sub>5<\/sub>, <em>a<\/em><sub>6<\/sub>, <em>a<\/em><sub>7<\/sub>,&nbsp;<em>a<\/em><sub>8<\/sub> } und { <em>b<\/em><sub>1<\/sub>, <em>b<\/em><sub>2<\/sub>, <em>b<\/em><sub>3<\/sub>, <em>b<\/em><sub>4<\/sub>, <em>b<\/em><sub>5<\/sub>, <em>b<\/em><sub>6<\/sub>, <em>b<\/em><sub>7<\/sub>, <em>b<\/em><sub>8<\/sub>, <em>b<\/em><sub>9<\/sub> } sind Mengen. Wir legen fest, dass <em>a<\/em><sub>4<\/sub> = <em>b<\/em><sub>2<\/sub> und <em>b<\/em><sub>8<\/sub> = <em>a<\/em><sub>7<\/sub> gilt. Schreiben Sie die Vereinigung der beiden Mengen so, dass keine Elemente aus der Vereinigung doppelt vorkommen.<\/p>\n\n\n\n<p><strong>b)<\/strong> Wie w\u00fcrden Sie die Vereinigung von { <em>Peter<\/em>, <em>Udo<\/em>, <em>Karl<\/em>, <em>Hans<\/em> } und der Menge { <em>x<\/em> \/ <em>x<\/em> ist ein deutscher, m\u00e4nnlicher Name } schreiben?<\/p>\n\n\n\n<p><strong>c)<\/strong> Bilden Sie den Durchschnitt von { 2, 5422, 34, 555, 3, 13467, 0, 43, 54 } und { <em>Peter<\/em>, 555, <em>Hans<\/em>, 43, <em>Karl<\/em>, 22, <em>Udo<\/em>, 48 }.<\/p>\n\n\n\n<p><strong>d)<\/strong> Zeichnen Sie drei kreisf\u00f6rmige Figuren, die sich so schneiden, dass es erstens Elemente gibt, die in allen drei Mengen zu finden sind und zweitens, dass in jeder Figur auch Elemente zu finden sind, die nicht im Durchschnitt der drei Mengen liegen.<br><\/p>\n\n\n<ul class=\"nav nav-pills nav-justified\">\n<li><a href=\"https:\/\/theory-of-science.com\/de\/uebungen\/abschnitt-10\/uebung-10-08\/\">&lt;&lt;&lt;<\/a><\/li>\n<li><a href=\"https:\/\/theory-of-science.com\/de\/uebungen\/abschnitt-11\/uebung-11-02\/\">&gt;&gt;&gt;<\/a><\/li>\n<\/ul>\n","protected":false},"excerpt":{"rendered":"<p>Zwei Mengen X und Y werden vereinigt, indem eine neue Menge Z gebildet wird, deren Element aus X oder aus Y stammen: Z = X&nbsp;\u222a Y. Die Vereinigung von zwei Mengen entspricht sprachlich der Verbindung von S\u00e4tzen oder Ausdr\u00fccken, welche sich syntaktisch durch das Wort oder verbinden lassen. Die Elemente aus der Menge X k\u00f6nnen [&hellip;]<\/p>\n","protected":false},"author":1,"featured_media":0,"parent":64,"menu_order":1,"comment_status":"closed","ping_status":"closed","template":"page-fullwidth.php","meta":{"footnotes":""},"class_list":["post-419","page","type-page","status-publish","hentry"],"_links":{"self":[{"href":"https:\/\/theory-of-science.com\/de\/wp-json\/wp\/v2\/pages\/419","targetHints":{"allow":["GET"]}}],"collection":[{"href":"https:\/\/theory-of-science.com\/de\/wp-json\/wp\/v2\/pages"}],"about":[{"href":"https:\/\/theory-of-science.com\/de\/wp-json\/wp\/v2\/types\/page"}],"author":[{"embeddable":true,"href":"https:\/\/theory-of-science.com\/de\/wp-json\/wp\/v2\/users\/1"}],"replies":[{"embeddable":true,"href":"https:\/\/theory-of-science.com\/de\/wp-json\/wp\/v2\/comments?post=419"}],"version-history":[{"count":16,"href":"https:\/\/theory-of-science.com\/de\/wp-json\/wp\/v2\/pages\/419\/revisions"}],"predecessor-version":[{"id":4619,"href":"https:\/\/theory-of-science.com\/de\/wp-json\/wp\/v2\/pages\/419\/revisions\/4619"}],"up":[{"embeddable":true,"href":"https:\/\/theory-of-science.com\/de\/wp-json\/wp\/v2\/pages\/64"}],"wp:attachment":[{"href":"https:\/\/theory-of-science.com\/de\/wp-json\/wp\/v2\/media?parent=419"}],"curies":[{"name":"wp","href":"https:\/\/api.w.org\/{rel}","templated":true}]}}