{"id":436,"date":"2017-05-29T17:35:48","date_gmt":"2017-05-29T15:35:48","guid":{"rendered":"http:\/\/theory-of-science.com\/de\/?page_id=436"},"modified":"2021-02-04T16:15:21","modified_gmt":"2021-02-04T15:15:21","slug":"uebung-11-03","status":"publish","type":"page","link":"https:\/\/theory-of-science.com\/de\/uebungen\/abschnitt-11\/uebung-11-03\/","title":{"rendered":"\u00dc11-3: Komplement einer Menge"},"content":{"rendered":"\n<p>Ein <em>Komplement<\/em> einer Menge <em>X<\/em> ist eine Menge <em>Y<\/em>, die kein Element enth\u00e4lt, das auch in <em>X<\/em> liegt. F\u00fcr eine Menge <em>X<\/em> gibt es genau ein Komplement. Das Komplement h\u00e4ngt allerdings davon ab, wie viele Elemente in einer Anwendung betrachtet werden. Oft wird ein M\u00f6glichkeitsraum&nbsp;\u03a9 festgelegt oder abgegrenzt. Weitere Elemente, die au\u00dferhalb des M\u00f6glichkeitsraumes&nbsp;\u03a9 liegen, werden nicht weiter betrachtet.<\/p>\n\n\n\n<p>Wenn der Gesamtraum&nbsp;\u03a9 gegeben ist, l\u00e4sst sich <em>das Komplement von X,<\/em> <em>X<sup> c<\/sup>,<\/em> so schreiben:<\/p>\n\n\n\n<p style=\"padding-left:30px;\"><em>X<sup> c<\/sup><\/em> = { <em>x<\/em> \/ <em>x<\/em>&nbsp;\u2208 \u03a9&nbsp;\u2227&nbsp;\u00ac ( <em>x<\/em>&nbsp;\u2208 <em>X<\/em> ) }.<\/p>\n\n\n\n<p><strong>a)<\/strong> Beweisen Sie: wenn <em>X<\/em>&nbsp;\u2282 <em>Y<\/em>, dann ist <em>Y<sup> c<\/sup><\/em> \u2282 <em>X<sup> c<\/sup><\/em>.<br><strong>b)<\/strong> Beweisen Sie: Wenn <em>X<\/em> und <em>Y<\/em> disjunkt sind, ist <em>X<\/em>&nbsp;\u2282 <em>Y<sup> c<\/sup><\/em> und <em>Y<\/em>&nbsp;\u2282 <em>X<sup> c<\/sup><\/em>.<br><strong>c)<\/strong> Beweisen Sie: \u03a9<em><sup> c<\/sup><\/em> = <img loading=\"lazy\" decoding=\"async\" src=\"https:\/\/theory-of-science.com\/de\/wp-content\/ql-cache\/quicklatex.com-54833ab836cd28d9f1e2a624abe97b08_l3.png\" class=\"ql-img-inline-formula quicklatex-auto-format\" alt=\"&#92;&#101;&#109;&#112;&#116;&#121;&#115;&#101;&#116;\" title=\"Rendered by QuickLaTeX.com\" height=\"14\" width=\"7\" style=\"vertical-align: -2px;\"\/> und&nbsp;<img loading=\"lazy\" decoding=\"async\" src=\"https:\/\/theory-of-science.com\/de\/wp-content\/ql-cache\/quicklatex.com-54833ab836cd28d9f1e2a624abe97b08_l3.png\" class=\"ql-img-inline-formula quicklatex-auto-format\" alt=\"&#92;&#101;&#109;&#112;&#116;&#121;&#115;&#101;&#116;\" title=\"Rendered by QuickLaTeX.com\" height=\"14\" width=\"7\" style=\"vertical-align: -2px;\"\/><em><sup> c<\/sup><\/em> = \u03a9.<br><strong>d)<\/strong> Zeichnen Sie das Komplement einer Menge <em>X<\/em>, wenn <em>X<\/em> die Punkte eines Kreises und zus\u00e4tzlich einige wenige weitere Punkte enth\u00e4lt.<br><\/p>\n\n\n<ul class=\"nav nav-pills nav-justified\">\n<li><a href=\"https:\/\/theory-of-science.com\/de\/uebungen\/abschnitt-11\/uebung-11-02\/\">&lt;&lt;&lt;<\/a><\/li>\n<li><a href=\"https:\/\/theory-of-science.com\/de\/uebungen\/abschnitt-11\/uebung-11-04\/\">&gt;&gt;&gt;<\/a><\/li>\n<\/ul>\n","protected":false},"excerpt":{"rendered":"<p>Ein Komplement einer Menge X ist eine Menge Y, die kein Element enth\u00e4lt, das auch in X liegt. F\u00fcr eine Menge X gibt es genau ein Komplement. Das Komplement h\u00e4ngt allerdings davon ab, wie viele Elemente in einer Anwendung betrachtet werden. Oft wird ein M\u00f6glichkeitsraum&nbsp;\u03a9 festgelegt oder abgegrenzt. Weitere Elemente, die au\u00dferhalb des M\u00f6glichkeitsraumes&nbsp;\u03a9 liegen, [&hellip;]<\/p>\n","protected":false},"author":1,"featured_media":0,"parent":64,"menu_order":3,"comment_status":"closed","ping_status":"closed","template":"page-fullwidth.php","meta":{"footnotes":""},"class_list":["post-436","page","type-page","status-publish","hentry"],"_links":{"self":[{"href":"https:\/\/theory-of-science.com\/de\/wp-json\/wp\/v2\/pages\/436","targetHints":{"allow":["GET"]}}],"collection":[{"href":"https:\/\/theory-of-science.com\/de\/wp-json\/wp\/v2\/pages"}],"about":[{"href":"https:\/\/theory-of-science.com\/de\/wp-json\/wp\/v2\/types\/page"}],"author":[{"embeddable":true,"href":"https:\/\/theory-of-science.com\/de\/wp-json\/wp\/v2\/users\/1"}],"replies":[{"embeddable":true,"href":"https:\/\/theory-of-science.com\/de\/wp-json\/wp\/v2\/comments?post=436"}],"version-history":[{"count":11,"href":"https:\/\/theory-of-science.com\/de\/wp-json\/wp\/v2\/pages\/436\/revisions"}],"predecessor-version":[{"id":4455,"href":"https:\/\/theory-of-science.com\/de\/wp-json\/wp\/v2\/pages\/436\/revisions\/4455"}],"up":[{"embeddable":true,"href":"https:\/\/theory-of-science.com\/de\/wp-json\/wp\/v2\/pages\/64"}],"wp:attachment":[{"href":"https:\/\/theory-of-science.com\/de\/wp-json\/wp\/v2\/media?parent=436"}],"curies":[{"name":"wp","href":"https:\/\/api.w.org\/{rel}","templated":true}]}}