{"id":438,"date":"2017-05-29T17:36:08","date_gmt":"2017-05-29T15:36:08","guid":{"rendered":"http:\/\/theory-of-science.com\/de\/?page_id=438"},"modified":"2021-02-09T21:19:28","modified_gmt":"2021-02-09T20:19:28","slug":"uebung-11-04","status":"publish","type":"page","link":"https:\/\/theory-of-science.com\/de\/uebungen\/abschnitt-11\/uebung-11-04\/","title":{"rendered":"\u00dc11-4: Boolescher Verband"},"content":{"rendered":"\n<p>Ein <em>Boole<\/em>scher Verband<\/p>\n\n\n\n<p><\/p><p style=\"padding-left:30px;\"><em>x<\/em> =&nbsp;\u2329 <img loading=\"lazy\" decoding=\"async\" src=\"https:\/\/theory-of-science.com\/de\/wp-content\/ql-cache\/quicklatex.com-53bc46d57393793c2f2b46f48275eb1b_l3.png\" class=\"ql-img-inline-formula quicklatex-auto-format\" alt=\"&#92;&#99;&#97;&#108;&#32;&#65;\" title=\"Rendered by QuickLaTeX.com\" height=\"11\" width=\"12\" style=\"vertical-align: -1px;\"\/>, <strong>0<\/strong>, <strong>1<\/strong>, <sup>c<\/sup>, \u2229, \u222a \u232a<\/p><p><\/p>\n\n\n\n<p>besteht aus einer Menge&nbsp;<img loading=\"lazy\" decoding=\"async\" src=\"https:\/\/theory-of-science.com\/de\/wp-content\/ql-cache\/quicklatex.com-53bc46d57393793c2f2b46f48275eb1b_l3.png\" class=\"ql-img-inline-formula quicklatex-auto-format\" alt=\"&#92;&#99;&#97;&#108;&#32;&#65;\" title=\"Rendered by QuickLaTeX.com\" height=\"11\" width=\"12\" style=\"vertical-align: -1px;\"\/> von \u00abObjekten\u00bb, aus zwei speziellen Objekten <strong>0<\/strong> und <strong>1<\/strong>, aus zwei zweistelligen Funktionen&nbsp;\u2229 und \u222a, welche Paare von Objekten in ein anderes Objekt \u00fcberf\u00fchren und eine einstellige Funktion <sup>c<\/sup>, die jede Menge in das jeweilige Komplement \u00fcberf\u00fchrt:<\/p>\n\n\n\n<p><\/p><p style=\"padding-left:30px;\"><sup>c<\/sup> :&nbsp;<img loading=\"lazy\" decoding=\"async\" src=\"https:\/\/theory-of-science.com\/de\/wp-content\/ql-cache\/quicklatex.com-53bc46d57393793c2f2b46f48275eb1b_l3.png\" class=\"ql-img-inline-formula quicklatex-auto-format\" alt=\"&#92;&#99;&#97;&#108;&#32;&#65;\" title=\"Rendered by QuickLaTeX.com\" height=\"11\" width=\"12\" style=\"vertical-align: -1px;\"\/>&nbsp;\u2192 <img loading=\"lazy\" decoding=\"async\" src=\"https:\/\/theory-of-science.com\/de\/wp-content\/ql-cache\/quicklatex.com-53bc46d57393793c2f2b46f48275eb1b_l3.png\" class=\"ql-img-inline-formula quicklatex-auto-format\" alt=\"&#92;&#99;&#97;&#108;&#32;&#65;\" title=\"Rendered by QuickLaTeX.com\" height=\"11\" width=\"12\" style=\"vertical-align: -1px;\"\/>,&nbsp;\u2229 :&nbsp;<img loading=\"lazy\" decoding=\"async\" src=\"https:\/\/theory-of-science.com\/de\/wp-content\/ql-cache\/quicklatex.com-53bc46d57393793c2f2b46f48275eb1b_l3.png\" class=\"ql-img-inline-formula quicklatex-auto-format\" alt=\"&#92;&#99;&#97;&#108;&#32;&#65;\" title=\"Rendered by QuickLaTeX.com\" height=\"11\" width=\"12\" style=\"vertical-align: -1px;\"\/>&nbsp;\u00d7&nbsp;<img loading=\"lazy\" decoding=\"async\" src=\"https:\/\/theory-of-science.com\/de\/wp-content\/ql-cache\/quicklatex.com-53bc46d57393793c2f2b46f48275eb1b_l3.png\" class=\"ql-img-inline-formula quicklatex-auto-format\" alt=\"&#92;&#99;&#97;&#108;&#32;&#65;\" title=\"Rendered by QuickLaTeX.com\" height=\"11\" width=\"12\" style=\"vertical-align: -1px;\"\/>&nbsp;\u2192 <img loading=\"lazy\" decoding=\"async\" src=\"https:\/\/theory-of-science.com\/de\/wp-content\/ql-cache\/quicklatex.com-53bc46d57393793c2f2b46f48275eb1b_l3.png\" class=\"ql-img-inline-formula quicklatex-auto-format\" alt=\"&#92;&#99;&#97;&#108;&#32;&#65;\" title=\"Rendered by QuickLaTeX.com\" height=\"11\" width=\"12\" style=\"vertical-align: -1px;\"\/>,&nbsp;\u222a :&nbsp;<img loading=\"lazy\" decoding=\"async\" src=\"https:\/\/theory-of-science.com\/de\/wp-content\/ql-cache\/quicklatex.com-53bc46d57393793c2f2b46f48275eb1b_l3.png\" class=\"ql-img-inline-formula quicklatex-auto-format\" alt=\"&#92;&#99;&#97;&#108;&#32;&#65;\" title=\"Rendered by QuickLaTeX.com\" height=\"11\" width=\"12\" style=\"vertical-align: -1px;\"\/>&nbsp;\u00d7&nbsp;<img loading=\"lazy\" decoding=\"async\" src=\"https:\/\/theory-of-science.com\/de\/wp-content\/ql-cache\/quicklatex.com-53bc46d57393793c2f2b46f48275eb1b_l3.png\" class=\"ql-img-inline-formula quicklatex-auto-format\" alt=\"&#92;&#99;&#97;&#108;&#32;&#65;\" title=\"Rendered by QuickLaTeX.com\" height=\"11\" width=\"12\" style=\"vertical-align: -1px;\"\/>&nbsp;\u2192&nbsp;<img loading=\"lazy\" decoding=\"async\" src=\"https:\/\/theory-of-science.com\/de\/wp-content\/ql-cache\/quicklatex.com-53bc46d57393793c2f2b46f48275eb1b_l3.png\" class=\"ql-img-inline-formula quicklatex-auto-format\" alt=\"&#92;&#99;&#97;&#108;&#32;&#65;\" title=\"Rendered by QuickLaTeX.com\" height=\"11\" width=\"12\" style=\"vertical-align: -1px;\"\/> und <strong>0<\/strong>&nbsp;\u2208&nbsp;<img loading=\"lazy\" decoding=\"async\" src=\"https:\/\/theory-of-science.com\/de\/wp-content\/ql-cache\/quicklatex.com-53bc46d57393793c2f2b46f48275eb1b_l3.png\" class=\"ql-img-inline-formula quicklatex-auto-format\" alt=\"&#92;&#99;&#97;&#108;&#32;&#65;\" title=\"Rendered by QuickLaTeX.com\" height=\"11\" width=\"12\" style=\"vertical-align: -1px;\"\/> und <strong>1<\/strong>&nbsp;\u2208 <img loading=\"lazy\" decoding=\"async\" src=\"https:\/\/theory-of-science.com\/de\/wp-content\/ql-cache\/quicklatex.com-53bc46d57393793c2f2b46f48275eb1b_l3.png\" class=\"ql-img-inline-formula quicklatex-auto-format\" alt=\"&#92;&#99;&#97;&#108;&#32;&#65;\" title=\"Rendered by QuickLaTeX.com\" height=\"11\" width=\"12\" style=\"vertical-align: -1px;\"\/>.<\/p><p><\/p>\n\n\n\n<p>Die Funktionen&nbsp;\u2229 und&nbsp;\u222a werden in einer speziellen Weise geschrieben. Statt&nbsp;\u2229 ( <em>A<\/em>, <em>B<\/em> ) wird <em>A<\/em>&nbsp;\u2229 <em>B<\/em>, statt&nbsp;\u222a ( <em>A<\/em>, <em>B<\/em> ) wird <em>A<\/em>&nbsp;\u222a <em>B<\/em> und statt <sup>c<\/sup>&nbsp;(&nbsp;<em>A<\/em>&nbsp;) wird <em>A<\/em><sup> c<\/sup> geschrieben.<\/p>\n\n\n\n<p>Ein <em>Boole<\/em>scher Verband erf\u00fcllt verschiedene Hypothesen.<\/p>\n\n\n\n<p><\/p><p style=\"padding-left:30px;\">\u2200&nbsp;<em>A<\/em>&nbsp;\u2208 <img loading=\"lazy\" decoding=\"async\" src=\"https:\/\/theory-of-science.com\/de\/wp-content\/ql-cache\/quicklatex.com-53bc46d57393793c2f2b46f48275eb1b_l3.png\" class=\"ql-img-inline-formula quicklatex-auto-format\" alt=\"&#92;&#99;&#97;&#108;&#32;&#65;\" title=\"Rendered by QuickLaTeX.com\" height=\"11\" width=\"12\" style=\"vertical-align: -1px;\"\/> \u2200 <em>B<\/em>&nbsp;\u2208 <img loading=\"lazy\" decoding=\"async\" src=\"https:\/\/theory-of-science.com\/de\/wp-content\/ql-cache\/quicklatex.com-53bc46d57393793c2f2b46f48275eb1b_l3.png\" class=\"ql-img-inline-formula quicklatex-auto-format\" alt=\"&#92;&#99;&#97;&#108;&#32;&#65;\" title=\"Rendered by QuickLaTeX.com\" height=\"11\" width=\"12\" style=\"vertical-align: -1px;\"\/> ( <em>A<\/em>&nbsp;\u2229 <em>B<\/em> = <em>B<\/em>&nbsp;\u2229 <em>A<\/em> )<br>\u2200&nbsp;<em>A<\/em>&nbsp;\u2208 <img loading=\"lazy\" decoding=\"async\" src=\"https:\/\/theory-of-science.com\/de\/wp-content\/ql-cache\/quicklatex.com-53bc46d57393793c2f2b46f48275eb1b_l3.png\" class=\"ql-img-inline-formula quicklatex-auto-format\" alt=\"&#92;&#99;&#97;&#108;&#32;&#65;\" title=\"Rendered by QuickLaTeX.com\" height=\"11\" width=\"12\" style=\"vertical-align: -1px;\"\/> \u2200 <em>B<\/em>&nbsp;\u2208 <img loading=\"lazy\" decoding=\"async\" src=\"https:\/\/theory-of-science.com\/de\/wp-content\/ql-cache\/quicklatex.com-53bc46d57393793c2f2b46f48275eb1b_l3.png\" class=\"ql-img-inline-formula quicklatex-auto-format\" alt=\"&#92;&#99;&#97;&#108;&#32;&#65;\" title=\"Rendered by QuickLaTeX.com\" height=\"11\" width=\"12\" style=\"vertical-align: -1px;\"\/> ( <em>A<\/em>&nbsp;\u222a <em>B<\/em> = <em>B<\/em>&nbsp;\u222a <em>A<\/em> )<br>\u2200&nbsp;<em>A<\/em>&nbsp;\u2208 <img loading=\"lazy\" decoding=\"async\" src=\"https:\/\/theory-of-science.com\/de\/wp-content\/ql-cache\/quicklatex.com-53bc46d57393793c2f2b46f48275eb1b_l3.png\" class=\"ql-img-inline-formula quicklatex-auto-format\" alt=\"&#92;&#99;&#97;&#108;&#32;&#65;\" title=\"Rendered by QuickLaTeX.com\" height=\"11\" width=\"12\" style=\"vertical-align: -1px;\"\/> \u2200 <em>B<\/em>&nbsp;\u2208 <img loading=\"lazy\" decoding=\"async\" src=\"https:\/\/theory-of-science.com\/de\/wp-content\/ql-cache\/quicklatex.com-53bc46d57393793c2f2b46f48275eb1b_l3.png\" class=\"ql-img-inline-formula quicklatex-auto-format\" alt=\"&#92;&#99;&#97;&#108;&#32;&#65;\" title=\"Rendered by QuickLaTeX.com\" height=\"11\" width=\"12\" style=\"vertical-align: -1px;\"\/> \u2200 <em>C<\/em>&nbsp;\u2208&nbsp;<img loading=\"lazy\" decoding=\"async\" src=\"https:\/\/theory-of-science.com\/de\/wp-content\/ql-cache\/quicklatex.com-53bc46d57393793c2f2b46f48275eb1b_l3.png\" class=\"ql-img-inline-formula quicklatex-auto-format\" alt=\"&#92;&#99;&#97;&#108;&#32;&#65;\" title=\"Rendered by QuickLaTeX.com\" height=\"11\" width=\"12\" style=\"vertical-align: -1px;\"\/> ( ( <em>A<\/em>&nbsp;\u2229 <em>B <\/em>)&nbsp;\u2229 <em>C<\/em> = <em>A&nbsp;<\/em>\u2229 ( <em>B<\/em>&nbsp;\u2229 <em>C<\/em> ) )<br>\u2200&nbsp;<em>A<\/em>&nbsp;\u2208 <img loading=\"lazy\" decoding=\"async\" src=\"https:\/\/theory-of-science.com\/de\/wp-content\/ql-cache\/quicklatex.com-53bc46d57393793c2f2b46f48275eb1b_l3.png\" class=\"ql-img-inline-formula quicklatex-auto-format\" alt=\"&#92;&#99;&#97;&#108;&#32;&#65;\" title=\"Rendered by QuickLaTeX.com\" height=\"11\" width=\"12\" style=\"vertical-align: -1px;\"\/> \u2200 <em>B<\/em>&nbsp;\u2208 <img loading=\"lazy\" decoding=\"async\" src=\"https:\/\/theory-of-science.com\/de\/wp-content\/ql-cache\/quicklatex.com-53bc46d57393793c2f2b46f48275eb1b_l3.png\" class=\"ql-img-inline-formula quicklatex-auto-format\" alt=\"&#92;&#99;&#97;&#108;&#32;&#65;\" title=\"Rendered by QuickLaTeX.com\" height=\"11\" width=\"12\" style=\"vertical-align: -1px;\"\/> \u2200 <em>C<\/em>&nbsp;\u2208 <img loading=\"lazy\" decoding=\"async\" src=\"https:\/\/theory-of-science.com\/de\/wp-content\/ql-cache\/quicklatex.com-53bc46d57393793c2f2b46f48275eb1b_l3.png\" class=\"ql-img-inline-formula quicklatex-auto-format\" alt=\"&#92;&#99;&#97;&#108;&#32;&#65;\" title=\"Rendered by QuickLaTeX.com\" height=\"11\" width=\"12\" style=\"vertical-align: -1px;\"\/> ( ( <em>A<\/em>&nbsp;\u222a <em>B<\/em> )&nbsp;\u222a <em>C<\/em> = <em>A<\/em>&nbsp;\u222a ( <em>B<\/em>&nbsp;\u222a <em>C<\/em> ) )<br>\u2200&nbsp;<em>A<\/em>&nbsp;\u2208 <img loading=\"lazy\" decoding=\"async\" src=\"https:\/\/theory-of-science.com\/de\/wp-content\/ql-cache\/quicklatex.com-53bc46d57393793c2f2b46f48275eb1b_l3.png\" class=\"ql-img-inline-formula quicklatex-auto-format\" alt=\"&#92;&#99;&#97;&#108;&#32;&#65;\" title=\"Rendered by QuickLaTeX.com\" height=\"11\" width=\"12\" style=\"vertical-align: -1px;\"\/> \u2200 <em>B<\/em>&nbsp;\u2208 <img loading=\"lazy\" decoding=\"async\" src=\"https:\/\/theory-of-science.com\/de\/wp-content\/ql-cache\/quicklatex.com-53bc46d57393793c2f2b46f48275eb1b_l3.png\" class=\"ql-img-inline-formula quicklatex-auto-format\" alt=\"&#92;&#99;&#97;&#108;&#32;&#65;\" title=\"Rendered by QuickLaTeX.com\" height=\"11\" width=\"12\" style=\"vertical-align: -1px;\"\/> ( <em>A<\/em>&nbsp;\u222a ( <em>A<\/em>&nbsp;\u2229 <em>B<\/em> ) = <em>A<\/em> )<br>\u2200&nbsp;<em>A<\/em>&nbsp;\u2208 <img loading=\"lazy\" decoding=\"async\" src=\"https:\/\/theory-of-science.com\/de\/wp-content\/ql-cache\/quicklatex.com-53bc46d57393793c2f2b46f48275eb1b_l3.png\" class=\"ql-img-inline-formula quicklatex-auto-format\" alt=\"&#92;&#99;&#97;&#108;&#32;&#65;\" title=\"Rendered by QuickLaTeX.com\" height=\"11\" width=\"12\" style=\"vertical-align: -1px;\"\/> \u2200 <em>B<\/em>&nbsp;\u2208 <img loading=\"lazy\" decoding=\"async\" src=\"https:\/\/theory-of-science.com\/de\/wp-content\/ql-cache\/quicklatex.com-53bc46d57393793c2f2b46f48275eb1b_l3.png\" class=\"ql-img-inline-formula quicklatex-auto-format\" alt=\"&#92;&#99;&#97;&#108;&#32;&#65;\" title=\"Rendered by QuickLaTeX.com\" height=\"11\" width=\"12\" style=\"vertical-align: -1px;\"\/> ( <em>A<\/em>&nbsp;\u2229 ( <em>A<\/em>&nbsp;\u222a <em>B<\/em> ) = <em>A<\/em> )<br>\u2200&nbsp;<em>A<\/em>&nbsp;\u2208 <img loading=\"lazy\" decoding=\"async\" src=\"https:\/\/theory-of-science.com\/de\/wp-content\/ql-cache\/quicklatex.com-53bc46d57393793c2f2b46f48275eb1b_l3.png\" class=\"ql-img-inline-formula quicklatex-auto-format\" alt=\"&#92;&#99;&#97;&#108;&#32;&#65;\" title=\"Rendered by QuickLaTeX.com\" height=\"11\" width=\"12\" style=\"vertical-align: -1px;\"\/> ( <em>A<\/em>&nbsp;\u2229 <strong>0<\/strong> =&nbsp; <strong>0<\/strong>&nbsp;\u2227 <em>A<\/em>&nbsp;\u222a <strong>0<\/strong> = <em>A<\/em> )<br>\u2200&nbsp;<em>A<\/em>&nbsp;\u2208 <img loading=\"lazy\" decoding=\"async\" src=\"https:\/\/theory-of-science.com\/de\/wp-content\/ql-cache\/quicklatex.com-53bc46d57393793c2f2b46f48275eb1b_l3.png\" class=\"ql-img-inline-formula quicklatex-auto-format\" alt=\"&#92;&#99;&#97;&#108;&#32;&#65;\" title=\"Rendered by QuickLaTeX.com\" height=\"11\" width=\"12\" style=\"vertical-align: -1px;\"\/> ( <em>A<\/em>&nbsp;\u2229 <strong>1<\/strong> = <em>A<\/em>&nbsp;\u2227 <em>A<\/em>&nbsp;\u222a <strong>1<\/strong> = <strong>1<\/strong> )<br>\u2200&nbsp;<em>A<\/em>&nbsp;\u2208 <img loading=\"lazy\" decoding=\"async\" src=\"https:\/\/theory-of-science.com\/de\/wp-content\/ql-cache\/quicklatex.com-53bc46d57393793c2f2b46f48275eb1b_l3.png\" class=\"ql-img-inline-formula quicklatex-auto-format\" alt=\"&#92;&#99;&#97;&#108;&#32;&#65;\" title=\"Rendered by QuickLaTeX.com\" height=\"11\" width=\"12\" style=\"vertical-align: -1px;\"\/> ( <em>A<\/em>&nbsp;\u2229 <em>A<\/em><sup> c<\/sup> = <strong>0<\/strong> \u2227 <em>A<\/em>&nbsp;\u222a&nbsp;A<sup> c<\/sup> = <strong>1<\/strong> )<br>\u2200&nbsp;<em>A<\/em>&nbsp;\u2208 <img loading=\"lazy\" decoding=\"async\" src=\"https:\/\/theory-of-science.com\/de\/wp-content\/ql-cache\/quicklatex.com-53bc46d57393793c2f2b46f48275eb1b_l3.png\" class=\"ql-img-inline-formula quicklatex-auto-format\" alt=\"&#92;&#99;&#97;&#108;&#32;&#65;\" title=\"Rendered by QuickLaTeX.com\" height=\"11\" width=\"12\" style=\"vertical-align: -1px;\"\/> \u2200 <em>B<\/em>&nbsp;\u2208&nbsp;<img loading=\"lazy\" decoding=\"async\" src=\"https:\/\/theory-of-science.com\/de\/wp-content\/ql-cache\/quicklatex.com-53bc46d57393793c2f2b46f48275eb1b_l3.png\" class=\"ql-img-inline-formula quicklatex-auto-format\" alt=\"&#92;&#99;&#97;&#108;&#32;&#65;\" title=\"Rendered by QuickLaTeX.com\" height=\"11\" width=\"12\" style=\"vertical-align: -1px;\"\/> \u2200 <em>C<\/em>&nbsp;\u2208&nbsp;<img loading=\"lazy\" decoding=\"async\" src=\"https:\/\/theory-of-science.com\/de\/wp-content\/ql-cache\/quicklatex.com-53bc46d57393793c2f2b46f48275eb1b_l3.png\" class=\"ql-img-inline-formula quicklatex-auto-format\" alt=\"&#92;&#99;&#97;&#108;&#32;&#65;\" title=\"Rendered by QuickLaTeX.com\" height=\"11\" width=\"12\" style=\"vertical-align: -1px;\"\/> ( <em>A<\/em>&nbsp;\u2229 ( <em>B<\/em>&nbsp;\u222a <em>C<\/em> ) = ( <em>A<\/em>&nbsp;\u2229 <em>B<\/em> )&nbsp;\u222a ( <em>A<\/em>&nbsp;\u2229 <em>C<\/em> ) )<br>\u2200&nbsp;<em>A<\/em>&nbsp;\u2208 <img loading=\"lazy\" decoding=\"async\" src=\"https:\/\/theory-of-science.com\/de\/wp-content\/ql-cache\/quicklatex.com-53bc46d57393793c2f2b46f48275eb1b_l3.png\" class=\"ql-img-inline-formula quicklatex-auto-format\" alt=\"&#92;&#99;&#97;&#108;&#32;&#65;\" title=\"Rendered by QuickLaTeX.com\" height=\"11\" width=\"12\" style=\"vertical-align: -1px;\"\/> \u2200 <em>B<\/em>&nbsp;\u2208 <img loading=\"lazy\" decoding=\"async\" src=\"https:\/\/theory-of-science.com\/de\/wp-content\/ql-cache\/quicklatex.com-53bc46d57393793c2f2b46f48275eb1b_l3.png\" class=\"ql-img-inline-formula quicklatex-auto-format\" alt=\"&#92;&#99;&#97;&#108;&#32;&#65;\" title=\"Rendered by QuickLaTeX.com\" height=\"11\" width=\"12\" style=\"vertical-align: -1px;\"\/> \u2200 <em>C<\/em>&nbsp;\u2208 <img loading=\"lazy\" decoding=\"async\" src=\"https:\/\/theory-of-science.com\/de\/wp-content\/ql-cache\/quicklatex.com-53bc46d57393793c2f2b46f48275eb1b_l3.png\" class=\"ql-img-inline-formula quicklatex-auto-format\" alt=\"&#92;&#99;&#97;&#108;&#32;&#65;\" title=\"Rendered by QuickLaTeX.com\" height=\"11\" width=\"12\" style=\"vertical-align: -1px;\"\/> ( <em>A<\/em>&nbsp;\u222a ( <em>B<\/em>&nbsp;\u2229 <em>C<\/em> ) = ( <em>A<\/em>&nbsp;\u222a <em>B<\/em> )&nbsp;\u2229 ( <em>A<\/em>&nbsp;\u222a <em>C<\/em> ) ).<\/p><p><\/p>\n\n\n\n<p>In der Wahrscheinlichkeitstheorie sind die Objekte <em>A<\/em>&nbsp;\u2208&nbsp;<img loading=\"lazy\" decoding=\"async\" src=\"https:\/\/theory-of-science.com\/de\/wp-content\/ql-cache\/quicklatex.com-53bc46d57393793c2f2b46f48275eb1b_l3.png\" class=\"ql-img-inline-formula quicklatex-auto-format\" alt=\"&#92;&#99;&#97;&#108;&#32;&#65;\" title=\"Rendered by QuickLaTeX.com\" height=\"11\" width=\"12\" style=\"vertical-align: -1px;\"\/> Mengen, die alle Teilmengen aus einer anderen Menge&nbsp;\u03a9 sind: <em>A<\/em>&nbsp;\u2286 \u03a9. In diesen Anwendungen lassen sich die Funktionen&nbsp;\u2229 und&nbsp;\u222a als mengentheoretische Vereinigung und Durchschnitt und die Konstanten <strong>0<\/strong> und <strong>1<\/strong> als spezielle Teilmengen von&nbsp;\u03a9 interpretieren: <strong>0<\/strong> = <img loading=\"lazy\" decoding=\"async\" src=\"https:\/\/theory-of-science.com\/de\/wp-content\/ql-cache\/quicklatex.com-54833ab836cd28d9f1e2a624abe97b08_l3.png\" class=\"ql-img-inline-formula quicklatex-auto-format\" alt=\"&#92;&#101;&#109;&#112;&#116;&#121;&#115;&#101;&#116;\" title=\"Rendered by QuickLaTeX.com\" height=\"14\" width=\"7\" style=\"vertical-align: -2px;\"\/> und <strong>1<\/strong> = \u03a9.<\/p>\n\n\n\n<p><strong>a)<\/strong> Zeichnen Sie Menge&nbsp;\u03a9 als Rechteck. Identifizieren Sie die Teilmengen <strong>0<\/strong> und <strong>1<\/strong>. Zeichnen Sie drei Teilmengen <em>A<\/em>, <em>B<\/em>, <em>C<\/em> ein, welche sich \u00fcberlappen. \u00dcberpr\u00fcfen Sie, ob die oben aufgeschriebenen Hypothesen gelten?<\/p>\n\n\n\n<p><strong>b)<\/strong> Versuchen Sie den \u00abkleinsten\u00bb <em>Boole<\/em>schen Verband zu finden. (Hinweis: Die Objekte <strong>0<\/strong> und <strong>1<\/strong> sind in jedem <em>Boole<\/em>schen Verband zu finden.)<\/p>\n\n\n\n<p><strong>c)<\/strong> Zeichnen Sie die Menge&nbsp;\u03a9 als Rechteck und teilen Sie das Rechteck in jeweils 5 disjunkte Teilmengen. Wiederholen Sie dies mit drei weiteren disjunkten Teilmengen, so dass keine der Teilmengen identisch mit einer anderen Teilmenge ist.<br><\/p>\n\n\n<ul class=\"nav nav-pills nav-justified\">\n<li><a href=\"https:\/\/theory-of-science.com\/de\/uebungen\/abschnitt-11\/uebung-11-03\/\">&lt;&lt;&lt;<\/a><\/li>\n<li><a href=\"https:\/\/theory-of-science.com\/de\/uebungen\/abschnitt-11\/uebung-11-05\/\">&gt;&gt;&gt;<\/a><\/li>\n<\/ul>\n","protected":false},"excerpt":{"rendered":"<p>Ein Boolescher Verband x =&nbsp;\u2329 , 0, 1, c, \u2229, \u222a \u232a besteht aus einer Menge&nbsp; von \u00abObjekten\u00bb, aus zwei speziellen Objekten 0 und 1, aus zwei zweistelligen Funktionen&nbsp;\u2229 und \u222a, welche Paare von Objekten in ein anderes Objekt \u00fcberf\u00fchren und eine einstellige Funktion c, die jede Menge in das jeweilige Komplement \u00fcberf\u00fchrt: c :&nbsp;&nbsp;\u2192 [&hellip;]<\/p>\n","protected":false},"author":1,"featured_media":0,"parent":64,"menu_order":4,"comment_status":"closed","ping_status":"closed","template":"page-fullwidth.php","meta":{"footnotes":""},"class_list":["post-438","page","type-page","status-publish","hentry"],"_links":{"self":[{"href":"https:\/\/theory-of-science.com\/de\/wp-json\/wp\/v2\/pages\/438","targetHints":{"allow":["GET"]}}],"collection":[{"href":"https:\/\/theory-of-science.com\/de\/wp-json\/wp\/v2\/pages"}],"about":[{"href":"https:\/\/theory-of-science.com\/de\/wp-json\/wp\/v2\/types\/page"}],"author":[{"embeddable":true,"href":"https:\/\/theory-of-science.com\/de\/wp-json\/wp\/v2\/users\/1"}],"replies":[{"embeddable":true,"href":"https:\/\/theory-of-science.com\/de\/wp-json\/wp\/v2\/comments?post=438"}],"version-history":[{"count":33,"href":"https:\/\/theory-of-science.com\/de\/wp-json\/wp\/v2\/pages\/438\/revisions"}],"predecessor-version":[{"id":4621,"href":"https:\/\/theory-of-science.com\/de\/wp-json\/wp\/v2\/pages\/438\/revisions\/4621"}],"up":[{"embeddable":true,"href":"https:\/\/theory-of-science.com\/de\/wp-json\/wp\/v2\/pages\/64"}],"wp:attachment":[{"href":"https:\/\/theory-of-science.com\/de\/wp-json\/wp\/v2\/media?parent=438"}],"curies":[{"name":"wp","href":"https:\/\/api.w.org\/{rel}","templated":true}]}}