{"id":440,"date":"2017-05-29T17:36:36","date_gmt":"2017-05-29T15:36:36","guid":{"rendered":"http:\/\/theory-of-science.com\/de\/?page_id=440"},"modified":"2021-02-04T16:16:07","modified_gmt":"2021-02-04T15:16:07","slug":"uebung-11-05","status":"publish","type":"page","link":"https:\/\/theory-of-science.com\/de\/uebungen\/abschnitt-11\/uebung-11-05\/","title":{"rendered":"\u00dc11-5: Komplement und Wahrscheinlichkeit"},"content":{"rendered":"\n<p>In der Wahrscheinlichkeitstheorie wird gefordert, dass f\u00fcr jedes Zufallsereignis <em>E<\/em> auch das Komplement <em>E<\/em><sup> c<\/sup> ein Zufallsereignis ist. Diese Hypothese ist f\u00fcr die Begriffsbestimmung von Wahrscheinlichkeit zentral. In Anwendungen, in denen die Anzahl der Elementarereignisse feststeht, l\u00e4sst sich die Wahrscheinlichkeit einfach mit der relativen H\u00e4ufigkeit <em>k <\/em>\/ <em>n<\/em> identisch setzen. In solchen F\u00e4llen wird untersucht, wie viele Elementarereignisse in dem untersuchten Zufallsereignis <em>E<\/em> vorhanden sind und wie viele Elementarereignisse es in der Anwendung \u00fcberhaupt gibt. Das Komplement von <em>E<\/em> ist dann durch die Anzahl <em>n<\/em> &#8211; <em>k<\/em> der \u00abrestlichen\u00bb Elementarereignisse bestimmt.<\/p>\n\n\n\n<p>Diese praxisnahe Methode funktioniert nicht, wenn die Anzahl <em>n<\/em> der Elementarereignisse in der Anwendung nicht bekannt ist. Schon in endlichen F\u00e4llen l\u00e4sst sich eine Wahrscheinlichkeit f\u00fcr <em>E<\/em> nicht mehr als relative H\u00e4ufigkeit bestimmen, weil die Zahl <em>n<\/em> eben nicht bekannt ist. So bleibt der Bruch <em>k<\/em> \/ <em>n<\/em> unbestimmt.<\/p>\n\n\n\n<p><strong>a)<\/strong> In einer demokratischen Wahl l\u00e4sst es sich nicht vermeiden, dass einige Personen, welche am Wahltag als m\u00f6gliche W\u00e4hler in den Listen gef\u00fchrt werden, sterben. Damit haben sich bei der Ausz\u00e4hlung die Wahrscheinlichkeiten minimal ge\u00e4ndert. Untersuchen Sie, wie sich die relativen H\u00e4ufigkeiten genau ge\u00e4ndert haben? (Hinweis: Ersetzen Sie die reale Anzahl von m\u00f6glichen W\u00e4hlern durch eine kleinere Zahl.)<br><\/p>\n\n\n<ul class=\"nav nav-pills nav-justified\">\n<li><a href=\"https:\/\/theory-of-science.com\/de\/uebungen\/abschnitt-11\/uebung-11-04\/\">&lt;&lt;&lt;<\/a><\/li>\n<li><a href=\"https:\/\/theory-of-science.com\/de\/uebungen\/abschnitt-11\/uebung-11-06\/\">&gt;&gt;&gt;<\/a><\/li>\n<\/ul>\n","protected":false},"excerpt":{"rendered":"<p>In der Wahrscheinlichkeitstheorie wird gefordert, dass f\u00fcr jedes Zufallsereignis E auch das Komplement E c ein Zufallsereignis ist. Diese Hypothese ist f\u00fcr die Begriffsbestimmung von Wahrscheinlichkeit zentral. In Anwendungen, in denen die Anzahl der Elementarereignisse feststeht, l\u00e4sst sich die Wahrscheinlichkeit einfach mit der relativen H\u00e4ufigkeit k \/ n identisch setzen. In solchen F\u00e4llen wird untersucht, [&hellip;]<\/p>\n","protected":false},"author":1,"featured_media":0,"parent":64,"menu_order":5,"comment_status":"closed","ping_status":"closed","template":"page-fullwidth.php","meta":{"footnotes":""},"class_list":["post-440","page","type-page","status-publish","hentry"],"_links":{"self":[{"href":"https:\/\/theory-of-science.com\/de\/wp-json\/wp\/v2\/pages\/440","targetHints":{"allow":["GET"]}}],"collection":[{"href":"https:\/\/theory-of-science.com\/de\/wp-json\/wp\/v2\/pages"}],"about":[{"href":"https:\/\/theory-of-science.com\/de\/wp-json\/wp\/v2\/types\/page"}],"author":[{"embeddable":true,"href":"https:\/\/theory-of-science.com\/de\/wp-json\/wp\/v2\/users\/1"}],"replies":[{"embeddable":true,"href":"https:\/\/theory-of-science.com\/de\/wp-json\/wp\/v2\/comments?post=440"}],"version-history":[{"count":8,"href":"https:\/\/theory-of-science.com\/de\/wp-json\/wp\/v2\/pages\/440\/revisions"}],"predecessor-version":[{"id":4456,"href":"https:\/\/theory-of-science.com\/de\/wp-json\/wp\/v2\/pages\/440\/revisions\/4456"}],"up":[{"embeddable":true,"href":"https:\/\/theory-of-science.com\/de\/wp-json\/wp\/v2\/pages\/64"}],"wp:attachment":[{"href":"https:\/\/theory-of-science.com\/de\/wp-json\/wp\/v2\/media?parent=440"}],"curies":[{"name":"wp","href":"https:\/\/api.w.org\/{rel}","templated":true}]}}