{"id":442,"date":"2017-05-29T17:36:52","date_gmt":"2017-05-29T15:36:52","guid":{"rendered":"http:\/\/theory-of-science.com\/de\/?page_id=442"},"modified":"2021-02-04T16:17:24","modified_gmt":"2021-02-04T15:17:24","slug":"uebung-11-06","status":"publish","type":"page","link":"https:\/\/theory-of-science.com\/de\/uebungen\/abschnitt-11\/uebung-11-06\/","title":{"rendered":"\u00dc11-6: W\u00fcrfelwurf"},"content":{"rendered":"\n<p>Beim W\u00fcrfelwurf mit 6 Seiten lassen sich alle m\u00f6glichen Zufallsereignisse verwenden.<\/p>\n\n\n\n<p><strong>a)<\/strong> Konstruieren Sie die Menge aller Zufallsereignisse f\u00fcr einen W\u00fcrfelwurf.<\/p>\n\n\n\n<p><strong>b)<\/strong> Beschreiben Sie drei verschiedene Zufallsereignisse in nat\u00fcrlicher Sprache, welche genau 4 Elementarereignisse enthalten.<\/p>\n\n\n\n<p><strong>c)<\/strong> Reduzieren Sie die Menge der Zufallsereignisse, wenn es in einer Anwendung nur darum geht, ob ein Resultat gerade oder ungerade ist. Interpretieren Sie in der reduzierten Variante die verwendeten Elementarereignisse und Zufallsereignissen in normaler Sprache.<\/p>\n\n\n\n<p><strong>d)<\/strong> Beschreiben Sie den reduzierten Wahrscheinlichkeitsraum (W-Raum) mengentheoretisch in allen Details.<br><\/p>\n\n\n<ul class=\"nav nav-pills nav-justified\">\n<li><a href=\"https:\/\/theory-of-science.com\/de\/uebungen\/abschnitt-11\/uebung-11-05\/\">&lt;&lt;&lt;<\/a><\/li>\n<li><a href=\"https:\/\/theory-of-science.com\/de\/uebungen\/abschnitt-12\/uebung-12-01\/\">&gt;&gt;&gt;<\/a><\/li>\n<\/ul>\n","protected":false},"excerpt":{"rendered":"<p>Beim W\u00fcrfelwurf mit 6 Seiten lassen sich alle m\u00f6glichen Zufallsereignisse verwenden. a) Konstruieren Sie die Menge aller Zufallsereignisse f\u00fcr einen W\u00fcrfelwurf. b) Beschreiben Sie drei verschiedene Zufallsereignisse in nat\u00fcrlicher Sprache, welche genau 4 Elementarereignisse enthalten. c) Reduzieren Sie die Menge der Zufallsereignisse, wenn es in einer Anwendung nur darum geht, ob ein Resultat gerade oder [&hellip;]<\/p>\n","protected":false},"author":1,"featured_media":0,"parent":64,"menu_order":6,"comment_status":"closed","ping_status":"closed","template":"page-fullwidth.php","meta":{"footnotes":""},"class_list":["post-442","page","type-page","status-publish","hentry"],"_links":{"self":[{"href":"https:\/\/theory-of-science.com\/de\/wp-json\/wp\/v2\/pages\/442","targetHints":{"allow":["GET"]}}],"collection":[{"href":"https:\/\/theory-of-science.com\/de\/wp-json\/wp\/v2\/pages"}],"about":[{"href":"https:\/\/theory-of-science.com\/de\/wp-json\/wp\/v2\/types\/page"}],"author":[{"embeddable":true,"href":"https:\/\/theory-of-science.com\/de\/wp-json\/wp\/v2\/users\/1"}],"replies":[{"embeddable":true,"href":"https:\/\/theory-of-science.com\/de\/wp-json\/wp\/v2\/comments?post=442"}],"version-history":[{"count":8,"href":"https:\/\/theory-of-science.com\/de\/wp-json\/wp\/v2\/pages\/442\/revisions"}],"predecessor-version":[{"id":4457,"href":"https:\/\/theory-of-science.com\/de\/wp-json\/wp\/v2\/pages\/442\/revisions\/4457"}],"up":[{"embeddable":true,"href":"https:\/\/theory-of-science.com\/de\/wp-json\/wp\/v2\/pages\/64"}],"wp:attachment":[{"href":"https:\/\/theory-of-science.com\/de\/wp-json\/wp\/v2\/media?parent=442"}],"curies":[{"name":"wp","href":"https:\/\/api.w.org\/{rel}","templated":true}]}}