{"id":452,"date":"2017-05-29T21:50:29","date_gmt":"2017-05-29T19:50:29","guid":{"rendered":"http:\/\/theory-of-science.com\/de\/?page_id=452"},"modified":"2023-02-20T20:31:21","modified_gmt":"2023-02-20T19:31:21","slug":"mathematik","status":"publish","type":"page","link":"https:\/\/theory-of-science.com\/de\/rekonstruktionen\/mathematik\/","title":{"rendered":"Mathematische Theorien"},"content":{"rendered":"\n<p><\/p>\n\n\n\n<p><strong><a href=\"http:\/\/theory-of-science.com\/de\/rekonstruktionen\/mathematik\/kla\/\">Theorie der Klassifizierung (KLA)<\/a><\/strong><\/p>\n\n\n\n<p><strong><a href=\"http:\/\/theory-of-science.com\/de\/rekonstruktionen\/mathematik\/ver\/\">Theorie der Verb\u00e4nde (VER)<\/a><\/strong><\/p>\n\n\n\n<p><strong><a href=\"http:\/\/theory-of-science.com\/de\/rekonstruktionen\/mathematik\/art\/\">Theorie der nat\u00fcrlichen Zahlen (ART)<\/a><\/strong><\/p>\n\n\n\n<p><strong><a href=\"http:\/\/theory-of-science.com\/de\/rekonstruktionen\/mathematik\/kop\/\">Theorie der K\u00f6rper (KOP)<\/a><\/strong><\/p>\n\n\n\n<p><strong><a href=\"http:\/\/theory-of-science.com\/de\/rekonstruktionen\/mathematik\/ree\/\">Theorie der reellen Zahlen (REE)<\/a><\/strong><\/p>\n\n\n\n<p><strong><a href=\"http:\/\/theory-of-science.com\/de\/rekonstruktionen\/mathematik\/mar\/\">Theorie des 3-dimensionalen Raums \/ Vektorraums (MAR)<\/a><\/strong><\/p>\n\n\n\n<p><\/p>\n\n\n\n<p><strong><a href=\"http:\/\/theory-of-science.com\/de\/rekonstruktionen\/mathematik\/wst\/\">Wahrscheinlichkeitstheorie, klassische (WST)<\/a><\/strong><\/p>\n\n\n\n<p><a href=\"http:\/\/theory-of-science.com\/de\/rekonstruktionen\/mathematik\/wbt\/\"><strong>Wahrscheinlichkeitstheorie, bedingte (WBT)<\/strong><\/a><\/p>\n\n\n\n<p><strong><a href=\"http:\/\/theory-of-science.com\/de\/rekonstruktionen\/mathematik\/mon\/\">Theorie des Monoids (MON)<\/a><\/strong><\/p>\n\n\n\n<p><strong>Elementare Spieltheorie in Normalform (SPI)<\/strong><\/p>\n\n\n\n<p><strong>Indeterministische Spieltheorie in Normalform (SIN)<\/strong><\/p>\n\n\n\n<p><strong>Theorie der Produktionssysteme (TPS)<\/strong><\/p>\n\n\n<ul class=\"nav nav-pills nav-justified\">\n<li><a href=\"https:\/\/theory-of-science.com\/de\/rekonstruktionen\/naturwissenschaft\/\">&gt;&gt;&gt;<\/a><\/li>\n<\/ul>\n","protected":false},"excerpt":{"rendered":"<p>Theorie der Klassifizierung (KLA) Theorie der Verb\u00e4nde (VER) Theorie der nat\u00fcrlichen Zahlen (ART) Theorie der K\u00f6rper (KOP) Theorie der reellen Zahlen (REE) Theorie des 3-dimensionalen Raums \/ Vektorraums (MAR) Wahrscheinlichkeitstheorie, klassische (WST) Wahrscheinlichkeitstheorie, bedingte (WBT) Theorie des Monoids (MON) Elementare Spieltheorie in Normalform (SPI) Indeterministische Spieltheorie in Normalform (SIN) Theorie der Produktionssysteme (TPS)<\/p>\n","protected":false},"author":1,"featured_media":0,"parent":14,"menu_order":1,"comment_status":"closed","ping_status":"closed","template":"page-fullwidth.php","meta":{"footnotes":""},"class_list":["post-452","page","type-page","status-publish","hentry"],"_links":{"self":[{"href":"https:\/\/theory-of-science.com\/de\/wp-json\/wp\/v2\/pages\/452","targetHints":{"allow":["GET"]}}],"collection":[{"href":"https:\/\/theory-of-science.com\/de\/wp-json\/wp\/v2\/pages"}],"about":[{"href":"https:\/\/theory-of-science.com\/de\/wp-json\/wp\/v2\/types\/page"}],"author":[{"embeddable":true,"href":"https:\/\/theory-of-science.com\/de\/wp-json\/wp\/v2\/users\/1"}],"replies":[{"embeddable":true,"href":"https:\/\/theory-of-science.com\/de\/wp-json\/wp\/v2\/comments?post=452"}],"version-history":[{"count":39,"href":"https:\/\/theory-of-science.com\/de\/wp-json\/wp\/v2\/pages\/452\/revisions"}],"predecessor-version":[{"id":4886,"href":"https:\/\/theory-of-science.com\/de\/wp-json\/wp\/v2\/pages\/452\/revisions\/4886"}],"up":[{"embeddable":true,"href":"https:\/\/theory-of-science.com\/de\/wp-json\/wp\/v2\/pages\/14"}],"wp:attachment":[{"href":"https:\/\/theory-of-science.com\/de\/wp-json\/wp\/v2\/media?parent=452"}],"curies":[{"name":"wp","href":"https:\/\/api.w.org\/{rel}","templated":true}]}}