{"id":4573,"date":"2021-02-08T12:59:59","date_gmt":"2021-02-08T11:59:59","guid":{"rendered":"http:\/\/theory-of-science.com\/de\/?page_id=4573"},"modified":"2021-09-12T16:53:35","modified_gmt":"2021-09-12T14:53:35","slug":"errata","status":"publish","type":"page","link":"https:\/\/theory-of-science.com\/de\/buch\/errata\/","title":{"rendered":"Errata"},"content":{"rendered":"\n<p>Korrekturen f\u00fcr das Buch &#8222;Theorie der Wissenschaften&#8220;:<\/p>\n\n\n\n<figure class=\"wp-block-table is-style-stripes\"><table  class=\" table table-hover\" ><tbody><tr><td class=\"has-text-align-center\" data-align=\"center\"><strong>Seite<\/strong><\/td><td class=\"has-text-align-center\" data-align=\"center\"><strong>Absatz<\/strong><\/td><td class=\"has-text-align-center\" data-align=\"center\"><strong>Zeile<\/strong><\/td><td><strong><span style=\"color:#cf2e2e\" class=\"tadv-color\">falsch<\/span><\/strong><\/td><td><strong><span style=\"color:#00d084\" class=\"tadv-color\">korrekt<\/span><\/strong><\/td><\/tr><tr><td class=\"has-text-align-center\" data-align=\"center\">62<\/td><td class=\"has-text-align-center\" data-align=\"center\">3<\/td><td class=\"has-text-align-center\" data-align=\"center\">7<\/td><td>Unterbegriffen<\/td><td>Unterbegriffe<\/td><\/tr><tr><td class=\"has-text-align-center\" data-align=\"center\">83<\/td><td class=\"has-text-align-center\" data-align=\"center\">2<\/td><td class=\"has-text-align-center\" data-align=\"center\">1<\/td><td>aus Fakten<\/td><td>aus systematisch geordneten Fakten<\/td><\/tr><tr><td class=\"has-text-align-center\" data-align=\"center\">83<\/td><td class=\"has-text-align-center\" data-align=\"center\">6<\/td><td class=\"has-text-align-center\" data-align=\"center\">3<\/td><td>eine Menge von atomaren, variablenfreien S\u00e4tzen, Listen oder Namen<\/td><td>eine Menge von Fakten, Basisereignissen, Hilfsobjekten (wie: Zahlen) und Sachverhalten, die durch atomare, variablenfreie S\u00e4tze, Listen oder durch Namen repr\u00e4sentiert werden<\/td><\/tr><tr><td class=\"has-text-align-center\" data-align=\"center\">87<\/td><td class=\"has-text-align-center\" data-align=\"center\">1<\/td><td class=\"has-text-align-center\" data-align=\"center\">10<\/td><td><em>Grundmenge<\/em><sub> <\/sub><sub>k-1<\/sub><\/td><td><em>Grundmenge<\/em><sub> \u03ba-1<\/sub><\/td><\/tr><tr><td class=\"has-text-align-center\" data-align=\"center\">118<\/td><td class=\"has-text-align-center\" data-align=\"center\">2<\/td><td class=\"has-text-align-center\" data-align=\"center\">1<\/td><td>m\u00fcssten die Hypothesen angegeben werden<\/td><td>m\u00fcssen die Hypothesen angegeben werden<\/td><\/tr><tr><td class=\"has-text-align-center\" data-align=\"center\">126<\/td><td class=\"has-text-align-center\" data-align=\"center\">1<\/td><td class=\"has-text-align-center\" data-align=\"center\">3<\/td><td>Die Menge der definierten Winkel<\/td><td>Die Menge der definierten rechten Winkel<\/td><\/tr><tr><td class=\"has-text-align-center\" data-align=\"center\">131<\/td><td class=\"has-text-align-center\" data-align=\"center\">2<\/td><td class=\"has-text-align-center\" data-align=\"center\">6<\/td><td>dr\u00fccken sie aus, wie viele Einheiten an der jeweiligen Stelle zusammengef\u00fcgt werden<\/td><td>dr\u00fccken sie den r\u00e4umlichen Abstand einer Position zum r\u00e4umlichen Koordinatenursprung aus<\/td><\/tr><tr><td class=\"has-text-align-center\" data-align=\"center\">142<\/td><td class=\"has-text-align-center\" data-align=\"center\">2<\/td><td class=\"has-text-align-center\" data-align=\"center\">2<\/td><td>und diese Mengen werden Zufallsereignisse genannt.<\/td><td>und diese Verfahren werden Zufallsvariable genannt.<\/td><\/tr><tr><td class=\"has-text-align-center\" data-align=\"center\">148<\/td><td class=\"has-text-align-center\" data-align=\"center\">2<\/td><td class=\"has-text-align-center\" data-align=\"center\">4<\/td><td><em>Komplement<\/em> X<sup>c<\/sup> einer Menge X<\/td><td><em>Komplement<\/em> <em>X<\/em><sup>c<\/sup> einer Menge <em>X<\/em><\/td><\/tr><tr><td class=\"has-text-align-center\" data-align=\"center\">159<\/td><td class=\"has-text-align-center\" data-align=\"center\">5<\/td><td class=\"has-text-align-center\" data-align=\"center\">1<\/td><td>In der sozialpsychologischen Theorie gibt es f\u00fcr den Term des M\u00f6gens zwei Schemata f\u00fcr Leiterkonstruktionen.<\/td><td>In der sozialpsychologischen Theorie gibt es zwei Schemata f\u00fcr Leiterkonstruktionen.<\/td><\/tr><tr><td class=\"has-text-align-center\" data-align=\"center\">192<\/td><td class=\"has-text-align-center\" data-align=\"center\"><\/td><td class=\"has-text-align-center\" data-align=\"center\"><\/td><td>Abb. 14.1<\/td><td>Tab. 14.1<\/td><\/tr><tr><td class=\"has-text-align-center\" data-align=\"center\">197<\/td><td class=\"has-text-align-center\" data-align=\"center\">2<\/td><td class=\"has-text-align-center\" data-align=\"center\">5<\/td><td>(14.2) <strong>V<\/strong> ( <em>R<\/em>, <em>R*, x, x<\/em>*, \u03c4<sub>i<\/sub>, \u03c4*<sub>j<\/sub><em> <\/em><em>). <\/em>Dabei ist <strong>V<\/strong> eine Formel, <em>x<\/em> und <em>x<\/em><sup>*<\/sup> sind Modelle aus <em>M<\/em> und <em>M<\/em><sup>*<\/sup> und \u03c4<sub>i<\/sub> und \u03c4*<sub>j<\/sub> sind die Typisierungen der Relationen <em>R<\/em> und <em>R<\/em>*.<\/td><td>(14.2) <strong>V<\/strong> ( <em>R<\/em>, <em>R*, x, x<\/em>*, \u03c4<sub>i<\/sub>, \u03c4*<sub>j<\/sub><em> ), <\/em>wobei <em>x<\/em> und <em>x<\/em><sup>*<\/sup> Modelle aus <em>M<\/em> und <em>M<\/em><sup>*<\/sup> sind und \u03c4<sub>i<\/sub> und \u03c4*<sub>j<\/sub> die Typisierungen der Relationen <em>R<\/em> und <em>R<\/em>*.<\/td><\/tr><tr><td class=\"has-text-align-center\" data-align=\"center\">197<\/td><td class=\"has-text-align-center\" data-align=\"center\">2<\/td><td class=\"has-text-align-center\" data-align=\"center\">8<\/td><td>den Term in (14.2)<\/td><td>die Formel in (14.2)<\/td><\/tr><tr><td class=\"has-text-align-center\" data-align=\"center\">197<\/td><td class=\"has-text-align-center\" data-align=\"center\">2<\/td><td class=\"has-text-align-center\" data-align=\"center\">9<\/td><td>die Formel <strong>V<\/strong> (\u2026) muss den Term (14.2) erf\u00fcllen<\/td><td>die Formel in (14.2) muss bei Interpretation erf\u00fcllt sein<\/td><\/tr><tr><td class=\"has-text-align-center\" data-align=\"center\">241<\/td><td class=\"has-text-align-center\" data-align=\"center\">1<\/td><td class=\"has-text-align-center\" data-align=\"center\">2<\/td><td>aus Z von T gilt:<\/td><td>aus <strong>Z<\/strong> von T gilt:<\/td><\/tr><tr><td class=\"has-text-align-center\" data-align=\"center\">248<\/td><td class=\"has-text-align-center\" data-align=\"center\">3<\/td><td class=\"has-text-align-center\" data-align=\"center\">2<\/td><td>mit der Theorie T<\/td><td>mit der Theorie <em>T<\/em><\/td><\/tr><tr><td class=\"has-text-align-center\" data-align=\"center\">248<\/td><td class=\"has-text-align-center\" data-align=\"center\">5<\/td><td class=\"has-text-align-center\" data-align=\"center\">7<\/td><td>zum Zeitpunkt <em>z<\/em> negativ entschieden<\/td><td>zum Zeitpunkt <em>z<\/em><sup>3<\/sup> negativ entschieden<\/td><\/tr><tr><td class=\"has-text-align-center\" data-align=\"center\">261<\/td><td class=\"has-text-align-center\" data-align=\"center\"><\/td><td class=\"has-text-align-center\" data-align=\"center\"><\/td><td>Abb. 18.5 Eine Menge als fuzzy set X<\/td><td>Abb. 18.5 Eine Menge als fuzzy set <em>X<\/em><\/td><\/tr><tr><td class=\"has-text-align-center\" data-align=\"center\">261<\/td><td class=\"has-text-align-center\" data-align=\"center\">4<\/td><td class=\"has-text-align-center\" data-align=\"center\">1<\/td><td>Die Funktionswerte, die gegen Null gehen,<\/td><td>Die Funktionswerte von <em>d<\/em>, die gegen Null gehen,<\/td><\/tr><\/tbody><\/table><\/figure>\n\n\n\n\n","protected":false},"excerpt":{"rendered":"<p>Korrekturen f\u00fcr das Buch &#8222;Theorie der Wissenschaften&#8220;: Seite Absatz Zeile falsch korrekt 62 3 7 Unterbegriffen Unterbegriffe 83 2 1 aus Fakten aus systematisch geordneten Fakten 83 6 3 eine Menge von atomaren, variablenfreien S\u00e4tzen, Listen oder Namen eine Menge von Fakten, Basisereignissen, Hilfsobjekten (wie: Zahlen) und Sachverhalten, die durch atomare, variablenfreie S\u00e4tze, Listen oder [&hellip;]<\/p>\n","protected":false},"author":1,"featured_media":0,"parent":96,"menu_order":0,"comment_status":"closed","ping_status":"closed","template":"page-fullwidth.php","meta":{"footnotes":""},"class_list":["post-4573","page","type-page","status-publish","hentry"],"_links":{"self":[{"href":"https:\/\/theory-of-science.com\/de\/wp-json\/wp\/v2\/pages\/4573","targetHints":{"allow":["GET"]}}],"collection":[{"href":"https:\/\/theory-of-science.com\/de\/wp-json\/wp\/v2\/pages"}],"about":[{"href":"https:\/\/theory-of-science.com\/de\/wp-json\/wp\/v2\/types\/page"}],"author":[{"embeddable":true,"href":"https:\/\/theory-of-science.com\/de\/wp-json\/wp\/v2\/users\/1"}],"replies":[{"embeddable":true,"href":"https:\/\/theory-of-science.com\/de\/wp-json\/wp\/v2\/comments?post=4573"}],"version-history":[{"count":25,"href":"https:\/\/theory-of-science.com\/de\/wp-json\/wp\/v2\/pages\/4573\/revisions"}],"predecessor-version":[{"id":4661,"href":"https:\/\/theory-of-science.com\/de\/wp-json\/wp\/v2\/pages\/4573\/revisions\/4661"}],"up":[{"embeddable":true,"href":"https:\/\/theory-of-science.com\/de\/wp-json\/wp\/v2\/pages\/96"}],"wp:attachment":[{"href":"https:\/\/theory-of-science.com\/de\/wp-json\/wp\/v2\/media?parent=4573"}],"curies":[{"name":"wp","href":"https:\/\/api.w.org\/{rel}","templated":true}]}}