{"id":4685,"date":"2021-10-08T11:17:26","date_gmt":"2021-10-08T09:17:26","guid":{"rendered":"https:\/\/theory-of-science.com\/de\/?page_id=4685"},"modified":"2021-10-08T18:04:59","modified_gmt":"2021-10-08T16:04:59","slug":"dmass","status":"publish","type":"page","link":"https:\/\/theory-of-science.com\/de\/methoden\/computersimulation\/mabs\/dmass\/","title":{"rendered":"DMASS"},"content":{"rendered":"\n<h2 class=\"wp-block-heading\">Distributed Multi-Agent System for Social Simulation<\/h2>\n\n\n\n<h3 class=\"wp-block-heading\">Haupteigenschaften<\/h3>\n\n\n\n<ul class=\"wp-block-list\"><li>DMASS ist &#8211; wie SMASS &#8211; ein handlungszentriertes System<\/li><li>DMASS l\u00e4uft auf einer verteilten Rechnerarchitektur (Transputersystem)<\/li><li>Auf der Hardware-Ebene wird jeder Akteur durch einen einzelnen Prozessor mit einem dazugeh\u00f6rigen Arbeitsspeicher repr\u00e4sentiert<\/li><li>Alle Interaktionen werden mit einen Nachrichtenaustausch \u00fcber fest verdrahtete Verbindungen durchgef\u00fchrt<\/li><li>Das System ist in einer verteilten Version von Prolog &#8222;Brain Aid Prolog (BAP)&#8220; programmiert<\/li><li>BAP verf\u00fcgt \u00fcber eine praktisch unbeschr\u00e4nkte Palette an Nachrichteninhalten und ist an keine festgelegten Nachrichtenformate gebunden<\/li><li>Die Simulationsergebnisse von DMASS k\u00f6nnen mit dem Grafikpaket von SMASS dargestellt werden<\/li><li>Inzwischen gibt es keine aktiven Transputersysteme mehr<\/li><\/ul>\n\n\n\n<h3 class=\"wp-block-heading\">Referenzen<\/h3>\n\n\n\n<ul class=\"wp-block-list\"><li>Balzer, W. and Brendel, K. R. 1996. DMASS: A Distributed Multi-Agent System for Simulation in Social Science, Manuskript, siehe: <\/li><\/ul>\n\n\n\n<div class=\"wp-block-file aligncenter\"><a href=\"https:\/\/theory-of-science.com\/de\/wp-content\/uploads\/sites\/2\/2021\/10\/1996-04-10-DMASS-paper.pdf\" target=\"_blank\" rel=\"noreferrer noopener\">1996-04-10-DMASS-paper<\/a><a href=\"https:\/\/theory-of-science.com\/de\/wp-content\/uploads\/sites\/2\/2021\/10\/1996-04-10-DMASS-paper.pdf\" class=\"wp-block-file__button\" download>Herunterladen<\/a><\/div>\n\n\n\n<ul class=\"wp-block-list\"><li>Brendel, K. R. 2010. Parallele oder Sequentielle Simulationsmethode?, Herbert Utz Verlag, M\u00fcnchen.<\/li><\/ul>\n","protected":false},"excerpt":{"rendered":"<p>Distributed Multi-Agent System for Social Simulation Haupteigenschaften DMASS ist &#8211; wie SMASS &#8211; ein handlungszentriertes System DMASS l\u00e4uft auf einer verteilten Rechnerarchitektur (Transputersystem) Auf der Hardware-Ebene wird jeder Akteur durch einen einzelnen Prozessor mit einem dazugeh\u00f6rigen Arbeitsspeicher repr\u00e4sentiert Alle Interaktionen werden mit einen Nachrichtenaustausch \u00fcber fest verdrahtete Verbindungen durchgef\u00fchrt Das System ist in einer verteilten [&hellip;]<\/p>\n","protected":false},"author":1,"featured_media":0,"parent":4680,"menu_order":2,"comment_status":"closed","ping_status":"closed","template":"page-fullwidth.php","meta":{"footnotes":""},"class_list":["post-4685","page","type-page","status-publish","hentry"],"_links":{"self":[{"href":"https:\/\/theory-of-science.com\/de\/wp-json\/wp\/v2\/pages\/4685","targetHints":{"allow":["GET"]}}],"collection":[{"href":"https:\/\/theory-of-science.com\/de\/wp-json\/wp\/v2\/pages"}],"about":[{"href":"https:\/\/theory-of-science.com\/de\/wp-json\/wp\/v2\/types\/page"}],"author":[{"embeddable":true,"href":"https:\/\/theory-of-science.com\/de\/wp-json\/wp\/v2\/users\/1"}],"replies":[{"embeddable":true,"href":"https:\/\/theory-of-science.com\/de\/wp-json\/wp\/v2\/comments?post=4685"}],"version-history":[{"count":10,"href":"https:\/\/theory-of-science.com\/de\/wp-json\/wp\/v2\/pages\/4685\/revisions"}],"predecessor-version":[{"id":4718,"href":"https:\/\/theory-of-science.com\/de\/wp-json\/wp\/v2\/pages\/4685\/revisions\/4718"}],"up":[{"embeddable":true,"href":"https:\/\/theory-of-science.com\/de\/wp-json\/wp\/v2\/pages\/4680"}],"wp:attachment":[{"href":"https:\/\/theory-of-science.com\/de\/wp-json\/wp\/v2\/media?parent=4685"}],"curies":[{"name":"wp","href":"https:\/\/api.w.org\/{rel}","templated":true}]}}