{"id":481,"date":"2017-05-29T22:04:59","date_gmt":"2017-05-29T20:04:59","guid":{"rendered":"http:\/\/theory-of-science.com\/de\/?page_id=481"},"modified":"2023-02-20T20:23:43","modified_gmt":"2023-02-20T19:23:43","slug":"mar","status":"publish","type":"page","link":"https:\/\/theory-of-science.com\/de\/rekonstruktionen\/mathematik\/mar\/","title":{"rendered":"Theorie des 3-dimensionalen Raums \/ Vektorraums (MAR)"},"content":{"rendered":"\n<p><strong>Grundmenge<\/strong><br><em>O<\/em>&nbsp;&nbsp; Menge von Ortspunkten<\/p>\n\n\n\n<p><strong>Hilfsbasismenge<\/strong><br><img loading=\"lazy\" decoding=\"async\" src=\"https:\/\/theory-of-science.com\/de\/wp-content\/ql-cache\/quicklatex.com-dcfbb8f1c868d0756e2be1a8d16e4e7f_l3.png\" class=\"ql-img-inline-formula quicklatex-auto-format\" alt=\"&#92;&#109;&#97;&#116;&#104;&#98;&#98;&#123;&#82;&#125;\" title=\"Rendered by QuickLaTeX.com\" height=\"10\" width=\"11\" style=\"vertical-align: 0px;\"\/>&nbsp;&nbsp; Menge der reellen Zahlen<\/p>\n\n\n\n<p><strong>Relation<\/strong><br><img loading=\"lazy\" decoding=\"async\" src=\"https:\/\/theory-of-science.com\/de\/wp-content\/ql-cache\/quicklatex.com-284b14e77b16e478e8796314603754c8_l3.png\" class=\"ql-img-inline-formula quicklatex-auto-format\" alt=\"&#92;&#112;&#114;&#101;&#99;&#32;\" title=\"Rendered by QuickLaTeX.com\" height=\"9\" width=\"10\" style=\"vertical-align: -1px;\"\/>&nbsp; \u00abkleiner als\u00bb-Relation<\/p>\n\n\n\n<p><strong>Funktion<\/strong><br><em>d<\/em>&nbsp;&nbsp; Abstandsfunktion<\/p>\n\n\n\n<p><strong>Typisierungen<\/strong><br>\u03b8<sub>1<\/sub>&nbsp;&nbsp; <img loading=\"lazy\" decoding=\"async\" src=\"https:\/\/theory-of-science.com\/de\/wp-content\/ql-cache\/quicklatex.com-ee61385ef547d9e8e3b9ef555fbaed53_l3.png\" class=\"ql-img-inline-formula quicklatex-auto-format\" alt=\"&#92;&#112;&#114;&#101;&#99;\" title=\"Rendered by QuickLaTeX.com\" height=\"9\" width=\"10\" style=\"vertical-align: -1px;\"\/>&nbsp;\u2208&nbsp;\u2118 ( <em>O<\/em>&nbsp;\u00d7 <em>O<\/em> )<br>\u03b8<sub>2<\/sub>&nbsp;&nbsp; <em>d<\/em>&nbsp;\u2208 <img loading=\"lazy\" decoding=\"async\" src=\"https:\/\/theory-of-science.com\/de\/wp-content\/ql-cache\/quicklatex.com-4aef294acd84495967a2a6ce417aa9e6_l3.png\" class=\"ql-img-inline-formula quicklatex-auto-format\" alt=\"&#92;&#99;&#97;&#108;&#32;&#70;&#85;&#78;\" title=\"Rendered by QuickLaTeX.com\" height=\"14\" width=\"37\" style=\"vertical-align: -1px;\"\/> (&nbsp;<em>O<\/em>&nbsp;\u00d7 <em>O<\/em> : <img loading=\"lazy\" decoding=\"async\" src=\"https:\/\/theory-of-science.com\/de\/wp-content\/ql-cache\/quicklatex.com-dcfbb8f1c868d0756e2be1a8d16e4e7f_l3.png\" class=\"ql-img-inline-formula quicklatex-auto-format\" alt=\"&#92;&#109;&#97;&#116;&#104;&#98;&#98;&#123;&#82;&#125;\" title=\"Rendered by QuickLaTeX.com\" height=\"10\" width=\"11\" style=\"vertical-align: 0px;\"\/> )<\/p>\n\n\n\n<p><strong>Definition<\/strong><br><img loading=\"lazy\" decoding=\"async\" src=\"https:\/\/theory-of-science.com\/de\/wp-content\/ql-cache\/quicklatex.com-dcfbb8f1c868d0756e2be1a8d16e4e7f_l3.png\" class=\"ql-img-inline-formula quicklatex-auto-format\" alt=\"&#92;&#109;&#97;&#116;&#104;&#98;&#98;&#123;&#82;&#125;\" title=\"Rendered by QuickLaTeX.com\" height=\"10\" width=\"11\" style=\"vertical-align: 0px;\"\/> <sup>3<\/sup> =&nbsp;<img loading=\"lazy\" decoding=\"async\" src=\"https:\/\/theory-of-science.com\/de\/wp-content\/ql-cache\/quicklatex.com-dcfbb8f1c868d0756e2be1a8d16e4e7f_l3.png\" class=\"ql-img-inline-formula quicklatex-auto-format\" alt=\"&#92;&#109;&#97;&#116;&#104;&#98;&#98;&#123;&#82;&#125;\" title=\"Rendered by QuickLaTeX.com\" height=\"10\" width=\"11\" style=\"vertical-align: 0px;\"\/>&nbsp;\u00d7 <img loading=\"lazy\" decoding=\"async\" src=\"https:\/\/theory-of-science.com\/de\/wp-content\/ql-cache\/quicklatex.com-dcfbb8f1c868d0756e2be1a8d16e4e7f_l3.png\" class=\"ql-img-inline-formula quicklatex-auto-format\" alt=\"&#92;&#109;&#97;&#116;&#104;&#98;&#98;&#123;&#82;&#125;\" title=\"Rendered by QuickLaTeX.com\" height=\"10\" width=\"11\" style=\"vertical-align: 0px;\"\/> \u00d7 <img loading=\"lazy\" decoding=\"async\" src=\"https:\/\/theory-of-science.com\/de\/wp-content\/ql-cache\/quicklatex.com-dcfbb8f1c868d0756e2be1a8d16e4e7f_l3.png\" class=\"ql-img-inline-formula quicklatex-auto-format\" alt=\"&#92;&#109;&#97;&#116;&#104;&#98;&#98;&#123;&#82;&#125;\" title=\"Rendered by QuickLaTeX.com\" height=\"10\" width=\"11\" style=\"vertical-align: 0px;\"\/><\/p>\n\n\n\n<p><strong>Hypothesen<\/strong><br><em>H<\/em><sub>1&nbsp;&nbsp; <\/sub><em>O<\/em> = <img loading=\"lazy\" decoding=\"async\" src=\"https:\/\/theory-of-science.com\/de\/wp-content\/ql-cache\/quicklatex.com-dcfbb8f1c868d0756e2be1a8d16e4e7f_l3.png\" class=\"ql-img-inline-formula quicklatex-auto-format\" alt=\"&#92;&#109;&#97;&#116;&#104;&#98;&#98;&#123;&#82;&#125;\" title=\"Rendered by QuickLaTeX.com\" height=\"10\" width=\"11\" style=\"vertical-align: 0px;\"\/> <sup>3<\/sup><br><em>H<\/em><sub>2<\/sub>&nbsp;&nbsp;&nbsp;\u2200 \u03b1<sub>1<\/sub>, \u03b1<sub>2<\/sub>, \u03b1<sub>3<\/sub>, \u03b2<sub>1<\/sub>, \u03b2<sub>2<\/sub>, \u03b2<sub>3<\/sub> \u2208&nbsp;<img loading=\"lazy\" decoding=\"async\" src=\"https:\/\/theory-of-science.com\/de\/wp-content\/ql-cache\/quicklatex.com-dcfbb8f1c868d0756e2be1a8d16e4e7f_l3.png\" class=\"ql-img-inline-formula quicklatex-auto-format\" alt=\"&#92;&#109;&#97;&#116;&#104;&#98;&#98;&#123;&#82;&#125;\" title=\"Rendered by QuickLaTeX.com\" height=\"10\" width=\"11\" style=\"vertical-align: 0px;\"\/> (&nbsp;\u2329&nbsp;\u03b1<sub>1<\/sub>, \u03b1<sub>2<\/sub>, \u03b1<sub>3<\/sub>&nbsp;\u232a&nbsp;<img loading=\"lazy\" decoding=\"async\" src=\"https:\/\/theory-of-science.com\/de\/wp-content\/ql-cache\/quicklatex.com-ee61385ef547d9e8e3b9ef555fbaed53_l3.png\" class=\"ql-img-inline-formula quicklatex-auto-format\" alt=\"&#92;&#112;&#114;&#101;&#99;\" title=\"Rendered by QuickLaTeX.com\" height=\"9\" width=\"10\" style=\"vertical-align: -1px;\"\/>&nbsp;\u2329&nbsp;\u03b2<sub>1<\/sub>, \u03b2<sub>2<\/sub>, \u03b2<sub>3<\/sub>&nbsp;\u232a \u2194 ( |&nbsp;\u03b1<sub>1<\/sub> | &lt; |&nbsp;\u03b2<sub>1<\/sub> |&nbsp;\u2227 |&nbsp;\u03b1<sub>2<\/sub> | &lt; |&nbsp;\u03b2<sub>2<\/sub> |&nbsp;\u2227 |&nbsp;\u03b1<sub>3<\/sub> | &lt; |&nbsp;\u03b2<sub>3<\/sub> | ) )<br><em>H<\/em><sub>3&nbsp;&nbsp;&nbsp;<\/sub>\u2200 \u03b1<sub>1<\/sub>, \u03b1<sub>2<\/sub>, \u03b1<sub>3<\/sub>, \u03b2<sub>1<\/sub>, \u03b2<sub>2<\/sub>, \u03b2<sub>3 <\/sub>\u2208&nbsp;<img loading=\"lazy\" decoding=\"async\" src=\"https:\/\/theory-of-science.com\/de\/wp-content\/ql-cache\/quicklatex.com-dcfbb8f1c868d0756e2be1a8d16e4e7f_l3.png\" class=\"ql-img-inline-formula quicklatex-auto-format\" alt=\"&#92;&#109;&#97;&#116;&#104;&#98;&#98;&#123;&#82;&#125;\" title=\"Rendered by QuickLaTeX.com\" height=\"10\" width=\"11\" style=\"vertical-align: 0px;\"\/> ( <em>d<\/em> (&nbsp;\u2329 \u03b1<sub>1<\/sub>, \u03b1<sub>2<\/sub>, \u03b1<sub>3<\/sub>&nbsp;\u232a ) = <img loading=\"lazy\" decoding=\"async\" src=\"https:\/\/theory-of-science.com\/de\/wp-content\/ql-cache\/quicklatex.com-9cdb402906c8397367b38e207cd6fdd7_l3.png\" class=\"ql-img-inline-formula quicklatex-auto-format\" alt=\"&#92;&#115;&#113;&#114;&#116;&#091;&#50;&#093;&#123;&#40;&#32;&#92;&#109;&#105;&#100;&#32;&#92;&#97;&#108;&#112;&#104;&#97;&#95;&#49;&#32;&#45;&#32;&#92;&#98;&#101;&#116;&#97;&#95;&#49;&#32;&#92;&#109;&#105;&#100;&#32;&#43;&#32;&#92;&#109;&#105;&#100;&#32;&#92;&#97;&#108;&#112;&#104;&#97;&#95;&#50;&#32;&#45;&#32;&#92;&#98;&#101;&#116;&#97;&#95;&#50;&#32;&#92;&#109;&#105;&#100;&#32;&#43;&#32;&#92;&#109;&#105;&#100;&#32;&#92;&#97;&#108;&#112;&#104;&#97;&#95;&#51;&#32;&#45;&#32;&#92;&#98;&#101;&#116;&#97;&#95;&#51;&#32;&#92;&#109;&#105;&#100;&#41;&#94;&#50;&#125;&#41;\" title=\"Rendered by QuickLaTeX.com\" height=\"18\" width=\"267\" style=\"vertical-align: -4px;\"\/><\/p>\n\n\n\n<p><strong>Modelle<\/strong><br><em>x<\/em> ist ein Modell des 3-dimensionalen Raumes <strong>M(MAR)<\/strong> gdw es Mengen <em>O<\/em>, <img loading=\"lazy\" decoding=\"async\" src=\"https:\/\/theory-of-science.com\/de\/wp-content\/ql-cache\/quicklatex.com-61367c4863db1522b65e0ed75035256a_l3.png\" class=\"ql-img-inline-formula quicklatex-auto-format\" alt=\"&#92;&#109;&#97;&#116;&#104;&#98;&#98;&#123;&#82;&#125;&#92;&#112;&#114;&#101;&#99;\" title=\"Rendered by QuickLaTeX.com\" height=\"11\" width=\"26\" style=\"vertical-align: -1px;\"\/>, <em>d<\/em> gibt, so dass gilt:<\/p>\n\n\n\n<p style=\"padding-left:30px;\"><em>x<\/em> =&nbsp;\u2329&nbsp;<em>O<\/em>, <img loading=\"lazy\" decoding=\"async\" src=\"https:\/\/theory-of-science.com\/de\/wp-content\/ql-cache\/quicklatex.com-61367c4863db1522b65e0ed75035256a_l3.png\" class=\"ql-img-inline-formula quicklatex-auto-format\" alt=\"&#92;&#109;&#97;&#116;&#104;&#98;&#98;&#123;&#82;&#125;&#92;&#112;&#114;&#101;&#99;\" title=\"Rendered by QuickLaTeX.com\" height=\"11\" width=\"26\" style=\"vertical-align: -1px;\"\/>, <em>d<\/em> \u232a<\/p>\n\n\n\n<p>und die Relation&nbsp;<img loading=\"lazy\" decoding=\"async\" src=\"https:\/\/theory-of-science.com\/de\/wp-content\/ql-cache\/quicklatex.com-ee61385ef547d9e8e3b9ef555fbaed53_l3.png\" class=\"ql-img-inline-formula quicklatex-auto-format\" alt=\"&#92;&#112;&#114;&#101;&#99;\" title=\"Rendered by QuickLaTeX.com\" height=\"9\" width=\"10\" style=\"vertical-align: -1px;\"\/> und die Funktion <em>d<\/em> haben die Typen&nbsp;\u03b8<sub>1<\/sub> und&nbsp;\u03b8<sub>2<\/sub> und die Hypothesen <em>H<\/em><sub>1<\/sub> ( <em>O<\/em>,&nbsp;<img loading=\"lazy\" decoding=\"async\" src=\"https:\/\/theory-of-science.com\/de\/wp-content\/ql-cache\/quicklatex.com-61367c4863db1522b65e0ed75035256a_l3.png\" class=\"ql-img-inline-formula quicklatex-auto-format\" alt=\"&#92;&#109;&#97;&#116;&#104;&#98;&#98;&#123;&#82;&#125;&#92;&#112;&#114;&#101;&#99;\" title=\"Rendered by QuickLaTeX.com\" height=\"11\" width=\"26\" style=\"vertical-align: -1px;\"\/>, <em>d<\/em> ), &#8230;,&nbsp;<em>H<\/em><sub>3<\/sub> ( <em>O<\/em>,&nbsp;<img loading=\"lazy\" decoding=\"async\" src=\"https:\/\/theory-of-science.com\/de\/wp-content\/ql-cache\/quicklatex.com-61367c4863db1522b65e0ed75035256a_l3.png\" class=\"ql-img-inline-formula quicklatex-auto-format\" alt=\"&#92;&#109;&#97;&#116;&#104;&#98;&#98;&#123;&#82;&#125;&#92;&#112;&#114;&#101;&#99;\" title=\"Rendered by QuickLaTeX.com\" height=\"11\" width=\"26\" style=\"vertical-align: -1px;\"\/>, <em>d<\/em> ) gelten in <em>x<\/em>.<\/p>\n\n\n\n<p><strong>I(MAR)<\/strong> die Menge der intendierten Systeme.<\/p>\n\n\n\n<p><strong>Beispiele<\/strong><br>&#8211; Ackerfl\u00e4chen, kartesisch beschrieben<br>&#8211; Regionen, die durch Landvermessung kartesisch beschrieben sind<br>&#8211; Erdoberfl\u00e4che des Planeten <em>Erde<\/em>, kartesisch beschrieben<br>&#8211; Mondoberfl\u00e4che, kartesisch beschrieben<br>&#8211; der Raum \u00abunseres\u00bb Sonnensystems, kartesisch beschrieben.<\/p>\n\n\n<ul class=\"nav nav-pills nav-justified\">\n<li><a href=\"https:\/\/theory-of-science.com\/de\/rekonstruktionen\/mathematik\/ree\/\">&lt;&lt;&lt;<\/a><\/li>\n<li><a href=\"https:\/\/theory-of-science.com\/de\/rekonstruktionen\/mathematik\/wst\/\">&gt;&gt;&gt;<\/a><\/li>\n<\/ul>\n","protected":false},"excerpt":{"rendered":"<p>GrundmengeO&nbsp;&nbsp; Menge von Ortspunkten Hilfsbasismenge&nbsp;&nbsp; Menge der reellen Zahlen Relation&nbsp; \u00abkleiner als\u00bb-Relation Funktiond&nbsp;&nbsp; Abstandsfunktion Typisierungen\u03b81&nbsp;&nbsp; &nbsp;\u2208&nbsp;\u2118 ( O&nbsp;\u00d7 O )\u03b82&nbsp;&nbsp; d&nbsp;\u2208 (&nbsp;O&nbsp;\u00d7 O : ) Definition 3 =&nbsp;&nbsp;\u00d7 \u00d7 HypothesenH1&nbsp;&nbsp; O = 3H2&nbsp;&nbsp;&nbsp;\u2200 \u03b11, \u03b12, \u03b13, \u03b21, \u03b22, \u03b23 \u2208&nbsp; (&nbsp;\u2329&nbsp;\u03b11, \u03b12, \u03b13&nbsp;\u232a&nbsp;&nbsp;\u2329&nbsp;\u03b21, \u03b22, \u03b23&nbsp;\u232a \u2194 ( |&nbsp;\u03b11 | &lt; |&nbsp;\u03b21 |&nbsp;\u2227 |&nbsp;\u03b12 | &lt; [&hellip;]<\/p>\n","protected":false},"author":1,"featured_media":0,"parent":452,"menu_order":6,"comment_status":"closed","ping_status":"closed","template":"page-fullwidth.php","meta":{"footnotes":""},"class_list":["post-481","page","type-page","status-publish","hentry"],"_links":{"self":[{"href":"https:\/\/theory-of-science.com\/de\/wp-json\/wp\/v2\/pages\/481","targetHints":{"allow":["GET"]}}],"collection":[{"href":"https:\/\/theory-of-science.com\/de\/wp-json\/wp\/v2\/pages"}],"about":[{"href":"https:\/\/theory-of-science.com\/de\/wp-json\/wp\/v2\/types\/page"}],"author":[{"embeddable":true,"href":"https:\/\/theory-of-science.com\/de\/wp-json\/wp\/v2\/users\/1"}],"replies":[{"embeddable":true,"href":"https:\/\/theory-of-science.com\/de\/wp-json\/wp\/v2\/comments?post=481"}],"version-history":[{"count":25,"href":"https:\/\/theory-of-science.com\/de\/wp-json\/wp\/v2\/pages\/481\/revisions"}],"predecessor-version":[{"id":4880,"href":"https:\/\/theory-of-science.com\/de\/wp-json\/wp\/v2\/pages\/481\/revisions\/4880"}],"up":[{"embeddable":true,"href":"https:\/\/theory-of-science.com\/de\/wp-json\/wp\/v2\/pages\/452"}],"wp:attachment":[{"href":"https:\/\/theory-of-science.com\/de\/wp-json\/wp\/v2\/media?parent=481"}],"curies":[{"name":"wp","href":"https:\/\/api.w.org\/{rel}","templated":true}]}}