{"id":503,"date":"2017-05-29T22:27:34","date_gmt":"2017-05-29T20:27:34","guid":{"rendered":"http:\/\/theory-of-science.com\/de\/?page_id=503"},"modified":"2023-02-17T21:06:39","modified_gmt":"2023-02-17T20:06:39","slug":"geo","status":"publish","type":"page","link":"https:\/\/theory-of-science.com\/de\/rekonstruktionen\/naturwissenschaft\/geo\/","title":{"rendered":"Empirische Geometrie (GEO)"},"content":{"rendered":"\n<p><strong>Grundmengen<\/strong><br><em>P<\/em>&nbsp;&nbsp; eine Menge von geometrischen Punkten<br><em>L<\/em>&nbsp;&nbsp; eine Menge von Linien<br><em>E<\/em>&nbsp;&nbsp; eine Menge von Ebenen<\/p>\n\n\n\n<p><strong>Relationen<\/strong><br><em>zw<\/em>&nbsp;&nbsp; Zwischenrelation<br><em>kon<\/em>&nbsp; Kongruenzrelation<\/p>\n\n\n\n<p><strong>Typisierungen<\/strong><br>\u03b8<sub>1<\/sub>&nbsp;&nbsp; <em>zw<\/em>&nbsp;\u2208&nbsp;\u2118 ( <em>P<\/em>&nbsp;\u00d7 <em>P<\/em> )<br>\u03b8<sub>2<\/sub>&nbsp;&nbsp; <em>kon<\/em>&nbsp;\u2208&nbsp;\u2118 ( <em>P<\/em>&nbsp;\u00d7 <em>P<\/em>&nbsp;\u00d7 <em>P<\/em>&nbsp;\u00d7 <em>P<\/em> )<\/p>\n\n\n\n<p><strong>Definitionen<\/strong><br><em>kollinear<\/em> ( <em>a<\/em>, <em>b<\/em>, <em>c<\/em> ) gdw&nbsp;\u2203 <em>l<\/em>&nbsp;\u2208 <em>L<\/em> ( <em>a<\/em>&nbsp;\u2208 <em>l<\/em>&nbsp;\u2227 <em>b<\/em>&nbsp;\u2208 <em>l<\/em>&nbsp;\u2227 <em>c<\/em>&nbsp;\u2208 <em>l &#8218;<\/em> )<br><em>nicht-kollinear<\/em> ( <em>a<\/em>, <em>b<\/em>, <em>c<\/em> ) gdw&nbsp;\u00ac&nbsp;\u2203 <em>l<\/em>&nbsp;\u2208 <em>L<\/em> ( <em>a<\/em>&nbsp;\u2208 <em>l<\/em>&nbsp;\u2227 <em>b<\/em>&nbsp;\u2208 <em>l<\/em>&nbsp;\u2227 <em>c<\/em>&nbsp;\u2208 <em>l<\/em> )<br><em>a<\/em>, <em>b<\/em>, <em>c<\/em>&nbsp;\u2208 <em>x<\/em> gdw <em>a<\/em>&nbsp;\u2208 <em>x<\/em>&nbsp;\u2227 <em>b<\/em>&nbsp;\u2208 <em>x<\/em>&nbsp;\u2227 <em>c<\/em>&nbsp;\u2208 <em>x<\/em><br><em>ZW<\/em> ( <em>a<\/em>, <em>l<\/em>, <em>b<\/em> ) gdw&nbsp;\u00ac ( <em>a<\/em>&nbsp;\u2208 <em>l<\/em>&nbsp;\u2227 <em>b<\/em>&nbsp;\u2208 <em>l<\/em>&nbsp;\u2227 \u2203 <em>c<\/em>&nbsp;\u2208 <em>l<\/em> ( <em>zw<\/em> ( <em>a<\/em>, <em>c<\/em>, <em>b<\/em> ) ) )<\/p>\n\n\n\n<p><strong>Hypothesen<\/strong><br><em>H<\/em><sub>1<\/sub>&nbsp;&nbsp;&nbsp;\u2200 <em>l<\/em>, <em>l<\/em> &#8218;&nbsp;\u2208 <em>L<\/em>&nbsp;\u2203 <em>a<\/em>, <em>b<\/em>&nbsp;\u2208 <em>P<\/em> ( <em>a<\/em>&nbsp;\u2260 <em>b<\/em>&nbsp;\u2227 <em>a<\/em>&nbsp;\u2208 <em>l<\/em>&nbsp;\u2227 <em>b<\/em>&nbsp;\u2208 <em>l<\/em> )<br><em>H<\/em><sub>2<\/sub>&nbsp;&nbsp;&nbsp;\u2200 <em>a<\/em>, <em>b<\/em>&nbsp;\u2208 <em>P<\/em>&nbsp;\u2203 <em>l<\/em>&nbsp;\u2208 <em>L<\/em> ( <em>a<\/em>&nbsp;\u2208 <em>l<\/em>&nbsp;\u2227 <em>b<\/em>&nbsp;\u2208 <em>l<\/em> )<br><em>H<\/em><sub>3<\/sub>&nbsp;&nbsp;&nbsp;\u2200 <em>a<\/em>, <em>b<\/em>&nbsp;\u2208 <em>P<\/em> ( <em>a<\/em>&nbsp;\u2260 <em>b<\/em>&nbsp;\u2192 \u2203 <em>l<\/em>&nbsp;\u2208 <em>L<\/em> ( <em>a<\/em>&nbsp;\u2208 <em>l<\/em>&nbsp;\u2227 <em>b<\/em>&nbsp;\u2208 <em>l<\/em>&nbsp;\u2227&nbsp;\u2200 <em>l<\/em> &#8218;&nbsp;\u2208 <em>L<\/em> ( <em>a<\/em>&nbsp;\u2208 <em>l<\/em> &#8218;&nbsp;\u2227 <em>b<\/em>&nbsp;\u2208 <em>l<\/em> &#8218;&nbsp;\u2192 <em>l<\/em> = <em>l<\/em> &#8218; ) )<br><em>H<\/em><sub>4<\/sub>&nbsp;&nbsp;&nbsp;\u2200 <em>e<\/em>&nbsp;\u2208 <em>E<\/em>&nbsp;\u2203 <em>a<\/em>, <em>b<\/em>, <em>c<\/em>&nbsp;\u2208 <em>P<\/em> ( <em>nicht-kollinear<\/em> ( <em>a<\/em>, <em>b<\/em>, <em>c<\/em> )&nbsp;\u2227 <em>a<\/em>&nbsp;\u2208 <em>e<\/em>&nbsp;\u2227 <em>b<\/em>&nbsp;\u2208 <em>e<\/em>&nbsp;\u2227 <em>c<\/em>&nbsp;\u2208 <em>e<\/em> )<br><em>H<\/em><sub>5<\/sub>&nbsp;&nbsp;&nbsp;\u2200 <em>a<\/em>, <em>b<\/em>, <em>c<\/em>&nbsp;\u2208 <em>P<\/em>&nbsp;\u2203 <em>e<\/em>&nbsp;\u2208 <em>E<\/em> ( <em>a<\/em>, <em>b<\/em>, <em>c<\/em>&nbsp;\u2208 <em>e<\/em>&nbsp;\u2227&nbsp;\u2200 <em>e<\/em> &#8218;&nbsp;\u2208 <em>P<\/em> ( <em>a<\/em>, <em>b<\/em>, <em>c<\/em>&nbsp;\u2208 <em>e<\/em> &#8218;&nbsp;\u2192 <em>e<\/em> = <em>e<\/em> &#8218; ) )<br><em>H<\/em><sub>6<\/sub>&nbsp;&nbsp; \u2200 <em>a<\/em>, <em>b<\/em>, <em>c<\/em>&nbsp;\u2208 <em>P<\/em> ( <em>nicht-kollinear<\/em> ( <em>a<\/em>, <em>b<\/em>, <em>c<\/em> )&nbsp;\u2192 \u2203 <em>e<\/em>&nbsp;\u2208 <em>E<\/em> ( <em>a<\/em>, <em>b<\/em>, <em>c<\/em>&nbsp;\u2208 <em>e<\/em>&nbsp;\u2227&nbsp;\u2200 <em>e<\/em> &#8218;&nbsp;\u2208 <em>E<\/em> ( <em>a<\/em>, <em>b<\/em>, <em>c<\/em>&nbsp;\u2208 <em>e<\/em> &#8218;&nbsp;\u2192 <em>e<\/em> = <em>e<\/em> &#8218; ) ) )<br><em>H<\/em><sub>7<\/sub>&nbsp;&nbsp;&nbsp;\u2200 <em>l<\/em>&nbsp;\u2208 <em>L<\/em>&nbsp;\u2200 <em>e<\/em>&nbsp;\u2208 <em>E<\/em> (&nbsp;\u2203 <em>a<\/em>, <em>b<\/em>&nbsp;\u2208 <em>P<\/em> ( <em>a<\/em>, <em>b<\/em>&nbsp;\u2208 <em>l<\/em>&nbsp;\u2227 <em>a<\/em>, <em>b<\/em>&nbsp;\u2208 e )&nbsp;\u2192 <em>l<\/em>&nbsp;\u2286 <em>e<\/em> )<br><em>H<\/em><sub>8<\/sub>&nbsp;&nbsp;&nbsp;\u2200 <em>e<\/em>, <em>e<\/em> &#8218;&nbsp;\u2208 <em>E<\/em> (&nbsp;\u2203 <em>a<\/em>, <em>b<\/em>&nbsp;\u2208 <em>P<\/em> ( <em>a<\/em>&nbsp;\u2208 <em>e<\/em>&nbsp;\u2227 <em>a<\/em>&nbsp;\u2208 <em>e<\/em> &#8218; )&nbsp;\u2192 \u2203 <em>b<\/em>&nbsp;\u2208 <em>P<\/em> ( <em>a<\/em>&nbsp;\u2260 <em>b<\/em>&nbsp;\u2227 <em>b<\/em>&nbsp;\u2208 <em>e<\/em>&nbsp;\u2227 <em>b<\/em>&nbsp;\u2208 <em>e<\/em> &#8218; ) )<br><em>H<\/em><sub>9<\/sub>&nbsp;&nbsp; \u2203 <em>a<\/em>, <em>b<\/em>, <em>c<\/em>, <em>d<\/em>&nbsp;\u2208 <em>P<\/em> ( <em>a<\/em>&nbsp;\u2260 <em>b<\/em>&nbsp;\u2227 <em>a<\/em>&nbsp;\u2260 <em>c<\/em>&nbsp;\u2227 <em>a<\/em>&nbsp;\u2260 <em>d<\/em>&nbsp;\u2227 <em>b<\/em>&nbsp;\u2260 <em>c<\/em>&nbsp;\u2227 <em>b<\/em>&nbsp;\u2260 <em>d<\/em>&nbsp;\u2227 <em>c<\/em>&nbsp;\u2260 <em>d<\/em> )<br><em>H<\/em><sub>10<\/sub>&nbsp;&nbsp;\u2200 <em>a<\/em>, <em>b<\/em>, <em>c<\/em>&nbsp;\u2208 <em>P<\/em> ( <em>zw<\/em> ( <em>a<\/em>, <em>b<\/em>, <em>c<\/em> )&nbsp;\u2192 \u2203 <em>l<\/em>&nbsp;\u2208 <em>L<\/em> ( <em>a<\/em>&nbsp;\u2260 <em>b<\/em>&nbsp;\u2227 <em>a<\/em>&nbsp;\u2260 <em>c<\/em>&nbsp;\u2227 <em>b<\/em>&nbsp;\u2260 <em>c<\/em>&nbsp;\u2227 <em>a<\/em>, <em>b<\/em>, <em>c<\/em>&nbsp;\u2208 <em>l<\/em> ) )<br><em>H<\/em><sub>11<\/sub>&nbsp;&nbsp;\u2200 <em>a<\/em>, <em>b<\/em>, <em>c<\/em>&nbsp;\u2208 <em>P<\/em> ( <em>zw<\/em> ( <em>a<\/em>, <em>b<\/em>, <em>c<\/em> )&nbsp;\u2192&nbsp;\u00ac <em>zw<\/em> ( <em>c<\/em>, <em>b<\/em>, <em>a<\/em> ) )<br><em>H<\/em><sub>12<\/sub>&nbsp; \u2200 <em>a<\/em>, <em>b<\/em>, <em>c<\/em>&nbsp;\u2208 <em>P<\/em> ( <em>zw<\/em> ( <em>a<\/em>, <em>b<\/em>, <em>c<\/em> )&nbsp;\u2192&nbsp;\u00ac <em>zw<\/em> ( <em>b<\/em>, <em>a<\/em>, <em>c<\/em> ) )<br><em>H<\/em><sub>13<\/sub>&nbsp;&nbsp;\u2200 <em>a<\/em>, <em>b<\/em>, <em>c<\/em>&nbsp;\u2208 <em>P<\/em> ( <em>kollinear<\/em> ( <em>a<\/em>, <em>b<\/em>, <em>c<\/em> )&nbsp;\u2227 <em>disjunkt<\/em> ( <em>a<\/em>, <em>b<\/em>, <em>c<\/em> )&nbsp;\u2192 <em>zw<\/em> ( <em>a<\/em>, <em>b<\/em>, <em>c<\/em> )&nbsp;\u2228 <em>zw<\/em> ( <em>b<\/em>, <em>c<\/em>, <em>a<\/em> )&nbsp;\u2228 <em>zw<\/em> ( <em>c<\/em>, <em>a<\/em>, <em>b<\/em> ) )<br><em>H<\/em><sub>14<\/sub>&nbsp;&nbsp;\u2200 <em>a<\/em>, <em>b<\/em>&nbsp;\u2208 <em>P<\/em> ( <em>a<\/em>&nbsp;\u2260 <em>b<\/em>&nbsp;\u2192 \u2203 <em>c<\/em>&nbsp;\u2208 <em>P<\/em> ( <em>zw<\/em> ( <em>a<\/em>, <em>b<\/em>, <em>c<\/em> ) ) )<br><em>H<\/em><sub>15<\/sub>&nbsp;&nbsp;\u2200 <em>a<\/em>, <em>b<\/em>&nbsp;\u2208 <em>P<\/em> ( <em>a<\/em>&nbsp;\u2260 <em>b<\/em>&nbsp;\u2192 \u2203 <em>c<\/em>&nbsp;\u2208 <em>P<\/em> ( <em>zw<\/em> ( <em>a<\/em>, <em>c<\/em>, <em>b<\/em> ) ) )<br><em>H<\/em><sub>16<\/sub>&nbsp;&nbsp;\u2200 <em>a<\/em>, <em>b<\/em>, <em>c<\/em>, <em>d<\/em>&nbsp;\u2208 <em>P<\/em> ( <em>zw<\/em> ( <em>a<\/em>, <em>b<\/em>, <em>c<\/em> )&nbsp;\u2227 <em>zw<\/em> ( <em>b<\/em>, <em>c<\/em>, <em>d<\/em> )&nbsp;\u2192 <em>zw<\/em> ( <em>a<\/em>, <em>d<\/em>, <em>b<\/em> ) )<br><em>H<\/em><sub>17<\/sub>&nbsp;&nbsp;\u2200 <em>a<\/em>, <em>b<\/em>, <em>c<\/em>, <em>d<\/em>&nbsp;\u2208 P ( <em>zw<\/em> ( <em>a<\/em>, <em>b<\/em>, <em>d<\/em> )&nbsp;\u2227 <em>zw<\/em> ( <em>b<\/em>, <em>c<\/em>, <em>d<\/em> )&nbsp;\u2192 <em>zw<\/em> ( <em>a<\/em>, <em>b<\/em>, <em>c<\/em> ) )<br><em>H<\/em><sub>18<\/sub>&nbsp;&nbsp;\u2200 <em>e<\/em>&nbsp;\u2208 <em>E<\/em>&nbsp;\u2200 <em>a<\/em>, <em>b<\/em>, <em>c<\/em>&nbsp;\u2208 <em>P<\/em>&nbsp;\u2200 <em>l<\/em>&nbsp;\u2208 <em>L<\/em> ( <em>kollinear<\/em> ( <em>a<\/em>, <em>b<\/em>, <em>c<\/em> )&nbsp;\u2227 ( <em>ZW<\/em> ( <em>a<\/em>, <em>l<\/em>, <em>b<\/em> )&nbsp;\u2227 <em>c<\/em>&nbsp;\u2209 <em>l<\/em>&nbsp;\u2192 <em>ZW<\/em> ( <em>b<\/em>, <em>l<\/em>, <em>c<\/em> )&nbsp;\u2228 <em>ZW<\/em> ( <em>a<\/em>, <em>l<\/em>, <em>c<\/em> ) ) )<br><em>H<\/em><sub>19<\/sub>&nbsp;&nbsp;\u2200 <em>a<\/em>, <em>b<\/em>, <em>c<\/em>&nbsp;\u2208 <em>P<\/em> ( <em>kon<\/em> ( <em>a<\/em>, <em>a<\/em>, <em>b<\/em>, <em>c<\/em> )&nbsp;\u2192 <em>b<\/em> = <em>c<\/em> ) )<br><em>H<\/em><sub>20<\/sub>&nbsp;&nbsp;\u2200 <em>a<\/em>, <em>b<\/em>&nbsp;\u2208 <em>P<\/em> ( <em>kon<\/em> ( <em>a<\/em>, <em>b<\/em>, <em>b<\/em>, <em>a<\/em> ) )<br><em>H<\/em><sub>21<\/sub>&nbsp;&nbsp;\u2200 <em>a<\/em>, <em>b<\/em>, <em>c<\/em><sub>1<\/sub>, <em>d<\/em><sub>1<\/sub>, <em>c<\/em><sub>2<\/sub>,&nbsp;<em>d<\/em><sub>2<\/sub> \u2208 <em>P<\/em> ( <em>kon<\/em> ( <em>a<\/em>, <em>b<\/em>, <em>c<\/em><sub>1<\/sub>,&nbsp;<em>d<\/em><sub>1<\/sub> )&nbsp;\u2227 <em>kon<\/em> ( <em>a<\/em>, <em>b<\/em>, <em>c<\/em><sub>2<\/sub>,&nbsp;<em>d<\/em><sub>2<\/sub> )&nbsp; \u2192 <em>kon<\/em> ( <em>c<\/em><sub>1<\/sub>, <em>d<\/em><sub>1<\/sub>, <em>c<\/em><sub>2<\/sub>,&nbsp;<em>d<\/em><sub>2<\/sub> ) )<br><em>H<\/em><sub>22<\/sub>&nbsp; \u2200 <em>X<\/em>, <em>Y<\/em>&nbsp;\u2208&nbsp;\u2118 ( <em>P<\/em> ) ( <em>X<\/em>&nbsp;\u2260 <img loading=\"lazy\" decoding=\"async\" src=\"https:\/\/theory-of-science.com\/de\/wp-content\/ql-cache\/quicklatex.com-54833ab836cd28d9f1e2a624abe97b08_l3.png\" class=\"ql-img-inline-formula quicklatex-auto-format\" alt=\"&#92;&#101;&#109;&#112;&#116;&#121;&#115;&#101;&#116;\" title=\"Rendered by QuickLaTeX.com\" height=\"14\" width=\"7\" style=\"vertical-align: -2px;\"\/>&nbsp;\u2227 <em>Y<\/em>&nbsp;\u2260 <img loading=\"lazy\" decoding=\"async\" src=\"https:\/\/theory-of-science.com\/de\/wp-content\/ql-cache\/quicklatex.com-54833ab836cd28d9f1e2a624abe97b08_l3.png\" class=\"ql-img-inline-formula quicklatex-auto-format\" alt=\"&#92;&#101;&#109;&#112;&#116;&#121;&#115;&#101;&#116;\" title=\"Rendered by QuickLaTeX.com\" height=\"14\" width=\"7\" style=\"vertical-align: -2px;\"\/>&nbsp;\u2192 \u2203 <em>a<\/em>&nbsp;\u2208 <em>P<\/em>&nbsp;\u2200 <em>b<\/em>, <em>c<\/em>&nbsp;\u2208 <em>P<\/em> ( <em>b<\/em>&nbsp;\u2208 <em>X<\/em>&nbsp;\u2227 <em>c<\/em>&nbsp;\u2208 <em>Y<\/em>&nbsp;\u2192 <em>zw<\/em> ( <em>b<\/em>, <em>a<\/em>, <em>c<\/em> )&nbsp;\u2192 \u2203 <em>d<\/em>&nbsp;\u2208 <em>P<\/em>&nbsp;\u2200 <em>a<\/em><sub>1<\/sub>&nbsp;\u2208 <em>P<\/em>&nbsp;\u2200 <em>b<\/em><sub>1<\/sub>&nbsp;\u2208 <em>P<\/em> (&nbsp;<em>a<\/em><sub>1<\/sub> \u2208 <em>X<\/em> \\ { <em>d }<\/em> \u2227&nbsp;<em>b<\/em><sub>1<\/sub> \u2208 <em>Y<\/em> \\ { <em>d }<\/em> \u2192 <em>zw<\/em> ( <em>a<\/em><sub>1<\/sub>, <em>d<\/em>,&nbsp;<em>b<\/em><sub>1<\/sub> ) ) )<br><em>H<\/em><sub>23<\/sub>&nbsp;&nbsp;\u2200 <em>e<\/em>&nbsp;\u2208 <em>E<\/em>&nbsp;\u2200 <em>l<\/em>&nbsp;\u2208 <em>L<\/em>&nbsp;\u2200 <em>a<\/em>&nbsp;\u2208 <em>P<\/em> \\ <em>l<\/em>&nbsp;\u2203 <em>l<\/em> &#8218;&nbsp;\u2208 <em>L<\/em> ( <em>a<\/em>&nbsp;\u2208 <em>l<\/em> &#8218;&nbsp;\u2227 <em>l<\/em>&nbsp;\u2229 <em>l<\/em> &#8218; = <img loading=\"lazy\" decoding=\"async\" src=\"https:\/\/theory-of-science.com\/de\/wp-content\/ql-cache\/quicklatex.com-54833ab836cd28d9f1e2a624abe97b08_l3.png\" class=\"ql-img-inline-formula quicklatex-auto-format\" alt=\"&#92;&#101;&#109;&#112;&#116;&#121;&#115;&#101;&#116;\" title=\"Rendered by QuickLaTeX.com\" height=\"14\" width=\"7\" style=\"vertical-align: -2px;\"\/> )<\/p>\n\n\n\n<p><strong>Modelle<\/strong><br><em>x<\/em> ist ein Modell der Geometrie <strong>M(GEO)<\/strong> gdw es Mengen <em>P<\/em>, <em>zw<\/em>, <em>kon<\/em> gibt, so dass gilt:<\/p>\n\n\n\n<p style=\"padding-left:30px;\"><em>x<\/em> =&nbsp;\u2329 <em>P<\/em>, <em>zw<\/em>, <em>kon<\/em> \u232a<\/p>\n\n\n\n<p>und die Relationen <em>zw<\/em>, <em>kon<\/em> haben die Typen&nbsp;\u03b8<sub>1<\/sub> und&nbsp;\u03b8<sub>2<\/sub> und die Hypothesen <em>H<\/em><sub>1<\/sub> ( <em>P<\/em>, <em>zw<\/em>, <em>kon<\/em> ), &#8230;,&nbsp;<em>H<\/em><sub>23<\/sub> ( <em>P<\/em>, <em>zw<\/em>, <em>kon<\/em> ) gelten in <em>x<\/em>.<\/p>\n\n\n\n<p><strong>I(GEO)<\/strong> ist die Menge der intendierten Systeme.<\/p>\n\n\n\n<p><strong>Beispiele<\/strong><br>&#8211; Ackerfl\u00e4chen in \u00c4gypten, zu verschiedenen Perioden<br>&#8211; Ackerfl\u00e4chen in Mesopotamien, zu verschiedenen Perioden<br>&#8211; Regionen, die durch Landvermessung kartographiert sind<br>&#8211; Erdoberfl\u00e4che des Planeten <em>Erde<\/em><br>&#8211; Mondoberfl\u00e4che<br>&#8211; der Raum \u00abunseres\u00bb Sonnensystems.<\/p>\n\n\n<ul class=\"nav nav-pills nav-justified\">\n<li><a href=\"https:\/\/theory-of-science.com\/de\/rekonstruktionen\/messung\/mms\/\">&lt;&lt;&lt;<\/a><\/li>\n<li><a href=\"https:\/\/theory-of-science.com\/de\/rekonstruktionen\/naturwissenschaft\/ksm\/\">&gt;&gt;&gt;<\/a><\/li>\n<\/ul>\n","protected":false},"excerpt":{"rendered":"<p>GrundmengenP&nbsp;&nbsp; eine Menge von geometrischen PunktenL&nbsp;&nbsp; eine Menge von LinienE&nbsp;&nbsp; eine Menge von Ebenen Relationenzw&nbsp;&nbsp; Zwischenrelationkon&nbsp; Kongruenzrelation Typisierungen\u03b81&nbsp;&nbsp; zw&nbsp;\u2208&nbsp;\u2118 ( P&nbsp;\u00d7 P )\u03b82&nbsp;&nbsp; kon&nbsp;\u2208&nbsp;\u2118 ( P&nbsp;\u00d7 P&nbsp;\u00d7 P&nbsp;\u00d7 P ) Definitionenkollinear ( a, b, c ) gdw&nbsp;\u2203 l&nbsp;\u2208 L ( a&nbsp;\u2208 l&nbsp;\u2227 b&nbsp;\u2208 l&nbsp;\u2227 c&nbsp;\u2208 l &#8218; )nicht-kollinear ( a, b, c ) gdw&nbsp;\u00ac&nbsp;\u2203 l&nbsp;\u2208 [&hellip;]<\/p>\n","protected":false},"author":1,"featured_media":0,"parent":456,"menu_order":1,"comment_status":"closed","ping_status":"closed","template":"page-fullwidth.php","meta":{"footnotes":""},"class_list":["post-503","page","type-page","status-publish","hentry"],"_links":{"self":[{"href":"https:\/\/theory-of-science.com\/de\/wp-json\/wp\/v2\/pages\/503","targetHints":{"allow":["GET"]}}],"collection":[{"href":"https:\/\/theory-of-science.com\/de\/wp-json\/wp\/v2\/pages"}],"about":[{"href":"https:\/\/theory-of-science.com\/de\/wp-json\/wp\/v2\/types\/page"}],"author":[{"embeddable":true,"href":"https:\/\/theory-of-science.com\/de\/wp-json\/wp\/v2\/users\/1"}],"replies":[{"embeddable":true,"href":"https:\/\/theory-of-science.com\/de\/wp-json\/wp\/v2\/comments?post=503"}],"version-history":[{"count":28,"href":"https:\/\/theory-of-science.com\/de\/wp-json\/wp\/v2\/pages\/503\/revisions"}],"predecessor-version":[{"id":4855,"href":"https:\/\/theory-of-science.com\/de\/wp-json\/wp\/v2\/pages\/503\/revisions\/4855"}],"up":[{"embeddable":true,"href":"https:\/\/theory-of-science.com\/de\/wp-json\/wp\/v2\/pages\/456"}],"wp:attachment":[{"href":"https:\/\/theory-of-science.com\/de\/wp-json\/wp\/v2\/media?parent=503"}],"curies":[{"name":"wp","href":"https:\/\/api.w.org\/{rel}","templated":true}]}}