{"id":514,"date":"2017-05-29T22:33:27","date_gmt":"2017-05-29T20:33:27","guid":{"rendered":"http:\/\/theory-of-science.com\/de\/?page_id=514"},"modified":"2023-02-20T20:41:59","modified_gmt":"2023-02-20T19:41:59","slug":"rsm","status":"publish","type":"page","link":"https:\/\/theory-of-science.com\/de\/rekonstruktionen\/naturwissenschaft\/rsm\/","title":{"rendered":"Relativistische Sto\u00dfmechanik (RSM)"},"content":{"rendered":"\n<p><strong>Grundmengen<\/strong><br><em>P<\/em>&nbsp;&nbsp; Menge von materiellen Objekten<br><em>T<\/em>&nbsp;&nbsp; Menge von Zeitpunkten<\/p>\n\n\n\n<p><strong>Hilfsbasismengen<\/strong><br><img loading=\"lazy\" decoding=\"async\" src=\"https:\/\/theory-of-science.com\/de\/wp-content\/ql-cache\/quicklatex.com-dcfbb8f1c868d0756e2be1a8d16e4e7f_l3.png\" class=\"ql-img-inline-formula quicklatex-auto-format\" alt=\"&#92;&#109;&#97;&#116;&#104;&#98;&#98;&#123;&#82;&#125;\" title=\"Rendered by QuickLaTeX.com\" height=\"10\" width=\"11\" style=\"vertical-align: 0px;\"\/>&nbsp;&nbsp; die Menge der reellen Zahlen<\/p>\n\n\n\n<p><strong>Relationen<\/strong><br><em>e<\/em>&nbsp;&nbsp; Existenzfunktion<br><em>v<\/em>&nbsp;&nbsp; Geschwindigkeitsfunktion<br><em>m<\/em> Massefunktion<\/p>\n\n\n\n<p><strong>Konstanten<\/strong><br>\u00ac <em>ex \u00ab<\/em>existiert nicht\u00bb<br><em>ex&nbsp;&nbsp;&nbsp;&nbsp; \u00ab<\/em>existiert\u00bb<\/p>\n\n\n\n<p><strong>Definitionen<\/strong><br><img loading=\"lazy\" decoding=\"async\" src=\"https:\/\/theory-of-science.com\/de\/wp-content\/ql-cache\/quicklatex.com-dcfbb8f1c868d0756e2be1a8d16e4e7f_l3.png\" class=\"ql-img-inline-formula quicklatex-auto-format\" alt=\"&#92;&#109;&#97;&#116;&#104;&#98;&#98;&#123;&#82;&#125;\" title=\"Rendered by QuickLaTeX.com\" height=\"10\" width=\"11\" style=\"vertical-align: 0px;\"\/> <sup>3<\/sup>&nbsp;&nbsp; ist die Menge der 3-dimensionalen, reellen Vektoren<br>\u03a3<sub><em>p<\/em>&nbsp;\u2208 <em>P<\/em><\/sub> <em>X<\/em> ( <em>p<\/em> ) ist eine Abk\u00fcrzung f\u00fcr <em>P<\/em> = [ <em>p<\/em><sub>1<\/sub>, &#8230;, <em>p<sub>n<\/sub><\/em> ]&nbsp; <em>und<\/em> <em>X <\/em>(&nbsp;<em>p<\/em><sub>1<\/sub> ) + &#8230; + <em>X<\/em> (&nbsp;<em>p<sub>n<\/sub><\/em> )<br>| <em>X<\/em> | ist der Betrag des 3-dimensionalen, reellen Vektors <em>X<\/em><br>wenn <em>u<\/em>, <em>v<\/em> reelle Zahlen sind, dann ist <em>u<\/em>&nbsp;\u22c5 <em>v<\/em> die (\u00abnormale\u00bb) <em>Multiplikation<\/em> von <em>u<\/em> und <em>v<\/em><br>wenn <em>u<\/em> eine reelle Zahl und <em>z<\/em> ein 3-dimensonaler, reeller Vektor <em>z<\/em> ist, dann ist <em>u<\/em> \u2022 <em>z<\/em> die <em>skalare Multiplikation<\/em> von <em>u<\/em> und <em>z<\/em>.<\/p>\n\n\n\n<p><strong>Typisierungen<\/strong><br>\u03b8<sub>1<\/sub>&nbsp;&nbsp; e&nbsp;\u2208 <img loading=\"lazy\" decoding=\"async\" src=\"https:\/\/theory-of-science.com\/de\/wp-content\/ql-cache\/quicklatex.com-4aef294acd84495967a2a6ce417aa9e6_l3.png\" class=\"ql-img-inline-formula quicklatex-auto-format\" alt=\"&#92;&#99;&#97;&#108;&#32;&#70;&#85;&#78;\" title=\"Rendered by QuickLaTeX.com\" height=\"14\" width=\"37\" style=\"vertical-align: -1px;\"\/> ( <em>P<\/em>&nbsp;\u00d7 <em>T<\/em> : { 0, 1 } )<br>\u03b8<sub>2<\/sub>&nbsp;&nbsp; v&nbsp;\u2208 <img loading=\"lazy\" decoding=\"async\" src=\"https:\/\/theory-of-science.com\/de\/wp-content\/ql-cache\/quicklatex.com-4aef294acd84495967a2a6ce417aa9e6_l3.png\" class=\"ql-img-inline-formula quicklatex-auto-format\" alt=\"&#92;&#99;&#97;&#108;&#32;&#70;&#85;&#78;\" title=\"Rendered by QuickLaTeX.com\" height=\"14\" width=\"37\" style=\"vertical-align: -1px;\"\/> ( <em>P<\/em>&nbsp;\u00d7 <em>T<\/em> :&nbsp;<img loading=\"lazy\" decoding=\"async\" src=\"https:\/\/theory-of-science.com\/de\/wp-content\/ql-cache\/quicklatex.com-dcfbb8f1c868d0756e2be1a8d16e4e7f_l3.png\" class=\"ql-img-inline-formula quicklatex-auto-format\" alt=\"&#92;&#109;&#97;&#116;&#104;&#98;&#98;&#123;&#82;&#125;\" title=\"Rendered by QuickLaTeX.com\" height=\"10\" width=\"11\" style=\"vertical-align: 0px;\"\/> <sup>3<\/sup> )<br>\u03b8<sub>3<\/sub>&nbsp;&nbsp; m&nbsp;\u2208 <img loading=\"lazy\" decoding=\"async\" src=\"https:\/\/theory-of-science.com\/de\/wp-content\/ql-cache\/quicklatex.com-4aef294acd84495967a2a6ce417aa9e6_l3.png\" class=\"ql-img-inline-formula quicklatex-auto-format\" alt=\"&#92;&#99;&#97;&#108;&#32;&#70;&#85;&#78;\" title=\"Rendered by QuickLaTeX.com\" height=\"14\" width=\"37\" style=\"vertical-align: -1px;\"\/> ( <em>P<\/em>&nbsp;\u00d7 <img loading=\"lazy\" decoding=\"async\" src=\"https:\/\/theory-of-science.com\/de\/wp-content\/ql-cache\/quicklatex.com-dcfbb8f1c868d0756e2be1a8d16e4e7f_l3.png\" class=\"ql-img-inline-formula quicklatex-auto-format\" alt=\"&#92;&#109;&#97;&#116;&#104;&#98;&#98;&#123;&#82;&#125;\" title=\"Rendered by QuickLaTeX.com\" height=\"10\" width=\"11\" style=\"vertical-align: 0px;\"\/> : <img loading=\"lazy\" decoding=\"async\" src=\"https:\/\/theory-of-science.com\/de\/wp-content\/ql-cache\/quicklatex.com-dcfbb8f1c868d0756e2be1a8d16e4e7f_l3.png\" class=\"ql-img-inline-formula quicklatex-auto-format\" alt=\"&#92;&#109;&#97;&#116;&#104;&#98;&#98;&#123;&#82;&#125;\" title=\"Rendered by QuickLaTeX.com\" height=\"10\" width=\"11\" style=\"vertical-align: 0px;\"\/> )<br>\u03b8<sub>4<\/sub>&nbsp;&nbsp;&nbsp;\u00ac <em>ex<\/em>&nbsp;\u2208 <img loading=\"lazy\" decoding=\"async\" src=\"https:\/\/theory-of-science.com\/de\/wp-content\/ql-cache\/quicklatex.com-dcfbb8f1c868d0756e2be1a8d16e4e7f_l3.png\" class=\"ql-img-inline-formula quicklatex-auto-format\" alt=\"&#92;&#109;&#97;&#116;&#104;&#98;&#98;&#123;&#82;&#125;\" title=\"Rendered by QuickLaTeX.com\" height=\"10\" width=\"11\" style=\"vertical-align: 0px;\"\/><br>\u03b8<sub>5<\/sub>&nbsp;&nbsp; <em>ex<\/em>&nbsp;\u2208 <img loading=\"lazy\" decoding=\"async\" src=\"https:\/\/theory-of-science.com\/de\/wp-content\/ql-cache\/quicklatex.com-dcfbb8f1c868d0756e2be1a8d16e4e7f_l3.png\" class=\"ql-img-inline-formula quicklatex-auto-format\" alt=\"&#92;&#109;&#97;&#116;&#104;&#98;&#98;&#123;&#82;&#125;\" title=\"Rendered by QuickLaTeX.com\" height=\"10\" width=\"11\" style=\"vertical-align: 0px;\"\/><\/p>\n\n\n\n<p><strong>Hypothesen<\/strong><br><em>H<\/em><sub>1<\/sub>&nbsp;&nbsp; <em>T<\/em> \u2282&nbsp;<img loading=\"lazy\" decoding=\"async\" src=\"https:\/\/theory-of-science.com\/de\/wp-content\/ql-cache\/quicklatex.com-dcfbb8f1c868d0756e2be1a8d16e4e7f_l3.png\" class=\"ql-img-inline-formula quicklatex-auto-format\" alt=\"&#92;&#109;&#97;&#116;&#104;&#98;&#98;&#123;&#82;&#125;\" title=\"Rendered by QuickLaTeX.com\" height=\"10\" width=\"11\" style=\"vertical-align: 0px;\"\/>&nbsp;\u2227 <em>T<\/em> = { <em>t<\/em><sub>1<\/sub>, <em>t<\/em><sub>2<\/sub> }&nbsp;\u2227&nbsp;<em>t<\/em><sub>1<\/sub> &lt; <em>t<\/em><sub>2<\/sub><br><em>H<\/em><sub>2<\/sub>&nbsp;&nbsp; <em>ex<\/em> = 1&nbsp;\u2227&nbsp;\u00ac <em>ex<\/em> = 0<br><em>H<\/em><sub>3<\/sub>&nbsp;&nbsp;&nbsp;\u2200 <em>p<\/em>&nbsp;\u2208 <em>P<\/em>&nbsp;\u2200&nbsp;\u03b1&nbsp;\u2208&nbsp;<img loading=\"lazy\" decoding=\"async\" src=\"https:\/\/theory-of-science.com\/de\/wp-content\/ql-cache\/quicklatex.com-dcfbb8f1c868d0756e2be1a8d16e4e7f_l3.png\" class=\"ql-img-inline-formula quicklatex-auto-format\" alt=\"&#92;&#109;&#97;&#116;&#104;&#98;&#98;&#123;&#82;&#125;\" title=\"Rendered by QuickLaTeX.com\" height=\"10\" width=\"11\" style=\"vertical-align: 0px;\"\/> ( <em>m<\/em> ( <em>p<\/em>, \u03b1)&nbsp;\u2265 0 )<br><em>H<\/em><sub>4<\/sub>&nbsp;&nbsp;&nbsp;\u2200 <em>t<\/em>, <em>t<\/em> &#8218;&nbsp;\u2208 <em>T<\/em> ( \u03a3<sub><em>p<\/em>&nbsp;\u2208 <em>P<\/em><\/sub> <em>e<\/em> ( <em>p<\/em>, <em>t<\/em> )&nbsp;\u22c5 <em>m<\/em> ( <em>p<\/em>, | <em>v<\/em> ( <em>p<\/em>, <em>t<\/em> ) |) \u2022 <em>v<\/em> ( <em>p<\/em>, <em>t<\/em> ) = \u03a3<sub><em>p<\/em>&nbsp;\u2208 <em>P<\/em><\/sub> <em>e<\/em> ( <em>p<\/em>, <em>t &#8218;<\/em> )&nbsp;\u22c5 <em>m<\/em> ( <em>p<\/em>, | <em>v<\/em> ( <em>p<\/em>, <em>t&#8216;&nbsp;<\/em> ) |) \u2022 <em>v<\/em> ( <em>p<\/em>, <em>t<\/em> &#8218; )<\/p>\n\n\n\n<p><strong>Modelle<\/strong><br><em>x<\/em> ist ein Modell der relativistischen Sto\u00dfmechanik <strong>M(RSM)<\/strong> gdw es Mengen <em>P<\/em>, <em>T<\/em>, { <em>ex<\/em>,&nbsp;\u00ac <em>ex<\/em> }, <em>e<\/em>, <em>v<\/em>, <em>m<\/em>, gibt, so dass gilt:<\/p>\n\n\n\n<p style=\"padding-left:30px;\"><em>x<\/em> =&nbsp;\u2329 <em>P<\/em>, <em>T<\/em>, <img loading=\"lazy\" decoding=\"async\" src=\"https:\/\/theory-of-science.com\/de\/wp-content\/ql-cache\/quicklatex.com-dcfbb8f1c868d0756e2be1a8d16e4e7f_l3.png\" class=\"ql-img-inline-formula quicklatex-auto-format\" alt=\"&#92;&#109;&#97;&#116;&#104;&#98;&#98;&#123;&#82;&#125;\" title=\"Rendered by QuickLaTeX.com\" height=\"10\" width=\"11\" style=\"vertical-align: 0px;\"\/> <sup>3<\/sup>, { <em>ex<\/em>,&nbsp;\u00ac <em>ex<\/em> }, <em>e<\/em>, <em>v<\/em>, <em>m<\/em> \u232a<\/p>\n\n\n\n<p>und die Relationen und Konstanten haben die Typen \u03b8<sub>1<\/sub>, &#8230;,&nbsp;\u03b8<sub>5<\/sub> und die Hypothesen <em>H<\/em><sub>1<\/sub> (&nbsp;<em>P<\/em>, <em>T<\/em>, <img loading=\"lazy\" decoding=\"async\" src=\"https:\/\/theory-of-science.com\/de\/wp-content\/ql-cache\/quicklatex.com-dcfbb8f1c868d0756e2be1a8d16e4e7f_l3.png\" class=\"ql-img-inline-formula quicklatex-auto-format\" alt=\"&#92;&#109;&#97;&#116;&#104;&#98;&#98;&#123;&#82;&#125;\" title=\"Rendered by QuickLaTeX.com\" height=\"10\" width=\"11\" style=\"vertical-align: 0px;\"\/> <sup>3<\/sup>, { <em>ex<\/em>,&nbsp;\u00ac <em>ex<\/em> }, <em>e<\/em>, <em>v<\/em>, <em>m<\/em> ), &#8230;,&nbsp;<em>H<\/em><sub>4<\/sub> (&nbsp;<em>P<\/em>, <em>T<\/em>, <img loading=\"lazy\" decoding=\"async\" src=\"https:\/\/theory-of-science.com\/de\/wp-content\/ql-cache\/quicklatex.com-dcfbb8f1c868d0756e2be1a8d16e4e7f_l3.png\" class=\"ql-img-inline-formula quicklatex-auto-format\" alt=\"&#92;&#109;&#97;&#116;&#104;&#98;&#98;&#123;&#82;&#125;\" title=\"Rendered by QuickLaTeX.com\" height=\"10\" width=\"11\" style=\"vertical-align: 0px;\"\/> <sup>3<\/sup>, { <em>ex<\/em>,&nbsp;\u00ac <em>ex<\/em> }, <em>e<\/em>, <em>v<\/em>, <em>m<\/em> ) gelten in <em>x<\/em>.<\/p>\n\n\n\n<p><strong>I(RSM)<\/strong> ist die Menge der intendierten Systeme.<\/p>\n\n\n\n<p><strong>Beispiele<\/strong><br>&#8211; St\u00f6\u00dfe im Atombereich<br>&#8211; St\u00f6\u00dfe im Universum<\/p>\n\n\n<span class=\"collapseomatic \" id=\"id6a060fddbbfab\"  tabindex=\"0\" title=\"&lt;strong&gt;Querverbindungen&lt;\/strong&gt;\"    ><strong>Querverbindungen<\/strong><\/span><div id=\"target-id6a060fddbbfab\" class=\"collapseomatic_content \">\n<p><strong>Definitionen<\/strong><br \/>\nSeien <em>x<\/em> =&nbsp;\u2329 <em>P <sup>x<\/sup><\/em>, &#8230;, <em>v <sup>x<\/sup><\/em>, <em>m <sup>x<\/sup><\/em>&nbsp;\u232a \u2208 <strong>M(RSM)<\/strong> und&nbsp;\u03b3&nbsp;\u2208&nbsp;<img loading=\"lazy\" decoding=\"async\" src=\"https:\/\/theory-of-science.com\/de\/wp-content\/ql-cache\/quicklatex.com-dcfbb8f1c868d0756e2be1a8d16e4e7f_l3.png\" class=\"ql-img-inline-formula quicklatex-auto-format\" alt=\"&#92;&#109;&#97;&#116;&#104;&#98;&#98;&#123;&#82;&#125;\" title=\"Rendered by QuickLaTeX.com\" height=\"10\" width=\"11\" style=\"vertical-align: 0px;\"\/> <sup>+<\/sup> gegeben.<br \/>\n<img loading=\"lazy\" decoding=\"async\" src=\"https:\/\/theory-of-science.com\/de\/wp-content\/ql-cache\/quicklatex.com-145f8d802f06dc2f96cb6df065e91792_l3.png\" class=\"ql-img-inline-formula quicklatex-auto-format\" alt=\"&#109;&#94;&#114;&#95;&#120;\" title=\"Rendered by QuickLaTeX.com\" height=\"14\" width=\"19\" style=\"vertical-align: -4px;\"\/> : <em>P<\/em>&nbsp;\u2192 <img loading=\"lazy\" decoding=\"async\" src=\"https:\/\/theory-of-science.com\/de\/wp-content\/ql-cache\/quicklatex.com-dcfbb8f1c868d0756e2be1a8d16e4e7f_l3.png\" class=\"ql-img-inline-formula quicklatex-auto-format\" alt=\"&#92;&#109;&#97;&#116;&#104;&#98;&#98;&#123;&#82;&#125;\" title=\"Rendered by QuickLaTeX.com\" height=\"10\" width=\"11\" style=\"vertical-align: 0px;\"\/> <sup>+<\/sup>, die <em>Restmasse<\/em> von <em>m <sup>x<\/sup><\/em>, ist definiert durch:&nbsp;\u2200 <em>p<\/em>&nbsp;\u2208 <em>P<\/em>&nbsp;\u2200&nbsp;\u03b1&nbsp;\u2208&nbsp;<img loading=\"lazy\" decoding=\"async\" src=\"https:\/\/theory-of-science.com\/de\/wp-content\/ql-cache\/quicklatex.com-dcfbb8f1c868d0756e2be1a8d16e4e7f_l3.png\" class=\"ql-img-inline-formula quicklatex-auto-format\" alt=\"&#92;&#109;&#97;&#116;&#104;&#98;&#98;&#123;&#82;&#125;\" title=\"Rendered by QuickLaTeX.com\" height=\"10\" width=\"11\" style=\"vertical-align: 0px;\"\/> (&nbsp;<img loading=\"lazy\" decoding=\"async\" src=\"https:\/\/theory-of-science.com\/de\/wp-content\/ql-cache\/quicklatex.com-145f8d802f06dc2f96cb6df065e91792_l3.png\" class=\"ql-img-inline-formula quicklatex-auto-format\" alt=\"&#109;&#94;&#114;&#95;&#120;\" title=\"Rendered by QuickLaTeX.com\" height=\"14\" width=\"19\" style=\"vertical-align: -4px;\"\/> ( <em>p<\/em> ) = <em>m <sup>x <\/sup><\/em>( <em>p<\/em>,&nbsp;\u03b1 )&nbsp;\u22c5 ( 1 &#8211; \u03b3 <sup>2<\/sup>\/\u03b1 <sup>2<\/sup>) <sup>1\/2<\/sup> )<br \/>\n<strong>P<\/strong> =&nbsp;\u222a {&nbsp;<em>P <sup>x<\/sup><\/em> \/ <em>x<\/em>&nbsp;\u2208 <strong>M(RSM)<\/strong>&nbsp;\u2227 <em>x<\/em> =&nbsp;\u2329 <em>P <sup>x<\/sup><\/em>, &#8230;, <em>m<sup>x<\/sup><\/em>&nbsp;\u232a&nbsp;\u2227&nbsp;\u2200 <em>p<\/em>&nbsp;\u2208 <em>P <sup>x<\/sup><\/em> (&nbsp;<img loading=\"lazy\" decoding=\"async\" src=\"https:\/\/theory-of-science.com\/de\/wp-content\/ql-cache\/quicklatex.com-145f8d802f06dc2f96cb6df065e91792_l3.png\" class=\"ql-img-inline-formula quicklatex-auto-format\" alt=\"&#109;&#94;&#114;&#95;&#120;\" title=\"Rendered by QuickLaTeX.com\" height=\"14\" width=\"19\" style=\"vertical-align: -4px;\"\/> ( <em>p<\/em> ) \u2260 0 ) }<\/p>\n<p><strong>Q<sub>1<\/sub>(RSM)<\/strong>&nbsp;&nbsp; Erhaltung der Restmasse einer Masse<br \/>\n<em>w<\/em> ist die Erhaltung einer Masse, kurz: <em>w<\/em>&nbsp;\u2208 <strong>Q<sub>1<\/sub>(RSM)<\/strong>, gdw wenn es <em>x<\/em>, <em>P <sup>x<\/sup><\/em>, &#8230;, <em>v <sup>x<\/sup><\/em>, <em>m <sup>x<\/sup><\/em>, <em>y<\/em>, <em>P <sup>y<\/sup><\/em>, &#8230;, <em>v <sup>y<\/sup><\/em>, <em>m <sup>y<\/sup><\/em>, <em>p<\/em> gibt, so dass gilt:<\/p>\n<p style=\"padding-left: 30px;\"><em>x<\/em> =&nbsp;\u2329&nbsp;<em>P <sup>x<\/sup><\/em>, &#8230;, <em>v <sup>x<\/sup><\/em>, <em>m <sup>x<\/sup><\/em>&nbsp;\u232a \u2208 <strong>M(RSM)<\/strong>,<br \/>\n<em>y<\/em> =&nbsp;\u2329&nbsp;<em>P <sup>y<\/sup><\/em>, &#8230;, <em>v <sup>y<\/sup><\/em>, <em>m <sup>y<\/sup><\/em>&nbsp;\u232a \u2208 <strong>M(RSM)<\/strong>,<br \/>\n<em>p<\/em>&nbsp;\u2208&nbsp;<em>P <sup>x<\/sup><\/em>&nbsp;\u2229&nbsp;<em>P <sup>y<\/sup><\/em> und&nbsp;<img loading=\"lazy\" decoding=\"async\" src=\"https:\/\/theory-of-science.com\/de\/wp-content\/ql-cache\/quicklatex.com-145f8d802f06dc2f96cb6df065e91792_l3.png\" class=\"ql-img-inline-formula quicklatex-auto-format\" alt=\"&#109;&#94;&#114;&#95;&#120;\" title=\"Rendered by QuickLaTeX.com\" height=\"14\" width=\"19\" style=\"vertical-align: -4px;\"\/> ( <em>p<\/em> ) =&nbsp;<img loading=\"lazy\" decoding=\"async\" src=\"https:\/\/theory-of-science.com\/de\/wp-content\/ql-cache\/quicklatex.com-e5aecc15e3e7b968e6626bca414c4fa7_l3.png\" class=\"ql-img-inline-formula quicklatex-auto-format\" alt=\"&#109;&#94;&#114;&#95;&#121;\" title=\"Rendered by QuickLaTeX.com\" height=\"16\" width=\"19\" style=\"vertical-align: -6px;\"\/> ( <em>p<\/em> )&nbsp;\u2260 0 und<br \/>\n<em>w<\/em> =&nbsp;\u2329 <em>x<\/em>, <em>y<\/em>,&nbsp;\u2329 <em>m <sup>x<\/sup><\/em>, <img loading=\"lazy\" decoding=\"async\" src=\"https:\/\/theory-of-science.com\/de\/wp-content\/ql-cache\/quicklatex.com-145f8d802f06dc2f96cb6df065e91792_l3.png\" class=\"ql-img-inline-formula quicklatex-auto-format\" alt=\"&#109;&#94;&#114;&#95;&#120;\" title=\"Rendered by QuickLaTeX.com\" height=\"14\" width=\"19\" style=\"vertical-align: -4px;\"\/>, <em>m<sup>y<\/sup><\/em>, <img loading=\"lazy\" decoding=\"async\" src=\"https:\/\/theory-of-science.com\/de\/wp-content\/ql-cache\/quicklatex.com-e5aecc15e3e7b968e6626bca414c4fa7_l3.png\" class=\"ql-img-inline-formula quicklatex-auto-format\" alt=\"&#109;&#94;&#114;&#95;&#121;\" title=\"Rendered by QuickLaTeX.com\" height=\"16\" width=\"19\" style=\"vertical-align: -6px;\"\/>, <em>p<\/em>&nbsp;\u232a \u232a<\/p>\n<p><strong>Q<sub>2<\/sub>(RSM)<\/strong>&nbsp;&nbsp; Konkatenation der Restmasse einer Masse<br \/>\n<em>w<\/em> ist die Konkatenation der Restmasse, kurz: <em>w<\/em>&nbsp;\u2208 <strong>Q<sub>2<\/sub>(RSM)<\/strong>, gdw es <em>x<\/em>, <em>P <sup>x<\/sup><\/em>, &#8230;, <em>v <sup>x<\/sup><\/em>, <em>m <sup>x<\/sup><\/em>, <em>y<\/em>, <em>P <sup>y<\/sup><\/em>, &#8230;, <em>v <sup>y<\/sup><\/em>, <em>m <sup>y<\/sup><\/em>, <em>z<\/em>, <em>P <sup>z<\/sup><\/em>, &#8230;, <em>v <sup>z<\/sup><\/em>, <em>m <sup>z<\/sup><\/em>, <em>p <sup>x<\/sup><\/em>, <em>p <sup>y<\/sup><\/em>, <em>p <sup>z<\/sup><\/em> und eine Konkatenationsfunktion <img loading=\"lazy\" decoding=\"async\" src=\"https:\/\/theory-of-science.com\/de\/wp-content\/ql-cache\/quicklatex.com-480c54a62a2bca4764ae432eeefd784a_l3.png\" class=\"ql-img-inline-formula quicklatex-auto-format\" alt=\"&#92;&#99;&#105;&#114;&#99;\" title=\"Rendered by QuickLaTeX.com\" height=\"6\" width=\"6\" style=\"vertical-align: 1px;\"\/> gibt, so dass gilt:<\/p>\n<p style=\"padding-left: 30px;\"><em>x<\/em> =&nbsp;\u2329&nbsp;<em>P <sup>x<\/sup><\/em>, &#8230;, <em>v <sup>x<\/sup><\/em>, <em>m <sup>x<\/sup><\/em>&nbsp;\u232a&nbsp;\u2208 <strong>M(RSM)<\/strong>,<br \/>\n<em>y<\/em> = \u2329&nbsp;<em>P <sup>y<\/sup><\/em>, &#8230;, <em>v <sup>y<\/sup><\/em>, <em>m <sup>y<\/sup><\/em>&nbsp;\u232a&nbsp;\u2208 <strong>M(RSM)<\/strong>,<br \/>\n<em>z<\/em> = \u2329&nbsp;<em>P <sup>z<\/sup><\/em>, &#8230;, <em>v <sup>z<\/sup><\/em>, <em>m <sup>z<\/sup><\/em>&nbsp;\u232a&nbsp;\u2208 <strong>M(RSM)<\/strong>,<br \/>\n<em>p <sup>x<\/sup><\/em>&nbsp;\u2208&nbsp;<em>P <sup>x<\/sup><\/em>&nbsp;\u2227&nbsp;<em>p <sup>y<\/sup><\/em>&nbsp;\u2208&nbsp;<em>P <sup>y<\/sup><\/em> \u2227 <em>p <sup>z<\/sup><\/em>&nbsp;\u2208&nbsp;<em>P <sup>z<\/sup><\/em>,<br \/>\n<img loading=\"lazy\" decoding=\"async\" src=\"https:\/\/theory-of-science.com\/de\/wp-content\/ql-cache\/quicklatex.com-480c54a62a2bca4764ae432eeefd784a_l3.png\" class=\"ql-img-inline-formula quicklatex-auto-format\" alt=\"&#92;&#99;&#105;&#114;&#99;\" title=\"Rendered by QuickLaTeX.com\" height=\"6\" width=\"6\" style=\"vertical-align: 1px;\"\/>&nbsp;:&nbsp;<em>P <sup>x<\/sup><\/em>&nbsp;\u00d7&nbsp;<em>P <sup>x<\/sup><\/em>&nbsp;\u2192 <em>P <sup>z<\/sup><\/em>,<br \/>\n<img loading=\"lazy\" decoding=\"async\" src=\"https:\/\/theory-of-science.com\/de\/wp-content\/ql-cache\/quicklatex.com-480c54a62a2bca4764ae432eeefd784a_l3.png\" class=\"ql-img-inline-formula quicklatex-auto-format\" alt=\"&#92;&#99;&#105;&#114;&#99;\" title=\"Rendered by QuickLaTeX.com\" height=\"6\" width=\"6\" style=\"vertical-align: 1px;\"\/>&nbsp;( <em>p <sup>x<\/sup><\/em>,&nbsp;<em>p <sup>y<\/sup><\/em> ) =&nbsp;<em>p <sup>z<\/sup><\/em> und&nbsp;<img loading=\"lazy\" decoding=\"async\" src=\"https:\/\/theory-of-science.com\/de\/wp-content\/ql-cache\/quicklatex.com-145f8d802f06dc2f96cb6df065e91792_l3.png\" class=\"ql-img-inline-formula quicklatex-auto-format\" alt=\"&#109;&#94;&#114;&#95;&#120;\" title=\"Rendered by QuickLaTeX.com\" height=\"14\" width=\"19\" style=\"vertical-align: -4px;\"\/> ( <em>p<\/em> )&nbsp;\u2260 0&nbsp;\u2260&nbsp;<img loading=\"lazy\" decoding=\"async\" src=\"https:\/\/theory-of-science.com\/de\/wp-content\/ql-cache\/quicklatex.com-e5aecc15e3e7b968e6626bca414c4fa7_l3.png\" class=\"ql-img-inline-formula quicklatex-auto-format\" alt=\"&#109;&#94;&#114;&#95;&#121;\" title=\"Rendered by QuickLaTeX.com\" height=\"16\" width=\"19\" style=\"vertical-align: -6px;\"\/> ( <em>p<\/em> ) und<br \/>\n<img loading=\"lazy\" decoding=\"async\" src=\"https:\/\/theory-of-science.com\/de\/wp-content\/ql-cache\/quicklatex.com-29ca7f0c5d0c759cb870dbcea4f9f6a1_l3.png\" class=\"ql-img-inline-formula quicklatex-auto-format\" alt=\"&#109;&#94;&#114;&#95;&#122;\" title=\"Rendered by QuickLaTeX.com\" height=\"14\" width=\"19\" style=\"vertical-align: -4px;\"\/> ( <em>p <sup>z<\/sup><\/em> )&nbsp;=&nbsp;<img loading=\"lazy\" decoding=\"async\" src=\"https:\/\/theory-of-science.com\/de\/wp-content\/ql-cache\/quicklatex.com-145f8d802f06dc2f96cb6df065e91792_l3.png\" class=\"ql-img-inline-formula quicklatex-auto-format\" alt=\"&#109;&#94;&#114;&#95;&#120;\" title=\"Rendered by QuickLaTeX.com\" height=\"14\" width=\"19\" style=\"vertical-align: -4px;\"\/> ( <em>p <sup>x<\/sup><\/em> ) +&nbsp;<img loading=\"lazy\" decoding=\"async\" src=\"https:\/\/theory-of-science.com\/de\/wp-content\/ql-cache\/quicklatex.com-e5aecc15e3e7b968e6626bca414c4fa7_l3.png\" class=\"ql-img-inline-formula quicklatex-auto-format\" alt=\"&#109;&#94;&#114;&#95;&#121;\" title=\"Rendered by QuickLaTeX.com\" height=\"16\" width=\"19\" style=\"vertical-align: -6px;\"\/> ( <em>p <sup>y<\/sup><\/em> ) und<br \/>\n<em>w<\/em> =&nbsp;\u2329 <em>x<\/em>, <em>y<\/em>,&nbsp;\u2329 <em>m <sup>x<\/sup><\/em>, <img loading=\"lazy\" decoding=\"async\" src=\"https:\/\/theory-of-science.com\/de\/wp-content\/ql-cache\/quicklatex.com-145f8d802f06dc2f96cb6df065e91792_l3.png\" class=\"ql-img-inline-formula quicklatex-auto-format\" alt=\"&#109;&#94;&#114;&#95;&#120;\" title=\"Rendered by QuickLaTeX.com\" height=\"14\" width=\"19\" style=\"vertical-align: -4px;\"\/>, <em>m <sup>y<\/sup><\/em>, <img loading=\"lazy\" decoding=\"async\" src=\"https:\/\/theory-of-science.com\/de\/wp-content\/ql-cache\/quicklatex.com-e5aecc15e3e7b968e6626bca414c4fa7_l3.png\" class=\"ql-img-inline-formula quicklatex-auto-format\" alt=\"&#109;&#94;&#114;&#95;&#121;\" title=\"Rendered by QuickLaTeX.com\" height=\"16\" width=\"19\" style=\"vertical-align: -6px;\"\/>, <em>m <sup>z<\/sup><\/em>, <img loading=\"lazy\" decoding=\"async\" src=\"https:\/\/theory-of-science.com\/de\/wp-content\/ql-cache\/quicklatex.com-29ca7f0c5d0c759cb870dbcea4f9f6a1_l3.png\" class=\"ql-img-inline-formula quicklatex-auto-format\" alt=\"&#109;&#94;&#114;&#95;&#122;\" title=\"Rendered by QuickLaTeX.com\" height=\"14\" width=\"19\" style=\"vertical-align: -4px;\"\/>, p<sup><em>x<\/em><\/sup>, p<sup><em>y<\/em><\/sup>, p<sup><em>z<\/em><\/sup>&nbsp;\u232a \u232a<\/p>\n<\/div>\n\n\n<ul class=\"nav nav-pills nav-justified\">\n<li><a href=\"https:\/\/theory-of-science.com\/de\/rekonstruktionen\/naturwissenschaft\/ksm\/\">&lt;&lt;&lt;<\/a><\/li>\n<li><a href=\"https:\/\/theory-of-science.com\/de\/rekonstruktionen\/naturwissenschaft\/sto\/\">&gt;&gt;&gt;<\/a><\/li>\n<\/ul>\n","protected":false},"excerpt":{"rendered":"<p>GrundmengenP&nbsp;&nbsp; Menge von materiellen ObjektenT&nbsp;&nbsp; Menge von Zeitpunkten Hilfsbasismengen&nbsp;&nbsp; die Menge der reellen Zahlen Relationene&nbsp;&nbsp; Existenzfunktionv&nbsp;&nbsp; Geschwindigkeitsfunktionm Massefunktion Konstanten\u00ac ex \u00abexistiert nicht\u00bbex&nbsp;&nbsp;&nbsp;&nbsp; \u00abexistiert\u00bb Definitionen 3&nbsp;&nbsp; ist die Menge der 3-dimensionalen, reellen Vektoren\u03a3p&nbsp;\u2208 P X ( p ) ist eine Abk\u00fcrzung f\u00fcr P = [ p1, &#8230;, pn ]&nbsp; und X (&nbsp;p1 ) + &#8230; + [&hellip;]<\/p>\n","protected":false},"author":1,"featured_media":0,"parent":456,"menu_order":4,"comment_status":"closed","ping_status":"closed","template":"page-fullwidth.php","meta":{"footnotes":""},"class_list":["post-514","page","type-page","status-publish","hentry"],"_links":{"self":[{"href":"https:\/\/theory-of-science.com\/de\/wp-json\/wp\/v2\/pages\/514","targetHints":{"allow":["GET"]}}],"collection":[{"href":"https:\/\/theory-of-science.com\/de\/wp-json\/wp\/v2\/pages"}],"about":[{"href":"https:\/\/theory-of-science.com\/de\/wp-json\/wp\/v2\/types\/page"}],"author":[{"embeddable":true,"href":"https:\/\/theory-of-science.com\/de\/wp-json\/wp\/v2\/users\/1"}],"replies":[{"embeddable":true,"href":"https:\/\/theory-of-science.com\/de\/wp-json\/wp\/v2\/comments?post=514"}],"version-history":[{"count":23,"href":"https:\/\/theory-of-science.com\/de\/wp-json\/wp\/v2\/pages\/514\/revisions"}],"predecessor-version":[{"id":4895,"href":"https:\/\/theory-of-science.com\/de\/wp-json\/wp\/v2\/pages\/514\/revisions\/4895"}],"up":[{"embeddable":true,"href":"https:\/\/theory-of-science.com\/de\/wp-json\/wp\/v2\/pages\/456"}],"wp:attachment":[{"href":"https:\/\/theory-of-science.com\/de\/wp-json\/wp\/v2\/media?parent=514"}],"curies":[{"name":"wp","href":"https:\/\/api.w.org\/{rel}","templated":true}]}}