{"id":523,"date":"2017-05-29T22:36:47","date_gmt":"2017-05-29T20:36:47","guid":{"rendered":"http:\/\/theory-of-science.com\/de\/?page_id=523"},"modified":"2023-02-20T20:42:41","modified_gmt":"2023-02-20T19:42:41","slug":"lag","status":"publish","type":"page","link":"https:\/\/theory-of-science.com\/de\/rekonstruktionen\/naturwissenschaft\/lag\/","title":{"rendered":"Lagrange Mechanik (LAG)"},"content":{"rendered":"\n<p><strong>Grundmengen<\/strong><br><em>H<\/em>&nbsp;&nbsp; Menge von Dimensionen<br><em>T<\/em>&nbsp;&nbsp; Menge von Zeitpunkten<\/p>\n\n\n\n<p><strong>Hilfsbasismengen<\/strong><br><img loading=\"lazy\" decoding=\"async\" src=\"https:\/\/theory-of-science.com\/de\/wp-content\/ql-cache\/quicklatex.com-4be6aa5c861ec4e62a3dfaebc88c1784_l3.png\" class=\"ql-img-inline-formula quicklatex-auto-format\" alt=\"&#92;&#109;&#97;&#116;&#104;&#98;&#98;&#123;&#78;&#125;\" title=\"Rendered by QuickLaTeX.com\" height=\"10\" width=\"11\" style=\"vertical-align: 0px;\"\/>&nbsp;&nbsp; die Menge der nat\u00fcrlichen Zahlen<br><img loading=\"lazy\" decoding=\"async\" src=\"https:\/\/theory-of-science.com\/de\/wp-content\/ql-cache\/quicklatex.com-dcfbb8f1c868d0756e2be1a8d16e4e7f_l3.png\" class=\"ql-img-inline-formula quicklatex-auto-format\" alt=\"&#92;&#109;&#97;&#116;&#104;&#98;&#98;&#123;&#82;&#125;\" title=\"Rendered by QuickLaTeX.com\" height=\"10\" width=\"11\" style=\"vertical-align: 0px;\"\/>&nbsp;&nbsp;&nbsp; die Menge der reellen Zahlen<\/p>\n\n\n\n<p><strong>Funktionen<\/strong><br><em>q<\/em>&nbsp;&nbsp; generalisierte Koordinatenfunktion<br><em>K<\/em>&nbsp;&nbsp; kinetische Energiefunktion<br><em>Q<\/em>&nbsp;&nbsp; generalisierte Kraftfunktion<\/p>\n\n\n\n<p><strong>Konstante<\/strong><br><em>h<\/em>&nbsp;&nbsp; Anzahl der Dimensionen<\/p>\n\n\n\n<p><strong>Definitionen<\/strong><br><img loading=\"lazy\" decoding=\"async\" src=\"https:\/\/theory-of-science.com\/de\/wp-content\/ql-cache\/quicklatex.com-4be6aa5c861ec4e62a3dfaebc88c1784_l3.png\" class=\"ql-img-inline-formula quicklatex-auto-format\" alt=\"&#92;&#109;&#97;&#116;&#104;&#98;&#98;&#123;&#78;&#125;\" title=\"Rendered by QuickLaTeX.com\" height=\"10\" width=\"11\" style=\"vertical-align: 0px;\"\/><em><sub>h<\/sub><\/em> ist die Menge der nat\u00fcrlichen Zahlen { 1, &#8230;, <em>h<\/em> }<br>F\u00fcr <em>i<\/em>&nbsp;\u2264 <em>h<\/em> wird <em>q<sub>i<\/sub><\/em> :&nbsp;<img loading=\"lazy\" decoding=\"async\" src=\"https:\/\/theory-of-science.com\/de\/wp-content\/ql-cache\/quicklatex.com-dcfbb8f1c868d0756e2be1a8d16e4e7f_l3.png\" class=\"ql-img-inline-formula quicklatex-auto-format\" alt=\"&#92;&#109;&#97;&#116;&#104;&#98;&#98;&#123;&#82;&#125;\" title=\"Rendered by QuickLaTeX.com\" height=\"10\" width=\"11\" style=\"vertical-align: 0px;\"\/>&nbsp;\u2192&nbsp;<img loading=\"lazy\" decoding=\"async\" src=\"https:\/\/theory-of-science.com\/de\/wp-content\/ql-cache\/quicklatex.com-dcfbb8f1c868d0756e2be1a8d16e4e7f_l3.png\" class=\"ql-img-inline-formula quicklatex-auto-format\" alt=\"&#92;&#109;&#97;&#116;&#104;&#98;&#98;&#123;&#82;&#125;\" title=\"Rendered by QuickLaTeX.com\" height=\"10\" width=\"11\" style=\"vertical-align: 0px;\"\/> wie folgt definiert: <em>q<sub>i<\/sub><\/em> ( <em>t<\/em> ) = <em>q<\/em> ( <em>i<\/em>, <em>t<\/em> )<br><em>q<\/em> ( <em>t<\/em> ) ist eine Abk\u00fcrzung f\u00fcr&nbsp;\u2329 <em>q<\/em><sub>1<\/sub> ( <em>t<\/em> ), &#8230;, <em>q<sub>h<\/sub><\/em> ( <em>t<\/em> ) \u232a<br><img loading=\"lazy\" decoding=\"async\" src=\"https:\/\/theory-of-science.com\/de\/wp-content\/ql-cache\/quicklatex.com-b82b68aefc6f538c9b1cda063835f5ca_l3.png\" class=\"ql-img-inline-formula quicklatex-auto-format\" alt=\"&#92;&#100;&#111;&#116;&#123;&#113;&#125;\" title=\"Rendered by QuickLaTeX.com\" height=\"14\" width=\"7\" style=\"vertical-align: -3px;\"\/> ( <em>t<\/em> ) =&nbsp;\u2329 <em>Dq<\/em><sub>1<\/sub> ( <em>t<\/em> ), &#8230;, <em>Dq<sub>h <\/sub><\/em>( <em>t<\/em> ) \u232a<\/p>\n\n\n\n<p><strong>Typisierungen<\/strong><br>\u03b8<sub>1<\/sub>&nbsp;&nbsp; <em>h<\/em>&nbsp;\u2208 <img loading=\"lazy\" decoding=\"async\" src=\"https:\/\/theory-of-science.com\/de\/wp-content\/ql-cache\/quicklatex.com-4be6aa5c861ec4e62a3dfaebc88c1784_l3.png\" class=\"ql-img-inline-formula quicklatex-auto-format\" alt=\"&#92;&#109;&#97;&#116;&#104;&#98;&#98;&#123;&#78;&#125;\" title=\"Rendered by QuickLaTeX.com\" height=\"10\" width=\"11\" style=\"vertical-align: 0px;\"\/><br>\u03b8<sub>2<\/sub>&nbsp;&nbsp; <em>q<\/em>&nbsp;\u2208 <img loading=\"lazy\" decoding=\"async\" src=\"https:\/\/theory-of-science.com\/de\/wp-content\/ql-cache\/quicklatex.com-4aef294acd84495967a2a6ce417aa9e6_l3.png\" class=\"ql-img-inline-formula quicklatex-auto-format\" alt=\"&#92;&#99;&#97;&#108;&#32;&#70;&#85;&#78;\" title=\"Rendered by QuickLaTeX.com\" height=\"14\" width=\"37\" style=\"vertical-align: -1px;\"\/> (&nbsp;<img loading=\"lazy\" decoding=\"async\" src=\"https:\/\/theory-of-science.com\/de\/wp-content\/ql-cache\/quicklatex.com-4be6aa5c861ec4e62a3dfaebc88c1784_l3.png\" class=\"ql-img-inline-formula quicklatex-auto-format\" alt=\"&#92;&#109;&#97;&#116;&#104;&#98;&#98;&#123;&#78;&#125;\" title=\"Rendered by QuickLaTeX.com\" height=\"10\" width=\"11\" style=\"vertical-align: 0px;\"\/><em><sub>h<\/sub><\/em>&nbsp;\u00d7 <em>T<\/em> : <img loading=\"lazy\" decoding=\"async\" src=\"https:\/\/theory-of-science.com\/de\/wp-content\/ql-cache\/quicklatex.com-dcfbb8f1c868d0756e2be1a8d16e4e7f_l3.png\" class=\"ql-img-inline-formula quicklatex-auto-format\" alt=\"&#92;&#109;&#97;&#116;&#104;&#98;&#98;&#123;&#82;&#125;\" title=\"Rendered by QuickLaTeX.com\" height=\"10\" width=\"11\" style=\"vertical-align: 0px;\"\/> )<br>\u03b8<sub>3<\/sub>&nbsp;&nbsp; <em>K<\/em>&nbsp;\u2208&nbsp; <img loading=\"lazy\" decoding=\"async\" src=\"https:\/\/theory-of-science.com\/de\/wp-content\/ql-cache\/quicklatex.com-4aef294acd84495967a2a6ce417aa9e6_l3.png\" class=\"ql-img-inline-formula quicklatex-auto-format\" alt=\"&#92;&#99;&#97;&#108;&#32;&#70;&#85;&#78;\" title=\"Rendered by QuickLaTeX.com\" height=\"14\" width=\"37\" style=\"vertical-align: -1px;\"\/> ( <img loading=\"lazy\" decoding=\"async\" src=\"https:\/\/theory-of-science.com\/de\/wp-content\/ql-cache\/quicklatex.com-dcfbb8f1c868d0756e2be1a8d16e4e7f_l3.png\" class=\"ql-img-inline-formula quicklatex-auto-format\" alt=\"&#92;&#109;&#97;&#116;&#104;&#98;&#98;&#123;&#82;&#125;\" title=\"Rendered by QuickLaTeX.com\" height=\"10\" width=\"11\" style=\"vertical-align: 0px;\"\/> <sup>2<em>h<\/em><\/sup>&nbsp;\u00d7 <em>T<\/em> : <img loading=\"lazy\" decoding=\"async\" src=\"https:\/\/theory-of-science.com\/de\/wp-content\/ql-cache\/quicklatex.com-dcfbb8f1c868d0756e2be1a8d16e4e7f_l3.png\" class=\"ql-img-inline-formula quicklatex-auto-format\" alt=\"&#92;&#109;&#97;&#116;&#104;&#98;&#98;&#123;&#82;&#125;\" title=\"Rendered by QuickLaTeX.com\" height=\"10\" width=\"11\" style=\"vertical-align: 0px;\"\/> )<br>\u03b8<sub>4<\/sub>&nbsp;&nbsp; <em>Q<\/em>&nbsp;\u2208&nbsp; <img loading=\"lazy\" decoding=\"async\" src=\"https:\/\/theory-of-science.com\/de\/wp-content\/ql-cache\/quicklatex.com-4aef294acd84495967a2a6ce417aa9e6_l3.png\" class=\"ql-img-inline-formula quicklatex-auto-format\" alt=\"&#92;&#99;&#97;&#108;&#32;&#70;&#85;&#78;\" title=\"Rendered by QuickLaTeX.com\" height=\"14\" width=\"37\" style=\"vertical-align: -1px;\"\/> (&nbsp;<img loading=\"lazy\" decoding=\"async\" src=\"https:\/\/theory-of-science.com\/de\/wp-content\/ql-cache\/quicklatex.com-4be6aa5c861ec4e62a3dfaebc88c1784_l3.png\" class=\"ql-img-inline-formula quicklatex-auto-format\" alt=\"&#92;&#109;&#97;&#116;&#104;&#98;&#98;&#123;&#78;&#125;\" title=\"Rendered by QuickLaTeX.com\" height=\"10\" width=\"11\" style=\"vertical-align: 0px;\"\/><em><sub>h<\/sub><\/em>&nbsp;\u00d7 <em>T<\/em> : <img loading=\"lazy\" decoding=\"async\" src=\"https:\/\/theory-of-science.com\/de\/wp-content\/ql-cache\/quicklatex.com-dcfbb8f1c868d0756e2be1a8d16e4e7f_l3.png\" class=\"ql-img-inline-formula quicklatex-auto-format\" alt=\"&#92;&#109;&#97;&#116;&#104;&#98;&#98;&#123;&#82;&#125;\" title=\"Rendered by QuickLaTeX.com\" height=\"10\" width=\"11\" style=\"vertical-align: 0px;\"\/> )<\/p>\n\n\n\n<p><strong>Hypothesen<\/strong><br><em>H<\/em><sub>1<\/sub>&nbsp;&nbsp; 0 &lt; <em>h<\/em><br><em>H<\/em><sub>2<\/sub>&nbsp;&nbsp; <em>T<\/em> =<img loading=\"lazy\" decoding=\"async\" src=\"https:\/\/theory-of-science.com\/de\/wp-content\/ql-cache\/quicklatex.com-dcfbb8f1c868d0756e2be1a8d16e4e7f_l3.png\" class=\"ql-img-inline-formula quicklatex-auto-format\" alt=\"&#92;&#109;&#97;&#116;&#104;&#98;&#98;&#123;&#82;&#125;\" title=\"Rendered by QuickLaTeX.com\" height=\"10\" width=\"11\" style=\"vertical-align: 0px;\"\/><br><em>H<\/em><sub>3<\/sub>&nbsp;&nbsp;&nbsp;\u2200 <em>t<\/em>&nbsp;\u2208&nbsp;<img loading=\"lazy\" decoding=\"async\" src=\"https:\/\/theory-of-science.com\/de\/wp-content\/ql-cache\/quicklatex.com-dcfbb8f1c868d0756e2be1a8d16e4e7f_l3.png\" class=\"ql-img-inline-formula quicklatex-auto-format\" alt=\"&#92;&#109;&#97;&#116;&#104;&#98;&#98;&#123;&#82;&#125;\" title=\"Rendered by QuickLaTeX.com\" height=\"10\" width=\"11\" style=\"vertical-align: 0px;\"\/>&nbsp;\u2200 <em>i<\/em>&nbsp;\u2264 <em>h<\/em> ( <em>DD<sub>h<\/sub><\/em><sub>+<em>i <\/em><\/sub><em>K<\/em> ( <em>q<\/em> ( <em>t<\/em> ), <img loading=\"lazy\" decoding=\"async\" src=\"https:\/\/theory-of-science.com\/de\/wp-content\/ql-cache\/quicklatex.com-b82b68aefc6f538c9b1cda063835f5ca_l3.png\" class=\"ql-img-inline-formula quicklatex-auto-format\" alt=\"&#92;&#100;&#111;&#116;&#123;&#113;&#125;\" title=\"Rendered by QuickLaTeX.com\" height=\"14\" width=\"7\" style=\"vertical-align: -3px;\"\/> ( <em>t<\/em> ), <em>t<\/em> ) &#8211; <em>D<sub>i<\/sub><\/em> <em>K<\/em> ( <em>q<\/em> ( <em>t<\/em> ), <img loading=\"lazy\" decoding=\"async\" src=\"https:\/\/theory-of-science.com\/de\/wp-content\/ql-cache\/quicklatex.com-b82b68aefc6f538c9b1cda063835f5ca_l3.png\" class=\"ql-img-inline-formula quicklatex-auto-format\" alt=\"&#92;&#100;&#111;&#116;&#123;&#113;&#125;\" title=\"Rendered by QuickLaTeX.com\" height=\"14\" width=\"7\" style=\"vertical-align: -3px;\"\/> ( <em>t<\/em> ), <em>t<\/em> ) = <em>Q<\/em> ( <em>i<\/em>, <em>t<\/em> ) )<\/p>\n\n\n\n<p><strong>Modelle<\/strong><br><em>x<\/em> ist ein Modell der Lagrange Mechanik <strong>M(LAG)<\/strong> gdw es <em>h<\/em> und Mengen <em>H<\/em>, <em>q<\/em>, <em>K<\/em>, <em>Q<\/em> gibt, so dass gilt:<\/p>\n\n\n\n<p style=\"padding-left:30px;\"><em>x<\/em> =&nbsp;\u2329 <em>H<\/em>, <em>T<\/em>, <img loading=\"lazy\" decoding=\"async\" src=\"https:\/\/theory-of-science.com\/de\/wp-content\/ql-cache\/quicklatex.com-4be6aa5c861ec4e62a3dfaebc88c1784_l3.png\" class=\"ql-img-inline-formula quicklatex-auto-format\" alt=\"&#92;&#109;&#97;&#116;&#104;&#98;&#98;&#123;&#78;&#125;\" title=\"Rendered by QuickLaTeX.com\" height=\"10\" width=\"11\" style=\"vertical-align: 0px;\"\/>, <img loading=\"lazy\" decoding=\"async\" src=\"https:\/\/theory-of-science.com\/de\/wp-content\/ql-cache\/quicklatex.com-dcfbb8f1c868d0756e2be1a8d16e4e7f_l3.png\" class=\"ql-img-inline-formula quicklatex-auto-format\" alt=\"&#92;&#109;&#97;&#116;&#104;&#98;&#98;&#123;&#82;&#125;\" title=\"Rendered by QuickLaTeX.com\" height=\"10\" width=\"11\" style=\"vertical-align: 0px;\"\/>, <em>h<\/em>, <em>q<\/em>, <em>K<\/em>, <em>Q<\/em> \u232a<\/p>\n\n\n\n<p>und die Funktionen und Konstanten haben die Typen \u03b8<sub>1<\/sub>, &#8230;,&nbsp;\u03b8<sub>4<\/sub> und die Hypothesen&nbsp;<em>H<\/em><sub>1<\/sub> (&nbsp;<em>H<\/em>, <em>T<\/em>, <img loading=\"lazy\" decoding=\"async\" src=\"https:\/\/theory-of-science.com\/de\/wp-content\/ql-cache\/quicklatex.com-4be6aa5c861ec4e62a3dfaebc88c1784_l3.png\" class=\"ql-img-inline-formula quicklatex-auto-format\" alt=\"&#92;&#109;&#97;&#116;&#104;&#98;&#98;&#123;&#78;&#125;\" title=\"Rendered by QuickLaTeX.com\" height=\"10\" width=\"11\" style=\"vertical-align: 0px;\"\/>, <img loading=\"lazy\" decoding=\"async\" src=\"https:\/\/theory-of-science.com\/de\/wp-content\/ql-cache\/quicklatex.com-dcfbb8f1c868d0756e2be1a8d16e4e7f_l3.png\" class=\"ql-img-inline-formula quicklatex-auto-format\" alt=\"&#92;&#109;&#97;&#116;&#104;&#98;&#98;&#123;&#82;&#125;\" title=\"Rendered by QuickLaTeX.com\" height=\"10\" width=\"11\" style=\"vertical-align: 0px;\"\/>, <em>h<\/em>, <em>q<\/em>, <em>K<\/em>, <em>Q<\/em> ), &#8230;, <em>H<\/em><sub>3<\/sub> (&nbsp;<em>H<\/em>, <em>T<\/em>, <img loading=\"lazy\" decoding=\"async\" src=\"https:\/\/theory-of-science.com\/de\/wp-content\/ql-cache\/quicklatex.com-4be6aa5c861ec4e62a3dfaebc88c1784_l3.png\" class=\"ql-img-inline-formula quicklatex-auto-format\" alt=\"&#92;&#109;&#97;&#116;&#104;&#98;&#98;&#123;&#78;&#125;\" title=\"Rendered by QuickLaTeX.com\" height=\"10\" width=\"11\" style=\"vertical-align: 0px;\"\/>, <img loading=\"lazy\" decoding=\"async\" src=\"https:\/\/theory-of-science.com\/de\/wp-content\/ql-cache\/quicklatex.com-dcfbb8f1c868d0756e2be1a8d16e4e7f_l3.png\" class=\"ql-img-inline-formula quicklatex-auto-format\" alt=\"&#92;&#109;&#97;&#116;&#104;&#98;&#98;&#123;&#82;&#125;\" title=\"Rendered by QuickLaTeX.com\" height=\"10\" width=\"11\" style=\"vertical-align: 0px;\"\/>, <em>h<\/em>, <em>q<\/em>, <em>K<\/em>, <em>Q<\/em> ) gelten in <em>x<\/em>.<\/p>\n\n\n\n<p><strong>I(LAG)<\/strong>, ist die Menge der intendierten Systeme.<\/p>\n\n\n\n<p><strong>Beispiele<\/strong><br>&#8211; W\u00fcrfe an der Erdoberfl\u00e4che<br>&#8211; Fallph\u00e4nomene an der Erdoberfl\u00e4che<br>&#8211; Planetensysteme<\/p>\n\n\n<span class=\"collapseomatic \" id=\"id6a0602a30f012\"  tabindex=\"0\" title=\"&lt;strong&gt;Verkn\u00fcpfung&lt;\/strong&gt;\"    ><strong>Verkn\u00fcpfung<\/strong><\/span><div id=\"target-id6a0602a30f012\" class=\"collapseomatic_content \">\n<strong>Definitionen<\/strong><br \/>\n<em>s<sub>p<\/sub><\/em> : <em>T<\/em> \u2192 <img loading=\"lazy\" decoding=\"async\" src=\"https:\/\/theory-of-science.com\/de\/wp-content\/ql-cache\/quicklatex.com-dcfbb8f1c868d0756e2be1a8d16e4e7f_l3.png\" class=\"ql-img-inline-formula quicklatex-auto-format\" alt=\"&#92;&#109;&#97;&#116;&#104;&#98;&#98;&#123;&#82;&#125;\" title=\"Rendered by QuickLaTeX.com\" height=\"10\" width=\"11\" style=\"vertical-align: 0px;\"\/> <sup>3<\/sup> ist definiert durch <em>s<sub>p <\/sub><\/em>( <em>t<\/em> ) = <em>s<\/em> ( <em>p<\/em>, <em>t<\/em> ).<br \/>\nIn \u00e4hnlicher Weise: <em>X<sub>p<\/sub><\/em> ( <em>q<\/em> ( <em>t<\/em> ), <img loading=\"lazy\" decoding=\"async\" src=\"https:\/\/theory-of-science.com\/de\/wp-content\/ql-cache\/quicklatex.com-b82b68aefc6f538c9b1cda063835f5ca_l3.png\" class=\"ql-img-inline-formula quicklatex-auto-format\" alt=\"&#92;&#100;&#111;&#116;&#123;&#113;&#125;\" title=\"Rendered by QuickLaTeX.com\" height=\"14\" width=\"7\" style=\"vertical-align: -3px;\"\/> ( <em>t<\/em> ), <em>t<\/em> ) = <em>X<\/em> ( <em>p<\/em>, <em>q<\/em> ( <em>t<\/em> ), <img loading=\"lazy\" decoding=\"async\" src=\"https:\/\/theory-of-science.com\/de\/wp-content\/ql-cache\/quicklatex.com-b82b68aefc6f538c9b1cda063835f5ca_l3.png\" class=\"ql-img-inline-formula quicklatex-auto-format\" alt=\"&#92;&#100;&#111;&#116;&#123;&#113;&#125;\" title=\"Rendered by QuickLaTeX.com\" height=\"14\" width=\"7\" style=\"vertical-align: -3px;\"\/> ( <em>t<\/em> ), <em>t<\/em> )<br \/>\n<img loading=\"lazy\" decoding=\"async\" src=\"https:\/\/theory-of-science.com\/de\/wp-content\/ql-cache\/quicklatex.com-e9e0a48deb4eb5684391085c6438b945_l3.png\" class=\"ql-img-inline-formula quicklatex-auto-format\" alt=\"&#92;&#100;&#111;&#116;&#123;&#115;&#125;\" title=\"Rendered by QuickLaTeX.com\" height=\"11\" width=\"7\" style=\"vertical-align: 0px;\"\/><em><sub>p<\/sub><\/em> ist die Ableitung von <em>s<sub>p<\/sub><\/em><\/p>\n<p><strong>V(LAG,KPM) <\/strong>ist eine Verkn\u00fcpfung von generalisierten und kartesischen Koordinaten<br \/>\n<em>ver<\/em> =&nbsp;\u2329 <em>x<\/em>, <em>y<\/em>, <em>X<\/em>&nbsp;\u232a ist eine Verkn\u00fcpfung von <strong>M(LAG)<\/strong> und <strong>M(KPM)<\/strong> gdw<\/p>\n<p style=\"padding-left:30px;\">1)&nbsp;\u2329 <em>P<\/em>, <em>T<\/em>, <img loading=\"lazy\" decoding=\"async\" src=\"https:\/\/theory-of-science.com\/de\/wp-content\/ql-cache\/quicklatex.com-4be6aa5c861ec4e62a3dfaebc88c1784_l3.png\" class=\"ql-img-inline-formula quicklatex-auto-format\" alt=\"&#92;&#109;&#97;&#116;&#104;&#98;&#98;&#123;&#78;&#125;\" title=\"Rendered by QuickLaTeX.com\" height=\"10\" width=\"11\" style=\"vertical-align: 0px;\"\/>, <img loading=\"lazy\" decoding=\"async\" src=\"https:\/\/theory-of-science.com\/de\/wp-content\/ql-cache\/quicklatex.com-dcfbb8f1c868d0756e2be1a8d16e4e7f_l3.png\" class=\"ql-img-inline-formula quicklatex-auto-format\" alt=\"&#92;&#109;&#97;&#116;&#104;&#98;&#98;&#123;&#82;&#125;\" title=\"Rendered by QuickLaTeX.com\" height=\"10\" width=\"11\" style=\"vertical-align: 0px;\"\/>, <em>s<\/em>, <em>m<\/em>, <em>f<\/em> \u232a&nbsp;\u2208 <strong>M(KPM)<\/strong>&nbsp;\u2227&nbsp;\u2329 <em>H<\/em>, <em>T<\/em> &#8218;, <img loading=\"lazy\" decoding=\"async\" src=\"https:\/\/theory-of-science.com\/de\/wp-content\/ql-cache\/quicklatex.com-4be6aa5c861ec4e62a3dfaebc88c1784_l3.png\" class=\"ql-img-inline-formula quicklatex-auto-format\" alt=\"&#92;&#109;&#97;&#116;&#104;&#98;&#98;&#123;&#78;&#125;\" title=\"Rendered by QuickLaTeX.com\" height=\"10\" width=\"11\" style=\"vertical-align: 0px;\"\/>, <img loading=\"lazy\" decoding=\"async\" src=\"https:\/\/theory-of-science.com\/de\/wp-content\/ql-cache\/quicklatex.com-dcfbb8f1c868d0756e2be1a8d16e4e7f_l3.png\" class=\"ql-img-inline-formula quicklatex-auto-format\" alt=\"&#92;&#109;&#97;&#116;&#104;&#98;&#98;&#123;&#82;&#125;\" title=\"Rendered by QuickLaTeX.com\" height=\"10\" width=\"11\" style=\"vertical-align: 0px;\"\/>, <em>q<\/em>, <em>h<\/em>, <em>K<\/em>, <em>Q<\/em>&nbsp;\u232a&nbsp;\u2208 <strong>M(LAG)<\/strong><br \/>\n2) <em>T<\/em>&nbsp;\u2286 <em>T<\/em> &#8218;<br \/>\n3)&nbsp;\u2203 <em>X <\/em>: <em>P<\/em>&nbsp;\u00d7 <img loading=\"lazy\" decoding=\"async\" src=\"https:\/\/theory-of-science.com\/de\/wp-content\/ql-cache\/quicklatex.com-dcfbb8f1c868d0756e2be1a8d16e4e7f_l3.png\" class=\"ql-img-inline-formula quicklatex-auto-format\" alt=\"&#92;&#109;&#97;&#116;&#104;&#98;&#98;&#123;&#82;&#125;\" title=\"Rendered by QuickLaTeX.com\" height=\"10\" width=\"11\" style=\"vertical-align: 0px;\"\/> <em><sup>h<\/sup><\/em>&nbsp;\u00d7 <em>T<\/em>&nbsp;\u2192 <img loading=\"lazy\" decoding=\"async\" src=\"https:\/\/theory-of-science.com\/de\/wp-content\/ql-cache\/quicklatex.com-dcfbb8f1c868d0756e2be1a8d16e4e7f_l3.png\" class=\"ql-img-inline-formula quicklatex-auto-format\" alt=\"&#92;&#109;&#97;&#116;&#104;&#98;&#98;&#123;&#82;&#125;\" title=\"Rendered by QuickLaTeX.com\" height=\"10\" width=\"11\" style=\"vertical-align: 0px;\"\/> <sup>3<\/sup> (f\u00fcr alle <em>t<\/em>&nbsp;\u2208 <em>T<\/em> und alle <em>p<\/em>&nbsp;\u2208 <em>P<\/em> ( <em>X<\/em> ( <em>p<\/em>, <em>q<\/em> ( 1, <em>t<\/em> ), &#8230;, <em>q<\/em> ( <em>h<\/em>, <em>t<\/em> ), <em>t<\/em> ) = <em>s<\/em> ( <em>p<\/em>, <em>t<\/em> )&nbsp;\u2227 <em>X<sub>p<\/sub><\/em> ist stetig differenzierbar)<br \/>\n4)&nbsp;\u2200 <em>t<\/em>&nbsp;\u2208 <em>T<\/em> ( <em>K<\/em> ( <em>q<\/em> ( <em>t<\/em> ), <img loading=\"lazy\" decoding=\"async\" src=\"https:\/\/theory-of-science.com\/de\/wp-content\/ql-cache\/quicklatex.com-b82b68aefc6f538c9b1cda063835f5ca_l3.png\" class=\"ql-img-inline-formula quicklatex-auto-format\" alt=\"&#92;&#100;&#111;&#116;&#123;&#113;&#125;\" title=\"Rendered by QuickLaTeX.com\" height=\"14\" width=\"7\" style=\"vertical-align: -3px;\"\/> ( <em>t<\/em> ), <em>t<\/em> ) = \u03a3<sub><em>p<\/em>&nbsp;\u2208 <em>P<\/em><\/sub> 1\/2 <em>m<\/em> ( <em>p<\/em> ) ( <img loading=\"lazy\" decoding=\"async\" src=\"https:\/\/theory-of-science.com\/de\/wp-content\/ql-cache\/quicklatex.com-e9e0a48deb4eb5684391085c6438b945_l3.png\" class=\"ql-img-inline-formula quicklatex-auto-format\" alt=\"&#92;&#100;&#111;&#116;&#123;&#115;&#125;\" title=\"Rendered by QuickLaTeX.com\" height=\"11\" width=\"7\" style=\"vertical-align: 0px;\"\/><sub><em>p<\/em><\/sub> ( <em>t<\/em> ) ) <sup>2<\/sup> )<br \/>\n5)&nbsp;\u2200 <em>t<\/em>, <em>t<\/em> &#8218;&nbsp;\u2208 <em>T<\/em> ( \u03a3<sub><em>i<\/em>&nbsp;\u2264 <em>h<\/em><\/sub> <em>Q<\/em> ( <em>i<\/em>, <em>t<\/em> )&nbsp;\u22c5 | <em>q<sub>i<\/sub><\/em> ( t ) &#8211;&nbsp;<em>q<sub>i<\/sub><\/em> ( t &#8218; ) | =&nbsp;\u03a3<sub><em>p<\/em>&nbsp;\u2208 <em>P<\/em><\/sub>&nbsp;\u03a3<sub><em>i<\/em>&nbsp;\u2264 <em>h<\/em><\/sub> <em>f<\/em> ( <em>p<\/em> ,<em>t<\/em>, <em>i<\/em> )&nbsp;\u22c5 | <em>s<\/em> ( <em>p<\/em>, <em>t<\/em> ) &#8211; <em>s<\/em> ( <em>p<\/em>, <em>t &#8218;<\/em> ) | )<\/p>\n<\/div>\n\n\n<ul class=\"nav nav-pills nav-justified\">\n<li><a href=\"https:\/\/theory-of-science.com\/de\/rekonstruktionen\/naturwissenschaft\/sto\/\">&lt;&lt;&lt;<\/a><\/li>\n<li><a href=\"https:\/\/theory-of-science.com\/de\/rekonstruktionen\/naturwissenschaft\/kep\/\">&gt;&gt;&gt;<\/a><\/li>\n<\/ul>\n","protected":false},"excerpt":{"rendered":"<p>GrundmengenH&nbsp;&nbsp; Menge von DimensionenT&nbsp;&nbsp; Menge von Zeitpunkten Hilfsbasismengen&nbsp;&nbsp; die Menge der nat\u00fcrlichen Zahlen&nbsp;&nbsp;&nbsp; die Menge der reellen Zahlen Funktionenq&nbsp;&nbsp; generalisierte KoordinatenfunktionK&nbsp;&nbsp; kinetische EnergiefunktionQ&nbsp;&nbsp; generalisierte Kraftfunktion Konstanteh&nbsp;&nbsp; Anzahl der Dimensionen Definitionenh ist die Menge der nat\u00fcrlichen Zahlen { 1, &#8230;, h }F\u00fcr i&nbsp;\u2264 h wird qi :&nbsp;&nbsp;\u2192&nbsp; wie folgt definiert: qi ( t ) = q [&hellip;]<\/p>\n","protected":false},"author":1,"featured_media":0,"parent":456,"menu_order":7,"comment_status":"closed","ping_status":"closed","template":"page-fullwidth.php","meta":{"footnotes":""},"class_list":["post-523","page","type-page","status-publish","hentry"],"_links":{"self":[{"href":"https:\/\/theory-of-science.com\/de\/wp-json\/wp\/v2\/pages\/523","targetHints":{"allow":["GET"]}}],"collection":[{"href":"https:\/\/theory-of-science.com\/de\/wp-json\/wp\/v2\/pages"}],"about":[{"href":"https:\/\/theory-of-science.com\/de\/wp-json\/wp\/v2\/types\/page"}],"author":[{"embeddable":true,"href":"https:\/\/theory-of-science.com\/de\/wp-json\/wp\/v2\/users\/1"}],"replies":[{"embeddable":true,"href":"https:\/\/theory-of-science.com\/de\/wp-json\/wp\/v2\/comments?post=523"}],"version-history":[{"count":22,"href":"https:\/\/theory-of-science.com\/de\/wp-json\/wp\/v2\/pages\/523\/revisions"}],"predecessor-version":[{"id":4896,"href":"https:\/\/theory-of-science.com\/de\/wp-json\/wp\/v2\/pages\/523\/revisions\/4896"}],"up":[{"embeddable":true,"href":"https:\/\/theory-of-science.com\/de\/wp-json\/wp\/v2\/pages\/456"}],"wp:attachment":[{"href":"https:\/\/theory-of-science.com\/de\/wp-json\/wp\/v2\/media?parent=523"}],"curies":[{"name":"wp","href":"https:\/\/api.w.org\/{rel}","templated":true}]}}