{"id":537,"date":"2017-05-29T22:53:15","date_gmt":"2017-05-29T20:53:15","guid":{"rendered":"http:\/\/theory-of-science.com\/de\/?page_id=537"},"modified":"2023-02-17T21:21:26","modified_gmt":"2023-02-17T20:21:26","slug":"oeko","status":"publish","type":"page","link":"https:\/\/theory-of-science.com\/de\/rekonstruktionen\/sozialwissenschaften\/oeko\/","title":{"rendered":"Reine Tauschwirtschaft (\u00d6KO)"},"content":{"rendered":"\n<p><strong>Grundmengen<\/strong><br><em>H&nbsp;&nbsp; <\/em>Menge von Tauschgesch\u00e4ften<br><em>W&nbsp;&nbsp; <\/em>Menge von Warentypen<\/p>\n\n\n\n<p><strong>Hilfsbasismengen<\/strong><br><img loading=\"lazy\" decoding=\"async\" src=\"https:\/\/theory-of-science.com\/de\/wp-content\/ql-cache\/quicklatex.com-4be6aa5c861ec4e62a3dfaebc88c1784_l3.png\" class=\"ql-img-inline-formula quicklatex-auto-format\" alt=\"&#92;&#109;&#97;&#116;&#104;&#98;&#98;&#123;&#78;&#125;\" title=\"Rendered by QuickLaTeX.com\" height=\"10\" width=\"11\" style=\"vertical-align: 0px;\"\/>&nbsp;&nbsp; Menge der nat\u00fcrlichen Zahlen<br><img loading=\"lazy\" decoding=\"async\" src=\"https:\/\/theory-of-science.com\/de\/wp-content\/ql-cache\/quicklatex.com-dcfbb8f1c868d0756e2be1a8d16e4e7f_l3.png\" class=\"ql-img-inline-formula quicklatex-auto-format\" alt=\"&#92;&#109;&#97;&#116;&#104;&#98;&#98;&#123;&#82;&#125;\" title=\"Rendered by QuickLaTeX.com\" height=\"10\" width=\"11\" style=\"vertical-align: 0px;\"\/>&nbsp;&nbsp; Menge der reellen Zahlen<\/p>\n\n\n\n<p><strong>Relation<\/strong><br><em>E&nbsp;&nbsp; <\/em>Menge der Gleichgewichtszust\u00e4nde<\/p>\n\n\n\n<p><strong>Funktionen<\/strong><br><em>g&nbsp;&nbsp; <\/em>Funktion von Warenb\u00fcndeln<br><em>p&nbsp;&nbsp; <\/em>Preisfunktion<br><em>U&nbsp; <\/em>Nutzenfunktion<\/p>\n\n\n\n<p><strong>Definitionen<\/strong><br>| <em>W<\/em> | ist die Anzahl der Warentypen in <em>W<\/em>, | <em>W<\/em> | = <em>n<\/em>&nbsp;\u2208 <img loading=\"lazy\" decoding=\"async\" src=\"https:\/\/theory-of-science.com\/de\/wp-content\/ql-cache\/quicklatex.com-4be6aa5c861ec4e62a3dfaebc88c1784_l3.png\" class=\"ql-img-inline-formula quicklatex-auto-format\" alt=\"&#92;&#109;&#97;&#116;&#104;&#98;&#98;&#123;&#78;&#125;\" title=\"Rendered by QuickLaTeX.com\" height=\"10\" width=\"11\" style=\"vertical-align: 0px;\"\/><br><img loading=\"lazy\" decoding=\"async\" src=\"https:\/\/theory-of-science.com\/de\/wp-content\/ql-cache\/quicklatex.com-dcfbb8f1c868d0756e2be1a8d16e4e7f_l3.png\" class=\"ql-img-inline-formula quicklatex-auto-format\" alt=\"&#92;&#109;&#97;&#116;&#104;&#98;&#98;&#123;&#82;&#125;\" title=\"Rendered by QuickLaTeX.com\" height=\"10\" width=\"11\" style=\"vertical-align: 0px;\"\/> <sup>| <em>W<\/em> |<\/sup> = <img loading=\"lazy\" decoding=\"async\" src=\"https:\/\/theory-of-science.com\/de\/wp-content\/ql-cache\/quicklatex.com-dcfbb8f1c868d0756e2be1a8d16e4e7f_l3.png\" class=\"ql-img-inline-formula quicklatex-auto-format\" alt=\"&#92;&#109;&#97;&#116;&#104;&#98;&#98;&#123;&#82;&#125;\" title=\"Rendered by QuickLaTeX.com\" height=\"10\" width=\"11\" style=\"vertical-align: 0px;\"\/> <sup>n<\/sup> ist die Menge der | <em>W<\/em> |-dimensionalen, reellen Vektoren<\/p>\n\n\n\n<p><strong>Typisierungen<\/strong><br>\u03b8<sub>1<\/sub>&nbsp;&nbsp; <em>E<\/em>&nbsp;\u2208&nbsp;\u2118 ( <img loading=\"lazy\" decoding=\"async\" src=\"https:\/\/theory-of-science.com\/de\/wp-content\/ql-cache\/quicklatex.com-4aef294acd84495967a2a6ce417aa9e6_l3.png\" class=\"ql-img-inline-formula quicklatex-auto-format\" alt=\"&#92;&#99;&#97;&#108;&#32;&#70;&#85;&#78;\" title=\"Rendered by QuickLaTeX.com\" height=\"14\" width=\"37\" style=\"vertical-align: -1px;\"\/> ( <em>H<\/em>&nbsp;\u00d7 <em>W<\/em> : <img loading=\"lazy\" decoding=\"async\" src=\"https:\/\/theory-of-science.com\/de\/wp-content\/ql-cache\/quicklatex.com-dcfbb8f1c868d0756e2be1a8d16e4e7f_l3.png\" class=\"ql-img-inline-formula quicklatex-auto-format\" alt=\"&#92;&#109;&#97;&#116;&#104;&#98;&#98;&#123;&#82;&#125;\" title=\"Rendered by QuickLaTeX.com\" height=\"10\" width=\"11\" style=\"vertical-align: 0px;\"\/> ) )<br>\u03b8<sub>2<\/sub>&nbsp;&nbsp; <em>g<\/em>&nbsp;\u2208 <img loading=\"lazy\" decoding=\"async\" src=\"https:\/\/theory-of-science.com\/de\/wp-content\/ql-cache\/quicklatex.com-4aef294acd84495967a2a6ce417aa9e6_l3.png\" class=\"ql-img-inline-formula quicklatex-auto-format\" alt=\"&#92;&#99;&#97;&#108;&#32;&#70;&#85;&#78;\" title=\"Rendered by QuickLaTeX.com\" height=\"14\" width=\"37\" style=\"vertical-align: -1px;\"\/> ( <em>H<\/em>&nbsp;\u00d7 <em>W<\/em> : <img loading=\"lazy\" decoding=\"async\" src=\"https:\/\/theory-of-science.com\/de\/wp-content\/ql-cache\/quicklatex.com-dcfbb8f1c868d0756e2be1a8d16e4e7f_l3.png\" class=\"ql-img-inline-formula quicklatex-auto-format\" alt=\"&#92;&#109;&#97;&#116;&#104;&#98;&#98;&#123;&#82;&#125;\" title=\"Rendered by QuickLaTeX.com\" height=\"10\" width=\"11\" style=\"vertical-align: 0px;\"\/> )<br>\u03b8<sub>3<\/sub>&nbsp;&nbsp; <em>p<\/em>&nbsp;\u2208 <img loading=\"lazy\" decoding=\"async\" src=\"https:\/\/theory-of-science.com\/de\/wp-content\/ql-cache\/quicklatex.com-4aef294acd84495967a2a6ce417aa9e6_l3.png\" class=\"ql-img-inline-formula quicklatex-auto-format\" alt=\"&#92;&#99;&#97;&#108;&#32;&#70;&#85;&#78;\" title=\"Rendered by QuickLaTeX.com\" height=\"14\" width=\"37\" style=\"vertical-align: -1px;\"\/> ( <em>W<\/em> : <img loading=\"lazy\" decoding=\"async\" src=\"https:\/\/theory-of-science.com\/de\/wp-content\/ql-cache\/quicklatex.com-dcfbb8f1c868d0756e2be1a8d16e4e7f_l3.png\" class=\"ql-img-inline-formula quicklatex-auto-format\" alt=\"&#92;&#109;&#97;&#116;&#104;&#98;&#98;&#123;&#82;&#125;\" title=\"Rendered by QuickLaTeX.com\" height=\"10\" width=\"11\" style=\"vertical-align: 0px;\"\/> )<br>\u03b8<sub>4<\/sub>&nbsp; <em>U<\/em>&nbsp;\u2208 <img loading=\"lazy\" decoding=\"async\" src=\"https:\/\/theory-of-science.com\/de\/wp-content\/ql-cache\/quicklatex.com-4aef294acd84495967a2a6ce417aa9e6_l3.png\" class=\"ql-img-inline-formula quicklatex-auto-format\" alt=\"&#92;&#99;&#97;&#108;&#32;&#70;&#85;&#78;\" title=\"Rendered by QuickLaTeX.com\" height=\"14\" width=\"37\" style=\"vertical-align: -1px;\"\/> ( <em>H<\/em> \u00d7 <img loading=\"lazy\" decoding=\"async\" src=\"https:\/\/theory-of-science.com\/de\/wp-content\/ql-cache\/quicklatex.com-dcfbb8f1c868d0756e2be1a8d16e4e7f_l3.png\" class=\"ql-img-inline-formula quicklatex-auto-format\" alt=\"&#92;&#109;&#97;&#116;&#104;&#98;&#98;&#123;&#82;&#125;\" title=\"Rendered by QuickLaTeX.com\" height=\"10\" width=\"11\" style=\"vertical-align: 0px;\"\/> <sup>| <em>W<\/em> |<\/sup> : <img loading=\"lazy\" decoding=\"async\" src=\"https:\/\/theory-of-science.com\/de\/wp-content\/ql-cache\/quicklatex.com-dcfbb8f1c868d0756e2be1a8d16e4e7f_l3.png\" class=\"ql-img-inline-formula quicklatex-auto-format\" alt=\"&#92;&#109;&#97;&#116;&#104;&#98;&#98;&#123;&#82;&#125;\" title=\"Rendered by QuickLaTeX.com\" height=\"10\" width=\"11\" style=\"vertical-align: 0px;\"\/> )<\/p>\n\n\n\n<p><strong>Definitionen<\/strong><br><em>B<\/em> [ <em>H<\/em>, <em>W<\/em>, <em>g<\/em> ] ist die Tauschbegrenzung<br><em>B<\/em> [ <em>H<\/em>, <em>W<\/em>, <em>g<\/em> ] = { <em>g <\/em><sup>*<\/sup> \/&nbsp;<em>g <\/em><sup>*<\/sup>&nbsp;\u2208&nbsp;<img loading=\"lazy\" decoding=\"async\" src=\"https:\/\/theory-of-science.com\/de\/wp-content\/ql-cache\/quicklatex.com-4aef294acd84495967a2a6ce417aa9e6_l3.png\" class=\"ql-img-inline-formula quicklatex-auto-format\" alt=\"&#92;&#99;&#97;&#108;&#32;&#70;&#85;&#78;\" title=\"Rendered by QuickLaTeX.com\" height=\"14\" width=\"37\" style=\"vertical-align: -1px;\"\/> ( <em>H<\/em>&nbsp;\u00d7 <em>W<\/em> : <img loading=\"lazy\" decoding=\"async\" src=\"https:\/\/theory-of-science.com\/de\/wp-content\/ql-cache\/quicklatex.com-dcfbb8f1c868d0756e2be1a8d16e4e7f_l3.png\" class=\"ql-img-inline-formula quicklatex-auto-format\" alt=\"&#92;&#109;&#97;&#116;&#104;&#98;&#98;&#123;&#82;&#125;\" title=\"Rendered by QuickLaTeX.com\" height=\"10\" width=\"11\" style=\"vertical-align: 0px;\"\/> ) \u2227&nbsp;\u2200 <em>w<\/em>&nbsp;\u2208 <em>W<\/em> ( \u03a3<sub><em>h<\/em>&nbsp;\u2208 <em>H<\/em><\/sub> <em>g <\/em><sup>*<\/sup> ( <em>h<\/em>, <em>w<\/em> )&nbsp;\u2264&nbsp;\u03a3<sub><em>h<\/em>&nbsp;\u2208 <em>H<\/em><\/sub> <em>g <\/em>( <em>h<\/em>, <em>w<\/em> ) )&nbsp;\u2227&nbsp;\u2200 <em>h<\/em>&nbsp;\u2208 <em>H<\/em> ( \u03a3<sub><em>w<\/em>&nbsp;\u2208 <em>W<\/em><\/sub> ( <em>p<\/em> ( <em>w<\/em> )&nbsp;\u22c5 (&nbsp;<em>g <\/em><sup>*<\/sup> ( <em>h<\/em>, <em>w<\/em> ) &#8211; <em>g <\/em>( <em>h<\/em>, <em>w<\/em> ) ) ) = 0 ) }.<\/p>\n\n\n\n<p><strong>Hypothesen<\/strong><br><em>H<\/em><sub>1<\/sub>&nbsp;&nbsp; <em>E<\/em>&nbsp;\u2286 <em>B<\/em> [ <em>H<\/em>, <em>W<\/em>, <em>g<\/em> ]<br><em>H<\/em><sub>2<\/sub>&nbsp;&nbsp;&nbsp;\u2200&nbsp;<em>g <\/em><sup>*<\/sup> (&nbsp;<em>g <\/em><sup>*<\/sup>&nbsp;\u2208 <em>E<\/em>&nbsp;\u2192&nbsp;\u2200 <em>h<\/em>&nbsp;\u2208 <em>H<\/em>&nbsp;\u2200 <em>g <\/em><sup>*<\/sup>&nbsp;\u2208 <em>B <\/em>[ <em>H<\/em>, <em>W<\/em>, <em>g<\/em> ] ( <em>U<\/em> ( <em>h<\/em>,&nbsp;<em>g <\/em><sup>*<\/sup> ( <em>h<\/em>, 1 ), &#8230;, <em>g <\/em><sup>*<\/sup> ( <em>h<\/em>,&nbsp;<em>m<\/em> ) )&nbsp;\u2264 <em>U<\/em> ( <em>h<\/em>, <em>g<\/em>&nbsp; ( <em>h<\/em>, 1 ), &#8230;, <em>g<\/em> ( <em>h<\/em>, <em>m<\/em> ) ) ) )<br><em>H<\/em><sub>3<\/sub>&nbsp;&nbsp; <em>E<\/em>&nbsp;\u2260 <img loading=\"lazy\" decoding=\"async\" src=\"https:\/\/theory-of-science.com\/de\/wp-content\/ql-cache\/quicklatex.com-54833ab836cd28d9f1e2a624abe97b08_l3.png\" class=\"ql-img-inline-formula quicklatex-auto-format\" alt=\"&#92;&#101;&#109;&#112;&#116;&#121;&#115;&#101;&#116;\" title=\"Rendered by QuickLaTeX.com\" height=\"14\" width=\"7\" style=\"vertical-align: -2px;\"\/><\/p>\n\n\n\n<p><strong>Modelle<\/strong><br><em>x<\/em> ist ein Modell der reinen Tauschwirtschaft <strong>M(\u00d6KO)<\/strong> gdw es Mengen <em>H<\/em>, <em>W<\/em>, <img loading=\"lazy\" decoding=\"async\" src=\"https:\/\/theory-of-science.com\/de\/wp-content\/ql-cache\/quicklatex.com-4be6aa5c861ec4e62a3dfaebc88c1784_l3.png\" class=\"ql-img-inline-formula quicklatex-auto-format\" alt=\"&#92;&#109;&#97;&#116;&#104;&#98;&#98;&#123;&#78;&#125;\" title=\"Rendered by QuickLaTeX.com\" height=\"10\" width=\"11\" style=\"vertical-align: 0px;\"\/>, <img loading=\"lazy\" decoding=\"async\" src=\"https:\/\/theory-of-science.com\/de\/wp-content\/ql-cache\/quicklatex.com-dcfbb8f1c868d0756e2be1a8d16e4e7f_l3.png\" class=\"ql-img-inline-formula quicklatex-auto-format\" alt=\"&#92;&#109;&#97;&#116;&#104;&#98;&#98;&#123;&#82;&#125;\" title=\"Rendered by QuickLaTeX.com\" height=\"10\" width=\"11\" style=\"vertical-align: 0px;\"\/>, <em>g<\/em>, <em>p<\/em>, <em>U<\/em>, <em>E<\/em> gibt, so dass gilt:<\/p>\n\n\n\n<p style=\"padding-left:30px;\"><em>x<\/em> =&nbsp;\u2329&nbsp;<em>H<\/em>, <em>W<\/em>, <img loading=\"lazy\" decoding=\"async\" src=\"https:\/\/theory-of-science.com\/de\/wp-content\/ql-cache\/quicklatex.com-4be6aa5c861ec4e62a3dfaebc88c1784_l3.png\" class=\"ql-img-inline-formula quicklatex-auto-format\" alt=\"&#92;&#109;&#97;&#116;&#104;&#98;&#98;&#123;&#78;&#125;\" title=\"Rendered by QuickLaTeX.com\" height=\"10\" width=\"11\" style=\"vertical-align: 0px;\"\/>, <img loading=\"lazy\" decoding=\"async\" src=\"https:\/\/theory-of-science.com\/de\/wp-content\/ql-cache\/quicklatex.com-dcfbb8f1c868d0756e2be1a8d16e4e7f_l3.png\" class=\"ql-img-inline-formula quicklatex-auto-format\" alt=\"&#92;&#109;&#97;&#116;&#104;&#98;&#98;&#123;&#82;&#125;\" title=\"Rendered by QuickLaTeX.com\" height=\"10\" width=\"11\" style=\"vertical-align: 0px;\"\/>, <em>g<\/em>, <em>p<\/em>, <em>U<\/em>, <em>E<\/em> \u232a<\/p>\n\n\n\n<p>und die Relationen und Funktionen <em>g<\/em>, <em>p<\/em>, <em>U<\/em>, <em>E<\/em> haben die Typen \u03b8<sub>1<\/sub>, &#8230;, \u03b8<sub>4<\/sub> und die Hypothesen <em>H<\/em><sub>1<\/sub> ( <em>H<\/em>, <em>W<\/em>, <img loading=\"lazy\" decoding=\"async\" src=\"https:\/\/theory-of-science.com\/de\/wp-content\/ql-cache\/quicklatex.com-4be6aa5c861ec4e62a3dfaebc88c1784_l3.png\" class=\"ql-img-inline-formula quicklatex-auto-format\" alt=\"&#92;&#109;&#97;&#116;&#104;&#98;&#98;&#123;&#78;&#125;\" title=\"Rendered by QuickLaTeX.com\" height=\"10\" width=\"11\" style=\"vertical-align: 0px;\"\/>, <img loading=\"lazy\" decoding=\"async\" src=\"https:\/\/theory-of-science.com\/de\/wp-content\/ql-cache\/quicklatex.com-dcfbb8f1c868d0756e2be1a8d16e4e7f_l3.png\" class=\"ql-img-inline-formula quicklatex-auto-format\" alt=\"&#92;&#109;&#97;&#116;&#104;&#98;&#98;&#123;&#82;&#125;\" title=\"Rendered by QuickLaTeX.com\" height=\"10\" width=\"11\" style=\"vertical-align: 0px;\"\/>, <em>g<\/em>, <em>p<\/em>, <em>U<\/em>, <em>E )<\/em>, &#8230;,&nbsp;<em>H<\/em><sub>3<\/sub> ( <em>H<\/em>, <em>W<\/em>, <img loading=\"lazy\" decoding=\"async\" src=\"https:\/\/theory-of-science.com\/de\/wp-content\/ql-cache\/quicklatex.com-4be6aa5c861ec4e62a3dfaebc88c1784_l3.png\" class=\"ql-img-inline-formula quicklatex-auto-format\" alt=\"&#92;&#109;&#97;&#116;&#104;&#98;&#98;&#123;&#78;&#125;\" title=\"Rendered by QuickLaTeX.com\" height=\"10\" width=\"11\" style=\"vertical-align: 0px;\"\/>, <img loading=\"lazy\" decoding=\"async\" src=\"https:\/\/theory-of-science.com\/de\/wp-content\/ql-cache\/quicklatex.com-dcfbb8f1c868d0756e2be1a8d16e4e7f_l3.png\" class=\"ql-img-inline-formula quicklatex-auto-format\" alt=\"&#92;&#109;&#97;&#116;&#104;&#98;&#98;&#123;&#82;&#125;\" title=\"Rendered by QuickLaTeX.com\" height=\"10\" width=\"11\" style=\"vertical-align: 0px;\"\/>, <em>g<\/em>, <em>p<\/em>, <em>U<\/em>, <em>E )<\/em> gelten in <em>x<\/em>.<\/p>\n\n\n\n<p><strong>I(\u00d6KO)<\/strong> ist die Menge der intendierten Systeme.<\/p>\n\n\n\n<p>Beispiele:<br>&#8211; Tauschgesch\u00e4fte<br>&#8211; lokale Wochenm\u00e4rkte<br>&#8211; regionale M\u00e4rkte<br>&#8211; B\u00f6rsen.<\/p>\n\n\n<ul class=\"nav nav-pills nav-justified\">\n<li><a href=\"https:\/\/theory-of-science.com\/de\/rekonstruktionen\/naturwissenschaft\/kep\/\">&lt;&lt;&lt;<\/a><\/li>\n<li><a href=\"https:\/\/theory-of-science.com\/de\/rekonstruktionen\/sozialwissenschaften\/dec\/\">&gt;&gt;&gt;<\/a><\/li>\n<\/ul>\n","protected":false},"excerpt":{"rendered":"<p>GrundmengenH&nbsp;&nbsp; Menge von Tauschgesch\u00e4ftenW&nbsp;&nbsp; Menge von Warentypen Hilfsbasismengen&nbsp;&nbsp; Menge der nat\u00fcrlichen Zahlen&nbsp;&nbsp; Menge der reellen Zahlen RelationE&nbsp;&nbsp; Menge der Gleichgewichtszust\u00e4nde Funktioneng&nbsp;&nbsp; Funktion von Warenb\u00fcndelnp&nbsp;&nbsp; PreisfunktionU&nbsp; Nutzenfunktion Definitionen| W | ist die Anzahl der Warentypen in W, | W | = n&nbsp;\u2208 | W | = n ist die Menge der | W |-dimensionalen, reellen Vektoren [&hellip;]<\/p>\n","protected":false},"author":1,"featured_media":0,"parent":458,"menu_order":1,"comment_status":"closed","ping_status":"closed","template":"page-fullwidth.php","meta":{"footnotes":""},"class_list":["post-537","page","type-page","status-publish","hentry"],"_links":{"self":[{"href":"https:\/\/theory-of-science.com\/de\/wp-json\/wp\/v2\/pages\/537","targetHints":{"allow":["GET"]}}],"collection":[{"href":"https:\/\/theory-of-science.com\/de\/wp-json\/wp\/v2\/pages"}],"about":[{"href":"https:\/\/theory-of-science.com\/de\/wp-json\/wp\/v2\/types\/page"}],"author":[{"embeddable":true,"href":"https:\/\/theory-of-science.com\/de\/wp-json\/wp\/v2\/users\/1"}],"replies":[{"embeddable":true,"href":"https:\/\/theory-of-science.com\/de\/wp-json\/wp\/v2\/comments?post=537"}],"version-history":[{"count":18,"href":"https:\/\/theory-of-science.com\/de\/wp-json\/wp\/v2\/pages\/537\/revisions"}],"predecessor-version":[{"id":4867,"href":"https:\/\/theory-of-science.com\/de\/wp-json\/wp\/v2\/pages\/537\/revisions\/4867"}],"up":[{"embeddable":true,"href":"https:\/\/theory-of-science.com\/de\/wp-json\/wp\/v2\/pages\/458"}],"wp:attachment":[{"href":"https:\/\/theory-of-science.com\/de\/wp-json\/wp\/v2\/media?parent=537"}],"curies":[{"name":"wp","href":"https:\/\/api.w.org\/{rel}","templated":true}]}}