{"id":548,"date":"2017-05-29T23:09:08","date_gmt":"2017-05-29T21:09:08","guid":{"rendered":"http:\/\/theory-of-science.com\/de\/?page_id=548"},"modified":"2021-02-09T21:22:00","modified_gmt":"2021-02-09T20:22:00","slug":"uebung-12-01","status":"publish","type":"page","link":"https:\/\/theory-of-science.com\/de\/uebungen\/abschnitt-12\/uebung-12-01\/","title":{"rendered":"\u00dc12-1: Typisierung des Systems des M\u00f6gens"},"content":{"rendered":"\n<p>Ein Modell des M\u00f6gens enth\u00e4lt eine Menge <em>J<\/em> (von Personen oder Objekten), eine Menge <em>Z<\/em> von Zeitpunkten, eine <em>sp\u00e4ter als<\/em>-Beziehung <img loading=\"lazy\" decoding=\"async\" src=\"https:\/\/theory-of-science.com\/de\/wp-content\/ql-cache\/quicklatex.com-ee61385ef547d9e8e3b9ef555fbaed53_l3.png\" class=\"ql-img-inline-formula quicklatex-auto-format\" alt=\"&#92;&#112;&#114;&#101;&#99;\" title=\"Rendered by QuickLaTeX.com\" height=\"9\" width=\"10\" style=\"vertical-align: -1px;\"\/> zwischen Zeitpunkten, und eine Menge \u00abdes M\u00f6gens\u00bb <em>mag<\/em>:<\/p>\n\n\n\n<p><\/p><p style=\"padding-left:30px;\"><em>x<\/em> =&nbsp;\u2329 <em>J<\/em>, <em>Z<\/em>, <img loading=\"lazy\" decoding=\"async\" src=\"https:\/\/theory-of-science.com\/de\/wp-content\/ql-cache\/quicklatex.com-ee61385ef547d9e8e3b9ef555fbaed53_l3.png\" class=\"ql-img-inline-formula quicklatex-auto-format\" alt=\"&#92;&#112;&#114;&#101;&#99;\" title=\"Rendered by QuickLaTeX.com\" height=\"9\" width=\"10\" style=\"vertical-align: -1px;\"\/>, <em>mag<\/em> \u232a.<\/p><p><\/p>\n\n\n\n<p>Die Relation <em>mag<\/em> wird als Funktion dargestellt. <em>mag<\/em> ordnet jedem Zeitpunkt <em>z<\/em> eine Menge von Paaren aus <em>J<\/em> zu: <em>mag<\/em> ( <em>z<\/em> ) = {&nbsp;<em> j<\/em><sub>1<\/sub>, &#8230;, <em>j<sub>n<\/sub><\/em> }; <em>mag<\/em> : <em>Z<\/em>&nbsp;\u2192 \u2118 ( <em>J<\/em>&nbsp;\u00d7 <em>J<\/em> ).<\/p>\n\n\n\n<p>Aus einer Menge <em>X<\/em> wird die Potenzmenge&nbsp;\u2118 ( <em>X<\/em> ) gebildet, indem jede Teilmenge von <em>X<\/em> genommen wird und all diese Teilmengen zu einer neuen Menge zusammengefasst werden. Ein Element der so gebildeten Potenzmenge ist also wieder eine Menge, deren Elemente aus der \u00abOriginalmenge\u00bb <em>X<\/em> stammen.&nbsp;\u2118 ( <em>X<\/em> ) ist <em>die Potenzmenge von X<\/em>.<\/p>\n\n\n\n<p>In einfachen F\u00e4llen, in denen die Menge <em>X<\/em> nur \u00abwenige\u00bb Elemente hat, wie z.B. <em>X<\/em> = { <em>a<\/em><sub>1<\/sub>, <em>a<\/em><sub>2<\/sub>, <em>a<\/em><sub>3<\/sub>, <em>a<\/em><sub>4<\/sub>, <em>a<\/em><sub>5<\/sub>, <em>a<\/em><sub>6<\/sub>,&nbsp;<em>a<\/em><sub>7<\/sub> }, sieht ein Element aus der Potenzmenge&nbsp;\u2014 also auch ein Menge&nbsp;\u2014 z.B. so { <em>a<\/em><sub>4<\/sub>, <em>a<\/em><sub>2<\/sub>, <em>a<\/em><sub>7<\/sub>,&nbsp;<em>a<\/em><sub>5<\/sub> } oder so {&nbsp;<em>a<\/em><sub>1<\/sub>, <em>a<\/em><sub>2<\/sub> } oder auch so&nbsp;{ <em>a<\/em><sub>1<\/sub>, <em>a<\/em><sub>2<\/sub>, <em>a<\/em><sub>3<\/sub>, <em>a<\/em><sub>4<\/sub>, <em>a<\/em><sub>5<\/sub>, <em>a<\/em><sub>6<\/sub>,&nbsp;<em>a<\/em><sub>7<\/sub> } aus. Wenn die Menge <em>X<\/em> viele Elemente hat, im Extremfall: unendlich viele, wird oft eine Menge durch Auslassungspunkte weitergef\u00fchrt. D.h. einige wenige Elemente werden aufgeschrieben und die restlichen durch Auslassungspunkte dargestellt, z.B. { <em>a<\/em><sub>1<\/sub>, <em>a<\/em><sub>2<\/sub>, <em>a<\/em><sub>3<\/sub>, &#8230; }. Ein Element aus der Potenzmenge wird oft auch in anderer Weise dargestellt.<\/p>\n\n\n\n<p>Ein Element <em>Y<\/em> aus der Potenzmenge von <em>X<\/em> ist immer eine Teilmenge von <em>X<\/em>. Dies wird in einem&nbsp; mengentheoretischen Satz wie folgt ausgedr\u00fcckt:<\/p>\n\n\n\n<p><\/p><p style=\"padding-left:30px;\"><em>Y<\/em> ist eine <em>Teilmenge<\/em> von <em>X<\/em>, kurz <em>Y<\/em>&nbsp;\u2286 <em>X<\/em>.<\/p><p><\/p>\n\n\n\n<p>Der Ausdruck <em>Teilmenge<\/em> wird in der Mengenlehre durch die Begriffe der Potenzmenge&nbsp;\u2118 und der Elementschaft&nbsp;\u2208 definiert. <em>Y<\/em> ist eine Teilmenge von <em>X<\/em> genau dann wenn folgendes gilt: f\u00fcr jedes Element <em>v<\/em> von <em>Y<\/em> ist <em>v<\/em> auch ein Element von <em>X:<\/em><\/p>\n\n\n\n<p><\/p><p style=\"padding-left:30px;\">\u2200&nbsp;<em>v<\/em> ( <em>v<\/em>&nbsp;\u2208 <em>Y<\/em>&nbsp;\u2192 <em>v<\/em>&nbsp;\u2208 <em>X<\/em> ).<\/p><p><\/p>\n\n\n\n<p>Wenn wir z.B. 20 Personen<\/p>\n\n\n\n<p><\/p><p style=\"padding-left:30px;\">{ <em>Peter<\/em>, <em>Udo<\/em>, <em>Uta<\/em>, <em>Klaus<\/em>, <em>Gabriele<\/em>, &#8230; }<\/p><p><\/p>\n\n\n\n<p>zu einer Menge <em>X<\/em> zusammenfassen, besteht eine Teilmenge <em>Y<\/em> von <em>X<\/em> aus einigen dieser Personen, z.B. aus { <em>Udo<\/em>, <em>Gabriele<\/em>, <em>Klaus<\/em> }. Die oben formulierte Definition f\u00fcr \u00abTeilmenge\u00bb l\u00e4sst sich in diesem Fall leicht verifizieren: <em>Udo<\/em> geh\u00f6rt zur Teilmenge und zur Gesamtmenge <em>X<\/em>, <em>Gabriele<\/em> geh\u00f6rt zur Teilmenge und zu <em>X<\/em> und <em>Klaus<\/em> geh\u00f6rt zur Teilmenge und zur Gesamtmenge <em>X<\/em>.<\/p>\n\n\n\n<p><strong>a)<\/strong> Zeichnen Sie eine Menge als Rechteck und zeichnen Sie f\u00fcnf Figuren ein, die alle im Rechteck liegen, aber verschiedene Formen haben.<\/p>\n\n\n\n<p><strong>b)<\/strong> Bilden Sie die Potenzmenge&nbsp;\u2118 ( <em>X<\/em> ) von <em>X<\/em> = { 1, 2, 3, 4 }.<\/p>\n\n\n\n<p><strong>c)<\/strong> Beschreiben Sie die zweistellige Relation&nbsp;<img loading=\"lazy\" decoding=\"async\" src=\"https:\/\/theory-of-science.com\/de\/wp-content\/ql-cache\/quicklatex.com-ee61385ef547d9e8e3b9ef555fbaed53_l3.png\" class=\"ql-img-inline-formula quicklatex-auto-format\" alt=\"&#92;&#112;&#114;&#101;&#99;\" title=\"Rendered by QuickLaTeX.com\" height=\"9\" width=\"10\" style=\"vertical-align: -1px;\"\/> mengentheoretisch.<\/p>\n\n\n\n<p><strong>d)<\/strong> Zeichnen Sie eine Raute, deren horizontale Strecken gleich lang sind. Die horizontale, untere und die \u00ablinke\u00bb Strecke bezeichnen Sie beide mit <em>J<\/em>. Die Raute enth\u00e4lt also Paare&nbsp;\u2329&nbsp;<em> j<\/em><sub>1<\/sub>, <em>j<\/em><sub>2<\/sub> \u232a,&nbsp;<em>j<\/em><sub>1<\/sub>&nbsp;\u2208 <em>J<\/em> und <em>j<\/em><sub>2<\/sub>&nbsp;\u2208 <em>J<\/em>. Zeichnen Sie eine ellipsenartige Figur in die Raute ein. Interpretieren Sie die Paare aus dieser Figur in normaler Sprache.&nbsp;<em>j<\/em><sub>1<\/sub> und&nbsp;<em>j<\/em><sub>2<\/sub> sind z.B. die Personen <em>Uta<\/em> und <em>Udo<\/em>. Wie w\u00fcrden Sie die ellipsenartige Figur mit der Beziehung des M\u00f6gens in Verbindungen bringen?<\/p>\n\n\n\n<p><strong>e)<\/strong> Zeichnen Sie \u00fcber der Raute eine zweite identische Raute ein. Zeichnen Sie in der oberen Raute eine etwas andere Form der Ellipse ein. Zeichnen Sie auf der linken Seite Ihrer Zeichnung einen vertikalen, nach oben zeigenden Pfeil ein. Interpretieren Sie diesen Pfeil und die Ver\u00e4nderung der ellipsenartigen Figuren.<br><\/p>\n\n\n<ul class=\"nav nav-pills nav-justified\">\n<li><a href=\"https:\/\/theory-of-science.com\/de\/uebungen\/abschnitt-11\/uebung-11-06\/\">&lt;&lt;&lt;<\/a><\/li>\n<li><a href=\"https:\/\/theory-of-science.com\/de\/uebungen\/abschnitt-12\/uebung-12-02\/\">&gt;&gt;&gt;<\/a><\/li>\n<\/ul>\n","protected":false},"excerpt":{"rendered":"<p>Ein Modell des M\u00f6gens enth\u00e4lt eine Menge J (von Personen oder Objekten), eine Menge Z von Zeitpunkten, eine sp\u00e4ter als-Beziehung zwischen Zeitpunkten, und eine Menge \u00abdes M\u00f6gens\u00bb mag: x =&nbsp;\u2329 J, Z, , mag \u232a. Die Relation mag wird als Funktion dargestellt. mag ordnet jedem Zeitpunkt z eine Menge von Paaren aus J zu: mag [&hellip;]<\/p>\n","protected":false},"author":1,"featured_media":0,"parent":67,"menu_order":1,"comment_status":"closed","ping_status":"closed","template":"page-fullwidth.php","meta":{"footnotes":""},"class_list":["post-548","page","type-page","status-publish","hentry"],"_links":{"self":[{"href":"https:\/\/theory-of-science.com\/de\/wp-json\/wp\/v2\/pages\/548","targetHints":{"allow":["GET"]}}],"collection":[{"href":"https:\/\/theory-of-science.com\/de\/wp-json\/wp\/v2\/pages"}],"about":[{"href":"https:\/\/theory-of-science.com\/de\/wp-json\/wp\/v2\/types\/page"}],"author":[{"embeddable":true,"href":"https:\/\/theory-of-science.com\/de\/wp-json\/wp\/v2\/users\/1"}],"replies":[{"embeddable":true,"href":"https:\/\/theory-of-science.com\/de\/wp-json\/wp\/v2\/comments?post=548"}],"version-history":[{"count":9,"href":"https:\/\/theory-of-science.com\/de\/wp-json\/wp\/v2\/pages\/548\/revisions"}],"predecessor-version":[{"id":4623,"href":"https:\/\/theory-of-science.com\/de\/wp-json\/wp\/v2\/pages\/548\/revisions\/4623"}],"up":[{"embeddable":true,"href":"https:\/\/theory-of-science.com\/de\/wp-json\/wp\/v2\/pages\/67"}],"wp:attachment":[{"href":"https:\/\/theory-of-science.com\/de\/wp-json\/wp\/v2\/media?parent=548"}],"curies":[{"name":"wp","href":"https:\/\/api.w.org\/{rel}","templated":true}]}}