{"id":550,"date":"2017-05-29T23:09:28","date_gmt":"2017-05-29T21:09:28","guid":{"rendered":"http:\/\/theory-of-science.com\/de\/?page_id=550"},"modified":"2021-02-04T16:22:29","modified_gmt":"2021-02-04T15:22:29","slug":"uebung-12-02","status":"publish","type":"page","link":"https:\/\/theory-of-science.com\/de\/uebungen\/abschnitt-12\/uebung-12-02\/","title":{"rendered":"\u00dc12-2: Potenzmenge, inhaltlich"},"content":{"rendered":"\n<p>Wir gehen von einer Menge von Personen \u00ab<em>Peter<\/em>, <em>Maria<\/em>, <em>Udo<\/em>, <em>Uta<\/em>, <em>Heinz<\/em>, <em>Gabriele\u00bb<\/em> aus:<\/p>\n\n\n\n<p style=\"padding-left:30px;\"><em>X<\/em> = {&nbsp;<em>Peter<\/em>, <em>Maria<\/em>, <em>Udo<\/em>, <em>Uta<\/em>, <em>Heinz<\/em>, <em>Gabriele<\/em> }.<\/p>\n\n\n\n<p>Aus dieser Menge kann in zwei Schritten eine Menge&nbsp;\u2118 ( <em>X<\/em>&nbsp;\u00d7 <em>X<\/em> ) konstruiert werden, die <em>alle<\/em> M\u00f6glichkeiten von Zweierbeziehungen zwischen diesen Personen enth\u00e4lt.<\/p>\n\n\n\n<p>Formal ist ein Element <em>U<\/em> der Potenzmenge&nbsp;\u2118 ( <em>X<\/em>&nbsp;\u00d7 <em>X<\/em> ) zun\u00e4chst eine Menge. Andererseits ist <em>U<\/em> auch wieder eine Menge, aber eine Menge einer bestimmten Art. Jedes Element aus <em>U<\/em> hat die Form&nbsp;\u2329 <em>u<\/em>, <em>v<\/em> \u232a.<\/p>\n\n\n\n<p>Im Beispiel ist etwa <em>U<\/em> die Menge {&nbsp;\u2329 <em>Udo<\/em>, <em>Uta<\/em> \u232a,&nbsp;\u2329 <em>Maria<\/em>, <em>Peter<\/em> \u232a,&nbsp;\u2329 <em>Heinz<\/em>, <em>Gabriele&nbsp; <\/em>\u232a} dieser Paare. Inhaltlich bedeutet dies, dass die Menge <em>U<\/em> eine bestimmte M\u00f6glichkeit des M\u00f6gens beschreibt. Bei dieser M\u00f6glichkeit gibt es genau drei Beziehungen, n\u00e4mlich: <em>Udo<\/em> mag <em>Uta<\/em>, <em>Maria<\/em> mag <em>Peter<\/em> und <em>Heinz<\/em> mag <em>Gabriele<\/em>. Alle anderen Personen aus dieser Menge m\u00f6gen keine weiteren Personen. In einer anderen M\u00f6glichkeit <em>V<\/em> aus der Potenzmenge, k\u00f6nnte <em>V<\/em> nur folgende Paare enthalten: <em>Udo<\/em> mag <em>Uta<\/em> und <em>Peter<\/em> mag <em>Gabriele<\/em>.<\/p>\n\n\n\n<p>Aus diesen 6 Personen lassen sich viele verschiedene M\u00f6glichkeiten beschreiben, je nachdem wie sich \u00abdas M\u00f6gen\u00bb dieser Personen gerade darstellt. Die Struktur des \u00abM\u00f6gens\u00bb insgesamt enth\u00e4lt aber alle verschiedenen M\u00f6glichkeiten, wie sich Beziehung in einer Personenmenge gestalten k\u00f6nnen.<\/p>\n\n\n\n<p><strong>a)<\/strong> Schreiben Sie die Menge&nbsp;\u2118 ( <em>X<\/em>&nbsp;\u00d7 <em>X<\/em> ) im Detail auf, wenn sich die Menge <em>X<\/em> folgenderma\u00dfen darstellt: <em>X<\/em> = { <em>A<\/em>, <em>B<\/em>, <em>C<\/em>, <em>D<\/em> }.<\/p>\n\n\n\n<p><strong>b)<\/strong> Bilden Sie zwei verschiedene Mengen von Personenpaaren, welche auch inhaltlich verschieden sind. In der ersten Menge soll ausgeschlossen sein, dass <em>P<\/em><sub>1<\/sub>&nbsp;<em>P<\/em><sub>2<\/sub> <em>mag<\/em> und&nbsp;<em>P<\/em><sub>2<\/sub>&nbsp;<em>P<\/em><sub>3<\/sub> <em>mag<\/em>, aber&nbsp;<em>P<\/em><sub>1<\/sub>&nbsp;<em>P<\/em><sub>3<\/sub> <em>nicht mag<\/em>. In der zweiten Mengen ist dagegen zugelassen, dass&nbsp;<em>P<\/em><sub>1<\/sub> sich selbst <em>mag<\/em>:&nbsp;<em>P<\/em><sub>1<\/sub> <em>mag<\/em> <em>P<\/em><sub>1<\/sub>.<\/p>\n\n\n\n<p><strong>c)<\/strong> Formulieren f\u00fcr die beiden Mengen von Personenpaaren in a) zwei Hypothesen, durch die sich die beiden M\u00f6glichkeiten des M\u00f6gens formal auseinander halten lassen.<br><\/p>\n\n\n<ul class=\"nav nav-pills nav-justified\">\n<li><a href=\"https:\/\/theory-of-science.com\/de\/uebungen\/abschnitt-12\/uebung-12-01\/\">&lt;&lt;&lt;<\/a><\/li>\n<li><a href=\"https:\/\/theory-of-science.com\/de\/uebungen\/abschnitt-12\/uebung-12-03\/\">&gt;&gt;&gt;<\/a><\/li>\n<\/ul>\n","protected":false},"excerpt":{"rendered":"<p>Wir gehen von einer Menge von Personen \u00abPeter, Maria, Udo, Uta, Heinz, Gabriele\u00bb aus: X = {&nbsp;Peter, Maria, Udo, Uta, Heinz, Gabriele }. Aus dieser Menge kann in zwei Schritten eine Menge&nbsp;\u2118 ( X&nbsp;\u00d7 X ) konstruiert werden, die alle M\u00f6glichkeiten von Zweierbeziehungen zwischen diesen Personen enth\u00e4lt. Formal ist ein Element U der Potenzmenge&nbsp;\u2118 ( [&hellip;]<\/p>\n","protected":false},"author":1,"featured_media":0,"parent":67,"menu_order":2,"comment_status":"closed","ping_status":"closed","template":"page-fullwidth.php","meta":{"footnotes":""},"class_list":["post-550","page","type-page","status-publish","hentry"],"_links":{"self":[{"href":"https:\/\/theory-of-science.com\/de\/wp-json\/wp\/v2\/pages\/550","targetHints":{"allow":["GET"]}}],"collection":[{"href":"https:\/\/theory-of-science.com\/de\/wp-json\/wp\/v2\/pages"}],"about":[{"href":"https:\/\/theory-of-science.com\/de\/wp-json\/wp\/v2\/types\/page"}],"author":[{"embeddable":true,"href":"https:\/\/theory-of-science.com\/de\/wp-json\/wp\/v2\/users\/1"}],"replies":[{"embeddable":true,"href":"https:\/\/theory-of-science.com\/de\/wp-json\/wp\/v2\/comments?post=550"}],"version-history":[{"count":8,"href":"https:\/\/theory-of-science.com\/de\/wp-json\/wp\/v2\/pages\/550\/revisions"}],"predecessor-version":[{"id":4458,"href":"https:\/\/theory-of-science.com\/de\/wp-json\/wp\/v2\/pages\/550\/revisions\/4458"}],"up":[{"embeddable":true,"href":"https:\/\/theory-of-science.com\/de\/wp-json\/wp\/v2\/pages\/67"}],"wp:attachment":[{"href":"https:\/\/theory-of-science.com\/de\/wp-json\/wp\/v2\/media?parent=550"}],"curies":[{"name":"wp","href":"https:\/\/api.w.org\/{rel}","templated":true}]}}