{"id":611,"date":"2017-05-30T07:30:09","date_gmt":"2017-05-30T05:30:09","guid":{"rendered":"http:\/\/theory-of-science.com\/de\/?page_id=611"},"modified":"2019-03-18T12:04:42","modified_gmt":"2019-03-18T11:04:42","slug":"uebung-14-02","status":"publish","type":"page","link":"https:\/\/theory-of-science.com\/de\/uebungen\/abschnitt-14\/uebung-14-02\/","title":{"rendered":"\u00dc14-2: Gr\u00f6\u00dfenvergleich von endlichen Mengen"},"content":{"rendered":"<p>Menge <em>X<\/em> ist <em>gr\u00f6\u00dfer als<\/em> Menge <em>Y<\/em> gdw gilt:<\/p>\n<p style=\"padding-left: 30px;\">F\u00fcr alle <em>x<\/em>\u00a0\u2208 <em>X<\/em> gilt <em>x<\/em>\u00a0\u2208 <em>Y<\/em> und<br \/>\nes gibt Elemente <em>y<\/em>\u00a0\u2208 <em>Y<\/em>, so dass <em>y<\/em> kein Element von <em>X<\/em> ist.<\/p>\n<p>Sei <em>X<\/em> eine endliche Menge und <em>f<\/em> : <em>X<\/em>\u00a0\u2192\u00a0<img loading=\"lazy\" decoding=\"async\" src=\"https:\/\/theory-of-science.com\/de\/wp-content\/ql-cache\/quicklatex.com-4be6aa5c861ec4e62a3dfaebc88c1784_l3.png\" class=\"ql-img-inline-formula quicklatex-auto-format\" alt=\"&#92;&#109;&#97;&#116;&#104;&#98;&#98;&#123;&#78;&#125;\" title=\"Rendered by QuickLaTeX.com\" height=\"10\" width=\"11\" style=\"vertical-align: 0px;\"\/> eine injektive Funktion, so dass folgende Bedingung erf\u00fcllt ist:<\/p>\n<table  class=\" table table-hover\" style=\"border: none;\">\n<tbody>\n<tr>\n<td style=\"width: 2.34001%; border: none;\"><\/td>\n<td style=\"width: 62.3266%; border: none;\">Wenn <em>x<\/em><sub>1<\/sub>, <em>x<\/em><sub>2<\/sub>\u00a0\u2208 <em>X<\/em> und <em>n<\/em>\u00a0\u2208\u00a0<img loading=\"lazy\" decoding=\"async\" src=\"https:\/\/theory-of-science.com\/de\/wp-content\/ql-cache\/quicklatex.com-4be6aa5c861ec4e62a3dfaebc88c1784_l3.png\" class=\"ql-img-inline-formula quicklatex-auto-format\" alt=\"&#92;&#109;&#97;&#116;&#104;&#98;&#98;&#123;&#78;&#125;\" title=\"Rendered by QuickLaTeX.com\" height=\"10\" width=\"11\" style=\"vertical-align: 0px;\"\/> und <em>f<\/em> ( <em>x<\/em><sub>1<\/sub> ) &lt; <em>n<\/em> &lt; <em>f<\/em> ( <em>x<\/em><sub>2<\/sub> ), dann gibt es <em>x<\/em><sub>3<\/sub>\u00a0\u2208 <em>X<\/em> mit <em>f<\/em> ( <em>x<\/em><sub>1<\/sub> ) &lt; <em>f<\/em> ( <em>x<\/em><sub>3<\/sub> ) &lt; <em>f<\/em> ( <em>x<\/em><sub>2<\/sub> ).<\/td>\n<td style=\"width: 35.3333%; border: none;\">(1)<\/td>\n<\/tr>\n<\/tbody>\n<\/table>\n<p>Die <em>Gr\u00f6\u00dfe<\/em> (oder die <em>Kardinalit\u00e4t<\/em>) einer endlichen Menge <em>X<\/em> kann so definiert werden:<\/p>\n<p style=\"padding-left: 30px;\"><em>m<\/em> ist die Gr\u00f6\u00dfe von <em>X<\/em> gdw es eine injektive Funktion<br \/>\n<em>f<\/em> : <em>X<\/em>\u00a0\u2192\u00a0<img loading=\"lazy\" decoding=\"async\" src=\"https:\/\/theory-of-science.com\/de\/wp-content\/ql-cache\/quicklatex.com-4be6aa5c861ec4e62a3dfaebc88c1784_l3.png\" class=\"ql-img-inline-formula quicklatex-auto-format\" alt=\"&#92;&#109;&#97;&#116;&#104;&#98;&#98;&#123;&#78;&#125;\" title=\"Rendered by QuickLaTeX.com\" height=\"10\" width=\"11\" style=\"vertical-align: 0px;\"\/> gibt, die Bedingung (1) oben erf\u00fcllt und f\u00fcr die<br \/>\ngilt\u00a0\u2203 <em>x<\/em>\u00a0\u2208 <em>X<\/em> ( <em>f<\/em> ( <em>x<\/em> ) = 0 ) und\u00a0\u2203 <em>y<\/em>\u00a0\u2208 <em>X<\/em> ( <em>f<\/em> ( <em>y<\/em> ) = <em>m<\/em> ).<\/p>\n<p>Die Gr\u00f6\u00dfe von <em>X<\/em> wird durch \u2135 ( <em>X<\/em> ) oder durch || <em>X<\/em> || abgek\u00fcrzt. Seien <em>X<\/em> und <em>Y<\/em> endliche Mengen. Die Menge <em>X<\/em> \\ <em>Y<\/em> wird wie folgt definiert.<\/p>\n<p style=\"padding-left: 30px;\">F\u00fcr alle <em>x<\/em> gilt: <em>x<\/em>\u00a0\u2208 <em>X<\/em> \\ <em>Y<\/em> gdw <em>x<\/em>\u00a0\u2208 <em>X<\/em>\u00a0\u2227\u00a0\u00ac ( <em>x<\/em>\u00a0\u2208 <em>Y<\/em> ).<\/p>\n<p><strong>a)<\/strong> Definieren Sie, was es hei\u00dft, dass eine Menge <em>X<\/em> <em>kleiner als<\/em> eine Menge <em>Y<\/em> ist.<\/p>\n<p><strong>b)<\/strong> Formalisieren Sie mengentheoretisch, dass <em>X<\/em> <em>gr\u00f6\u00dfer als<\/em> <em>Y<\/em> ist und genauso, dass <em>X<\/em> <em>kleiner als<\/em> <em>Y<\/em> ist. Verwenden Sie dabei die Symbole\u00a0\u2282 und \u2283.<\/p>\n<p><strong>c)<\/strong> Beweisen Sie: aus <em>X<\/em>\u00a0\u2282 <em>Y<\/em> folgt\u00a0\u00ac ( <em>Y<\/em>\u00a0\u2282 <em>X<\/em> ).<\/p>\n<p><strong>d)<\/strong> Gilt der Satz ( <em>X<\/em>\u00a0\u2282 <em>Y<\/em> )\u00a0\u2228 ( <em>Y<\/em>\u00a0\u2282 <em>X<\/em> ) mengentheoretisch immer?<\/p>\n<p><strong>e)<\/strong> Zeichnen Sie die Funktion <em>f<\/em> (oben), wenn <em>X<\/em> genau 5 Elemente hat. Zeichnen Sie eine weitere Menge <em>Y<\/em>, die mit <em>X<\/em> disjunkt ist. Zeigen Sie, dass \u2135 ( <em>X<\/em>\u00a0\u222a <em>Y<\/em> ) = \u2135 ( <em>X<\/em> ) + \u2135 ( <em>Y<\/em> ).<\/p>\n<p><strong>f)<\/strong> Nehmen Sie die Mengen <em>X<\/em> = { <em>a<\/em>, <em>b<\/em>, <em>c<\/em> } und <em>Y<\/em> = { 1, 2, 3, 4 } und beschreiben Sie die Menge <em>X<\/em> \\ <em>Y<\/em> nur mit \u2208,\u00a0\u2227 und \u00ac.<\/p>\n<p><strong>g)<\/strong> Stellen Sie die Ungleichung || <em>X<\/em> \\ ( <em>X<\/em>\u00a0\u2229 <em>Y<\/em> ) || &lt; || <em>X<\/em>\u00a0\u222a <em>Y<\/em> || graphisch dar.<br \/>\n<ul class=\"nav nav-pills nav-justified\">\n<li><a href=\"https:\/\/theory-of-science.com\/de\/uebungen\/abschnitt-14\/uebung-14-01\/\">&lt;&lt;&lt;<\/a><\/li>\n<li><a href=\"https:\/\/theory-of-science.com\/de\/uebungen\/abschnitt-14\/uebung-14-03\/\">&gt;&gt;&gt;<\/a><\/li>\n<\/ul>\n","protected":false},"excerpt":{"rendered":"<p>Menge X ist gr\u00f6\u00dfer als Menge Y gdw gilt: F\u00fcr alle x\u00a0\u2208 X gilt x\u00a0\u2208 Y und es gibt Elemente y\u00a0\u2208 Y, so dass y kein Element von X ist. Sei X eine endliche Menge und f : X\u00a0\u2192\u00a0 eine injektive Funktion, so dass folgende Bedingung erf\u00fcllt ist: Wenn x1, x2\u00a0\u2208 X und n\u00a0\u2208\u00a0 und [&hellip;]<\/p>\n","protected":false},"author":1,"featured_media":0,"parent":73,"menu_order":2,"comment_status":"closed","ping_status":"closed","template":"page-fullwidth.php","meta":{"footnotes":""},"class_list":["post-611","page","type-page","status-publish","hentry"],"_links":{"self":[{"href":"https:\/\/theory-of-science.com\/de\/wp-json\/wp\/v2\/pages\/611","targetHints":{"allow":["GET"]}}],"collection":[{"href":"https:\/\/theory-of-science.com\/de\/wp-json\/wp\/v2\/pages"}],"about":[{"href":"https:\/\/theory-of-science.com\/de\/wp-json\/wp\/v2\/types\/page"}],"author":[{"embeddable":true,"href":"https:\/\/theory-of-science.com\/de\/wp-json\/wp\/v2\/users\/1"}],"replies":[{"embeddable":true,"href":"https:\/\/theory-of-science.com\/de\/wp-json\/wp\/v2\/comments?post=611"}],"version-history":[{"count":10,"href":"https:\/\/theory-of-science.com\/de\/wp-json\/wp\/v2\/pages\/611\/revisions"}],"predecessor-version":[{"id":3674,"href":"https:\/\/theory-of-science.com\/de\/wp-json\/wp\/v2\/pages\/611\/revisions\/3674"}],"up":[{"embeddable":true,"href":"https:\/\/theory-of-science.com\/de\/wp-json\/wp\/v2\/pages\/73"}],"wp:attachment":[{"href":"https:\/\/theory-of-science.com\/de\/wp-json\/wp\/v2\/media?parent=611"}],"curies":[{"name":"wp","href":"https:\/\/api.w.org\/{rel}","templated":true}]}}