{"id":623,"date":"2017-05-30T07:32:53","date_gmt":"2017-05-30T05:32:53","guid":{"rendered":"http:\/\/theory-of-science.com\/de\/?page_id=623"},"modified":"2021-02-04T16:40:37","modified_gmt":"2021-02-04T15:40:37","slug":"uebung-14-08","status":"publish","type":"page","link":"https:\/\/theory-of-science.com\/de\/uebungen\/abschnitt-14\/uebung-14-08\/","title":{"rendered":"\u00dc14-8: Gr\u00f6\u00dfe von Hilfsbasismengen"},"content":{"rendered":"\n<p>In der im Buch beschriebenen einfachsten Variante eines Modells der demokratischen Wahl sind zwei Grundmengen wichtig: 1) die Menge der W\u00e4hler <em>W<\/em> und 2) die Menge der Kandidaten <em>K<\/em>. Im Buch gibt es idealisierend nur zwei Kandidaten. Realistisch gesehen gibt es mehr als zwei. Zus\u00e4tzlich gibt es zwei weitere Abstimmungsm\u00f6glichkeiten. Ein W\u00e4hler kann ung\u00fcltig w\u00e4hlen oder er kann gar nicht w\u00e4hlen. Wir bezeichnen diese zwei M\u00f6glichkeiten aus Vereinfachungsgr\u00fcnden ebenfalls als \u00abKandidaten\u00bb. Statt von zwei Kandidaten w\u00e4re es formal also besser von mindestens vier \u00abKandidaten\u00bb auszugehen.<\/p>\n\n\n\n<p>In der Beschreibung des Modells spielt ein Wahrscheinlichkeitsraum (W-Raum) eine zentrale Rolle. Wie im Buch er\u00f6rtert, gibt es verschiedene M\u00f6glichkeiten den W-Raum zu konstruieren. Bei der direktesten Variante werden die Elementarereignisse nicht als Elemente einer Grundmenge betrachtet, sondern als Konstrukte, die aus Grundobjekten bestehen. Im Buch wird die Variante diskutiert, bei der ein Elementarereignis als eine Liste von Abstimmungsm\u00f6glichkeiten angesehen wird.<\/p>\n\n\n\n<p>Die Menge&nbsp;\u03a9 der Elementarereignisse wird in der Literatur zu diesem Beispiel meist als Hilfsbasismenge verwendet. Man sieht hier direkt den Zusammenhang zwischen einer Grundmenge <em>K<\/em> und der Hilfsbasismenge \u03a9. Je nach Anzahl der Kandidaten wird der W-Raum anders festgelegt.<\/p>\n\n\n\n<p><strong>a)<\/strong> Formulieren Sie die Menge der Elementarereignisse als kartesisches Produkt von <em>W<\/em> und <em>K<\/em>.<\/p>\n\n\n\n<p><strong>b)<\/strong> Formulieren Sie die Hypothese, dass es im Modell genau 5 Kandidaten gibt.<\/p>\n\n\n\n<p><strong>c)<\/strong> Analysieren Sie genau, wie die Anzahl <em>N<\/em> der m\u00f6glichen Elementarereignisse mit der Hypothese in b) zusammenh\u00e4ngt.<\/p>\n\n\n\n<p><strong>d)<\/strong> Beschreiben Sie informell, wie die Wahrscheinlichkeiten der Elementarereignisse verteilt sind.<\/p>\n\n\n\n<p><strong>e)<\/strong> Formulieren Sie Ihre in b) aufgestellte Hypothese um, so dass sie nur f\u00fcr zwei Kandidaten zutrifft.<br>Berechnen Sie einige Werte von Wahrscheinlichkeiten mit Hilfe beider Hypothesen. Sind die Wahrscheinlichkeiten eines Elementarereignisses in beiden Modellen dieselben?<br><\/p>\n\n\n<ul class=\"nav nav-pills nav-justified\">\n<li><a href=\"https:\/\/theory-of-science.com\/de\/uebungen\/abschnitt-14\/uebung-14-07\/\">&lt;&lt;&lt;<\/a><\/li>\n<li><a href=\"https:\/\/theory-of-science.com\/de\/uebungen\/abschnitt-14\/uebung-14-09\/\">&gt;&gt;&gt;<\/a><\/li>\n<\/ul>\n","protected":false},"excerpt":{"rendered":"<p>In der im Buch beschriebenen einfachsten Variante eines Modells der demokratischen Wahl sind zwei Grundmengen wichtig: 1) die Menge der W\u00e4hler W und 2) die Menge der Kandidaten K. Im Buch gibt es idealisierend nur zwei Kandidaten. Realistisch gesehen gibt es mehr als zwei. Zus\u00e4tzlich gibt es zwei weitere Abstimmungsm\u00f6glichkeiten. Ein W\u00e4hler kann ung\u00fcltig w\u00e4hlen [&hellip;]<\/p>\n","protected":false},"author":1,"featured_media":0,"parent":73,"menu_order":8,"comment_status":"closed","ping_status":"closed","template":"page-fullwidth.php","meta":{"footnotes":""},"class_list":["post-623","page","type-page","status-publish","hentry"],"_links":{"self":[{"href":"https:\/\/theory-of-science.com\/de\/wp-json\/wp\/v2\/pages\/623","targetHints":{"allow":["GET"]}}],"collection":[{"href":"https:\/\/theory-of-science.com\/de\/wp-json\/wp\/v2\/pages"}],"about":[{"href":"https:\/\/theory-of-science.com\/de\/wp-json\/wp\/v2\/types\/page"}],"author":[{"embeddable":true,"href":"https:\/\/theory-of-science.com\/de\/wp-json\/wp\/v2\/users\/1"}],"replies":[{"embeddable":true,"href":"https:\/\/theory-of-science.com\/de\/wp-json\/wp\/v2\/comments?post=623"}],"version-history":[{"count":9,"href":"https:\/\/theory-of-science.com\/de\/wp-json\/wp\/v2\/pages\/623\/revisions"}],"predecessor-version":[{"id":4478,"href":"https:\/\/theory-of-science.com\/de\/wp-json\/wp\/v2\/pages\/623\/revisions\/4478"}],"up":[{"embeddable":true,"href":"https:\/\/theory-of-science.com\/de\/wp-json\/wp\/v2\/pages\/73"}],"wp:attachment":[{"href":"https:\/\/theory-of-science.com\/de\/wp-json\/wp\/v2\/media?parent=623"}],"curies":[{"name":"wp","href":"https:\/\/api.w.org\/{rel}","templated":true}]}}