{"id":750,"date":"2017-05-30T11:53:09","date_gmt":"2017-05-30T09:53:09","guid":{"rendered":"http:\/\/theory-of-science.com\/de\/?page_id=750"},"modified":"2021-02-04T16:51:42","modified_gmt":"2021-02-04T15:51:42","slug":"uebung-17-01","status":"publish","type":"page","link":"https:\/\/theory-of-science.com\/de\/uebungen\/abschnitt-17\/uebung-17-01\/","title":{"rendered":"\u00dc17-1: Bildung von Schnitten"},"content":{"rendered":"\n<p>Wir legen einen Schnitt durch die Menge <em>X<\/em> = ( <img loading=\"lazy\" decoding=\"async\" src=\"https:\/\/theory-of-science.com\/de\/wp-content\/ql-cache\/quicklatex.com-0b04ded79a7ba7a2fce9fe543b39546a_l3.png\" class=\"ql-img-inline-formula quicklatex-auto-format\" alt=\"&#92;&#109;&#97;&#116;&#104;&#98;&#98;&#123;&#82;&#125;&#94;&#43;\" title=\"Rendered by QuickLaTeX.com\" height=\"12\" width=\"20\" style=\"vertical-align: 0px;\"\/> ) <sup>3<\/sup> der positiven, reellen Zahlen, wobei folgende \u00c4quivalenzrelation&nbsp;\u223c verwendet wird:<\/p>\n\n\n\n<p style=\"padding-left:30px;\">\u2329&nbsp;<em>a<\/em><sub>1<\/sub>, <em>b<\/em><sub>1<\/sub>, <em>c<\/em><sub>1<\/sub> \u232a&nbsp;\u223c&nbsp;\u2329 <em>a<\/em><sub>2<\/sub>, <em>b<\/em><sub>2<\/sub>, <em>c<\/em><sub>2<\/sub> \u232a gdw&nbsp;\u2203&nbsp;\u03b1&nbsp;\u2208&nbsp;<img loading=\"lazy\" decoding=\"async\" src=\"https:\/\/theory-of-science.com\/de\/wp-content\/ql-cache\/quicklatex.com-0b04ded79a7ba7a2fce9fe543b39546a_l3.png\" class=\"ql-img-inline-formula quicklatex-auto-format\" alt=\"&#92;&#109;&#97;&#116;&#104;&#98;&#98;&#123;&#82;&#125;&#94;&#43;\" title=\"Rendered by QuickLaTeX.com\" height=\"12\" width=\"20\" style=\"vertical-align: 0px;\"\/> (&nbsp;<em>c<\/em><sub>1<\/sub> =&nbsp;\u03b1&nbsp;\u22c5 ( <em>a<\/em><sub>1<\/sub><sup>2<\/sup> + <em>b<\/em><sub>1<\/sub><sup>2 <\/sup>)&nbsp;\u2227&nbsp;<em>c<\/em><sub>2<\/sub> =&nbsp;\u03b1&nbsp;\u22c5 (&nbsp;<em>a<\/em><sub>2<\/sub><sup>2<\/sup> + <em>b<\/em><sub>2<\/sub><sup>2 <\/sup>) ).<\/p>\n\n\n\n<p><strong>a)<\/strong> Beweisen Sie, dass&nbsp;\u223c eine \u00c4quivalenzrelation ist. Die dritte Komponente <em>c<\/em> ist durch die ersten beiden Komponenten <em>a<\/em> und <em>b<\/em> eindeutig bestimmt, so dass diese Beziehung durch eine Funktion <em>f <\/em><sup>\u03b1<\/sup> beschrieben werden kann:&nbsp;<em>f <\/em><sup>\u03b1<\/sup> :&nbsp;( <img loading=\"lazy\" decoding=\"async\" src=\"https:\/\/theory-of-science.com\/de\/wp-content\/ql-cache\/quicklatex.com-0b04ded79a7ba7a2fce9fe543b39546a_l3.png\" class=\"ql-img-inline-formula quicklatex-auto-format\" alt=\"&#92;&#109;&#97;&#116;&#104;&#98;&#98;&#123;&#82;&#125;&#94;&#43;\" title=\"Rendered by QuickLaTeX.com\" height=\"12\" width=\"20\" style=\"vertical-align: 0px;\"\/> ) <sup>2<\/sup> \u2192 <img loading=\"lazy\" decoding=\"async\" src=\"https:\/\/theory-of-science.com\/de\/wp-content\/ql-cache\/quicklatex.com-0b04ded79a7ba7a2fce9fe543b39546a_l3.png\" class=\"ql-img-inline-formula quicklatex-auto-format\" alt=\"&#92;&#109;&#97;&#116;&#104;&#98;&#98;&#123;&#82;&#125;&#94;&#43;\" title=\"Rendered by QuickLaTeX.com\" height=\"12\" width=\"20\" style=\"vertical-align: 0px;\"\/>, <em>c<\/em> = <em>f <\/em><sup>\u03b1<\/sup> ( <em>a<\/em>, <em>b<\/em> ) =&nbsp;\u03b1 ( <em>a <\/em><sup>2<\/sup> + <em>b <\/em><sup>2<\/sup> ).<\/p>\n\n\n\n<p><strong>b)<\/strong> Zeichnen Sie die Menge <em>X<\/em> perspektivisch, in dem Sie drei Achsen <em>x<\/em>, <em>y<\/em> und <em>z<\/em> einf\u00fchren und perspektivisch auf der <em>x<\/em>&#8211;<em>y<\/em>-Ebene einen Kreis mit Radius 1 um den Nullpunkt eintragen. Zeichnen Sie f\u00fcr die Funktion <em>f <\/em><sup>1<\/sup> (&nbsp;\u03b1 = 1 ) drei Argumente:&nbsp;\u2329 1, 0 \u232a,&nbsp;\u2329 0, 1 \u232a und&nbsp;\u2329 ( 1\/2 ), \u03b2&nbsp;\u232a mit&nbsp;( 1\/2 ) <sup>2<\/sup> + \u03b2 <sup>2<\/sup> = 1, und die zugeh\u00f6rigen Funktionswerte von <em>f <\/em><sup>1<\/sup> ein. Der Abstand zwischen&nbsp;\u2329 (1\/2),&nbsp;\u03b2&nbsp;\u232a und dem Nullpunkt der <em>x<\/em>&#8211;<em>y<\/em>-Ebene ist hier gerade 1.<\/p>\n\n\n\n<p><strong>c)<\/strong> Bilden Sie drei jeweils kleinere, perspektivisch gezeichnete Kreise und tragen Sie jeweils drei Punkte auf einem Kreis und die Funktionswerte ein. Wenn Sie dies endlos fortsetzen w\u00fcrden, entst\u00fcnde eine gekr\u00fcmmte Fl\u00e4che. Diese Fl\u00e4che bildet einen durch&nbsp;\u223c erzeugten Schnitt durch <em>X<\/em>&nbsp;\u2014 relativ zur Konstante&nbsp;\u03b1 = 1.<br><\/p>\n\n\n<ul class=\"nav nav-pills nav-justified\">\n<li><a href=\"https:\/\/theory-of-science.com\/de\/uebungen\/abschnitt-16\/uebung-16-06\/\">&lt;&lt;&lt;<\/a><\/li>\n<li><a href=\"https:\/\/theory-of-science.com\/de\/uebungen\/abschnitt-17\/uebung-17-02\/\">&gt;&gt;&gt;<\/a><\/li>\n<\/ul>\n","protected":false},"excerpt":{"rendered":"<p>Wir legen einen Schnitt durch die Menge X = ( ) 3 der positiven, reellen Zahlen, wobei folgende \u00c4quivalenzrelation&nbsp;\u223c verwendet wird: \u2329&nbsp;a1, b1, c1 \u232a&nbsp;\u223c&nbsp;\u2329 a2, b2, c2 \u232a gdw&nbsp;\u2203&nbsp;\u03b1&nbsp;\u2208&nbsp; (&nbsp;c1 =&nbsp;\u03b1&nbsp;\u22c5 ( a12 + b12 )&nbsp;\u2227&nbsp;c2 =&nbsp;\u03b1&nbsp;\u22c5 (&nbsp;a22 + b22 ) ). a) Beweisen Sie, dass&nbsp;\u223c eine \u00c4quivalenzrelation ist. Die dritte Komponente c ist [&hellip;]<\/p>\n","protected":false},"author":1,"featured_media":0,"parent":82,"menu_order":1,"comment_status":"closed","ping_status":"closed","template":"page-fullwidth.php","meta":{"footnotes":""},"class_list":["post-750","page","type-page","status-publish","hentry"],"_links":{"self":[{"href":"https:\/\/theory-of-science.com\/de\/wp-json\/wp\/v2\/pages\/750","targetHints":{"allow":["GET"]}}],"collection":[{"href":"https:\/\/theory-of-science.com\/de\/wp-json\/wp\/v2\/pages"}],"about":[{"href":"https:\/\/theory-of-science.com\/de\/wp-json\/wp\/v2\/types\/page"}],"author":[{"embeddable":true,"href":"https:\/\/theory-of-science.com\/de\/wp-json\/wp\/v2\/users\/1"}],"replies":[{"embeddable":true,"href":"https:\/\/theory-of-science.com\/de\/wp-json\/wp\/v2\/comments?post=750"}],"version-history":[{"count":13,"href":"https:\/\/theory-of-science.com\/de\/wp-json\/wp\/v2\/pages\/750\/revisions"}],"predecessor-version":[{"id":4495,"href":"https:\/\/theory-of-science.com\/de\/wp-json\/wp\/v2\/pages\/750\/revisions\/4495"}],"up":[{"embeddable":true,"href":"https:\/\/theory-of-science.com\/de\/wp-json\/wp\/v2\/pages\/82"}],"wp:attachment":[{"href":"https:\/\/theory-of-science.com\/de\/wp-json\/wp\/v2\/media?parent=750"}],"curies":[{"name":"wp","href":"https:\/\/api.w.org\/{rel}","templated":true}]}}