{"id":893,"date":"2017-05-31T20:14:09","date_gmt":"2017-05-31T18:14:09","guid":{"rendered":"http:\/\/theory-of-science.com\/de\/?page_id=893"},"modified":"2021-02-03T14:50:07","modified_gmt":"2021-02-03T13:50:07","slug":"uebung-06-12","status":"publish","type":"page","link":"https:\/\/theory-of-science.com\/de\/uebungen\/abschnitt-06\/uebung-06-12\/","title":{"rendered":"\u00dc6-12: Einschr\u00e4nkende Hypothesen f\u00fcr Zahlen"},"content":{"rendered":"\n<p>Vier wichtige Zahlenmengen werden in der Wissenschaft h\u00e4ufig verwendet:<br>&#8211;&nbsp;<img loading=\"lazy\" decoding=\"async\" src=\"https:\/\/theory-of-science.com\/de\/wp-content\/ql-cache\/quicklatex.com-4be6aa5c861ec4e62a3dfaebc88c1784_l3.png\" class=\"ql-img-inline-formula quicklatex-auto-format\" alt=\"&#92;&#109;&#97;&#116;&#104;&#98;&#98;&#123;&#78;&#125;\" title=\"Rendered by QuickLaTeX.com\" height=\"10\" width=\"11\" style=\"vertical-align: 0px;\"\/> die Menge der nat\u00fcrlichen Zahlen<br>&#8211;&nbsp;<img loading=\"lazy\" decoding=\"async\" src=\"https:\/\/theory-of-science.com\/de\/wp-content\/ql-cache\/quicklatex.com-1eb166cbb690f9da9c796c562708116e_l3.png\" class=\"ql-img-inline-formula quicklatex-auto-format\" alt=\"&#92;&#109;&#97;&#116;&#104;&#98;&#98;&#123;&#81;&#125;\" title=\"Rendered by QuickLaTeX.com\" height=\"13\" width=\"11\" style=\"vertical-align: -3px;\"\/>&nbsp;die Menge der rationalen Zahlen<br>&#8211;&nbsp;<img loading=\"lazy\" decoding=\"async\" src=\"https:\/\/theory-of-science.com\/de\/wp-content\/ql-cache\/quicklatex.com-dcfbb8f1c868d0756e2be1a8d16e4e7f_l3.png\" class=\"ql-img-inline-formula quicklatex-auto-format\" alt=\"&#92;&#109;&#97;&#116;&#104;&#98;&#98;&#123;&#82;&#125;\" title=\"Rendered by QuickLaTeX.com\" height=\"10\" width=\"11\" style=\"vertical-align: 0px;\"\/>&nbsp;die Menge der reellen Zahlen<br>&#8211;&nbsp;<img loading=\"lazy\" decoding=\"async\" src=\"https:\/\/theory-of-science.com\/de\/wp-content\/ql-cache\/quicklatex.com-97c12273229d635239cf8c4ce116e784_l3.png\" class=\"ql-img-inline-formula quicklatex-auto-format\" alt=\"&#92;&#109;&#97;&#116;&#104;&#98;&#98;&#123;&#67;&#125;\" title=\"Rendered by QuickLaTeX.com\" height=\"10\" width=\"10\" style=\"vertical-align: 0px;\"\/>&nbsp;die Menge der komplexen Zahlen.<br>Diese Mengen sind durch verschiedene Axiomensysteme definiert.<\/p>\n\n\n\n<p>Die obigen Mengen lassen sich definitorisch einschr\u00e4nken oder erweitern.<br>&#8211; <img loading=\"lazy\" decoding=\"async\" src=\"https:\/\/theory-of-science.com\/de\/wp-content\/ql-cache\/quicklatex.com-d83aacac0836964ac87136fc2599c8c2_l3.png\" class=\"ql-img-inline-formula quicklatex-auto-format\" alt=\"&#92;&#109;&#97;&#116;&#104;&#98;&#98;&#123;&#78;&#125;&#94;&#43;\" title=\"Rendered by QuickLaTeX.com\" height=\"12\" width=\"20\" style=\"vertical-align: 0px;\"\/> ist die Menge der positiven, nat\u00fcrlichen Zahlen<br>&#8211;&nbsp;<img loading=\"lazy\" decoding=\"async\" src=\"https:\/\/theory-of-science.com\/de\/wp-content\/ql-cache\/quicklatex.com-f4ad78196e28fd2b7f3c5aaea7295c50_l3.png\" class=\"ql-img-inline-formula quicklatex-auto-format\" alt=\"&#92;&#109;&#97;&#116;&#104;&#98;&#98;&#123;&#81;&#125;&#94;&#43;\" title=\"Rendered by QuickLaTeX.com\" height=\"15\" width=\"20\" style=\"vertical-align: -3px;\"\/> ist die Menge der positiven, rationalen Zahlen<br>&#8211;&nbsp;<img loading=\"lazy\" decoding=\"async\" src=\"https:\/\/theory-of-science.com\/de\/wp-content\/ql-cache\/quicklatex.com-8f71423d9e96f505be53a99000ef0d43_l3.png\" class=\"ql-img-inline-formula quicklatex-auto-format\" alt=\"&#92;&#109;&#97;&#116;&#104;&#98;&#98;&#123;&#81;&#125;&#94;&#43;&#95;&#48;\" title=\"Rendered by QuickLaTeX.com\" height=\"17\" width=\"20\" style=\"vertical-align: -4px;\"\/> ist die Menge der nicht-negativen, rationalen Zahlen<br>&#8211;&nbsp;<img loading=\"lazy\" decoding=\"async\" src=\"https:\/\/theory-of-science.com\/de\/wp-content\/ql-cache\/quicklatex.com-0b04ded79a7ba7a2fce9fe543b39546a_l3.png\" class=\"ql-img-inline-formula quicklatex-auto-format\" alt=\"&#92;&#109;&#97;&#116;&#104;&#98;&#98;&#123;&#82;&#125;&#94;&#43;\" title=\"Rendered by QuickLaTeX.com\" height=\"12\" width=\"20\" style=\"vertical-align: 0px;\"\/>&nbsp;ist die Menge der positiven, reellen Zahlen<br>&#8211;&nbsp;<img loading=\"lazy\" decoding=\"async\" src=\"https:\/\/theory-of-science.com\/de\/wp-content\/ql-cache\/quicklatex.com-1f616497db3d9739c8fa7dfc86eaa680_l3.png\" class=\"ql-img-inline-formula quicklatex-auto-format\" alt=\"&#92;&#109;&#97;&#116;&#104;&#98;&#98;&#123;&#82;&#125;&#94;&#43;&#95;&#48;\" title=\"Rendered by QuickLaTeX.com\" height=\"17\" width=\"20\" style=\"vertical-align: -4px;\"\/> ist die Menge der nicht-negativen, reellen Zahlen<br>&#8211;&nbsp;<img loading=\"lazy\" decoding=\"async\" src=\"https:\/\/theory-of-science.com\/de\/wp-content\/ql-cache\/quicklatex.com-933cd3d609ff6bd4ed1b6afbf9b4deb3_l3.png\" class=\"ql-img-inline-formula quicklatex-auto-format\" alt=\"&#92;&#109;&#97;&#116;&#104;&#98;&#98;&#123;&#67;&#125;&#94;&#43;\" title=\"Rendered by QuickLaTeX.com\" height=\"12\" width=\"20\" style=\"vertical-align: 0px;\"\/>&nbsp;ist die Menge der positiven, komplexen Zahlen<br>&#8211;&nbsp;<img loading=\"lazy\" decoding=\"async\" src=\"https:\/\/theory-of-science.com\/de\/wp-content\/ql-cache\/quicklatex.com-e5397db1f8002bb08d49301b0c2b5091_l3.png\" class=\"ql-img-inline-formula quicklatex-auto-format\" alt=\"&#92;&#109;&#97;&#116;&#104;&#98;&#98;&#123;&#67;&#125;&#94;&#43;&#95;&#48;\" title=\"Rendered by QuickLaTeX.com\" height=\"17\" width=\"20\" style=\"vertical-align: -4px;\"\/> ist die Menge nicht-negativen, komplexen Zahlen.<br>In vielen wissenschaftlichen Anwendungen werden oft nur Teilmengen dieser Mengen ben\u00f6tigt. Zum Beispiel werden endlich viele nat\u00fcrliche Zahlen verwendet, die z.B. bei 3 beginnen und mit <em>n<\/em> oder z.B. mit 100 enden. \u00c4hnlich kann auch mit den anderen Zahlenmengen verfahren werden.<\/p>\n\n\n\n<p><strong>a)<\/strong> In der einfachsten Variante der Nutzentheorie wird gefordert, dass alle Warenarten einen positiven Preis haben. Formalisieren Sie die Quantit\u00e4ten von Waren in einem G\u00fcterb\u00fcndel und die Preise dieser Quantit\u00e4ten so, dass alle Preise (reelle Zahlen) positiv sein m\u00fcssen.<\/p>\n\n\n\n<p><strong>b)<\/strong> Was passiert, wenn eine Ware ein \u00ab\u00f6ffentliches Gut\u00bb (z.B. Licht oder Luft) ist? Kann die Standardhypothese der Nutzentheorie weiterhin verwendet werden?<\/p>\n\n\n\n<p><strong>c)<\/strong> Wenn Waren auch negative Preise bekommen k\u00f6nnen, muss die zentrale Hypothese aus <a href=\"https:\/\/theory-of-science.com\/de\/uebungen\/abschnitt-06\/uebung-06-11\/\">\u00dc6-11<\/a>, mathematisch angepasst werden. \u00c4ndern Sie die Beschreibung des G\u00fcterb\u00fcndels und passen Sie die Hypothese an.<br><\/p>\n\n\n<ul class=\"nav nav-pills nav-justified\">\n<li><a href=\"https:\/\/theory-of-science.com\/de\/uebungen\/abschnitt-06\/uebung-06-11\/\">&lt;&lt;&lt;<\/a><\/li>\n<li><a href=\"https:\/\/theory-of-science.com\/de\/uebungen\/abschnitt-06\/uebung-06-13\/\">&gt;&gt;&gt;<\/a><\/li>\n<\/ul>\n","protected":false},"excerpt":{"rendered":"<p>Vier wichtige Zahlenmengen werden in der Wissenschaft h\u00e4ufig verwendet:&#8211;&nbsp; die Menge der nat\u00fcrlichen Zahlen&#8211;&nbsp;&nbsp;die Menge der rationalen Zahlen&#8211;&nbsp;&nbsp;die Menge der reellen Zahlen&#8211;&nbsp;&nbsp;die Menge der komplexen Zahlen.Diese Mengen sind durch verschiedene Axiomensysteme definiert. Die obigen Mengen lassen sich definitorisch einschr\u00e4nken oder erweitern.&#8211; ist die Menge der positiven, nat\u00fcrlichen Zahlen&#8211;&nbsp; ist die Menge der positiven, rationalen Zahlen&#8211;&nbsp; [&hellip;]<\/p>\n","protected":false},"author":1,"featured_media":0,"parent":49,"menu_order":12,"comment_status":"closed","ping_status":"closed","template":"page-fullwidth.php","meta":{"footnotes":""},"class_list":["post-893","page","type-page","status-publish","hentry"],"_links":{"self":[{"href":"https:\/\/theory-of-science.com\/de\/wp-json\/wp\/v2\/pages\/893","targetHints":{"allow":["GET"]}}],"collection":[{"href":"https:\/\/theory-of-science.com\/de\/wp-json\/wp\/v2\/pages"}],"about":[{"href":"https:\/\/theory-of-science.com\/de\/wp-json\/wp\/v2\/types\/page"}],"author":[{"embeddable":true,"href":"https:\/\/theory-of-science.com\/de\/wp-json\/wp\/v2\/users\/1"}],"replies":[{"embeddable":true,"href":"https:\/\/theory-of-science.com\/de\/wp-json\/wp\/v2\/comments?post=893"}],"version-history":[{"count":13,"href":"https:\/\/theory-of-science.com\/de\/wp-json\/wp\/v2\/pages\/893\/revisions"}],"predecessor-version":[{"id":4352,"href":"https:\/\/theory-of-science.com\/de\/wp-json\/wp\/v2\/pages\/893\/revisions\/4352"}],"up":[{"embeddable":true,"href":"https:\/\/theory-of-science.com\/de\/wp-json\/wp\/v2\/pages\/49"}],"wp:attachment":[{"href":"https:\/\/theory-of-science.com\/de\/wp-json\/wp\/v2\/media?parent=893"}],"curies":[{"name":"wp","href":"https:\/\/api.w.org\/{rel}","templated":true}]}}