{"id":96,"date":"2017-10-19T09:00:46","date_gmt":"2017-10-19T07:00:46","guid":{"rendered":"http:\/\/theory-of-science.com\/de\/?page_id=96"},"modified":"2021-09-12T16:52:42","modified_gmt":"2021-09-12T14:52:42","slug":"buch","status":"publish","type":"page","link":"https:\/\/theory-of-science.com\/de\/buch\/","title":{"rendered":"Buch"},"content":{"rendered":"\n<p>Anfang 2019 wurde das Buch \u00abTheorie der Wissenschaften\u00bb bei Springer VS ver\u00f6ffentlicht.<\/p>\n\n\n\n<div class=\"wp-block-image\"><figure class=\"alignleft is-resized\"><img loading=\"lazy\" decoding=\"async\" src=\"http:\/\/theory-of-science.com\/de\/wp-content\/uploads\/sites\/2\/2018\/08\/61ykQe4Ld7L-722x1024.jpg\" alt=\"\" class=\"wp-image-2991\" width=\"361\" height=\"512\" srcset=\"https:\/\/theory-of-science.com\/de\/wp-content\/uploads\/sites\/2\/2018\/08\/61ykQe4Ld7L-722x1024.jpg 722w, https:\/\/theory-of-science.com\/de\/wp-content\/uploads\/sites\/2\/2018\/08\/61ykQe4Ld7L-212x300.jpg 212w, https:\/\/theory-of-science.com\/de\/wp-content\/uploads\/sites\/2\/2018\/08\/61ykQe4Ld7L-768x1089.jpg 768w, https:\/\/theory-of-science.com\/de\/wp-content\/uploads\/sites\/2\/2018\/08\/61ykQe4Ld7L.jpg 959w\" sizes=\"auto, (max-width: 361px) 100vw, 361px\" \/><\/figure><\/div>\n\n\n\n<h3 class=\"wp-block-heading\">Thema<\/h3>\n\n\n\n<p>Gibt es Elemente, Bestandteile, Strukturen, die in allen Wissenschaftsbereichen, Disziplinen und Theorien fast gleich sind? Dieses Buch stellt ein neues und originelles Modell f\u00fcr Theorien, Theoriennetze und dynamische Entwicklungen vor, das f\u00fcr empirische Untersuchungen in den Sozialwissenschaften, f\u00fcr Computersimulationen, aber auch f\u00fcr praktisch-politische Anwendungen geeignet ist. Die Grundelemente in diesem Modell sind Ereignisse, Fakten, Modelle, Netze und Wahrscheinlichkeit.<\/p>\n\n\n\n<h3 class=\"wp-block-heading\">Inhalt<\/h3>\n\n\n\n<p>Grundbestandteile der Wissenschaft &#8211; Wissenschaftstheorie &#8211; Wechsel zwischen Beschreibungsebenen &#8211; Sprachen und Ausdr\u00fccke &#8211; Begriffe &#8211; Modelle &#8211; Intendierte Systeme und Faktensammlungen &#8211; Wissenschaftlicher Anspruch &#8211; Messung &#8211; Modellgeleitete Bestimmung &#8211; Statistische Bestimmung &#8211; Struktur und Invarianz &#8211; Entstehung von Theorien &#8211; \u00c4nderung einer Theorie &#8211; Theorienvergleich &#8211; Theoriennetze &#8211; Eine Theorie der Wissenschaften &#8211; Wissenschaftstheorie und Wahrscheinlichkeit.<\/p>\n\n\n\n<p>F\u00fcr die meisten Abschnitte sind&nbsp;<a href=\"http:\/\/theory-of-science.com\/de\/uebungen\/\">\u00dcbungen<\/a> auf dieser Website zu finden. Sie sind im Text auf folgende Weise markiert: <strong>(\u00dcX-Y). X<\/strong> bezeichnet dabei den Buchabschnitt und <strong>Y<\/strong> die Nummer f\u00fcr die vorgestellte \u00dcbung oder Erg\u00e4nzung.<\/p>\n\n\n\n<h3 class=\"wp-block-heading\">Errata<\/h3>\n\n\n\n<p>Kein Buch ist ohne Fehler. Auch dieses nicht. <a href=\"https:\/\/theory-of-science.com\/de\/buch\/errata\">Hier<\/a> sind die Korrekturen zu finden.<\/p>\n","protected":false},"excerpt":{"rendered":"<p>Anfang 2019 wurde das Buch \u00abTheorie der Wissenschaften\u00bb bei Springer VS ver\u00f6ffentlicht. Thema Gibt es Elemente, Bestandteile, Strukturen, die in allen Wissenschaftsbereichen, Disziplinen und Theorien fast gleich sind? Dieses Buch stellt ein neues und originelles Modell f\u00fcr Theorien, Theoriennetze und dynamische Entwicklungen vor, das f\u00fcr empirische Untersuchungen in den Sozialwissenschaften, f\u00fcr Computersimulationen, aber auch f\u00fcr [&hellip;]<\/p>\n","protected":false},"author":1,"featured_media":0,"parent":0,"menu_order":1,"comment_status":"closed","ping_status":"closed","template":"page-fullwidth.php","meta":{"footnotes":""},"class_list":["post-96","page","type-page","status-publish","hentry"],"_links":{"self":[{"href":"https:\/\/theory-of-science.com\/de\/wp-json\/wp\/v2\/pages\/96","targetHints":{"allow":["GET"]}}],"collection":[{"href":"https:\/\/theory-of-science.com\/de\/wp-json\/wp\/v2\/pages"}],"about":[{"href":"https:\/\/theory-of-science.com\/de\/wp-json\/wp\/v2\/types\/page"}],"author":[{"embeddable":true,"href":"https:\/\/theory-of-science.com\/de\/wp-json\/wp\/v2\/users\/1"}],"replies":[{"embeddable":true,"href":"https:\/\/theory-of-science.com\/de\/wp-json\/wp\/v2\/comments?post=96"}],"version-history":[{"count":41,"href":"https:\/\/theory-of-science.com\/de\/wp-json\/wp\/v2\/pages\/96\/revisions"}],"predecessor-version":[{"id":4660,"href":"https:\/\/theory-of-science.com\/de\/wp-json\/wp\/v2\/pages\/96\/revisions\/4660"}],"wp:attachment":[{"href":"https:\/\/theory-of-science.com\/de\/wp-json\/wp\/v2\/media?parent=96"}],"curies":[{"name":"wp","href":"https:\/\/api.w.org\/{rel}","templated":true}]}}